{"id":12739,"date":"2023-03-03T10:08:31","date_gmt":"2023-03-03T09:08:31","guid":{"rendered":"https:\/\/isocial.cat\/articles\/"},"modified":"2023-04-24T15:21:42","modified_gmt":"2023-04-24T14:21:42","slug":"articles","status":"publish","type":"page","link":"https:\/\/isocial.cat\/en\/articles\/","title":{"rendered":"Articles"},"content":{"rendered":"\n<div class=\"wp-block-genesis-blocks-gb-container alignfull header--3 subhome--1 gb-block-container\"><div class=\"gb-container-inside\"><div class=\"gb-container-content\">\n<div class=\"wp-block-genesis-blocks-gb-container container gb-block-container\"><div class=\"gb-container-inside\"><div class=\"gb-container-content\">\n<span class=\"parent--link animated fadeInUp slow\"><a href=\"https:\/\/isocial.cat\/en\/publications\/\">Publications<\/a><\/span>\n\n\n<h1 class=\"animated fadeInUp delay-200ms slow wp-block-post-title\">Articles<\/h1>\n\n<div class=\"animated fadeInUp delay-500ms slow wp-block-post-excerpt\"><p class=\"wp-block-post-excerpt__excerpt\">Each month we publish and disseminate a short article setting out reflections and proposals in relation to emerging lines and areas of innovation in the sector. <\/p><\/div><\/div><\/div><\/div>\n<\/div><\/div><\/div>\n\n\n\n<div class=\"wp-block-genesis-blocks-gb-container container--2 subhome gb-block-container\"><div class=\"gb-container-inside\"><div class=\"gb-container-content\"><div  class=\"ultp-post-grid-block wp-block-ultimate-post-post-grid-1 ultp-block-5b8e97 subhome--1 grid animated fadeInUp delay-1s slow\"><div class=\"ultp-block-wrapper\"><div class=\"ultp-loading\"><div class=\"ultp-loading-spinner\" style=\"width:100%;height:100%\"><div><\/div><div><\/div><div><\/div><div><\/div><div><\/div><div><\/div><div><\/div><div><\/div><div><\/div><div><\/div><div><\/div><div><\/div><\/div><\/div><div class=\"ultp-heading-filter\"><div class=\"ultp-heading-filter-in\"><div class=\"ultp-filter-navigation\"><\/div><\/div><\/div><div class=\"ultp-block-items-wrap ultp-block-row ultp-pg1a-style1 ultp-grid1-responsive ultp-block-column-4 1 1 ultp-layout1\"><div class=\"ultp-block-item post-id-36495\"><div class=\"ultp-block-content-wrap\"><div class=\"ultp-block-image ultp-block-image-zoomIn\"><a href=\"https:\/\/isocial.cat\/en\/self-care-to-prevent-burnout-and-improve-the-wellbeing-of-social-services-professionals-2\/\" ><img loading=\"lazy\" decoding=\"async\" width=\"600\" height=\"600\"  class=\"ultp-block-image-content\"  alt=\"Visual representation of job burnout: a burnt-out match, symbolizing work-related stress and the need for self-care among professionals in the social sector.\"  src=\"https:\/\/isocial.cat\/wp-content\/uploads\/2026\/03\/Diseno-sin-titulo-1-600x600.png\" \/><\/a><\/div><div class=\"ultp-block-content\"><h2 class=\"ultp-block-title \"><a href=\"https:\/\/isocial.cat\/en\/self-care-to-prevent-burnout-and-improve-the-wellbeing-of-social-services-professionals-2\/\" >Self\u2011care to prevent burnout and improve the wellbeing of social services professionals<\/a><\/h2><div class=\"ultp-block-excerpt\">Taking care of our emotional wellbeing is essential to carrying out daily tasks with quality. For this reason, self\u2011care is especially important in fields like the social sector, where demands and pressure are very high.<\/div><\/div><\/div><\/div><div class=\"ultp-block-item post-id-27343\"><div class=\"ultp-block-content-wrap\"><div class=\"ultp-block-image ultp-block-image-zoomIn\"><a href=\"https:\/\/isocial.cat\/en\/how-can-the-teal-model-benefit-the-social-sector\/\" ><img loading=\"lazy\" decoding=\"async\" width=\"600\" height=\"600\"  class=\"ultp-block-image-content\"  alt=\"Model TEAL\"  src=\"https:\/\/isocial.cat\/wp-content\/uploads\/2024\/07\/Imatges-Posts-Web-2024-07-29T103832.799-min-600x600.png\" \/><\/a><\/div><div class=\"ultp-block-content\"><h2 class=\"ultp-block-title \"><a href=\"https:\/\/isocial.cat\/en\/how-can-the-teal-model-benefit-the-social-sector\/\" >How can the TEAL model benefit the social sector?<\/a><\/h2><div class=\"ultp-block-excerpt\">The TEAL model represents a break from classical internal organizational models of entities, with a special emphasis on the people who are part of them. What benefits could its implementation have in the social sector?<\/div><\/div><\/div><\/div><div class=\"ultp-block-item post-id-26888\"><div class=\"ultp-block-content-wrap\"><div class=\"ultp-block-image ultp-block-image-zoomIn\"><a href=\"https:\/\/isocial.cat\/en\/predictive-models-through-big-data-applied-to-social-services\/\" ><img loading=\"lazy\" decoding=\"async\" width=\"600\" height=\"600\"  class=\"ultp-block-image-content\"  alt=\"Big Data\"  src=\"https:\/\/isocial.cat\/wp-content\/uploads\/2024\/07\/Imatges-Posts-Web-2024-07-08T110953.959-min-600x600.png\" \/><\/a><\/div><div class=\"ultp-block-content\"><h2 class=\"ultp-block-title \"><a href=\"https:\/\/isocial.cat\/en\/predictive-models-through-big-data-applied-to-social-services\/\" >Predictive models through big data applied to social services<\/a><\/h2><div class=\"ultp-block-excerpt\">In recent years, multiple sectors have embraced big data technology and predictive models to manage large amounts of data, draw conclusions, and make predictions. How can this technology be applied to social services?<\/div><\/div><\/div><\/div><div class=\"ultp-block-item post-id-25759\"><div class=\"ultp-block-content-wrap\"><div class=\"ultp-block-image ultp-block-image-zoomIn\"><a href=\"https:\/\/isocial.cat\/en\/social-innovation-in-the-protection-of-children-and-adolescents-at-risk\/\" ><img loading=\"lazy\" decoding=\"async\" width=\"600\" height=\"600\"  class=\"ultp-block-image-content\"  alt=\"Inf\u00e0ncia i adolesc\u00e8ncia en risc\"  src=\"https:\/\/isocial.cat\/wp-content\/uploads\/2024\/06\/Imatges-Posts-Web-86-min-600x600.png\" \/><\/a><\/div><div class=\"ultp-block-content\"><h2 class=\"ultp-block-title \"><a href=\"https:\/\/isocial.cat\/en\/social-innovation-in-the-protection-of-children-and-adolescents-at-risk\/\" >Social innovation in the protection of children and adolescents at risk<\/a><\/h2><div class=\"ultp-block-excerpt\">According to UNICEF, it is estimated that more than 1 billion children and adolescents are victims of violence worldwide, with profound, lasting, and sometimes deadly consequences. How can social innovation approach child protection?<\/div><\/div><\/div><\/div><div class=\"ultp-block-item post-id-24883\"><div class=\"ultp-block-content-wrap\"><div class=\"ultp-block-image ultp-block-image-zoomIn\"><a href=\"https:\/\/isocial.cat\/en\/innovative-perspectives-to-promote-access-to-housing\/\" ><img loading=\"lazy\" decoding=\"async\" width=\"600\" height=\"600\"  class=\"ultp-block-image-content\"  alt=\"Perspectives innovadores acc\u00e9s a l&#039;habitatge\"  src=\"https:\/\/isocial.cat\/wp-content\/uploads\/2024\/05\/Article-1-min-600x600.png\" \/><\/a><\/div><div class=\"ultp-block-content\"><h2 class=\"ultp-block-title \"><a href=\"https:\/\/isocial.cat\/en\/innovative-perspectives-to-promote-access-to-housing\/\" >Innovative perspectives to promote access to housing<\/a><\/h2><div class=\"ultp-block-excerpt\">According to the UN, the lack of decent housing is a problem affecting over 20% of the global population. In Catalonia, nearly 60,000 people experience some form of residential exclusion. What innovative initiatives are being implemented worldwide to promote access to housing?<\/div><\/div><\/div><\/div><div class=\"ultp-block-item post-id-23974\"><div class=\"ultp-block-content-wrap\"><div class=\"ultp-block-image ultp-block-image-zoomIn\"><a href=\"https:\/\/isocial.cat\/en\/social-innovation-prevent-social-gender-violence\/\" ><img loading=\"lazy\" decoding=\"async\" width=\"600\" height=\"600\"  class=\"ultp-block-image-content\"  alt=\"Innovaci\u00f3 social per prevenir la viol\u00e8ncia masclista\"  src=\"https:\/\/isocial.cat\/wp-content\/uploads\/2024\/04\/Imatges-Posts-Web-53-min-600x600.png\" \/><\/a><\/div><div class=\"ultp-block-content\"><h2 class=\"ultp-block-title \"><a href=\"https:\/\/isocial.cat\/en\/social-innovation-prevent-social-gender-violence\/\" >Social Innovation to Prevent Gender Violence<\/a><\/h2><div class=\"ultp-block-excerpt\">During the year 2023, fifty-eight women and two minors died due to gender violence in Spain. How can we use social innovation to prevent and address this issue?<\/div><\/div><\/div><\/div><div class=\"ultp-block-item post-id-22705\"><div class=\"ultp-block-content-wrap\"><div class=\"ultp-block-image ultp-block-image-zoomIn\"><a href=\"https:\/\/isocial.cat\/en\/robots-for-treatment-children-with-asd\/\" ><img loading=\"lazy\" decoding=\"async\" width=\"600\" height=\"600\"  class=\"ultp-block-image-content\"  alt=\"Robots tractament infants amb TEA\"  src=\"https:\/\/isocial.cat\/wp-content\/uploads\/2024\/03\/Imatges-Posts-Web-30-min-600x600.png\" \/><\/a><\/div><div class=\"ultp-block-content\"><h2 class=\"ultp-block-title \"><a href=\"https:\/\/isocial.cat\/en\/robots-for-treatment-children-with-asd\/\" >Robots for the treatment of children with ASD<\/a><\/h2><div class=\"ultp-block-excerpt\">In recent years, the use of robots in the treatment of children with Autism Spectrum Disorder (ASD) has been brought to the table. What benefits does this type of therapy offer?<\/div><\/div><\/div><\/div><div class=\"ultp-block-item post-id-21360\"><div class=\"ultp-block-content-wrap\"><div class=\"ultp-block-image ultp-block-image-zoomIn\"><a href=\"https:\/\/isocial.cat\/en\/innovative-proposals-combat-unwanted-loneliness-elderly\/\" ><img loading=\"lazy\" decoding=\"async\" width=\"600\" height=\"600\"  class=\"ultp-block-image-content\"  alt=\"En aquest article, abordem propostes innovadores per combatre la soledat no desitjada\"  src=\"https:\/\/isocial.cat\/wp-content\/uploads\/2024\/02\/article-min-600x600.png\" \/><\/a><\/div><div class=\"ultp-block-content\"><h2 class=\"ultp-block-title \"><a href=\"https:\/\/isocial.cat\/en\/innovative-proposals-combat-unwanted-loneliness-elderly\/\" >Innovative proposals to combat unwanted loneliness in the elderly<\/a><\/h2><div class=\"ultp-block-excerpt\">Unwanted loneliness is a problem that has a particularly relevant impact on the elderly population. How should it be addressed? What innovative tools can be promoted from social services to reverse this feeling?<\/div><\/div><\/div><\/div><div class=\"ultp-block-item post-id-9702\"><div class=\"ultp-block-content-wrap\"><div class=\"ultp-block-image ultp-block-image-zoomIn\"><a href=\"https:\/\/isocial.cat\/en\/desinstitucionalizacion-y-vida-en-comunidad-de-las-personas-con-discapacidad\/\" ><img loading=\"lazy\" decoding=\"async\" width=\"600\" height=\"600\"  class=\"ultp-block-image-content\"  alt=\"Desinstitucionalizaci\u00f3n y vida en comunidad de las personas con discapacidad\"  src=\"https:\/\/isocial.cat\/wp-content\/uploads\/2022\/12\/Discapacitat-600x600.jpg\" \/><\/a><\/div><div class=\"ultp-block-content\"><h2 class=\"ultp-block-title \"><a href=\"https:\/\/isocial.cat\/en\/desinstitucionalizacion-y-vida-en-comunidad-de-las-personas-con-discapacidad\/\" >Desinstitucionalizaci\u00f3n y vida en comunidad de las personas con discapacidad<\/a><\/h2><div class=\"ultp-block-excerpt\">Una nueva gu\u00eda de las Naciones Unidas indica directrices precisas para la desinstitucionalizaci\u00f3n de las personas con discapacidad.<\/div><\/div><\/div><\/div><div class=\"ultp-block-item post-id-8888\"><div class=\"ultp-block-content-wrap\"><div class=\"ultp-block-image ultp-block-image-zoomIn\"><a href=\"https:\/\/isocial.cat\/en\/the-challenge-of-the-digital-transformation-of-social-services-for-inclusive-and-equitable-metropolises\/\" ><img loading=\"lazy\" decoding=\"async\" width=\"600\" height=\"600\"  class=\"ultp-block-image-content\"  alt=\"MetroSolutions\"  src=\"https:\/\/isocial.cat\/wp-content\/uploads\/2022\/10\/metrosolutions-600x600.png\" \/><\/a><\/div><div class=\"ultp-block-content\"><h2 class=\"ultp-block-title \"><a href=\"https:\/\/isocial.cat\/en\/the-challenge-of-the-digital-transformation-of-social-services-for-inclusive-and-equitable-metropolises\/\" >The challenge of the digital transformation of social services for inclusive and equitable metropolises<\/a><\/h2><div class=\"ultp-block-excerpt\">Digitization opens up new opportunities for people&#8217;s well-being, while at the same time generating new risks of inequality. (Toni Codina, International Congress of Metropolitan Solutions, September 2022)<\/div><\/div><\/div><\/div><div class=\"ultp-block-item post-id-7867\"><div class=\"ultp-block-content-wrap\"><div class=\"ultp-block-image ultp-block-image-zoomIn\"><a href=\"https:\/\/isocial.cat\/en\/recursos-innovadores-para-personas-refugiadas-e-inmigradas\/\" ><img loading=\"lazy\" decoding=\"async\" width=\"600\" height=\"600\"  class=\"ultp-block-image-content\"  alt=\"Recursos innovadors per a persones refugiades i immigrades\"  src=\"https:\/\/isocial.cat\/wp-content\/uploads\/2022\/06\/recursos-innovadors-per-persones-refugiades-600x600.jpg\" \/><\/a><\/div><div class=\"ultp-block-content\"><h2 class=\"ultp-block-title \"><a href=\"https:\/\/isocial.cat\/en\/recursos-innovadores-para-personas-refugiadas-e-inmigradas\/\" >Recursos innovadores para personas refugiadas e inmigradas<\/a><\/h2><div class=\"ultp-block-excerpt\">En Europa, a ra\u00edz de la crisis ucraniana se han puesto en marcha cambios r\u00e1pidos en las pol\u00edticas de acogida, as\u00ed como nuevas iniciativas para ofrecer apoyo a los reci\u00e9n llegados.<\/div><\/div><\/div><\/div><div class=\"ultp-block-item post-id-7316\"><div class=\"ultp-block-content-wrap\"><div class=\"ultp-block-image ultp-block-image-zoomIn\"><a href=\"https:\/\/isocial.cat\/en\/los-servicios-sociales-frente-a-las-nuevas-vulnerabilidades-causadas-por-la-digitalizacion-el-e-social-work\/\" ><img loading=\"lazy\" decoding=\"async\" width=\"600\" height=\"600\"  class=\"ultp-block-image-content\"  alt=\"Els serveis socials davant les noves vulnerabilitats causades per la digitalitzaci\u00f3\"  src=\"https:\/\/isocial.cat\/wp-content\/uploads\/2022\/05\/El-trabajo-social-frente-a-las-nuevas-vulnerabilidades-causadas-por-la-digitalizacio\u0301n-600x600.jpg\" \/><\/a><\/div><div class=\"ultp-block-content\"><h2 class=\"ultp-block-title \"><a href=\"https:\/\/isocial.cat\/en\/los-servicios-sociales-frente-a-las-nuevas-vulnerabilidades-causadas-por-la-digitalizacion-el-e-social-work\/\" >Los servicios sociales frente a las nuevas vulnerabilidades causadas por la digitalizaci\u00f3n: el e-social work<\/a><\/h2><div class=\"ultp-block-excerpt\">E-social work, un nuevo campo de intervenci\u00f3n para dar respuesta a unas nuevas vulnerabilidades que agravan muchas situaciones atendidas por los servicios sociales (iSocial Foundation, 2020 May)<\/div><\/div><\/div><\/div><div class=\"ultp-block-item post-id-7320\"><div class=\"ultp-block-content-wrap\"><div class=\"ultp-block-image ultp-block-image-zoomIn\"><a href=\"https:\/\/isocial.cat\/en\/riesgos-y-beneficios-de-la-intervencion-social-en-remoto\/\" ><img loading=\"lazy\" decoding=\"async\" width=\"600\" height=\"600\"  class=\"ultp-block-image-content\"  alt=\"Riscs i beneficis de la intervenci\u00f3 social en remot\"  src=\"https:\/\/isocial.cat\/wp-content\/uploads\/2022\/05\/Riscs-i-beneficis-de-la-intervencio\u0301-social-en-remot-600x600.jpg\" \/><\/a><\/div><div class=\"ultp-block-content\"><h2 class=\"ultp-block-title \"><a href=\"https:\/\/isocial.cat\/en\/riesgos-y-beneficios-de-la-intervencion-social-en-remoto\/\" >Riesgos y beneficios de la intervenci\u00f3n social en remoto<\/a><\/h2><div class=\"ultp-block-excerpt\">La transformaci\u00f3n digital ha afectado radicalmente la forma de comunicarnos. El sector de los servicios sociales no es la excepci\u00f3n. (iSocial Foundation, 2022 May)<\/div><\/div><\/div><\/div><div class=\"ultp-block-item post-id-3717\"><div class=\"ultp-block-content-wrap\"><div class=\"ultp-block-image ultp-block-image-zoomIn\"><a href=\"https:\/\/isocial.cat\/en\/codina-toni-why-artificial-intelligence-will-transform-social-services-barcelona-2020\/\" ><img loading=\"lazy\" decoding=\"async\" width=\"577\" height=\"433\"  class=\"ultp-block-image-content\"  alt=\"Why artificial intelligence will transform social services\"  src=\"https:\/\/isocial.cat\/wp-content\/uploads\/2022\/03\/foto-portada2-rotated-1.jpg\" \/><\/a><\/div><div class=\"ultp-block-content\"><h2 class=\"ultp-block-title \"><a href=\"https:\/\/isocial.cat\/en\/codina-toni-why-artificial-intelligence-will-transform-social-services-barcelona-2020\/\" >Why artificial intelligence will transform social services<\/a><\/h2><div class=\"ultp-block-excerpt\">Current initiatives that try to harness the potential of artificial intelligence to strengthen and improve wellness systems. (Toni Codina, Social Work Magazine, 2022 December)<\/div><\/div><\/div><\/div><div class=\"ultp-block-item post-id-3797\"><div class=\"ultp-block-content-wrap\"><div class=\"ultp-block-image ultp-block-image-zoomIn\"><a href=\"https:\/\/isocial.cat\/en\/fantova-fernando-los-servicios-sociales-ante-la-inteligencia-de-grandes-cantidades-de-datos-big-data-barcelona-2020\/\" ><img loading=\"lazy\" decoding=\"async\" width=\"552\" height=\"471\"  class=\"ultp-block-image-content\"  alt=\"Los Servicios Sociales ante la inteligencia de grandes cantidades de datos (big data)\"  src=\"https:\/\/isocial.cat\/wp-content\/uploads\/2022\/03\/portada-catala.png\" \/><\/a><\/div><div class=\"ultp-block-content\"><h2 class=\"ultp-block-title \"><a href=\"https:\/\/isocial.cat\/en\/fantova-fernando-los-servicios-sociales-ante-la-inteligencia-de-grandes-cantidades-de-datos-big-data-barcelona-2020\/\" >Los Servicios Sociales ante la inteligencia de grandes cantidades de datos (big data)<\/a><\/h2><div class=\"ultp-block-excerpt\">The impact of artificial intelligence and big data in the Social Services, nowadays and in the future. (Fernando Fantova, iSocial Foundation, 2020 March)<\/div><\/div><\/div><\/div><\/div><div class=\"ultp-pagination-wrap ultp-pagination-ajax-action\" data-paged=\"1\" data-expost=\"\"  data-blockid=\"5b8e97\" data-postid=\"12739\" data-pages=\"1\" data-blockname=\"ultimate-post_post-grid-1\" data-selfpostid=\"no\"><\/div><\/div><div class=\"pagination-block-html\" aria-hidden=\"true\" style=\"display: none;\"><\/div><\/div><\/div><\/div><\/div>\n\n\n\n<div class=\"wp-block-genesis-blocks-gb-columns footer-newsletter gb-layout-columns-1 one-column alignfull\"><div class=\"gb-layout-column-wrap gb-block-layout-column-gap-2 gb-is-responsive-column\">\n<div class=\"wp-block-genesis-blocks-gb-column gb-block-layout-column\"><div class=\"gb-block-layout-column-inner\">\n<div class=\"wp-block-genesis-blocks-gb-columns container gb-layout-columns-1 one-column\"><div class=\"gb-layout-column-wrap gb-block-layout-column-gap-2 gb-is-responsive-column\">\n<div class=\"wp-block-genesis-blocks-gb-column gb-block-layout-column\"><div class=\"gb-block-layout-column-inner\"><style>.wp-block-kadence-advancedheading.kt-adv-heading_4d2423-9c, .wp-block-kadence-advancedheading.kt-adv-heading_4d2423-9c[data-kb-block=\"kb-adv-heading_4d2423-9c\"]{font-style:normal;}.wp-block-kadence-advancedheading.kt-adv-heading_4d2423-9c mark.kt-highlight, .wp-block-kadence-advancedheading.kt-adv-heading_4d2423-9c[data-kb-block=\"kb-adv-heading_4d2423-9c\"] mark.kt-highlight{font-style:normal;color:#f76a0c;-webkit-box-decoration-break:clone;box-decoration-break:clone;padding-top:0px;padding-right:0px;padding-bottom:0px;padding-left:0px;}.wp-block-kadence-advancedheading.kt-adv-heading_4d2423-9c img.kb-inline-image, .wp-block-kadence-advancedheading.kt-adv-heading_4d2423-9c[data-kb-block=\"kb-adv-heading_4d2423-9c\"] img.kb-inline-image{width:150px;vertical-align:baseline;}<\/style>\n<h3 class=\"kt-adv-heading_4d2423-9c titol-seccio wp-block-kadence-advancedheading\" data-kb-block=\"kb-adv-heading_4d2423-9c\">Newsletter<\/h3>\n\n\n<style>.wp-block-kadence-advancedheading.kt-adv-heading_cf2667-29, .wp-block-kadence-advancedheading.kt-adv-heading_cf2667-29[data-kb-block=\"kb-adv-heading_cf2667-29\"]{font-style:normal;}.wp-block-kadence-advancedheading.kt-adv-heading_cf2667-29 mark.kt-highlight, .wp-block-kadence-advancedheading.kt-adv-heading_cf2667-29[data-kb-block=\"kb-adv-heading_cf2667-29\"] mark.kt-highlight{font-style:normal;color:#f76a0c;-webkit-box-decoration-break:clone;box-decoration-break:clone;padding-top:0px;padding-right:0px;padding-bottom:0px;padding-left:0px;}.wp-block-kadence-advancedheading.kt-adv-heading_cf2667-29 img.kb-inline-image, .wp-block-kadence-advancedheading.kt-adv-heading_cf2667-29[data-kb-block=\"kb-adv-heading_cf2667-29\"] img.kb-inline-image{width:150px;vertical-align:baseline;}<\/style>\n<h4 class=\"kt-adv-heading_cf2667-29 wp-block-kadence-advancedheading\" data-kb-block=\"kb-adv-heading_cf2667-29\">Subscribe if you want to be informed about all the trends in innovation in social services.<\/h4>\n\n\n<\/div><\/div>\n<\/div><\/div>\n<\/div><\/div>\n<\/div><\/div>\n","protected":false},"excerpt":{"rendered":"<p>Each month we publish and disseminate a short article setting out reflections and proposals in relation to emerging lines and areas of innovation in the sector.<\/p>\n","protected":false},"author":1,"featured_media":0,"parent":0,"menu_order":0,"comment_status":"closed","ping_status":"closed","template":"templates\/template-builder.php","meta":{"_acf_changed":false,"inline_featured_image":false,"_kad_blocks_custom_css":"","_kad_blocks_head_custom_js":"","_kad_blocks_body_custom_js":"","_kad_blocks_footer_custom_js":"","footnotes":""},"class_list":["post-12739","page","type-page","status-publish","hentry","post","without-featured-image"],"acf":[],"taxonomy_info":[],"featured_image_src_large":false,"author_info":{"display_name":"admin","author_link":"https:\/\/isocial.cat\/en\/author\/ideadmin\/"},"comment_info":0,"featured_image_src":null,"featured_image_src_square":null,"_links":{"self":[{"href":"https:\/\/isocial.cat\/en\/wp-json\/wp\/v2\/pages\/12739","targetHints":{"allow":["GET"]}}],"collection":[{"href":"https:\/\/isocial.cat\/en\/wp-json\/wp\/v2\/pages"}],"about":[{"href":"https:\/\/isocial.cat\/en\/wp-json\/wp\/v2\/types\/page"}],"author":[{"embeddable":true,"href":"https:\/\/isocial.cat\/en\/wp-json\/wp\/v2\/users\/1"}],"replies":[{"embeddable":true,"href":"https:\/\/isocial.cat\/en\/wp-json\/wp\/v2\/comments?post=12739"}],"version-history":[{"count":4,"href":"https:\/\/isocial.cat\/en\/wp-json\/wp\/v2\/pages\/12739\/revisions"}],"predecessor-version":[{"id":15970,"href":"https:\/\/isocial.cat\/en\/wp-json\/wp\/v2\/pages\/12739\/revisions\/15970"}],"wp:attachment":[{"href":"https:\/\/isocial.cat\/en\/wp-json\/wp\/v2\/media?parent=12739"}],"curies":[{"name":"wp","href":"https:\/\/api.w.org\/{rel}","templated":true}]}}