{"id":12757,"date":"2023-03-03T10:24:57","date_gmt":"2023-03-03T09:24:57","guid":{"rendered":"https:\/\/isocial.cat\/noticies\/"},"modified":"2023-04-24T15:22:30","modified_gmt":"2023-04-24T14:22:30","slug":"news","status":"publish","type":"page","link":"https:\/\/isocial.cat\/en\/news\/","title":{"rendered":"News"},"content":{"rendered":"\n<div class=\"wp-block-genesis-blocks-gb-container alignfull header--3 subhome--1 gb-block-container\"><div class=\"gb-container-inside\"><div class=\"gb-container-content\">\n<div class=\"wp-block-genesis-blocks-gb-container container gb-block-container\"><div class=\"gb-container-inside\"><div class=\"gb-container-content\">\n<span class=\"parent--link animated fadeInUp slow\"><a href=\"https:\/\/isocial.cat\/en\/publications\/\">Publications<\/a><\/span>\n\n\n<h1 class=\"animated fadeInUp delay-200ms slow wp-block-post-title\">News<\/h1>\n\n<div class=\"animated fadeInUp delay-500ms slow wp-block-post-excerpt\"><p class=\"wp-block-post-excerpt__excerpt\">We publish a quarterly newsletter, a bimonthly bulletin of internal news for member organisations, press releases and short news items to inform about the Foundation&#8217;s activities. <\/p><\/div><\/div><\/div><\/div>\n<\/div><\/div><\/div>\n\n\n\n<div class=\"wp-block-genesis-blocks-gb-container container--2 subhome gb-block-container\"><div class=\"gb-container-inside\"><div class=\"gb-container-content\"><div  class=\"ultp-post-grid-block wp-block-ultimate-post-post-grid-1 ultp-block-7640d3 subhome--1 grid animated fadeInUp delay-1s slow\"><div class=\"ultp-block-wrapper\"><div class=\"ultp-loading\"><div class=\"ultp-loading-spinner\" style=\"width:100%;height:100%\"><div><\/div><div><\/div><div><\/div><div><\/div><div><\/div><div><\/div><div><\/div><div><\/div><div><\/div><div><\/div><div><\/div><div><\/div><\/div><\/div><div class=\"ultp-heading-filter\"><div class=\"ultp-heading-filter-in\"><div class=\"ultp-filter-navigation\"><\/div><\/div><\/div><div class=\"ultp-block-items-wrap ultp-block-row ultp-pg1a-style1 ultp-grid1-responsive ultp-block-column-4 1 1 ultp-layout1\"><div class=\"ultp-block-item post-id-37709\"><div class=\"ultp-block-content-wrap\"><div class=\"ultp-block-image ultp-block-image-zoomIn\"><a href=\"https:\/\/isocial.cat\/en\/emaus-gizarte-fundazioa-becomes-isocials-23rd-member\/\" ><img loading=\"lazy\" decoding=\"async\" width=\"600\" height=\"600\"  class=\"ultp-block-image-content\"  alt=\"Imagen que muestra una acci\u00f3n de intervenci\u00f3n comunitaria llevada a cabo por Ema\u00fas. En la fotografia se ve una chica y un chico con un rodete de pintura delante de un muro con grafittis\"  src=\"https:\/\/isocial.cat\/wp-content\/uploads\/2026\/04\/Imagen-que-muestra-una-accion-de-intervencion-comunitaria-llevada-a-cabo-por-Emaus.-En-la-fotografia-se-ve-una-chica-y-un-chico-con-un-rodete-de-pintura-delante-de-un-muro-con-grafittis-600x600.png\" \/><\/a><\/div><div class=\"ultp-block-content\"><h2 class=\"ultp-block-title \"><a href=\"https:\/\/isocial.cat\/en\/emaus-gizarte-fundazioa-becomes-isocials-23rd-member\/\" >Emaus Gizarte Fundazioa becomes iSocial\u2019s 23rd member<\/a><\/h2><div class=\"ultp-block-excerpt\">Emaus Gizarte Fundazioa, a benchmark in community transformation and the circular economy in the Basque Country, has joined the iSocial Foundation as its 23rd member organisation. With this addition, the iSocial network continues to grow, reinforcing its commitment to social innovation and collective work.<\/div><\/div><\/div><\/div><div class=\"ultp-block-item post-id-36583\"><div class=\"ultp-block-content-wrap\"><div class=\"ultp-block-image ultp-block-image-zoomIn\"><a href=\"https:\/\/isocial.cat\/en\/rapnic-receives-the-2nd-prize-in-the-aina-territorial-intelligence-contest\/\" ><img loading=\"lazy\" decoding=\"async\" width=\"600\" height=\"600\"  class=\"ultp-block-image-content\"  alt=\"AI\u2011powered voice recognition application\"  src=\"https:\/\/isocial.cat\/wp-content\/uploads\/2026\/03\/rapnic-600x600.png\" \/><\/a><\/div><div class=\"ultp-block-content\"><h2 class=\"ultp-block-title \"><a href=\"https:\/\/isocial.cat\/en\/rapnic-receives-the-2nd-prize-in-the-aina-territorial-intelligence-contest\/\" >RAPNIC receives the 2nd prize in the AINA \u201cTerritorial Intelligence\u201d contest<\/a><\/h2><div class=\"ultp-block-excerpt\">RAPNIC has been recognized in the category \u201cArtificial Intelligence to Reduce Digital Divides\u201d in the AINA \u201cTerritorial Intelligence\u201d contest, which promotes Catalan-language solutions aimed at improving accessibility and digital inclusion.<\/div><\/div><\/div><\/div><div class=\"ultp-block-item post-id-36440\"><div class=\"ultp-block-content-wrap\"><div class=\"ultp-block-image ultp-block-image-zoomIn\"><a href=\"https:\/\/isocial.cat\/en\/presentation-of-the-results-of-the-vincles-alt-pirineu-aran-project-for-the-2023-2025-period-at-an-event-in-sort\/\" ><img loading=\"lazy\" decoding=\"async\" width=\"600\" height=\"600\"  class=\"ultp-block-image-content\"  alt=\"Cartelleria de l&#039;acte de presentaci\u00f3 de resultats del projecte Vincles 2023-2026\"  src=\"https:\/\/isocial.cat\/wp-content\/uploads\/2026\/03\/Noticia-Resultats-Vincles-min-600x600.png\" \/><\/a><\/div><div class=\"ultp-block-content\"><h2 class=\"ultp-block-title \"><a href=\"https:\/\/isocial.cat\/en\/presentation-of-the-results-of-the-vincles-alt-pirineu-aran-project-for-the-2023-2025-period-at-an-event-in-sort\/\" >Presentation of the results of the Vincles Alt Pirineu-Aran project for the 2023\u20132025 period at an event in Sort<\/a><\/h2><div class=\"ultp-block-excerpt\">On 5 March, we held the event in Sort to present the results of the Vincles project for the 2023\u20132025 period, highlighting both the programme\u2019s success and the need to ensure its continuity.<\/div><\/div><\/div><\/div><div class=\"ultp-block-item post-id-36330\"><div class=\"ultp-block-content-wrap\"><div class=\"ultp-block-image ultp-block-image-zoomIn\"><a href=\"https:\/\/isocial.cat\/en\/isocial-and-somos-conexion-join-forces-to-promote-knowledge-and-social-technology\/\" ><img loading=\"lazy\" decoding=\"async\" width=\"1920\" height=\"1080\" class=\"ultp-block-image-content\" src=\"https:\/\/isocial.cat\/wp-content\/plugins\/ultimate-post\/assets\/img\/ultp-fallback-img.png\" alt=\"dummy-img\" \/><\/a><\/div><div class=\"ultp-block-content\"><h2 class=\"ultp-block-title \"><a href=\"https:\/\/isocial.cat\/en\/isocial-and-somos-conexion-join-forces-to-promote-knowledge-and-social-technology\/\" >iSocial and Somos Conexi\u00f3n join forces to promote knowledge and social technology<\/a><\/h2><div class=\"ultp-block-excerpt\">The cooperative Somos Conexi\u00f3n will sponsor three of the Innobreaks that we will hold throughout 2026. These sessions will focus on the conscious and inclusive use of technology in the social sphere, helping bring innovative initiatives closer to the sector that address emerging digital challenges<\/div><\/div><\/div><\/div><div class=\"ultp-block-item post-id-35323\"><div class=\"ultp-block-content-wrap\"><div class=\"ultp-block-image ultp-block-image-zoomIn\"><a href=\"https:\/\/isocial.cat\/en\/isocial-foundation-and-graustic-award-the-prize-for-social-integration-through-digitalization-to-the-dinder-club-app\/\" ><img loading=\"lazy\" decoding=\"async\" width=\"600\" height=\"600\"  class=\"ultp-block-image-content\"  alt=\"Fotografia de grup despr\u00e9s de l&#039;entrega del premi a la Integraci\u00f3 Social a trav\u00e9s de la tecnologia, categoria dels premis d&#039;Innovaci\u00f3 Social de Catalunya GrausTIC patrocinada per iSocial\"  src=\"https:\/\/isocial.cat\/wp-content\/uploads\/2025\/11\/Fotografia-de-grup-despres-de-lentrega-del-premi-a-la-Integracio-Social-a-traves-de-la-tecnologia-categoria-dels-premis-dInnovacio-Social-de-Catalunya-GrausTIC-patrocinada-per-iSocial-600x600.png\" \/><\/a><\/div><div class=\"ultp-block-content\"><h2 class=\"ultp-block-title \"><a href=\"https:\/\/isocial.cat\/en\/isocial-foundation-and-graustic-award-the-prize-for-social-integration-through-digitalization-to-the-dinder-club-app\/\" >iSocial Foundation and GrausTIC Award the Prize for Social Integration through Digitalization to the Dinder Club App<\/a><\/h2><div class=\"ultp-block-excerpt\">With this award, the iSocial Foundation aims to recognize the work of Dinder Club, the first dating and leisure app designed for people with intellectual disabilities. This pioneering initiative promotes social inclusion through technology, offering a safe and accessible environment to facilitate personal relationships and group activities.<\/div><\/div><\/div><\/div><div class=\"ultp-block-item post-id-35233\"><div class=\"ultp-block-content-wrap\"><div class=\"ultp-block-image ultp-block-image-zoomIn\"><a href=\"https:\/\/isocial.cat\/en\/the-rehab-lab-network-recognized-by-plena-inclusion-as-a-practice-with-impact\/\" ><img loading=\"lazy\" decoding=\"async\" width=\"1920\" height=\"1080\" class=\"ultp-block-image-content\" src=\"https:\/\/isocial.cat\/wp-content\/plugins\/ultimate-post\/assets\/img\/ultp-fallback-img.png\" alt=\"dummy-img\" \/><\/a><\/div><div class=\"ultp-block-content\"><h2 class=\"ultp-block-title \"><a href=\"https:\/\/isocial.cat\/en\/the-rehab-lab-network-recognized-by-plena-inclusion-as-a-practice-with-impact\/\" >The Rehab-Lab Network, recognized by Plena Inclusi\u00f3n as a \u201cPractice with Impact\u201d<\/a><\/h2><div class=\"ultp-block-excerpt\">Fundaci\u00f3 iSocial took part in the national meeting \u201cPr\u00e1cticas con Impacto\u201d organized by Plena Inclusi\u00f3n in Seville, where we presented the Rehab-Lab Network to more than 500 professionals and organizations from the intellectual disability sector.<\/div><\/div><\/div><\/div><div class=\"ultp-block-item post-id-35293\"><div class=\"ultp-block-content-wrap\"><div class=\"ultp-block-image ultp-block-image-zoomIn\"><a href=\"https:\/\/isocial.cat\/en\/isocial-participates-in-the-closing-event-of-the-2nd-call-of-the-transforma-program-by-hiss-with-the-nidus-deinstitutionalization-project\/\" ><img loading=\"lazy\" decoding=\"async\" width=\"600\" height=\"600\"  class=\"ultp-block-image-content\"  alt=\"Els participants de la 2a Crida del HISS en una foto de grup, amb el logo del HISS. iSocial hi ha participat amb el projecte Nidus Desinstitucionalitzaci\u00f3.\"  src=\"https:\/\/isocial.cat\/wp-content\/uploads\/2025\/11\/Clausura-HISS-Nidus-desinstitucionalitzacio-600x600.png\" \/><\/a><\/div><div class=\"ultp-block-content\"><h2 class=\"ultp-block-title \"><a href=\"https:\/\/isocial.cat\/en\/isocial-participates-in-the-closing-event-of-the-2nd-call-of-the-transforma-program-by-hiss-with-the-nidus-deinstitutionalization-project\/\" >iSocial participates in the closing event of the 2nd Call of the Transforma Program by HiSS with the Nidus Deinstitutionalization project<\/a><\/h2><div class=\"ultp-block-excerpt\"><\/div><\/div><\/div><\/div><div class=\"ultp-block-item post-id-34999\"><div class=\"ultp-block-content-wrap\"><div class=\"ultp-block-image ultp-block-image-zoomIn\"><a href=\"https:\/\/isocial.cat\/en\/llars-compartides-joins-the-isocial-foundation\/\" ><img loading=\"lazy\" decoding=\"async\" width=\"600\" height=\"600\"  class=\"ultp-block-image-content\"  alt=\"Llars compartides Nova entitat membre\"  src=\"https:\/\/isocial.cat\/wp-content\/uploads\/2025\/10\/Llars-compartides-Nova-entitat-membre-1-600x600.png\" \/><\/a><\/div><div class=\"ultp-block-content\"><h2 class=\"ultp-block-title \"><a href=\"https:\/\/isocial.cat\/en\/llars-compartides-joins-the-isocial-foundation\/\" >Llars Compartides joins the iSocial Foundation<\/a><\/h2><div class=\"ultp-block-excerpt\"><\/div><\/div><\/div><\/div><div class=\"ultp-block-item post-id-34944\"><div class=\"ultp-block-content-wrap\"><div class=\"ultp-block-image ultp-block-image-zoomIn\"><a href=\"https:\/\/isocial.cat\/en\/grupo-mifas-joins-as-a-new-member-entity-of-the-isocial-foundation\/\" ><img loading=\"lazy\" decoding=\"async\" width=\"600\" height=\"600\"  class=\"ultp-block-image-content\"  alt=\"Persona usu\u00e0ria de Mifas a Girona\"  src=\"https:\/\/isocial.cat\/wp-content\/uploads\/2025\/10\/mifas-600x600.jpg\" \/><\/a><\/div><div class=\"ultp-block-content\"><h2 class=\"ultp-block-title \"><a href=\"https:\/\/isocial.cat\/en\/grupo-mifas-joins-as-a-new-member-entity-of-the-isocial-foundation\/\" >Grupo Mifas joins as a new member entity of the iSocial Foundation<\/a><\/h2><div class=\"ultp-block-excerpt\">The Girona-based entity Grupo Mifas will contribute its expertise in the field of physical disability as a new member of the iSocial Foundation<\/div><\/div><\/div><\/div><div class=\"ultp-block-item post-id-33614\"><div class=\"ultp-block-content-wrap\"><div class=\"ultp-block-image ultp-block-image-zoomIn\"><a href=\"https:\/\/isocial.cat\/en\/first-annual-meeting-of-the-rehab-lab-network-in-barcelona\/\" ><img loading=\"lazy\" decoding=\"async\" width=\"600\" height=\"600\"  class=\"ultp-block-image-content\"  alt=\"First Annual Meeting of the Rehab-Lab network in Barcelona\"  src=\"https:\/\/isocial.cat\/wp-content\/uploads\/2025\/07\/nobi2-2-min-600x600.png\" \/><\/a><\/div><div class=\"ultp-block-content\"><h2 class=\"ultp-block-title \"><a href=\"https:\/\/isocial.cat\/en\/first-annual-meeting-of-the-rehab-lab-network-in-barcelona\/\" >First Annual Meeting of the Rehab-Lab network in Barcelona<\/a><\/h2><div class=\"ultp-block-excerpt\">We have accredited the new manufacturing laboratories (FabLabs) of the 10 entities throughout Catalonia that have joined the Rehab-Lab network<\/div><\/div><\/div><\/div><div class=\"ultp-block-item post-id-33438\"><div class=\"ultp-block-content-wrap\"><div class=\"ultp-block-image ultp-block-image-zoomIn\"><a href=\"https:\/\/isocial.cat\/en\/new-edition-of-the-award-for-social-integration-through-digitalization-within-the-digital-innovation-awards-of-catalonia-2025\/\" ><img loading=\"lazy\" decoding=\"async\" width=\"600\" height=\"600\"  class=\"ultp-block-image-content\"  alt=\"Digital Innovation Awards of Catalonia 2025\"  src=\"https:\/\/isocial.cat\/wp-content\/uploads\/2025\/07\/Premis-dInnovacio-Digital-de-Catalunya-600x600.png\" \/><\/a><\/div><div class=\"ultp-block-content\"><h2 class=\"ultp-block-title \"><a href=\"https:\/\/isocial.cat\/en\/new-edition-of-the-award-for-social-integration-through-digitalization-within-the-digital-innovation-awards-of-catalonia-2025\/\" >New Edition of the Award for Social Integration through Digitalization within the Digital Innovation Awards of Catalonia 2025<\/a><\/h2><div class=\"ultp-block-excerpt\">Applications for this award, co-organized by iSocial and GrausTIC, can be submitted until October 17<\/div><\/div><\/div><\/div><div class=\"ultp-block-item post-id-33596\"><div class=\"ultp-block-content-wrap\"><div class=\"ultp-block-image ultp-block-image-zoomIn\"><a href=\"https:\/\/isocial.cat\/en\/isocial-and-fiare-banca-etica-strengthen-their-alliance\/\" ><img loading=\"lazy\" decoding=\"async\" width=\"600\" height=\"600\"  class=\"ultp-block-image-content\"  alt=\"Not\u00edcia Fiare. Banca \u00e9tica\"  src=\"https:\/\/isocial.cat\/wp-content\/uploads\/2025\/07\/Noticia-Fiare-600x600.png\" \/><\/a><\/div><div class=\"ultp-block-content\"><h2 class=\"ultp-block-title \"><a href=\"https:\/\/isocial.cat\/en\/isocial-and-fiare-banca-etica-strengthen-their-alliance\/\" >iSocial and Fiare Banca Etica Strengthen Their Alliance<\/a><\/h2><div class=\"ultp-block-excerpt\">The iSocial Foundation has joined the cooperative Fiare Banca Etica as a member, within the framework of an agreement that also includes a line of credit to finance iSocial\u2019s projects and the sponsorship of several of our foundation\u2019s publications.<\/div><\/div><\/div><\/div><div class=\"ultp-block-item post-id-33734\"><div class=\"ultp-block-content-wrap\"><div class=\"ultp-block-image ultp-block-image-zoomIn\"><a href=\"https:\/\/isocial.cat\/en\/the-isocial-foundation-attends-the-european-social-services-conference-essc-2025-with-two-initiatives-that-highlight-social-innovation\/\" ><img loading=\"lazy\" decoding=\"async\" width=\"600\" height=\"600\"  class=\"ultp-block-image-content\"  alt=\"The iSocial Foundation attends the European Social Services Conference (ESSC 2025) with two initiatives that highlight social innovation\"  src=\"https:\/\/isocial.cat\/wp-content\/uploads\/2025\/07\/Lequip-diSocial-al-lEuropean-Social-Services-Conference-ESSC-2025-davant-lestand-de-Nidus-600x600.png\" \/><\/a><\/div><div class=\"ultp-block-content\"><h2 class=\"ultp-block-title \"><a href=\"https:\/\/isocial.cat\/en\/the-isocial-foundation-attends-the-european-social-services-conference-essc-2025-with-two-initiatives-that-highlight-social-innovation\/\" >The iSocial Foundation attends the European Social Services Conference (ESSC 2025) with two initiatives that highlight social innovation<\/a><\/h2><div class=\"ultp-block-excerpt\">Our app Nidus and the Vincles Alt Pirineu-Aran project against unwanted loneliness were two of the main features at ESSC 2025.<\/div><\/div><\/div><\/div><div class=\"ultp-block-item post-id-33301\"><div class=\"ultp-block-content-wrap\"><div class=\"ultp-block-image ultp-block-image-zoomIn\"><a href=\"https:\/\/isocial.cat\/en\/the-isocial-foundation-and-its-member-organisations-travel-to-finland-for-the-3rd-innotrip\/\" ><img loading=\"lazy\" decoding=\"async\" width=\"600\" height=\"600\"  class=\"ultp-block-image-content\"  alt=\"Professionals de les entitats membres d&#039;iSocial participen al 3r Innotrip a Finl\u00e0ndia\"  src=\"https:\/\/isocial.cat\/wp-content\/uploads\/2025\/06\/Innotrip-600x600.png\" \/><\/a><\/div><div class=\"ultp-block-content\"><h2 class=\"ultp-block-title \"><a href=\"https:\/\/isocial.cat\/en\/the-isocial-foundation-and-its-member-organisations-travel-to-finland-for-the-3rd-innotrip\/\" >The iSocial Foundation and its member organisations travel to Finland for the 3rd Innotrip<\/a><\/h2><div class=\"ultp-block-excerpt\">The visits to organisations and facilities in Helsinki and Espoo allowed us to gain closer insight into some pioneering initiatives in one of the countries with the most advanced social infrastructure.<\/div><\/div><\/div><\/div><div class=\"ultp-block-item post-id-31096\"><div class=\"ultp-block-content-wrap\"><div class=\"ultp-block-image ultp-block-image-zoomIn\"><a href=\"https:\/\/isocial.cat\/en\/the-social-innovation-chair-of-the-udl-evaluates-the-vincles-project-in-erill-la-vall\/\" ><img loading=\"lazy\" decoding=\"async\" width=\"600\" height=\"600\"  class=\"ultp-block-image-content\"  alt=\"The Social Innovation Chair of the UdL evaluates the Vincles project in Eril de Vall\"  src=\"https:\/\/isocial.cat\/wp-content\/uploads\/2025\/04\/Catedra-Innovacio-Social-Vincles-min-6-600x600.png\" \/><\/a><\/div><div class=\"ultp-block-content\"><h2 class=\"ultp-block-title \"><a href=\"https:\/\/isocial.cat\/en\/the-social-innovation-chair-of-the-udl-evaluates-the-vincles-project-in-erill-la-vall\/\" >The Social Innovation Chair of the UdL evaluates the Vincles project in Erill la Vall<\/a><\/h2><div class=\"ultp-block-excerpt\">The Social Innovation Chair of the UdL evaluates the Vincles project in Eril de Vall<\/div><\/div><\/div><\/div><div class=\"ultp-block-item post-id-30949\"><div class=\"ultp-block-content-wrap\"><div class=\"ultp-block-image ultp-block-image-zoomIn\"><a href=\"https:\/\/isocial.cat\/en\/the-catalan-minister-of-social-rights-visits-the-vincles-alt-pirineu-aran-project-in-sort\/\" ><img loading=\"lazy\" decoding=\"async\" width=\"600\" height=\"600\"  class=\"ultp-block-image-content\"  alt=\"La Consellera de Drets Socials parla amb dues persones benefici\u00e0ries del projecte Vincles a Sort\"  src=\"https:\/\/isocial.cat\/wp-content\/uploads\/2025\/04\/Imatge-Vincles-Consellera-600x600.png\" \/><\/a><\/div><div class=\"ultp-block-content\"><h2 class=\"ultp-block-title \"><a href=\"https:\/\/isocial.cat\/en\/the-catalan-minister-of-social-rights-visits-the-vincles-alt-pirineu-aran-project-in-sort\/\" >The Catalan Minister of Social Rights visits the Vincles Alt Pirineu-Aran project in Sort<\/a><\/h2><div class=\"ultp-block-excerpt\">The Catalan Minister visited the Vincles Alt Pirineu-Aran Project, which is now active in over twenty municipalities and has 171 community agents<\/div><\/div><\/div><\/div><\/div><div class=\"ultp-pagination-wrap ultp-pagination-ajax-action\" data-paged=\"1\" data-expost=\"\"  data-blockid=\"7640d3\" data-postid=\"12757\" data-pages=\"9\" data-blockname=\"ultimate-post_post-grid-1\" data-selfpostid=\"no\"><ul class=\"ultp-pagination\"><li class=\"ultp-prev-page-numbers\" style=\"display:none\"><a href=\"https:\/\/isocial.cat\/en\/wp-json\/wp\/v2\/pages\/12757\/\"><svg xmlns=\"http:\/\/www.w3.org\/2000\/svg\" fill=\"none\" viewBox=\"0 0 24 24\">\n  <path stroke=\"currentColor\" stroke-linecap=\"round\" stroke-linejoin=\"round\" stroke-width=\"1.5\" d=\"m15 18-6-6 6-6\"\/>\n<\/svg>\n <\/a><\/li><li class=\"ultp-first-pages\" style=\"display:none\" data-current=\"1\"><a href=\"https:\/\/isocial.cat\/en\/wp-json\/wp\/v2\/pages\/12757\/\">1<\/a><\/li><li class=\"ultp-first-dot\"style=\"display:none\"><a href=\"#\">&#8230;<\/a><\/li><li class=\"ultp-center-item pagination-active\" data-current=\"1\"><a href=\"https:\/\/isocial.cat\/en\/wp-json\/wp\/v2\/pages\/12757\/\">1<\/a><\/li><li class=\"ultp-center-item\" data-current=\"2\" ><a href=\"https:\/\/isocial.cat\/en\/wp-json\/wp\/v2\/pages\/12757\/page\/2\/\">2<\/a><\/li><li class=\"ultp-center-item\" data-current=\"3\" ><a href=\"https:\/\/isocial.cat\/en\/wp-json\/wp\/v2\/pages\/12757\/page\/3\/\">3<\/a><\/li><li class=\"ultp-last-dot\" ><a href=\"#\">&#8230;<\/a><\/li><li class=\"ultp-last-pages\" data-current=\"9\"><a href=\"https:\/\/isocial.cat\/en\/wp-json\/wp\/v2\/pages\/12757\/page\/9\/\">9<\/a><\/li><li class=\"ultp-next-page-numbers\"><a href=\"https:\/\/isocial.cat\/en\/wp-json\/wp\/v2\/pages\/12757\/page\/2\/\"><svg xmlns=\"http:\/\/www.w3.org\/2000\/svg\" fill=\"none\" viewBox=\"0 0 24 24\">\n  <path stroke=\"currentColor\" stroke-linecap=\"round\" stroke-linejoin=\"round\" stroke-width=\"1.5\" d=\"m9 18 6-6-6-6\"\/>\n<\/svg>\n<\/a><\/li><\/ul><\/div><\/div><div class=\"pagination-block-html\" aria-hidden=\"true\" style=\"display: none;\"><\/div><\/div><\/div><\/div><\/div>\n\n\n\n<div class=\"wp-block-genesis-blocks-gb-columns footer-newsletter gb-layout-columns-1 one-column alignfull\"><div class=\"gb-layout-column-wrap gb-block-layout-column-gap-2 gb-is-responsive-column\">\n<div class=\"wp-block-genesis-blocks-gb-column gb-block-layout-column\"><div class=\"gb-block-layout-column-inner\">\n<div class=\"wp-block-genesis-blocks-gb-columns container gb-layout-columns-1 one-column\"><div class=\"gb-layout-column-wrap gb-block-layout-column-gap-2 gb-is-responsive-column\">\n<div class=\"wp-block-genesis-blocks-gb-column gb-block-layout-column\"><div class=\"gb-block-layout-column-inner\"><style>.wp-block-kadence-advancedheading.kt-adv-heading_4d2423-9c, .wp-block-kadence-advancedheading.kt-adv-heading_4d2423-9c[data-kb-block=\"kb-adv-heading_4d2423-9c\"]{font-style:normal;}.wp-block-kadence-advancedheading.kt-adv-heading_4d2423-9c mark.kt-highlight, .wp-block-kadence-advancedheading.kt-adv-heading_4d2423-9c[data-kb-block=\"kb-adv-heading_4d2423-9c\"] mark.kt-highlight{font-style:normal;color:#f76a0c;-webkit-box-decoration-break:clone;box-decoration-break:clone;padding-top:0px;padding-right:0px;padding-bottom:0px;padding-left:0px;}.wp-block-kadence-advancedheading.kt-adv-heading_4d2423-9c img.kb-inline-image, .wp-block-kadence-advancedheading.kt-adv-heading_4d2423-9c[data-kb-block=\"kb-adv-heading_4d2423-9c\"] img.kb-inline-image{width:150px;vertical-align:baseline;}<\/style>\n<h3 class=\"kt-adv-heading_4d2423-9c titol-seccio wp-block-kadence-advancedheading\" data-kb-block=\"kb-adv-heading_4d2423-9c\">Newsletter<\/h3>\n\n\n<style>.wp-block-kadence-advancedheading.kt-adv-heading_cf2667-29, .wp-block-kadence-advancedheading.kt-adv-heading_cf2667-29[data-kb-block=\"kb-adv-heading_cf2667-29\"]{font-style:normal;}.wp-block-kadence-advancedheading.kt-adv-heading_cf2667-29 mark.kt-highlight, .wp-block-kadence-advancedheading.kt-adv-heading_cf2667-29[data-kb-block=\"kb-adv-heading_cf2667-29\"] mark.kt-highlight{font-style:normal;color:#f76a0c;-webkit-box-decoration-break:clone;box-decoration-break:clone;padding-top:0px;padding-right:0px;padding-bottom:0px;padding-left:0px;}.wp-block-kadence-advancedheading.kt-adv-heading_cf2667-29 img.kb-inline-image, .wp-block-kadence-advancedheading.kt-adv-heading_cf2667-29[data-kb-block=\"kb-adv-heading_cf2667-29\"] img.kb-inline-image{width:150px;vertical-align:baseline;}<\/style>\n<h4 class=\"kt-adv-heading_cf2667-29 wp-block-kadence-advancedheading\" data-kb-block=\"kb-adv-heading_cf2667-29\">Subscribe if you want to be informed about all the trends in innovation in social services.<\/h4>\n\n\n<\/div><\/div>\n<\/div><\/div>\n<\/div><\/div>\n<\/div><\/div>\n","protected":false},"excerpt":{"rendered":"<p>We publish a quarterly newsletter, a bimonthly bulletin of internal news for member organisations, press releases and short news items to inform about the Foundation&#8217;s activities.<\/p>\n","protected":false},"author":1,"featured_media":0,"parent":0,"menu_order":0,"comment_status":"closed","ping_status":"closed","template":"templates\/template-builder.php","meta":{"_acf_changed":false,"inline_featured_image":false,"_kad_blocks_custom_css":"","_kad_blocks_head_custom_js":"","_kad_blocks_body_custom_js":"","_kad_blocks_footer_custom_js":"","footnotes":""},"class_list":["post-12757","page","type-page","status-publish","hentry","post","without-featured-image"],"acf":[],"taxonomy_info":[],"featured_image_src_large":false,"author_info":{"display_name":"admin","author_link":"https:\/\/isocial.cat\/en\/author\/ideadmin\/"},"comment_info":0,"featured_image_src":null,"featured_image_src_square":null,"_links":{"self":[{"href":"https:\/\/isocial.cat\/en\/wp-json\/wp\/v2\/pages\/12757","targetHints":{"allow":["GET"]}}],"collection":[{"href":"https:\/\/isocial.cat\/en\/wp-json\/wp\/v2\/pages"}],"about":[{"href":"https:\/\/isocial.cat\/en\/wp-json\/wp\/v2\/types\/page"}],"author":[{"embeddable":true,"href":"https:\/\/isocial.cat\/en\/wp-json\/wp\/v2\/users\/1"}],"replies":[{"embeddable":true,"href":"https:\/\/isocial.cat\/en\/wp-json\/wp\/v2\/comments?post=12757"}],"version-history":[{"count":6,"href":"https:\/\/isocial.cat\/en\/wp-json\/wp\/v2\/pages\/12757\/revisions"}],"predecessor-version":[{"id":15972,"href":"https:\/\/isocial.cat\/en\/wp-json\/wp\/v2\/pages\/12757\/revisions\/15972"}],"wp:attachment":[{"href":"https:\/\/isocial.cat\/en\/wp-json\/wp\/v2\/media?parent=12757"}],"curies":[{"name":"wp","href":"https:\/\/api.w.org\/{rel}","templated":true}]}}