{"id":4628,"date":"2022-02-28T17:56:24","date_gmt":"2022-02-28T16:56:24","guid":{"rendered":"https:\/\/isocial.cat\/projectes-innovacio\/"},"modified":"2024-02-26T12:20:42","modified_gmt":"2024-02-26T11:20:42","slug":"projects","status":"publish","type":"page","link":"https:\/\/isocial.cat\/en\/projects\/","title":{"rendered":"Innovation projects"},"content":{"rendered":"\n<div class=\"wp-block-genesis-blocks-gb-container alignfull header--3 subhome--1 innovacio gb-block-container\"><div class=\"gb-container-inside\"><div class=\"gb-container-content\">\n<div class=\"wp-block-genesis-blocks-gb-container container gb-block-container\"><div class=\"gb-container-inside\"><div class=\"gb-container-content\">\n<span class=\"parent--link animated fadeInUp slow\"><a href=\"https:\/\/isocial.cat\/en\/lab\/\">Lab<\/a><\/span>\n\n\n<h1 class=\"animated fadeInUp delay-200ms slow wp-block-post-title\">Innovation projects<\/h1>\n\n<div class=\"animated fadeInUp delay-500ms slow wp-block-post-excerpt\"><p class=\"wp-block-post-excerpt__excerpt\">We promote and develop innovation projects, under our leadership or that of other organisations, that allow us to turn creative ideas that can solve challenges facing the social action sector today into real, useful, viable and sustainable solutions with a high transformational impact. <\/p><\/div><\/div><\/div><\/div>\n<\/div><\/div><\/div>\n\n\n\n<div class=\"wp-block-genesis-blocks-gb-container container--2 subhome gb-block-container\"><div class=\"gb-container-inside\"><div class=\"gb-container-content\"><div  class=\"ultp-post-grid-block wp-block-ultimate-post-post-grid-1 ultp-block-53f887 subhome--1 grid animated fadeInUp delay-1s slow\"><div class=\"ultp-block-wrapper\"><div class=\"ultp-loading\"><div class=\"ultp-loading-spinner\" style=\"width:100%;height:100%\"><div><\/div><div><\/div><div><\/div><div><\/div><div><\/div><div><\/div><div><\/div><div><\/div><div><\/div><div><\/div><div><\/div><div><\/div><\/div><\/div><div class=\"ultp-heading-filter\"><div class=\"ultp-heading-filter-in\"><div class=\"ultp-filter-navigation\"><\/div><\/div><\/div><div class=\"ultp-block-items-wrap ultp-block-row ultp-pg1a-style1 ultp-grid1-responsive ultp-block-column-4 1 1 ultp-layout1\"><div class=\"ultp-block-item post-id-30623\"><div class=\"ultp-block-content-wrap\"><div class=\"ultp-block-image ultp-block-image-zoomIn\"><a href=\"https:\/\/isocial.cat\/en\/rapnic-project-automatic-recognition-of-unintelligible-speech-in-catalan\/\" ><img loading=\"lazy\" decoding=\"async\" width=\"600\" height=\"600\"  class=\"ultp-block-image-content\"  alt=\"Noi amb par\u00e0lisi cerebral, potencial beneficiari del Projecte RAPNIC Reconeixement Automatic de la Parla No Intelligible en catala\"  src=\"https:\/\/isocial.cat\/wp-content\/uploads\/2025\/03\/Projecte-RAPNIC-Reconeixement-Automatic-de-la-Parla-No-Intelligible-en-catala-600x600.png\" \/><\/a><\/div><div class=\"ultp-block-content\"><h2 class=\"ultp-block-title \"><a href=\"https:\/\/isocial.cat\/en\/rapnic-project-automatic-recognition-of-unintelligible-speech-in-catalan\/\" >RAPNIC Project: Automatic Recognition of Impaired Speech in Catalan<\/a><\/h2><div class=\"ultp-block-excerpt\">RAPNIC is a project focused on developing and training an Artificial Intelligence (AI) model capable of recognizing unintelligible speech in Catalan.<\/div><\/div><\/div><\/div><div class=\"ultp-block-item post-id-28106\"><div class=\"ultp-block-content-wrap\"><div class=\"ultp-block-image ultp-block-image-zoomIn\"><a href=\"https:\/\/isocial.cat\/en\/nidus-mental-health\/\" ><img loading=\"lazy\" decoding=\"async\" width=\"600\" height=\"600\"  class=\"ultp-block-image-content\"  alt=\"NIDUS Mental Health\"  src=\"https:\/\/isocial.cat\/wp-content\/uploads\/2024\/08\/Nidus-Desinstitucionalitzacio-600x600.png\" \/><\/a><\/div><div class=\"ultp-block-content\"><h2 class=\"ultp-block-title \"><a href=\"https:\/\/isocial.cat\/en\/nidus-mental-health\/\" >NIDUS Mental Health<\/a><\/h2><div class=\"ultp-block-excerpt\">NIDUS Mental Health is a pilot project aimed at adapting the Nidus app as a digital support tool for individuals with mental health disorders undergoing the process of deinstitutionalization.<\/div><\/div><\/div><\/div><div class=\"ultp-block-item post-id-22340\"><div class=\"ultp-block-content-wrap\"><div class=\"ultp-block-image ultp-block-image-zoomIn\"><a href=\"https:\/\/isocial.cat\/en\/solidigital\/\" ><img loading=\"lazy\" decoding=\"async\" width=\"600\" height=\"600\"  class=\"ultp-block-image-content\"  alt=\"Imatge d&#039;una m\u00e0 sostenint un m\u00f2bil on s&#039;hi veu la Soliguia, una de les eines tecnol\u00f2giques involucrades en el projecte Solidigital\"  src=\"https:\/\/isocial.cat\/wp-content\/uploads\/2024\/03\/Imatge-Solidigital-600x600.png\" \/><\/a><\/div><div class=\"ultp-block-content\"><h2 class=\"ultp-block-title \"><a href=\"https:\/\/isocial.cat\/en\/solidigital\/\" >Solidigital<\/a><\/h2><div class=\"ultp-block-excerpt\">Solidigital is a cross-border collaboration project centered around three technological tools to support people in vulnerable situations: Soliguia, Nidus, and Reconnect.<\/div><\/div><\/div><\/div><div class=\"ultp-block-item post-id-13957\"><div class=\"ultp-block-content-wrap\"><div class=\"ultp-block-image ultp-block-image-zoomIn\"><a href=\"https:\/\/isocial.cat\/en\/digitalissb-impuls-de-la-digitalitzacio-dels-serveis-socials-basics-de-catalunya\/\" ><img loading=\"lazy\" decoding=\"async\" width=\"600\" height=\"600\"  class=\"ultp-block-image-content\"  alt=\"DigitaliSSB (Promotion of the Digitalization of the Basic Social Services of Catalonia)\"  src=\"https:\/\/isocial.cat\/wp-content\/uploads\/2023\/03\/startup-849805_1920-1-600x600.jpg\" \/><\/a><\/div><div class=\"ultp-block-content\"><h2 class=\"ultp-block-title \"><a href=\"https:\/\/isocial.cat\/en\/digitalissb-impuls-de-la-digitalitzacio-dels-serveis-socials-basics-de-catalunya\/\" >DigitaliSSB (Promotion of the Digitalization of the Basic Social Services of Catalonia)<\/a><\/h2><div class=\"ultp-block-excerpt\">DigitaliSSB is a project based on the developement of digital tools for the improvement of management and social intervention of the Basic Social Services of the local institutions in Catalonia<\/div><\/div><\/div><\/div><div class=\"ultp-block-item post-id-13401\"><div class=\"ultp-block-content-wrap\"><div class=\"ultp-block-image ultp-block-image-zoomIn\"><a href=\"https:\/\/isocial.cat\/en\/vincles-alt-pirineu-aran\/\" ><img loading=\"lazy\" decoding=\"async\" width=\"600\" height=\"600\"  class=\"ultp-block-image-content\"  alt=\"Vincles Alt Pirineu-Aran\"  src=\"https:\/\/isocial.cat\/wp-content\/uploads\/2023\/03\/Vincles-Alt-Pirineu-Aran-600x600.png\" \/><\/a><\/div><div class=\"ultp-block-content\"><h2 class=\"ultp-block-title \"><a href=\"https:\/\/isocial.cat\/en\/vincles-alt-pirineu-aran\/\" >Vincles Alt Pirineu-Aran<\/a><\/h2><div class=\"ultp-block-excerpt\">Vincles Alt Pirineu-Aran is a project for early detection and social intervention in situations of loneliness of the elderly in the Alt Pirineu-Aran region.<\/div><\/div><\/div><\/div><div class=\"ultp-block-item post-id-10949\"><div class=\"ultp-block-content-wrap\"><div class=\"ultp-block-image ultp-block-image-zoomIn\"><a href=\"https:\/\/isocial.cat\/en\/rehab-lab-cat\/\" ><img loading=\"lazy\" decoding=\"async\" width=\"600\" height=\"600\"  class=\"ultp-block-image-content\"  alt=\"Rehab-Lab\"  src=\"https:\/\/isocial.cat\/wp-content\/uploads\/2023\/02\/Rehab-Lab-Ajut-funcional-600x600.png\" \/><\/a><\/div><div class=\"ultp-block-content\"><h2 class=\"ultp-block-title \"><a href=\"https:\/\/isocial.cat\/en\/rehab-lab-cat\/\" >Rehab-Lab<\/a><\/h2><div class=\"ultp-block-excerpt\">Rehab-Lab.Cat is a project for the creation of a FabLabs network for the design and manufacture of functional adaptations for activities of daily living through 3D printing.<\/div><\/div><\/div><\/div><div class=\"ultp-block-item post-id-7163\"><div class=\"ultp-block-content-wrap\"><div class=\"ultp-block-image ultp-block-image-zoomIn\"><a href=\"https:\/\/isocial.cat\/en\/all-by-myself\/\" ><img loading=\"lazy\" decoding=\"async\" width=\"600\" height=\"600\"  class=\"ultp-block-image-content\"  alt=\"ALL BY MYSELF\"  src=\"https:\/\/isocial.cat\/wp-content\/uploads\/2022\/05\/foto-comprada-1-600x600.jpg\" \/><\/a><\/div><div class=\"ultp-block-content\"><h2 class=\"ultp-block-title \"><a href=\"https:\/\/isocial.cat\/en\/all-by-myself\/\" >ALL BY MYSELF<\/a><\/h2><div class=\"ultp-block-excerpt\">All By Myself is a research project on an agregator of ICT tools at the service of inclusion and support for the autonomous life of people with intellectual disabilities.<\/div><\/div><\/div><\/div><div class=\"ultp-block-item post-id-4208\"><div class=\"ultp-block-content-wrap\"><div class=\"ultp-block-image ultp-block-image-zoomIn\"><a href=\"https:\/\/isocial.cat\/en\/nidus\/\" ><img loading=\"lazy\" decoding=\"async\" width=\"600\" height=\"600\"  class=\"ultp-block-image-content\"  alt=\"Photo of a person living on the street, potential user of Nidus\"  src=\"https:\/\/isocial.cat\/wp-content\/uploads\/2021\/07\/Imatge-duna-persona-en-situacio-de-carrer-potencial-usuaria-de-Nidus-600x600.png\" \/><\/a><\/div><div class=\"ultp-block-content\"><h2 class=\"ultp-block-title \"><a href=\"https:\/\/isocial.cat\/en\/nidus\/\" >NIDUS Social Exclusion<\/a><\/h2><div class=\"ultp-block-excerpt\">NIDUS Social Exclusion is a project to develop a digital toolkit for the homeless and for the social workers who support and accompany them.<\/div><\/div><\/div><\/div><div class=\"ultp-block-item post-id-4217\"><div class=\"ultp-block-content-wrap\"><div class=\"ultp-block-image ultp-block-image-zoomIn\"><a href=\"https:\/\/isocial.cat\/en\/welcome-personal-assistant-for-newcomers\/\" ><img loading=\"lazy\" decoding=\"async\" width=\"600\" height=\"600\"  class=\"ultp-block-image-content\"  alt=\"WELCOME\"  src=\"https:\/\/isocial.cat\/wp-content\/uploads\/2022\/03\/welcome-600x600.jpg\" \/><\/a><\/div><div class=\"ultp-block-content\"><h2 class=\"ultp-block-title \"><a href=\"https:\/\/isocial.cat\/en\/welcome-personal-assistant-for-newcomers\/\" >WELCOME<\/a><\/h2><div class=\"ultp-block-excerpt\">WELCOME is a project for the development of intelligent tecnologies for supportint the reception and the integration of migrants and refugees.<\/div><\/div><\/div><\/div><div class=\"ultp-block-item post-id-4225\"><div class=\"ultp-block-content-wrap\"><div class=\"ultp-block-image ultp-block-image-zoomIn\"><a href=\"https:\/\/isocial.cat\/en\/app-for-unaccompanied-adolescent-immigrants\/\" ><img loading=\"lazy\" decoding=\"async\" width=\"600\" height=\"600\"  class=\"ultp-block-image-content\"  alt=\"FLAPP!\"  src=\"https:\/\/isocial.cat\/wp-content\/uploads\/2022\/03\/flapp-600x600.jpg\" \/><\/a><\/div><div class=\"ultp-block-content\"><h2 class=\"ultp-block-title \"><a href=\"https:\/\/isocial.cat\/en\/app-for-unaccompanied-adolescent-immigrants\/\" >FLAPP!<\/a><\/h2><div class=\"ultp-block-excerpt\">Flapp! is a project aimed to develop a remote support system for adolescents and youngsters with emancipation and inclusion needs.<\/div><\/div><\/div><\/div><\/div><div class=\"ultp-pagination-wrap ultp-pagination-ajax-action\" data-paged=\"1\" data-expost=\"\"  data-blockid=\"53f887\" data-postid=\"4628\" data-pages=\"1\" data-blockname=\"ultimate-post_post-grid-1\" data-selfpostid=\"yes\"><\/div><\/div><div class=\"pagination-block-html\" aria-hidden=\"true\" style=\"display: none;\"><\/div><\/div><\/div><\/div><\/div>\n\n\n\n<div class=\"wp-block-genesis-blocks-gb-columns footer-newsletter gb-layout-columns-1 one-column alignfull\"><div class=\"gb-layout-column-wrap gb-block-layout-column-gap-2 gb-is-responsive-column\">\n<div class=\"wp-block-genesis-blocks-gb-column gb-block-layout-column\"><div class=\"gb-block-layout-column-inner\">\n<div class=\"wp-block-genesis-blocks-gb-columns container gb-layout-columns-1 one-column\"><div class=\"gb-layout-column-wrap gb-block-layout-column-gap-2 gb-is-responsive-column\">\n<div class=\"wp-block-genesis-blocks-gb-column gb-block-layout-column\"><div class=\"gb-block-layout-column-inner\"><style>.wp-block-kadence-advancedheading.kt-adv-heading_4d2423-9c, .wp-block-kadence-advancedheading.kt-adv-heading_4d2423-9c[data-kb-block=\"kb-adv-heading_4d2423-9c\"]{font-style:normal;}.wp-block-kadence-advancedheading.kt-adv-heading_4d2423-9c mark.kt-highlight, .wp-block-kadence-advancedheading.kt-adv-heading_4d2423-9c[data-kb-block=\"kb-adv-heading_4d2423-9c\"] mark.kt-highlight{font-style:normal;color:#f76a0c;-webkit-box-decoration-break:clone;box-decoration-break:clone;padding-top:0px;padding-right:0px;padding-bottom:0px;padding-left:0px;}.wp-block-kadence-advancedheading.kt-adv-heading_4d2423-9c img.kb-inline-image, .wp-block-kadence-advancedheading.kt-adv-heading_4d2423-9c[data-kb-block=\"kb-adv-heading_4d2423-9c\"] img.kb-inline-image{width:150px;vertical-align:baseline;}<\/style>\n<h3 class=\"kt-adv-heading_4d2423-9c titol-seccio wp-block-kadence-advancedheading\" data-kb-block=\"kb-adv-heading_4d2423-9c\">Newsletter<\/h3>\n\n\n<style>.wp-block-kadence-advancedheading.kt-adv-heading_cf2667-29, .wp-block-kadence-advancedheading.kt-adv-heading_cf2667-29[data-kb-block=\"kb-adv-heading_cf2667-29\"]{font-style:normal;}.wp-block-kadence-advancedheading.kt-adv-heading_cf2667-29 mark.kt-highlight, .wp-block-kadence-advancedheading.kt-adv-heading_cf2667-29[data-kb-block=\"kb-adv-heading_cf2667-29\"] mark.kt-highlight{font-style:normal;color:#f76a0c;-webkit-box-decoration-break:clone;box-decoration-break:clone;padding-top:0px;padding-right:0px;padding-bottom:0px;padding-left:0px;}.wp-block-kadence-advancedheading.kt-adv-heading_cf2667-29 img.kb-inline-image, .wp-block-kadence-advancedheading.kt-adv-heading_cf2667-29[data-kb-block=\"kb-adv-heading_cf2667-29\"] img.kb-inline-image{width:150px;vertical-align:baseline;}<\/style>\n<h4 class=\"kt-adv-heading_cf2667-29 wp-block-kadence-advancedheading\" data-kb-block=\"kb-adv-heading_cf2667-29\">Subscribe if you want to be informed about all the trends in innovation in social services.<\/h4>\n\n\n<\/div><\/div>\n<\/div><\/div>\n<\/div><\/div>\n<\/div><\/div>\n","protected":false},"excerpt":{"rendered":"<p>We promote and develop innovation projects, under our leadership or that of other organisations, that allow us to turn creative ideas that can solve challenges facing the social action sector today into real, useful, viable and sustainable solutions with a high transformational impact.<\/p>\n","protected":false},"author":1,"featured_media":0,"parent":0,"menu_order":0,"comment_status":"closed","ping_status":"closed","template":"templates\/template-builder.php","meta":{"_acf_changed":false,"inline_featured_image":false,"_kad_blocks_custom_css":"","_kad_blocks_head_custom_js":"","_kad_blocks_body_custom_js":"","_kad_blocks_footer_custom_js":"","footnotes":""},"class_list":["post-4628","page","type-page","status-publish","hentry","post","without-featured-image"],"acf":[],"taxonomy_info":[],"featured_image_src_large":false,"author_info":{"display_name":"admin","author_link":"https:\/\/isocial.cat\/en\/author\/ideadmin\/"},"comment_info":0,"featured_image_src":null,"featured_image_src_square":null,"_links":{"self":[{"href":"https:\/\/isocial.cat\/en\/wp-json\/wp\/v2\/pages\/4628","targetHints":{"allow":["GET"]}}],"collection":[{"href":"https:\/\/isocial.cat\/en\/wp-json\/wp\/v2\/pages"}],"about":[{"href":"https:\/\/isocial.cat\/en\/wp-json\/wp\/v2\/types\/page"}],"author":[{"embeddable":true,"href":"https:\/\/isocial.cat\/en\/wp-json\/wp\/v2\/users\/1"}],"replies":[{"embeddable":true,"href":"https:\/\/isocial.cat\/en\/wp-json\/wp\/v2\/comments?post=4628"}],"version-history":[{"count":12,"href":"https:\/\/isocial.cat\/en\/wp-json\/wp\/v2\/pages\/4628\/revisions"}],"predecessor-version":[{"id":21846,"href":"https:\/\/isocial.cat\/en\/wp-json\/wp\/v2\/pages\/4628\/revisions\/21846"}],"wp:attachment":[{"href":"https:\/\/isocial.cat\/en\/wp-json\/wp\/v2\/media?parent=4628"}],"curies":[{"name":"wp","href":"https:\/\/api.w.org\/{rel}","templated":true}]}}