{"id":4803,"date":"2022-02-28T18:00:01","date_gmt":"2022-02-28T17:00:01","guid":{"rendered":"https:\/\/isocial.cat\/innobreaks\/"},"modified":"2023-04-25T09:24:58","modified_gmt":"2023-04-25T08:24:58","slug":"innobreaks","status":"publish","type":"page","link":"https:\/\/isocial.cat\/en\/innobreaks\/","title":{"rendered":"InnoBreaks"},"content":{"rendered":"\n<div class=\"wp-block-genesis-blocks-gb-container alignfull header--3 subhome--1 campus gb-block-container\"><div class=\"gb-container-inside\"><div class=\"gb-container-content\">\n<div class=\"wp-block-genesis-blocks-gb-container container gb-block-container\"><div class=\"gb-container-inside\"><div class=\"gb-container-content\">\n<span class=\"parent--link animated fadeInUp slow\"><a href=\"https:\/\/isocial.cat\/en\/campus\/\">Campus<\/a><\/span>\n\n\n<h1 class=\"animated fadeInUp delay-200ms slow wp-block-post-title\">InnoBreaks<\/h1>\n\n<div class=\"animated fadeInUp delay-500ms slow wp-block-post-excerpt\"><p class=\"wp-block-post-excerpt__excerpt\">We offer free webinars in which we present a selection of the best social service innovation initiatives from around the world that we have published in our Innovation Bank. <\/p><\/div><\/div><\/div><\/div>\n<\/div><\/div><\/div>\n\n\n\n<div class=\"wp-block-genesis-blocks-gb-container container--2 subhome gb-block-container\"><div class=\"gb-container-inside\"><div class=\"gb-container-content\"><div  class=\"ultp-post-grid-block wp-block-ultimate-post-post-grid-1 ultp-block-9da49d subhome--1 grid animated fadeInUp delay-1s slow\"><div class=\"ultp-block-wrapper\"><div class=\"ultp-loading\"><div class=\"ultp-loading-spinner\" style=\"width:100%;height:100%\"><div><\/div><div><\/div><div><\/div><div><\/div><div><\/div><div><\/div><div><\/div><div><\/div><div><\/div><div><\/div><div><\/div><div><\/div><\/div><\/div><div class=\"ultp-heading-filter\"><div class=\"ultp-heading-filter-in\"><div class=\"ultp-filter-navigation\"><\/div><\/div><\/div><div class=\"ultp-block-items-wrap ultp-block-row ultp-pg1a-style1 ultp-grid1-responsive ultp-block-column-4 1 1 ultp-layout1\"><div class=\"ultp-block-item post-id-36530\"><div class=\"ultp-block-content-wrap\"><div class=\"ultp-block-image ultp-block-image-zoomIn\"><a href=\"https:\/\/isocial.cat\/en\/towards-independent-living-community-support-networks-and-personalised-guidance-points\/\" ><img loading=\"lazy\" decoding=\"async\" width=\"600\" height=\"600\"  class=\"ultp-block-image-content\"  alt=\"Imatge de portada del poper Innobreak, que tindr\u00e0 lloc el 21 d&#039;abril i que tractar\u00e0 sobre vida independent.\"  src=\"https:\/\/isocial.cat\/wp-content\/uploads\/2026\/03\/Innobreak-21.04-1-600x600.png\" \/><\/a><\/div><div class=\"ultp-block-content\"><h2 class=\"ultp-block-title \"><a href=\"https:\/\/isocial.cat\/en\/towards-independent-living-community-support-networks-and-personalised-guidance-points\/\" >Towards Independent Living: Community Support Networks and Personalised Guidance Points<\/a><\/h2><div class=\"ultp-block-excerpt\">Neighbourhood Networks (Scotland) and A-Punt (Catalonia). 21 April 2026, from 9:00 to 10:30. Open for registration.<\/div><\/div><\/div><\/div><div class=\"ultp-block-item post-id-36183\"><div class=\"ultp-block-content-wrap\"><div class=\"ultp-block-image ultp-block-image-zoomIn\"><a href=\"https:\/\/isocial.cat\/en\/virtual-reality-in-social-care-experiential-training-and-intervention\/\" ><img loading=\"lazy\" decoding=\"async\" width=\"600\" height=\"600\"  class=\"ultp-block-image-content\"  alt=\"Innobreak 17.02 -realitat virtual.\"  src=\"https:\/\/isocial.cat\/wp-content\/uploads\/2026\/02\/Web-Innobreak-17.02-600x600.png\" \/><\/a><\/div><div class=\"ultp-block-content\"><h2 class=\"ultp-block-title \"><a href=\"https:\/\/isocial.cat\/en\/virtual-reality-in-social-care-experiential-training-and-intervention\/\" >Virtual Reality in Social Care: Experiential Training and Intervention<\/a><\/h2><div class=\"ultp-block-excerpt\">Immersive Training Platform \u2013 Embodied Labs (USA) and VIA Project (Catalonia)\nHeld on February 17, 2026.<\/div><\/div><\/div><\/div><div class=\"ultp-block-item post-id-35190\"><div class=\"ultp-block-content-wrap\"><div class=\"ultp-block-image ultp-block-image-zoomIn\"><a href=\"https:\/\/isocial.cat\/en\/professionalising-peer-support-transforming-care-through-shared-experience\/\" ><img loading=\"lazy\" decoding=\"async\" width=\"600\" height=\"600\"  class=\"ultp-block-image-content\"  alt=\"Innobreak - Professionalitzar el suport entre iguals: transformar l\u2019atenci\u00f3 des de l\u2019experi\u00e8ncia compartida\"  src=\"https:\/\/isocial.cat\/wp-content\/uploads\/2025\/10\/Portada-web-Innobreak-02.12-600x600.png\" \/><\/a><\/div><div class=\"ultp-block-content\"><h2 class=\"ultp-block-title \"><a href=\"https:\/\/isocial.cat\/en\/professionalising-peer-support-transforming-care-through-shared-experience\/\" >Professionalising Peer Support: Transforming Care Through Shared Experience<\/a><\/h2><div class=\"ultp-block-excerpt\">Entre Iguals (Catalonia) and Mental Health Support Services for the Elderly (Finland). December 2, 2025.<\/div><\/div><\/div><\/div><div class=\"ultp-block-item post-id-34548\"><div class=\"ultp-block-content-wrap\"><div class=\"ultp-block-image ultp-block-image-zoomIn\"><a href=\"https:\/\/isocial.cat\/en\/social-inclusion-through-community-housing-and-new-technologies\/\" ><img loading=\"lazy\" decoding=\"async\" width=\"600\" height=\"600\"  class=\"ultp-block-image-content\"  alt=\"Innobreak 14.10  - Inclusi\u00f3 social des de l&#039;habitatge comunitari i les noves tecnologies\"  src=\"https:\/\/isocial.cat\/wp-content\/uploads\/2025\/10\/Innobreak_14.10-Habitatge-min-600x600.png\" \/><\/a><\/div><div class=\"ultp-block-content\"><h2 class=\"ultp-block-title \"><a href=\"https:\/\/isocial.cat\/en\/social-inclusion-through-community-housing-and-new-technologies\/\" >Social Inclusion through Community Housing and New Technologies<\/a><\/h2><div class=\"ultp-block-excerpt\">S\u00e4llBo (Sweden) &amp; Kloosiv Housing (Catalonia). Held on 14\/10\/2025. <\/div><\/div><\/div><\/div><div class=\"ultp-block-item post-id-34206\"><div class=\"ultp-block-content-wrap\"><div class=\"ultp-block-image ultp-block-image-zoomIn\"><a href=\"https:\/\/isocial.cat\/en\/self-directed-support-autonomy-and-decision-making-through-personal-budgets\/\" ><img loading=\"lazy\" decoding=\"async\" width=\"600\" height=\"600\"  class=\"ultp-block-image-content\"  alt=\"Webinar d&#039;innovaci\u00f3 (Innobreak) 17 de setembre del 2025 sobre suports autodirigits i pressupostos personals\"  src=\"https:\/\/isocial.cat\/wp-content\/uploads\/2025\/09\/Innobreak-17.09.25-min-1-600x600.png\" \/><\/a><\/div><div class=\"ultp-block-content\"><h2 class=\"ultp-block-title \"><a href=\"https:\/\/isocial.cat\/en\/self-directed-support-autonomy-and-decision-making-through-personal-budgets\/\" >Self-directed support: autonomy and decision-making through personal budgets<\/a><\/h2><div class=\"ultp-block-excerpt\">Individualised Funding (New Zeland) and Pilotaje de Apoyos Autodirigidos (Spain). Held on 17\/09\/2025.<\/div><\/div><\/div><\/div><div class=\"ultp-block-item post-id-32528\"><div class=\"ultp-block-content-wrap\"><div class=\"ultp-block-image ultp-block-image-zoomIn\"><a href=\"https:\/\/isocial.cat\/en\/preventing-institutionalisation-in-childhood-and-adolescence-rights-families-and-community\/\" ><img loading=\"lazy\" decoding=\"async\" width=\"600\" height=\"600\"  class=\"ultp-block-image-content\"  alt=\"Preventing Institutionalisation in Childhood and Adolescence: Rights, Families and Community\"  src=\"https:\/\/isocial.cat\/wp-content\/uploads\/2025\/03\/Innobreak-27.05-Prevencio-de-la-institucionalitzacio-infantil-600x600.png\" \/><\/a><\/div><div class=\"ultp-block-content\"><h2 class=\"ultp-block-title \"><a href=\"https:\/\/isocial.cat\/en\/preventing-institutionalisation-in-childhood-and-adolescence-rights-families-and-community\/\" >Preventing Institutionalisation in Childhood and Adolescence: Rights, Families and Community<\/a><\/h2><div class=\"ultp-block-excerpt\">Glasgow Intensive Family (Scotland) and Casa d\u2019Infants (Catalonia).  Held on 27\/09\/2025.<\/div><\/div><\/div><\/div><div class=\"ultp-block-item post-id-30845\"><div class=\"ultp-block-content-wrap\"><div class=\"ultp-block-image ultp-block-image-zoomIn\"><a href=\"https:\/\/isocial.cat\/en\/pioneering-initiatives-for-the-digital-inclusion-of-vulnerable-groups\/\" ><img loading=\"lazy\" decoding=\"async\" width=\"600\" height=\"600\"  class=\"ultp-block-image-content\"  alt=\"Innobreak 09.04.25 Inclusi\u00f3 digital - Imatge de persones grans utilitzant ordinadors. Les persones grans s\u00f3n un dels col\u00b7lectius susceptibles de patir a causa de la bretxa digital\"  src=\"https:\/\/isocial.cat\/wp-content\/uploads\/2025\/03\/Programa-Innobreak-09.04.25-600x600.png\" \/><\/a><\/div><div class=\"ultp-block-content\"><h2 class=\"ultp-block-title \"><a href=\"https:\/\/isocial.cat\/en\/pioneering-initiatives-for-the-digital-inclusion-of-vulnerable-groups\/\" >Pioneering Initiatives for the Digital Inclusion of Vulnerable Groups<\/a><\/h2><div class=\"ultp-block-excerpt\">DigiUP (Finland) and the Digital Inclusion Center of Bordeaux M\u00e9tropole (France).\nHeld on 09\/04\/2025.<\/div><\/div><\/div><\/div><div class=\"ultp-block-item post-id-30099\"><div class=\"ultp-block-content-wrap\"><div class=\"ultp-block-image ultp-block-image-zoomIn\"><a href=\"https:\/\/isocial.cat\/en\/new-perspectives-on-the-prevention-and-intervention-of-child-sexual-violence\/\" ><img loading=\"lazy\" decoding=\"async\" width=\"600\" height=\"600\"  class=\"ultp-block-image-content\"  alt=\"Innobreak: Noves mirades en la prevenci\u00f3 i intervenci\u00f3 de la Viol\u00e8ncia sexual infantil\"  src=\"https:\/\/isocial.cat\/wp-content\/uploads\/2025\/01\/Innobreak-11.02-Post-web-min-600x600.png\" \/><\/a><\/div><div class=\"ultp-block-content\"><h2 class=\"ultp-block-title \"><a href=\"https:\/\/isocial.cat\/en\/new-perspectives-on-the-prevention-and-intervention-of-child-sexual-violence\/\" >New Perspectives on the Prevention and Intervention of Child Sexual Violence<\/a><\/h2><div class=\"ultp-block-excerpt\">PrevenSI (Intress) and Barnahus (Save the Children). Held on 11\/2\/25.<\/div><\/div><\/div><\/div><div class=\"ultp-block-item post-id-29416\"><div class=\"ultp-block-content-wrap\"><div class=\"ultp-block-image ultp-block-image-zoomIn\"><a href=\"https:\/\/isocial.cat\/en\/facilitating-access-to-leisure-and-services-support-apps-for-families-of-people-with-disabilities\/\" ><img loading=\"lazy\" decoding=\"async\" width=\"600\" height=\"600\"  class=\"ultp-block-image-content\"  alt=\"Innobreak 03.12 - Web\"  src=\"https:\/\/isocial.cat\/wp-content\/uploads\/2024\/11\/Innobreak-03.12-Post-600x600.png\" \/><\/a><\/div><div class=\"ultp-block-content\"><h2 class=\"ultp-block-title \"><a href=\"https:\/\/isocial.cat\/en\/facilitating-access-to-leisure-and-services-support-apps-for-families-of-people-with-disabilities\/\" >Facilitating Access to Leisure and Services: Support Apps for Families of People with Disabilities<\/a><\/h2><div class=\"ultp-block-excerpt\">Jooay (Canada) and VinculApp (Catalonia). Held on 3\/12\/24.<\/div><\/div><\/div><\/div><div class=\"ultp-block-item post-id-28663\"><div class=\"ultp-block-content-wrap\"><div class=\"ultp-block-image ultp-block-image-zoomIn\"><a href=\"https:\/\/isocial.cat\/en\/artificial-intelligence-in-social-services-predictive-analysis-and-identification-of-intervention-needs\/\" ><img loading=\"lazy\" decoding=\"async\" width=\"600\" height=\"600\"  class=\"ultp-block-image-content\"  alt=\"Artificial Intelligence in Social Services: Predictive Analysis and Identification of Intervention Needs\"  src=\"https:\/\/isocial.cat\/wp-content\/uploads\/2024\/09\/Innobreak-AI-Serveis-Socials-600x600.png\" \/><\/a><\/div><div class=\"ultp-block-content\"><h2 class=\"ultp-block-title \"><a href=\"https:\/\/isocial.cat\/en\/artificial-intelligence-in-social-services-predictive-analysis-and-identification-of-intervention-needs\/\" >Artificial Intelligence in Social Services: Predictive Analysis and Identification of Intervention Needs<\/a><\/h2><div class=\"ultp-block-excerpt\">wSocial (Catalonia) and Nrativ (Sweden). Held on 8\/10\/24.<\/div><\/div><\/div><\/div><div class=\"ultp-block-item post-id-26311\"><div class=\"ultp-block-content-wrap\"><div class=\"ultp-block-image ultp-block-image-zoomIn\"><a href=\"https:\/\/isocial.cat\/en\/innovative-services-in-drug-addiction-family-support-and-risk-prevention\/\" ><img loading=\"lazy\" decoding=\"async\" width=\"600\" height=\"600\"  class=\"ultp-block-image-content\"  alt=\"Innobeak - Serveis innovadors en drogodependencia\"  src=\"https:\/\/isocial.cat\/wp-content\/uploads\/2024\/06\/Serveis-innovadors-en-drogodependencia-600x600.png\" \/><\/a><\/div><div class=\"ultp-block-content\"><h2 class=\"ultp-block-title \"><a href=\"https:\/\/isocial.cat\/en\/innovative-services-in-drug-addiction-family-support-and-risk-prevention\/\" >Innovative Services in Drug Addiction: Family Support and Risk Prevention<\/a><\/h2><div class=\"ultp-block-excerpt\">BRUS (Denmark) and Energy Control (Catalonia). Held on 02\/07\/24.<\/div><\/div><\/div><\/div><div class=\"ultp-block-item post-id-24833\"><div class=\"ultp-block-content-wrap\"><div class=\"ultp-block-image ultp-block-image-zoomIn\"><a href=\"https:\/\/isocial.cat\/en\/homelessness-and-technology-tools-to-rebuild-the-bonds-with-the-community\/\" ><img loading=\"lazy\" decoding=\"async\" width=\"600\" height=\"600\"  class=\"ultp-block-image-content\"  alt=\"Persona en situaci\u00f3 de sensellarisme\"  src=\"https:\/\/isocial.cat\/wp-content\/uploads\/2024\/05\/Persona-en-situacio-de-sensellarisme-web-600x600.png\" \/><\/a><\/div><div class=\"ultp-block-content\"><h2 class=\"ultp-block-title \"><a href=\"https:\/\/isocial.cat\/en\/homelessness-and-technology-tools-to-rebuild-the-bonds-with-the-community\/\" >Homelessness and Technology: Tools to rebuild the bonds with the community<\/a><\/h2><div class=\"ultp-block-excerpt\">Entourage (France) and Nidus (Catalonia). Held on 05\/06\/2024.<\/div><\/div><\/div><\/div><div class=\"ultp-block-item post-id-22644\"><div class=\"ultp-block-content-wrap\"><div class=\"ultp-block-image ultp-block-image-zoomIn\"><a href=\"https:\/\/isocial.cat\/en\/tools-and-services-to-address-cyberbullying-and-other-vulnerabilities\/\" ><img loading=\"lazy\" decoding=\"async\" width=\"600\" height=\"600\"  class=\"ultp-block-image-content\"  alt=\"Eines i serveis per detectar el ciberassetjament\"  src=\"https:\/\/isocial.cat\/wp-content\/uploads\/2024\/03\/Eines-i-serveis-per-detectar-el-ciberassetjament-600x600.png\" \/><\/a><\/div><div class=\"ultp-block-content\"><h2 class=\"ultp-block-title \"><a href=\"https:\/\/isocial.cat\/en\/tools-and-services-to-address-cyberbullying-and-other-vulnerabilities\/\" >Tools and services to address cyberbullying and other youth vulnerabilities in the digital environment<\/a><\/h2><div class=\"ultp-block-excerpt\">Webinar of social innovation. Digital Streetwork (Germany) and B-resol (Catalonia). Held on 09\/04\/2024<\/div><\/div><\/div><\/div><div class=\"ultp-block-item post-id-20715\"><div class=\"ultp-block-content-wrap\"><div class=\"ultp-block-image ultp-block-image-zoomIn\"><a href=\"https:\/\/isocial.cat\/en\/digitalizing-social-services-apps-supporting-users-and-professionals\/\" ><img loading=\"lazy\" decoding=\"async\" width=\"600\" height=\"600\"  class=\"ultp-block-image-content\"  alt=\"Innobreak - Digitalitzar els serveis socials\"  src=\"https:\/\/isocial.cat\/wp-content\/uploads\/2024\/01\/Innobreak-Digitalitzar-els-serveis-socials-web-min-1-600x600.png\" \/><\/a><\/div><div class=\"ultp-block-content\"><h2 class=\"ultp-block-title \"><a href=\"https:\/\/isocial.cat\/en\/digitalizing-social-services-apps-supporting-users-and-professionals\/\" >Digitalizing Social Services: Apps Supporting Users and Professionals<\/a><\/h2><div class=\"ultp-block-excerpt\">Reconnect (France) and Gavius (Catalonia). Held on 06\/02\/2024.<\/div><\/div><\/div><\/div><div class=\"ultp-block-item post-id-18407\"><div class=\"ultp-block-content-wrap\"><div class=\"ultp-block-image ultp-block-image-zoomIn\"><a href=\"https:\/\/isocial.cat\/en\/new-models-of-social-housing-against-exclusion\/\" ><img loading=\"lazy\" decoding=\"async\" width=\"600\" height=\"600\"  class=\"ultp-block-image-content\"  alt=\"Innobreak - Webinar d&#039;innovaci\u00f3\"  src=\"https:\/\/isocial.cat\/wp-content\/uploads\/2023\/10\/Innobreak-31.10.23-Web-600x600.png\" \/><\/a><\/div><div class=\"ultp-block-content\"><h2 class=\"ultp-block-title \"><a href=\"https:\/\/isocial.cat\/en\/new-models-of-social-housing-against-exclusion\/\" >New Models of Social Housing Against Exclusion<\/a><\/h2><div class=\"ultp-block-excerpt\">Mixed Living (Netherlands) and Llar Casa Bloc (Catalonia). Held on 31\/10\/23.<\/div><\/div><\/div><\/div><div class=\"ultp-block-item post-id-16490\"><div class=\"ultp-block-content-wrap\"><div class=\"ultp-block-image ultp-block-image-zoomIn\"><a href=\"https:\/\/isocial.cat\/en\/noves-eines-digitals-al-servei-de-les-persones-que-cuiden\/\" ><img loading=\"lazy\" decoding=\"async\" width=\"600\" height=\"600\"  class=\"ultp-block-image-content\"  alt=\"New digital tools at the service of people who care\"  src=\"https:\/\/isocial.cat\/wp-content\/uploads\/2023\/05\/GettyImages-1204282298.jpg.optimal-600x600.jpg\" \/><\/a><\/div><div class=\"ultp-block-content\"><h2 class=\"ultp-block-title \"><a href=\"https:\/\/isocial.cat\/en\/noves-eines-digitals-al-servei-de-les-persones-que-cuiden\/\" >New digital tools at the service of people who care<\/a><\/h2><div class=\"ultp-block-excerpt\">OKencasa (Basque Country) and myCarenet (Catalonia).  \nHeld on 11\/07\/2023.<\/div><\/div><\/div><\/div><\/div><div class=\"ultp-pagination-wrap ultp-pagination-ajax-action\" data-paged=\"1\" data-expost=\"\"  data-blockid=\"9da49d\" data-postid=\"4803\" data-pages=\"2\" data-blockname=\"ultimate-post_post-grid-1\" data-selfpostid=\"no\"><ul class=\"ultp-pagination\"><li class=\"ultp-prev-page-numbers\" style=\"display:none\"><a href=\"https:\/\/isocial.cat\/en\/wp-json\/wp\/v2\/pages\/4803\/\"><svg xmlns=\"http:\/\/www.w3.org\/2000\/svg\" fill=\"none\" viewBox=\"0 0 24 24\">\n  <path stroke=\"currentColor\" stroke-linecap=\"round\" stroke-linejoin=\"round\" stroke-width=\"1.5\" d=\"m15 18-6-6 6-6\"\/>\n<\/svg>\n <\/a><\/li><li class=\"ultp-center-item pagination-active\" data-current=\"1\"><a href=\"https:\/\/isocial.cat\/en\/wp-json\/wp\/v2\/pages\/4803\/\">1<\/a><\/li><li class=\"ultp-center-item\" data-current=\"2\" ><a href=\"https:\/\/isocial.cat\/en\/wp-json\/wp\/v2\/pages\/4803\/page\/2\/\">2<\/a><\/li><li class=\"ultp-last-dot\" style=\"display:none\"><a href=\"#\">&#8230;<\/a><\/li><li class=\"ultp-next-page-numbers\"><a href=\"https:\/\/isocial.cat\/en\/wp-json\/wp\/v2\/pages\/4803\/page\/2\/\"><svg xmlns=\"http:\/\/www.w3.org\/2000\/svg\" fill=\"none\" viewBox=\"0 0 24 24\">\n  <path stroke=\"currentColor\" stroke-linecap=\"round\" stroke-linejoin=\"round\" stroke-width=\"1.5\" d=\"m9 18 6-6-6-6\"\/>\n<\/svg>\n<\/a><\/li><\/ul><\/div><\/div><div class=\"pagination-block-html\" aria-hidden=\"true\" style=\"display: none;\"><\/div><\/div><\/div><\/div><\/div>\n\n\n\n<div class=\"wp-block-genesis-blocks-gb-columns footer-newsletter gb-layout-columns-1 one-column alignfull\"><div class=\"gb-layout-column-wrap gb-block-layout-column-gap-2 gb-is-responsive-column\">\n<div class=\"wp-block-genesis-blocks-gb-column gb-block-layout-column\"><div class=\"gb-block-layout-column-inner\">\n<div class=\"wp-block-genesis-blocks-gb-columns container gb-layout-columns-1 one-column\"><div class=\"gb-layout-column-wrap gb-block-layout-column-gap-2 gb-is-responsive-column\">\n<div class=\"wp-block-genesis-blocks-gb-column gb-block-layout-column\"><div class=\"gb-block-layout-column-inner\"><style>.wp-block-kadence-advancedheading.kt-adv-heading_4d2423-9c, .wp-block-kadence-advancedheading.kt-adv-heading_4d2423-9c[data-kb-block=\"kb-adv-heading_4d2423-9c\"]{font-style:normal;}.wp-block-kadence-advancedheading.kt-adv-heading_4d2423-9c mark.kt-highlight, .wp-block-kadence-advancedheading.kt-adv-heading_4d2423-9c[data-kb-block=\"kb-adv-heading_4d2423-9c\"] mark.kt-highlight{font-style:normal;color:#f76a0c;-webkit-box-decoration-break:clone;box-decoration-break:clone;padding-top:0px;padding-right:0px;padding-bottom:0px;padding-left:0px;}.wp-block-kadence-advancedheading.kt-adv-heading_4d2423-9c img.kb-inline-image, .wp-block-kadence-advancedheading.kt-adv-heading_4d2423-9c[data-kb-block=\"kb-adv-heading_4d2423-9c\"] img.kb-inline-image{width:150px;vertical-align:baseline;}<\/style>\n<h3 class=\"kt-adv-heading_4d2423-9c titol-seccio wp-block-kadence-advancedheading\" data-kb-block=\"kb-adv-heading_4d2423-9c\">Newsletter<\/h3>\n\n\n<style>.wp-block-kadence-advancedheading.kt-adv-heading_cf2667-29, .wp-block-kadence-advancedheading.kt-adv-heading_cf2667-29[data-kb-block=\"kb-adv-heading_cf2667-29\"]{font-style:normal;}.wp-block-kadence-advancedheading.kt-adv-heading_cf2667-29 mark.kt-highlight, .wp-block-kadence-advancedheading.kt-adv-heading_cf2667-29[data-kb-block=\"kb-adv-heading_cf2667-29\"] mark.kt-highlight{font-style:normal;color:#f76a0c;-webkit-box-decoration-break:clone;box-decoration-break:clone;padding-top:0px;padding-right:0px;padding-bottom:0px;padding-left:0px;}.wp-block-kadence-advancedheading.kt-adv-heading_cf2667-29 img.kb-inline-image, .wp-block-kadence-advancedheading.kt-adv-heading_cf2667-29[data-kb-block=\"kb-adv-heading_cf2667-29\"] img.kb-inline-image{width:150px;vertical-align:baseline;}<\/style>\n<h4 class=\"kt-adv-heading_cf2667-29 wp-block-kadence-advancedheading\" data-kb-block=\"kb-adv-heading_cf2667-29\">Subscribe if you want to be informed about all the trends in innovation in social services.<\/h4>\n\n\n<\/div><\/div>\n<\/div><\/div>\n<\/div><\/div>\n<\/div><\/div>\n","protected":false},"excerpt":{"rendered":"<p>We offer free webinars in which we present a selection of the best social service innovation initiatives from around the world that we have published in our Innovation Bank.<\/p>\n","protected":false},"author":1,"featured_media":0,"parent":0,"menu_order":0,"comment_status":"closed","ping_status":"closed","template":"templates\/template-builder.php","meta":{"_acf_changed":false,"inline_featured_image":false,"_kad_blocks_custom_css":"","_kad_blocks_head_custom_js":"","_kad_blocks_body_custom_js":"","_kad_blocks_footer_custom_js":"","footnotes":""},"class_list":["post-4803","page","type-page","status-publish","hentry","post","without-featured-image"],"acf":[],"taxonomy_info":[],"featured_image_src_large":false,"author_info":{"display_name":"admin","author_link":"https:\/\/isocial.cat\/en\/author\/ideadmin\/"},"comment_info":0,"featured_image_src":null,"featured_image_src_square":null,"_links":{"self":[{"href":"https:\/\/isocial.cat\/en\/wp-json\/wp\/v2\/pages\/4803","targetHints":{"allow":["GET"]}}],"collection":[{"href":"https:\/\/isocial.cat\/en\/wp-json\/wp\/v2\/pages"}],"about":[{"href":"https:\/\/isocial.cat\/en\/wp-json\/wp\/v2\/types\/page"}],"author":[{"embeddable":true,"href":"https:\/\/isocial.cat\/en\/wp-json\/wp\/v2\/users\/1"}],"replies":[{"embeddable":true,"href":"https:\/\/isocial.cat\/en\/wp-json\/wp\/v2\/comments?post=4803"}],"version-history":[{"count":7,"href":"https:\/\/isocial.cat\/en\/wp-json\/wp\/v2\/pages\/4803\/revisions"}],"predecessor-version":[{"id":16042,"href":"https:\/\/isocial.cat\/en\/wp-json\/wp\/v2\/pages\/4803\/revisions\/16042"}],"wp:attachment":[{"href":"https:\/\/isocial.cat\/en\/wp-json\/wp\/v2\/media?parent=4803"}],"curies":[{"name":"wp","href":"https:\/\/api.w.org\/{rel}","templated":true}]}}