{"id":4821,"date":"2022-02-28T18:00:36","date_gmt":"2022-02-28T17:00:36","guid":{"rendered":"https:\/\/isocial.cat\/conferencies-i-debats\/"},"modified":"2023-04-24T14:46:40","modified_gmt":"2023-04-24T13:46:40","slug":"conferences-and-public-events","status":"publish","type":"page","link":"https:\/\/isocial.cat\/en\/conferences-and-public-events\/","title":{"rendered":"Conferences and public events"},"content":{"rendered":"\n<div class=\"wp-block-genesis-blocks-gb-container alignfull header--3 subhome--1 campus gb-block-container\"><div class=\"gb-container-inside\"><div class=\"gb-container-content\">\n<div class=\"wp-block-genesis-blocks-gb-container container gb-block-container\"><div class=\"gb-container-inside\"><div class=\"gb-container-content\">\n<span class=\"parent--link animated fadeInUp slow\"><a href=\"https:\/\/isocial.cat\/en\/campus\/\">Campus<\/a><\/span>\n\n\n<h1 class=\"animated fadeInUp delay-200ms slow wp-block-post-title\">Conferences and public events<\/h1>\n\n<div class=\"animated fadeInUp delay-500ms slow wp-block-post-excerpt\"><p class=\"wp-block-post-excerpt__excerpt\">We organise conferences and open events to contribute to the reflection on the challenges facing the social services sector today, to analyse solutions in a collaborative way and to discuss innovative proposals. <\/p><\/div><\/div><\/div><\/div>\n<\/div><\/div><\/div>\n\n\n\n<div class=\"wp-block-genesis-blocks-gb-container container--2 subhome gb-block-container\"><div class=\"gb-container-inside\"><div class=\"gb-container-content\"><div  class=\"ultp-post-grid-block wp-block-ultimate-post-post-grid-1 ultp-block-e4f2be subhome--1 grid animated fadeInUp delay-1s slow\"><div class=\"ultp-block-wrapper\"><div class=\"ultp-loading\"><div class=\"ultp-loading-spinner\" style=\"width:100%;height:100%\"><div><\/div><div><\/div><div><\/div><div><\/div><div><\/div><div><\/div><div><\/div><div><\/div><div><\/div><div><\/div><div><\/div><div><\/div><\/div><\/div><div class=\"ultp-heading-filter\"><div class=\"ultp-heading-filter-in\"><div class=\"ultp-filter-navigation\"><\/div><\/div><\/div><div class=\"ultp-block-items-wrap ultp-block-row ultp-pg1a-style1 ultp-grid1-responsive ultp-block-column-4 1 1 ultp-layout1\"><div class=\"ultp-block-item post-id-11332\"><div class=\"ultp-block-content-wrap\"><div class=\"ultp-block-image ultp-block-image-zoomIn\"><a href=\"https:\/\/isocial.cat\/en\/presentation-of-the-report-technological-innovation-and-social-services\/\" ><img loading=\"lazy\" decoding=\"async\" width=\"600\" height=\"600\"  class=\"ultp-block-image-content\"  alt=\"Acte de presentaci\u00f3 de l&#039;informe \u00abInnovaci\u00f3 tecnol\u00f2gica i serveis socials\u00bb\"  src=\"https:\/\/isocial.cat\/wp-content\/uploads\/2023\/02\/shutterstock_415512385-web-600x600.jpg\" \/><\/a><\/div><div class=\"ultp-block-content\"><h2 class=\"ultp-block-title \"><a href=\"https:\/\/isocial.cat\/en\/presentation-of-the-report-technological-innovation-and-social-services\/\" >Presentation in Bilbao of the report &#8220;Technological innovation and social services&#8221;<\/a><\/h2><div class=\"ultp-block-excerpt\">Bilbao Berrikuntza Faktoria &#8211; BBF of Universidad Mondrag\u00f3n. (Held on 20\/03(203). <\/div><\/div><\/div><\/div><div class=\"ultp-block-item post-id-8697\"><div class=\"ultp-block-content-wrap\"><div class=\"ultp-block-image ultp-block-image-zoomIn\"><a href=\"https:\/\/isocial.cat\/en\/acte-de-presentacio-del-1r-informe-sobre-tendencies-dinnovacio-en-serveis-socials\/\" ><img loading=\"lazy\" decoding=\"async\" width=\"600\" height=\"600\"  class=\"ultp-block-image-content\"  alt=\"Innovaci\u00f3 tecnol\u00f2gica i serveis socials\"  src=\"https:\/\/isocial.cat\/wp-content\/uploads\/2022\/11\/123A6209-min-600x600.jpg\" \/><\/a><\/div><div class=\"ultp-block-content\"><h2 class=\"ultp-block-title \"><a href=\"https:\/\/isocial.cat\/en\/acte-de-presentacio-del-1r-informe-sobre-tendencies-dinnovacio-en-serveis-socials\/\" >Presentation in Barcelona of the report &#8220;Technological innovation and social services&#8221;.<\/a><\/h2><div class=\"ultp-block-excerpt\">NTT Data Auditorium: Avinguda Nova Ic\u00e0ria, 221. Barcelona\n(Held on 22\/11\/2022)<\/div><\/div><\/div><\/div><div class=\"ultp-block-item post-id-4490\"><div class=\"ultp-block-content-wrap\"><div class=\"ultp-block-image ultp-block-image-zoomIn\"><a href=\"https:\/\/isocial.cat\/en\/conference-social-services-at-a-crossroads-strengths-and-challenges-in-the-post-covid-stage\/\" ><img loading=\"lazy\" decoding=\"async\" width=\"600\" height=\"600\"  class=\"ultp-block-image-content\"  alt=\"Conference &#8220;Social Services at a crossroads: strengths and challenges in the post-Covid stage&#8221;\"  src=\"https:\/\/isocial.cat\/wp-content\/uploads\/2022\/03\/emiliana-vicente-1_151_1599469952-600x600.jpg\" \/><\/a><\/div><div class=\"ultp-block-content\"><h2 class=\"ultp-block-title \"><a href=\"https:\/\/isocial.cat\/en\/conference-social-services-at-a-crossroads-strengths-and-challenges-in-the-post-covid-stage\/\" >Conference &#8220;Social Services at a crossroads: strengths and challenges in the post-Covid stage&#8221;<\/a><\/h2><div class=\"ultp-block-excerpt\">Emi Vicente, President of the General Council of Social Work (held on 29\/09\/2021)<\/div><\/div><\/div><\/div><div class=\"ultp-block-item post-id-4500\"><div class=\"ultp-block-content-wrap\"><div class=\"ultp-block-image ultp-block-image-zoomIn\"><a href=\"https:\/\/isocial.cat\/en\/the-challenge-of-creating-value-and-positivity-in-organizations-in-turbulent-times\/\" ><img loading=\"lazy\" decoding=\"async\" width=\"600\" height=\"600\"  class=\"ultp-block-image-content\"  alt=\"The challenge of creating value and positivity in organizations in turbulent times\"  src=\"https:\/\/isocial.cat\/wp-content\/uploads\/2022\/03\/Xavier-Marcet-Nebridi-Aroztegui-2-e1641583313139-600x600.jpg\" \/><\/a><\/div><div class=\"ultp-block-content\"><h2 class=\"ultp-block-title \"><a href=\"https:\/\/isocial.cat\/en\/the-challenge-of-creating-value-and-positivity-in-organizations-in-turbulent-times\/\" >The challenge of creating value and positivity in organizations in turbulent times<\/a><\/h2><div class=\"ultp-block-excerpt\">Xavier Marcet, International innovation consultant (held on 15\/12\/2020)<\/div><\/div><\/div><\/div><div class=\"ultp-block-item post-id-4511\"><div class=\"ultp-block-content-wrap\"><div class=\"ultp-block-image ultp-block-image-zoomIn\"><a href=\"https:\/\/isocial.cat\/en\/will-social-services-withstand-the-emerging-challenges-due-to-covid19\/\" ><img loading=\"lazy\" decoding=\"async\" width=\"600\" height=\"575\"  class=\"ultp-block-image-content\"  alt=\"Will social services withstand the emerging challenges due to Covid19?\"  src=\"https:\/\/isocial.cat\/wp-content\/uploads\/2022\/03\/1451980895_834440_1451981040_noticia_normal-600x575.jpg\" \/><\/a><\/div><div class=\"ultp-block-content\"><h2 class=\"ultp-block-title \"><a href=\"https:\/\/isocial.cat\/en\/will-social-services-withstand-the-emerging-challenges-due-to-covid19\/\" >Will social services withstand the emerging challenges due to Covid19?<\/a><\/h2><div class=\"ultp-block-excerpt\">Carles Alsinet, director of Social Innovation Catedra in UdL (held on 16\/09\/2020)<\/div><\/div><\/div><\/div><div class=\"ultp-block-item post-id-4522\"><div class=\"ultp-block-content-wrap\"><div class=\"ultp-block-image ultp-block-image-zoomIn\"><a href=\"https:\/\/isocial.cat\/en\/the-future-is-already-here-technology-and-big-data-in-social-services-by-toni-codina-ceo-and-co-founder-of-isocial-foundation\/\" ><img loading=\"lazy\" decoding=\"async\" width=\"600\" height=\"600\"  class=\"ultp-block-image-content\"  alt=\"The future is already here: technology and big data in Social Services\"  src=\"https:\/\/isocial.cat\/wp-content\/uploads\/2022\/03\/Foto-Toni-Codina-scaled-1-600x600.jpg\" \/><\/a><\/div><div class=\"ultp-block-content\"><h2 class=\"ultp-block-title \"><a href=\"https:\/\/isocial.cat\/en\/the-future-is-already-here-technology-and-big-data-in-social-services-by-toni-codina-ceo-and-co-founder-of-isocial-foundation\/\" >The future is already here: technology and big data in Social Services<\/a><\/h2><div class=\"ultp-block-excerpt\">Toni Codina, CEO &#038; co-founder of iSocial Foundation (held on 17\/06\/2020)<\/div><\/div><\/div><\/div><div class=\"ultp-block-item post-id-4534\"><div class=\"ultp-block-content-wrap\"><div class=\"ultp-block-image ultp-block-image-zoomIn\"><a href=\"https:\/\/isocial.cat\/en\/priorities-today-in-innovation-and-transformation-of-social-services-in-europe\/\" ><img loading=\"lazy\" decoding=\"async\" width=\"600\" height=\"600\"  class=\"ultp-block-image-content\"  alt=\"Priorities today in innovation and transformation of social services in Europe\"  src=\"https:\/\/isocial.cat\/wp-content\/uploads\/2022\/03\/9a7aa72b-8b23-4f17-855a-3996fa47c2d5_16-9-aspect-ratio_1600w_0-600x600.jpg\" \/><\/a><\/div><div class=\"ultp-block-content\"><h2 class=\"ultp-block-title \"><a href=\"https:\/\/isocial.cat\/en\/priorities-today-in-innovation-and-transformation-of-social-services-in-europe\/\" >Priorities today in innovation and transformation of social services in Europe<\/a><\/h2><div class=\"ultp-block-excerpt\">Alfonso Lara Montero, CEO of the European Social Network-ESN (held on 05\/02\/2020)<\/div><\/div><\/div><\/div><div class=\"ultp-block-item post-id-4613\"><div class=\"ultp-block-content-wrap\"><div class=\"ultp-block-image ultp-block-image-zoomIn\"><a href=\"https:\/\/isocial.cat\/en\/debate-communicate-better-to-change-the-image-of-social-services\/\" ><img loading=\"lazy\" decoding=\"async\" width=\"600\" height=\"600\"  class=\"ultp-block-image-content\"  alt=\"Debate &#8220;Communicate better to change the image of social services&#8221;\"  src=\"https:\/\/isocial.cat\/wp-content\/uploads\/2022\/03\/IMG_20191010_181849-600x600.jpg\" \/><\/a><\/div><div class=\"ultp-block-content\"><h2 class=\"ultp-block-title \"><a href=\"https:\/\/isocial.cat\/en\/debate-communicate-better-to-change-the-image-of-social-services\/\" >Debate &#8220;Communicate better to change the image of social services&#8221;<\/a><\/h2><div class=\"ultp-block-excerpt\">Dialogue with Fernando Fantova, Mertixell Bened\u00ed and Nat\u00e0lia Vila, moderated by V\u00edctor Puig. (held on 10\/10\/2019)<\/div><\/div><\/div><\/div><div class=\"ultp-block-item post-id-4565\"><div class=\"ultp-block-content-wrap\"><div class=\"ultp-block-image ultp-block-image-zoomIn\"><a href=\"https:\/\/isocial.cat\/en\/cycle-of-reflection-big-data-and-social-services-foreseeing-and-anticipating-social-needs\/\" ><img loading=\"lazy\" decoding=\"async\" width=\"600\" height=\"600\"  class=\"ultp-block-image-content\"  alt=\"Cycle of reflection \u201cBig Data and Social Services\u201d\"  src=\"https:\/\/isocial.cat\/wp-content\/uploads\/2022\/03\/IMG_20200310_1836072-scaled-1-600x600.jpg\" \/><\/a><\/div><div class=\"ultp-block-content\"><h2 class=\"ultp-block-title \"><a href=\"https:\/\/isocial.cat\/en\/cycle-of-reflection-big-data-and-social-services-foreseeing-and-anticipating-social-needs\/\" >Cycle of reflection \u201cBig Data and Social Services\u201d<\/a><\/h2><div class=\"ultp-block-excerpt\">Cycle of 2 conferences, 2 debates and 3 seminars, with national and international experts (held from 25\/09\/2019 to 10\/03\/2020)<\/div><\/div><\/div><\/div><div class=\"ultp-block-item post-id-4597\"><div class=\"ultp-block-content-wrap\"><div class=\"ultp-block-image ultp-block-image-zoomIn\"><a href=\"https:\/\/isocial.cat\/en\/lecture-financing-innovative-social-projects-next-years-european-social-actions-priorities-and-trends\/\" ><img loading=\"lazy\" decoding=\"async\" width=\"600\" height=\"600\"  class=\"ultp-block-image-content\"  alt=\"Lecture \u201dFinancing innovative social projects\u201d\"  src=\"https:\/\/isocial.cat\/wp-content\/uploads\/2022\/03\/G-Luk-600x600.jpg\" \/><\/a><\/div><div class=\"ultp-block-content\"><h2 class=\"ultp-block-title \"><a href=\"https:\/\/isocial.cat\/en\/lecture-financing-innovative-social-projects-next-years-european-social-actions-priorities-and-trends\/\" >Lecture \u201dFinancing innovative social projects\u201d<\/a><\/h2><div class=\"ultp-block-excerpt\">Luk Zelderloo, general secretary of European Association of Service Providers for Persons with Disabilities (EASPD) (held on 28\/02\/2019)<\/div><\/div><\/div><\/div><\/div><div class=\"ultp-pagination-wrap ultp-pagination-ajax-action\" data-paged=\"1\" data-expost=\"\"  data-blockid=\"e4f2be\" data-postid=\"4821\" data-pages=\"1\" data-blockname=\"ultimate-post_post-grid-1\" data-selfpostid=\"no\"><\/div><\/div><div class=\"pagination-block-html\" aria-hidden=\"true\" style=\"display: none;\"><\/div><\/div><\/div><\/div><\/div>\n\n\n\n<div class=\"wp-block-genesis-blocks-gb-columns footer-newsletter gb-layout-columns-1 one-column alignfull\"><div class=\"gb-layout-column-wrap gb-block-layout-column-gap-2 gb-is-responsive-column\">\n<div class=\"wp-block-genesis-blocks-gb-column gb-block-layout-column\"><div class=\"gb-block-layout-column-inner\">\n<div class=\"wp-block-genesis-blocks-gb-columns container gb-layout-columns-1 one-column\"><div class=\"gb-layout-column-wrap gb-block-layout-column-gap-2 gb-is-responsive-column\">\n<div class=\"wp-block-genesis-blocks-gb-column gb-block-layout-column\"><div class=\"gb-block-layout-column-inner\"><style>.wp-block-kadence-advancedheading.kt-adv-heading_4d2423-9c, .wp-block-kadence-advancedheading.kt-adv-heading_4d2423-9c[data-kb-block=\"kb-adv-heading_4d2423-9c\"]{font-style:normal;}.wp-block-kadence-advancedheading.kt-adv-heading_4d2423-9c mark.kt-highlight, .wp-block-kadence-advancedheading.kt-adv-heading_4d2423-9c[data-kb-block=\"kb-adv-heading_4d2423-9c\"] mark.kt-highlight{font-style:normal;color:#f76a0c;-webkit-box-decoration-break:clone;box-decoration-break:clone;padding-top:0px;padding-right:0px;padding-bottom:0px;padding-left:0px;}.wp-block-kadence-advancedheading.kt-adv-heading_4d2423-9c img.kb-inline-image, .wp-block-kadence-advancedheading.kt-adv-heading_4d2423-9c[data-kb-block=\"kb-adv-heading_4d2423-9c\"] img.kb-inline-image{width:150px;vertical-align:baseline;}<\/style>\n<h3 class=\"kt-adv-heading_4d2423-9c titol-seccio wp-block-kadence-advancedheading\" data-kb-block=\"kb-adv-heading_4d2423-9c\">Newsletter<\/h3>\n\n\n<style>.wp-block-kadence-advancedheading.kt-adv-heading_cf2667-29, .wp-block-kadence-advancedheading.kt-adv-heading_cf2667-29[data-kb-block=\"kb-adv-heading_cf2667-29\"]{font-style:normal;}.wp-block-kadence-advancedheading.kt-adv-heading_cf2667-29 mark.kt-highlight, .wp-block-kadence-advancedheading.kt-adv-heading_cf2667-29[data-kb-block=\"kb-adv-heading_cf2667-29\"] mark.kt-highlight{font-style:normal;color:#f76a0c;-webkit-box-decoration-break:clone;box-decoration-break:clone;padding-top:0px;padding-right:0px;padding-bottom:0px;padding-left:0px;}.wp-block-kadence-advancedheading.kt-adv-heading_cf2667-29 img.kb-inline-image, .wp-block-kadence-advancedheading.kt-adv-heading_cf2667-29[data-kb-block=\"kb-adv-heading_cf2667-29\"] img.kb-inline-image{width:150px;vertical-align:baseline;}<\/style>\n<h4 class=\"kt-adv-heading_cf2667-29 wp-block-kadence-advancedheading\" data-kb-block=\"kb-adv-heading_cf2667-29\">Subscribe if you want to be informed about all the trends in innovation in social services.<\/h4>\n\n\n<\/div><\/div>\n<\/div><\/div>\n<\/div><\/div>\n<\/div><\/div>\n","protected":false},"excerpt":{"rendered":"<p>We organise conferences and open events to contribute to the reflection on the challenges facing the social services sector today, to analyse solutions in a collaborative way and to discuss innovative proposals.<\/p>\n","protected":false},"author":1,"featured_media":0,"parent":0,"menu_order":0,"comment_status":"closed","ping_status":"closed","template":"templates\/template-builder.php","meta":{"_acf_changed":false,"inline_featured_image":false,"_kad_blocks_custom_css":"","_kad_blocks_head_custom_js":"","_kad_blocks_body_custom_js":"","_kad_blocks_footer_custom_js":"","footnotes":""},"class_list":["post-4821","page","type-page","status-publish","hentry","post","without-featured-image"],"acf":[],"taxonomy_info":[],"featured_image_src_large":false,"author_info":{"display_name":"admin","author_link":"https:\/\/isocial.cat\/en\/author\/ideadmin\/"},"comment_info":0,"featured_image_src":null,"featured_image_src_square":null,"_links":{"self":[{"href":"https:\/\/isocial.cat\/en\/wp-json\/wp\/v2\/pages\/4821","targetHints":{"allow":["GET"]}}],"collection":[{"href":"https:\/\/isocial.cat\/en\/wp-json\/wp\/v2\/pages"}],"about":[{"href":"https:\/\/isocial.cat\/en\/wp-json\/wp\/v2\/types\/page"}],"author":[{"embeddable":true,"href":"https:\/\/isocial.cat\/en\/wp-json\/wp\/v2\/users\/1"}],"replies":[{"embeddable":true,"href":"https:\/\/isocial.cat\/en\/wp-json\/wp\/v2\/comments?post=4821"}],"version-history":[{"count":8,"href":"https:\/\/isocial.cat\/en\/wp-json\/wp\/v2\/pages\/4821\/revisions"}],"predecessor-version":[{"id":15940,"href":"https:\/\/isocial.cat\/en\/wp-json\/wp\/v2\/pages\/4821\/revisions\/15940"}],"wp:attachment":[{"href":"https:\/\/isocial.cat\/en\/wp-json\/wp\/v2\/media?parent=4821"}],"curies":[{"name":"wp","href":"https:\/\/api.w.org\/{rel}","templated":true}]}}