{"id":12735,"date":"2023-03-03T10:08:31","date_gmt":"2023-03-03T09:08:31","guid":{"rendered":"https:\/\/isocial.cat\/articles\/"},"modified":"2023-04-24T15:25:14","modified_gmt":"2023-04-24T14:25:14","slug":"articulos","status":"publish","type":"page","link":"https:\/\/isocial.cat\/es\/articulos\/","title":{"rendered":"Art\u00edculos"},"content":{"rendered":"\n<div class=\"wp-block-genesis-blocks-gb-container alignfull header--3 subhome--1 gb-block-container\"><div class=\"gb-container-inside\"><div class=\"gb-container-content\">\n<div class=\"wp-block-genesis-blocks-gb-container container gb-block-container\"><div class=\"gb-container-inside\"><div class=\"gb-container-content\">\n<span class=\"parent--link animated fadeInUp slow\"><a href=\"https:\/\/isocial.cat\/es\/publicaciones\/\">Publicaciones<\/a><\/span>\n\n\n<h1 class=\"animated fadeInUp delay-200ms slow wp-block-post-title\">Art\u00edculos<\/h1>\n\n<div class=\"animated fadeInUp delay-500ms slow wp-block-post-excerpt\"><p class=\"wp-block-post-excerpt__excerpt\">Publicamos y divulgamos cada mes un breve art\u00edculo que expone reflexiones y propuestas en relaci\u00f3n a l\u00edneas emergentes y \u00e1mbitos de innovaci\u00f3n del sector. <\/p><\/div><\/div><\/div><\/div>\n<\/div><\/div><\/div>\n\n\n\n<div class=\"wp-block-genesis-blocks-gb-container container--2 subhome gb-block-container\"><div class=\"gb-container-inside\"><div class=\"gb-container-content\"><div  class=\"ultp-post-grid-block wp-block-ultimate-post-post-grid-1 ultp-block-beee33 subhome--1 grid animated fadeInUp delay-1s slow\"><div class=\"ultp-block-wrapper\"><div class=\"ultp-loading\"><div class=\"ultp-loading-spinner\" style=\"width:100%;height:100%\"><div><\/div><div><\/div><div><\/div><div><\/div><div><\/div><div><\/div><div><\/div><div><\/div><div><\/div><div><\/div><div><\/div><div><\/div><\/div><\/div><div class=\"ultp-heading-filter\"><div class=\"ultp-heading-filter-in\"><div class=\"ultp-filter-navigation\"><\/div><\/div><\/div><div class=\"ultp-block-items-wrap ultp-block-row ultp-pg1a-style1 ultp-grid1-responsive ultp-block-column-4 1 1 ultp-layout1\"><div class=\"ultp-block-item post-id-36488\"><div class=\"ultp-block-content-wrap\"><div class=\"ultp-block-image ultp-block-image-zoomIn\"><a href=\"https:\/\/isocial.cat\/es\/el-autocuidado-para-prevenir-el-burnout-y-mejorar-el-bienestar-de-los-profesionales-de-servicios-sociales-2\/\" ><img loading=\"lazy\" decoding=\"async\" width=\"600\" height=\"600\"  class=\"ultp-block-image-content\"  alt=\"Representaci\u00f3n visual del burnout laboral: cerilla quemada, simbolizando el estr\u00e9s laboral y la necesidad de autocuidado en profesionales del sector social.\"  src=\"https:\/\/isocial.cat\/wp-content\/uploads\/2026\/03\/Diseno-sin-titulo-1-600x600.png\" \/><\/a><\/div><div class=\"ultp-block-content\"><h2 class=\"ultp-block-title \"><a href=\"https:\/\/isocial.cat\/es\/el-autocuidado-para-prevenir-el-burnout-y-mejorar-el-bienestar-de-los-profesionales-de-servicios-sociales-2\/\" >El autocuidado para prevenir el burnout y mejorar el bienestar de los profesionales de servicios sociales<\/a><\/h2><div class=\"ultp-block-excerpt\">Cuidar de nuestro bienestar emocional es esencial para poder desarrollar con calidad las tareas del d\u00eda a d\u00eda. Por este motivo, el autocuidado es especialmente importante en \u00e1mbitos como el sector social, donde las exigencias y la presi\u00f3n son muy elevadas.<\/div><\/div><\/div><\/div><div class=\"ultp-block-item post-id-27340\"><div class=\"ultp-block-content-wrap\"><div class=\"ultp-block-image ultp-block-image-zoomIn\"><a href=\"https:\/\/isocial.cat\/es\/como-puede-beneficiar-el-modelo-teal-al-sector-social\/\" ><img loading=\"lazy\" decoding=\"async\" width=\"600\" height=\"600\"  class=\"ultp-block-image-content\"  alt=\"Model TEAL\"  src=\"https:\/\/isocial.cat\/wp-content\/uploads\/2024\/07\/Imatges-Posts-Web-2024-07-29T103832.799-min-600x600.png\" \/><\/a><\/div><div class=\"ultp-block-content\"><h2 class=\"ultp-block-title \"><a href=\"https:\/\/isocial.cat\/es\/como-puede-beneficiar-el-modelo-teal-al-sector-social\/\" >\u00bfC\u00f3mo puede beneficiar el modelo TEAL al sector social?<\/a><\/h2><div class=\"ultp-block-excerpt\">El modelo TEAL supone una ruptura con los modelos cl\u00e1sicos de organizaci\u00f3n interna de las entidades, con un especial \u00e9nfasis en las personas que forman parte de ellas. \u00bfQu\u00e9 beneficios puede tener su implementaci\u00f3n en el sector social?<\/div><\/div><\/div><\/div><div class=\"ultp-block-item post-id-26887\"><div class=\"ultp-block-content-wrap\"><div class=\"ultp-block-image ultp-block-image-zoomIn\"><a href=\"https:\/\/isocial.cat\/es\/modelos-predictivos-a-traves-del-big-data-aplicados-a-los-servicios-sociales\/\" ><img loading=\"lazy\" decoding=\"async\" width=\"600\" height=\"600\"  class=\"ultp-block-image-content\"  alt=\"Big Data\"  src=\"https:\/\/isocial.cat\/wp-content\/uploads\/2024\/07\/Imatges-Posts-Web-2024-07-08T110953.959-min-600x600.png\" \/><\/a><\/div><div class=\"ultp-block-content\"><h2 class=\"ultp-block-title \"><a href=\"https:\/\/isocial.cat\/es\/modelos-predictivos-a-traves-del-big-data-aplicados-a-los-servicios-sociales\/\" >Modelos predictivos a trav\u00e9s del big data aplicados a los servicios sociales<\/a><\/h2><div class=\"ultp-block-excerpt\">En los \u00faltimos a\u00f1os, m\u00faltiples sectores han apostado por la tecnolog\u00eda big data y los modelos predictivos con el objetivo de gestionar grandes cantidades de datos, extraer conclusiones y hacer predicciones. \u00bfC\u00f3mo se puede aplicar esta tecnolog\u00eda a los servicios sociales?<\/div><\/div><\/div><\/div><div class=\"ultp-block-item post-id-25758\"><div class=\"ultp-block-content-wrap\"><div class=\"ultp-block-image ultp-block-image-zoomIn\"><a href=\"https:\/\/isocial.cat\/es\/innovacion-social-en-la-proteccion-de-la-infancia-y-la-adolescencia-en-riesgo\/\" ><img loading=\"lazy\" decoding=\"async\" width=\"600\" height=\"600\"  class=\"ultp-block-image-content\"  alt=\"Inf\u00e0ncia i adolesc\u00e8ncia en risc\"  src=\"https:\/\/isocial.cat\/wp-content\/uploads\/2024\/06\/Imatges-Posts-Web-86-min-600x600.png\" \/><\/a><\/div><div class=\"ultp-block-content\"><h2 class=\"ultp-block-title \"><a href=\"https:\/\/isocial.cat\/es\/innovacion-social-en-la-proteccion-de-la-infancia-y-la-adolescencia-en-riesgo\/\" >Innovaci\u00f3n social en la protecci\u00f3n de la infancia y la adolescencia en riesgo<\/a><\/h2><div class=\"ultp-block-excerpt\">Seg\u00fan UNICEF, se estima que m\u00e1s de 1.000 millones de NNA (ni\u00f1os, ni\u00f1as y adolescentes) son v\u00edctimas de violencia en el mundo, con consecuencias profundas, duraderas y, a veces, mortales. \u00bfC\u00f3mo puede la innovaci\u00f3n social acercarse a la protecci\u00f3n de la infancia?<\/div><\/div><\/div><\/div><div class=\"ultp-block-item post-id-24878\"><div class=\"ultp-block-content-wrap\"><div class=\"ultp-block-image ultp-block-image-zoomIn\"><a href=\"https:\/\/isocial.cat\/es\/perspectivas-innovadoras-para-promover-el-acceso-a-la-vivienda\/\" ><img loading=\"lazy\" decoding=\"async\" width=\"600\" height=\"600\"  class=\"ultp-block-image-content\"  alt=\"Perspectives innovadores acc\u00e9s a l&#039;habitatge\"  src=\"https:\/\/isocial.cat\/wp-content\/uploads\/2024\/05\/Article-1-min-600x600.png\" \/><\/a><\/div><div class=\"ultp-block-content\"><h2 class=\"ultp-block-title \"><a href=\"https:\/\/isocial.cat\/es\/perspectivas-innovadoras-para-promover-el-acceso-a-la-vivienda\/\" >Perspectivas innovadoras para promover el acceso a la vivienda<\/a><\/h2><div class=\"ultp-block-excerpt\">Seg\u00fan la ONU, la falta de vivienda digna es una problem\u00e1tica que afecta a m\u00e1s del 20% de la poblaci\u00f3n mundial. En Catalu\u00f1a, casi 60,000 personas sufren alguna situaci\u00f3n de exclusi\u00f3n residencial. \u00bfQu\u00e9 iniciativas innovadoras se est\u00e1n llevando a cabo en el mundo para promover el acceso a la vivienda?<\/div><\/div><\/div><\/div><div class=\"ultp-block-item post-id-23973\"><div class=\"ultp-block-content-wrap\"><div class=\"ultp-block-image ultp-block-image-zoomIn\"><a href=\"https:\/\/isocial.cat\/es\/innovacion-social-para-prevenir-la-violencia-machista\/\" ><img loading=\"lazy\" decoding=\"async\" width=\"600\" height=\"600\"  class=\"ultp-block-image-content\"  alt=\"Innovaci\u00f3 social per prevenir la viol\u00e8ncia masclista\"  src=\"https:\/\/isocial.cat\/wp-content\/uploads\/2024\/04\/Imatges-Posts-Web-53-min-600x600.png\" \/><\/a><\/div><div class=\"ultp-block-content\"><h2 class=\"ultp-block-title \"><a href=\"https:\/\/isocial.cat\/es\/innovacion-social-para-prevenir-la-violencia-machista\/\" >Innovaci\u00f3n social para prevenir la violencia machista<\/a><\/h2><div class=\"ultp-block-excerpt\">Durante el a\u00f1o 2023, cincuenta y ocho mujeres y dos menores fallecieron por violencia machista en Espa\u00f1a. \u00bfC\u00f3mo podemos utilizar la innovaci\u00f3n social para prevenir y abordar esta problem\u00e1tica?<\/div><\/div><\/div><\/div><div class=\"ultp-block-item post-id-22699\"><div class=\"ultp-block-content-wrap\"><div class=\"ultp-block-image ultp-block-image-zoomIn\"><a href=\"https:\/\/isocial.cat\/es\/robots-para-el-tratamiento-ninos-con-tea\/\" ><img loading=\"lazy\" decoding=\"async\" width=\"600\" height=\"600\"  class=\"ultp-block-image-content\"  alt=\"Robots tractament infants amb TEA\"  src=\"https:\/\/isocial.cat\/wp-content\/uploads\/2024\/03\/Imatges-Posts-Web-30-min-600x600.png\" \/><\/a><\/div><div class=\"ultp-block-content\"><h2 class=\"ultp-block-title \"><a href=\"https:\/\/isocial.cat\/es\/robots-para-el-tratamiento-ninos-con-tea\/\" >Robots para el tratamiento de ni\u00f1os con TEA<\/a><\/h2><div class=\"ultp-block-excerpt\">En los \u00faltimos a\u00f1os, se ha puesto sobre la mesa el uso de robots en el tratamiento de ni\u00f1os con Trastorno del Espectro Autista (TEA). \u00bfQu\u00e9 beneficios tiene este tipo de terapia?<\/div><\/div><\/div><\/div><div class=\"ultp-block-item post-id-21351\"><div class=\"ultp-block-content-wrap\"><div class=\"ultp-block-image ultp-block-image-zoomIn\"><a href=\"https:\/\/isocial.cat\/es\/propuestas-innovadoras-combatir-soledad-no-deseada-personas-mayores\/\" ><img loading=\"lazy\" decoding=\"async\" width=\"600\" height=\"600\"  class=\"ultp-block-image-content\"  alt=\"En aquest article, abordem propostes innovadores per combatre la soledat no desitjada\"  src=\"https:\/\/isocial.cat\/wp-content\/uploads\/2024\/02\/article-min-600x600.png\" \/><\/a><\/div><div class=\"ultp-block-content\"><h2 class=\"ultp-block-title \"><a href=\"https:\/\/isocial.cat\/es\/propuestas-innovadoras-combatir-soledad-no-deseada-personas-mayores\/\" >Propuestas innovadoras para combatir la soledad no deseada en las personas mayores<\/a><\/h2><div class=\"ultp-block-excerpt\">La soledad no deseada es un problema que tiene un impacto especialmente relevante en la poblaci\u00f3n de la tercera edad. \u00bfC\u00f3mo debe ser abordada? \u00bfQu\u00e9 herramientas innovadoras pueden ser impulsadas desde los servicios sociales para revertir este sentimiento?<\/div><\/div><\/div><\/div><div class=\"ultp-block-item post-id-17662\"><div class=\"ultp-block-content-wrap\"><div class=\"ultp-block-image ultp-block-image-zoomIn\"><a href=\"https:\/\/isocial.cat\/es\/bullying-o-acoso-escolar-herramientas-innovadoras-para-ponerle-freno\/\" ><img loading=\"lazy\" decoding=\"async\" width=\"600\" height=\"600\"  class=\"ultp-block-image-content\"  alt=\"Bullying o acoso escolar: herramientas innovadoras para ponerle freno\"  src=\"https:\/\/isocial.cat\/wp-content\/uploads\/2023\/07\/Bullying-o-assetjament-escolar-600x600.webp\" \/><\/a><\/div><div class=\"ultp-block-content\"><h2 class=\"ultp-block-title \"><a href=\"https:\/\/isocial.cat\/es\/bullying-o-acoso-escolar-herramientas-innovadoras-para-ponerle-freno\/\" >Bullying o acoso escolar: herramientas innovadoras para ponerle freno<\/a><\/h2><div class=\"ultp-block-excerpt\">El acoso escolar es un problema silenciado que puede afectar gravemente a las v\u00edctimas. \u00bfCu\u00e1les son las se\u00f1ales para detectarlo? \u00bfQu\u00e9 herramientas innovadoras nos pueden ayudar?<\/div><\/div><\/div><\/div><div class=\"ultp-block-item post-id-16833\"><div class=\"ultp-block-content-wrap\"><div class=\"ultp-block-image ultp-block-image-zoomIn\"><a href=\"https:\/\/isocial.cat\/es\/adiccion-a-las-pantallas-videojuegos-y-redes-sociales-como-detectarla-y-abordarla\/\" ><img loading=\"lazy\" decoding=\"async\" width=\"600\" height=\"600\"  class=\"ultp-block-image-content\"  alt=\"Addicci\u00f3 a les pantalles, videojocs i xarxes socials: com detectar-la i abordar-la\"  src=\"https:\/\/isocial.cat\/wp-content\/uploads\/2023\/05\/shutterstock_2128105448-600x600.webp\" \/><\/a><\/div><div class=\"ultp-block-content\"><h2 class=\"ultp-block-title \"><a href=\"https:\/\/isocial.cat\/es\/adiccion-a-las-pantallas-videojuegos-y-redes-sociales-como-detectarla-y-abordarla\/\" >Adicci\u00f3n a las pantallas, videojuegos y redes sociales: c\u00f3mo detectarla y abordarla<\/a><\/h2><div class=\"ultp-block-excerpt\">La adicci\u00f3n a las pantallas es un trastorno de la conducta frecuente entre adolescentes y j\u00f3venes. \u00bfDe d\u00f3nde viene y c\u00f3mo se puede abordar?<\/div><\/div><\/div><\/div><div class=\"ultp-block-item post-id-14586\"><div class=\"ultp-block-content-wrap\"><div class=\"ultp-block-image ultp-block-image-zoomIn\"><a href=\"https:\/\/isocial.cat\/es\/los-jardines-y-huertos-terapeuticos-en-los-servicios-sociales-y-su-impacto-en-las-personas\/\" ><img loading=\"lazy\" decoding=\"async\" width=\"600\" height=\"600\"  class=\"ultp-block-image-content\"  alt=\"Els jardins i horts terap\u00e8utics als serveis socials i el seu impacte en les persones\"  src=\"https:\/\/isocial.cat\/wp-content\/uploads\/2023\/04\/horts-i-jardins-terapeutics-600x600.jpg\" \/><\/a><\/div><div class=\"ultp-block-content\"><h2 class=\"ultp-block-title \"><a href=\"https:\/\/isocial.cat\/es\/los-jardines-y-huertos-terapeuticos-en-los-servicios-sociales-y-su-impacto-en-las-personas\/\" >Los jardines y huertos terap\u00e9uticos en los servicios sociales y su impacto en las personas<\/a><\/h2><div class=\"ultp-block-excerpt\">Algunos jardines y huertos se llaman terap\u00e9uticos: \u00bfqu\u00e9 los diferencia de los jardines y huertos normales?<\/div><\/div><\/div><\/div><div class=\"ultp-block-item post-id-11272\"><div class=\"ultp-block-content-wrap\"><div class=\"ultp-block-image ultp-block-image-zoomIn\"><a href=\"https:\/\/isocial.cat\/es\/tecnologia-de-impresion-3d-como-ayuda-al-cambio-social\/\" ><img loading=\"lazy\" decoding=\"async\" width=\"600\" height=\"600\"  class=\"ultp-block-image-content\"  alt=\"Tecnologia d\u2019impressi\u00f3 3D: com ajuda al canvi social?\"  src=\"https:\/\/isocial.cat\/wp-content\/uploads\/2023\/02\/Impressio-3D-600x600.jpg\" \/><\/a><\/div><div class=\"ultp-block-content\"><h2 class=\"ultp-block-title \"><a href=\"https:\/\/isocial.cat\/es\/tecnologia-de-impresion-3d-como-ayuda-al-cambio-social\/\" >Tecnolog\u00eda de impresi\u00f3n 3D: \u00bfc\u00f3mo ayuda al cambio social?<\/a><\/h2><div class=\"ultp-block-excerpt\">Una tecnolog\u00eda innovadora que ya se aplica en muchos \u00e1mbitos con resultados positivos, tambi\u00e9n en servicios sociales.<\/div><\/div><\/div><\/div><div class=\"ultp-block-item post-id-10506\"><div class=\"ultp-block-content-wrap\"><div class=\"ultp-block-image ultp-block-image-zoomIn\"><a href=\"https:\/\/isocial.cat\/es\/la-tecnologia-inmersiva-en-los-servicios-sociales\/\" ><img loading=\"lazy\" decoding=\"async\" width=\"600\" height=\"600\"  class=\"ultp-block-image-content\"  alt=\"La tecnologia immersiva en els serveis socials\"  src=\"https:\/\/isocial.cat\/wp-content\/uploads\/2023\/01\/tecnologia-immersiva-600x600.jpg\" \/><\/a><\/div><div class=\"ultp-block-content\"><h2 class=\"ultp-block-title \"><a href=\"https:\/\/isocial.cat\/es\/la-tecnologia-inmersiva-en-los-servicios-sociales\/\" >La tecnolog\u00eda inmersiva en los servicios sociales<\/a><\/h2><div class=\"ultp-block-excerpt\">Las tecnolog\u00edas inmersivas, como la realidad virtual o la realidad aumentada, est\u00e1n demostrando tener grandes beneficios en servicios sociales.<\/div><\/div><\/div><\/div><div class=\"ultp-block-item post-id-9890\"><div class=\"ultp-block-content-wrap\"><div class=\"ultp-block-image ultp-block-image-zoomIn\"><a href=\"https:\/\/isocial.cat\/es\/quality-rights-calidad-y-derechos-humanos-en-los-servicios-de-salud-mental-y-discapacidad\/\" ><img loading=\"lazy\" decoding=\"async\" width=\"600\" height=\"600\"  class=\"ultp-block-image-content\"  alt=\"Quality Rights, calidad y derechos humanos en los servicios de salud mental y discapacidad\"  src=\"https:\/\/isocial.cat\/wp-content\/uploads\/2022\/12\/Quality-Rights-600x600.jpg\" \/><\/a><\/div><div class=\"ultp-block-content\"><h2 class=\"ultp-block-title \"><a href=\"https:\/\/isocial.cat\/es\/quality-rights-calidad-y-derechos-humanos-en-los-servicios-de-salud-mental-y-discapacidad\/\" >Quality Rights, calidad y derechos humanos en los servicios de salud mental y discapacidad<\/a><\/h2><div class=\"ultp-block-excerpt\">El programa Quality Rights de la Organizaci\u00f3n Mundial de la Salud promueve y facilita una atenci\u00f3n de calidad basada en los est\u00e1ndares internacionales de derechos humanos.<\/div><\/div><\/div><\/div><div class=\"ultp-block-item post-id-9683\"><div class=\"ultp-block-content-wrap\"><div class=\"ultp-block-image ultp-block-image-zoomIn\"><a href=\"https:\/\/isocial.cat\/es\/desinstitucionalizacion-y-vida-en-comunidad-de-las-personas-con-discapacidad\/\" ><img loading=\"lazy\" decoding=\"async\" width=\"600\" height=\"600\"  class=\"ultp-block-image-content\"  alt=\"Desinstitucionalizaci\u00f3n y vida en comunidad de las personas con discapacidad\"  src=\"https:\/\/isocial.cat\/wp-content\/uploads\/2022\/12\/Discapacitat-600x600.jpg\" \/><\/a><\/div><div class=\"ultp-block-content\"><h2 class=\"ultp-block-title \"><a href=\"https:\/\/isocial.cat\/es\/desinstitucionalizacion-y-vida-en-comunidad-de-las-personas-con-discapacidad\/\" >Desinstitucionalizaci\u00f3n y vida en comunidad de las personas con discapacidad<\/a><\/h2><div class=\"ultp-block-excerpt\">Una nueva gu\u00eda de las Naciones Unidas indica directrices precisas para la desinstitucionalizaci\u00f3n de las personas con discapacidad.<\/div><\/div><\/div><\/div><div class=\"ultp-block-item post-id-9056\"><div class=\"ultp-block-content-wrap\"><div class=\"ultp-block-image ultp-block-image-zoomIn\"><a href=\"https:\/\/isocial.cat\/es\/la-mesura-y-gestion-del-impacto-social\/\" ><img loading=\"lazy\" decoding=\"async\" width=\"600\" height=\"600\"  class=\"ultp-block-image-content\"  alt=\"La mesura i gesti\u00f3 de l\u2019impacte social\"  src=\"https:\/\/isocial.cat\/wp-content\/uploads\/2022\/11\/Models-mesura-i-gestio-600x600.jpg\" \/><\/a><\/div><div class=\"ultp-block-content\"><h2 class=\"ultp-block-title \"><a href=\"https:\/\/isocial.cat\/es\/la-mesura-y-gestion-del-impacto-social\/\" >La mesura y gesti\u00f3n del impacto social en el tercer sector<\/a><\/h2><div class=\"ultp-block-excerpt\">\u00bfQu\u00e9 entendemos cuando hablamos de impacto social? Explicamos en qu\u00e9 consiste y algunos de los modelos de medida y gesti\u00f3n para el tercer sector m\u00e1s utilizados en Europa.<\/div><\/div><\/div><\/div><\/div><div class=\"ultp-pagination-wrap ultp-pagination-ajax-action\" data-paged=\"1\" data-expost=\"\"  data-blockid=\"beee33\" data-postid=\"12735\" data-pages=\"2\" data-blockname=\"ultimate-post_post-grid-1\" data-selfpostid=\"no\"><ul class=\"ultp-pagination\"><li class=\"ultp-prev-page-numbers\" style=\"display:none\"><a href=\"https:\/\/isocial.cat\/es\/wp-json\/wp\/v2\/pages\/12735\/\"><svg xmlns=\"http:\/\/www.w3.org\/2000\/svg\" fill=\"none\" viewBox=\"0 0 24 24\">\n  <path stroke=\"currentColor\" stroke-linecap=\"round\" stroke-linejoin=\"round\" stroke-width=\"1.5\" d=\"m15 18-6-6 6-6\"\/>\n<\/svg>\n <\/a><\/li><li class=\"ultp-center-item pagination-active\" data-current=\"1\"><a href=\"https:\/\/isocial.cat\/es\/wp-json\/wp\/v2\/pages\/12735\/\">1<\/a><\/li><li class=\"ultp-center-item\" data-current=\"2\" ><a href=\"https:\/\/isocial.cat\/es\/wp-json\/wp\/v2\/pages\/12735\/page\/2\/\">2<\/a><\/li><li class=\"ultp-last-dot\" style=\"display:none\"><a href=\"#\">&#8230;<\/a><\/li><li class=\"ultp-next-page-numbers\"><a href=\"https:\/\/isocial.cat\/es\/wp-json\/wp\/v2\/pages\/12735\/page\/2\/\"><svg xmlns=\"http:\/\/www.w3.org\/2000\/svg\" fill=\"none\" viewBox=\"0 0 24 24\">\n  <path stroke=\"currentColor\" stroke-linecap=\"round\" stroke-linejoin=\"round\" stroke-width=\"1.5\" d=\"m9 18 6-6-6-6\"\/>\n<\/svg>\n<\/a><\/li><\/ul><\/div><\/div><div class=\"pagination-block-html\" aria-hidden=\"true\" style=\"display: none;\"><\/div><\/div><\/div><\/div><\/div>\n\n\n\n<div class=\"wp-block-genesis-blocks-gb-columns footer-newsletter gb-layout-columns-1 one-column alignfull\"><div class=\"gb-layout-column-wrap gb-block-layout-column-gap-2 gb-is-responsive-column\">\n<div class=\"wp-block-genesis-blocks-gb-column gb-block-layout-column\"><div class=\"gb-block-layout-column-inner\">\n<div class=\"wp-block-genesis-blocks-gb-columns container gb-layout-columns-1 one-column\"><div class=\"gb-layout-column-wrap gb-block-layout-column-gap-2 gb-is-responsive-column\">\n<div class=\"wp-block-genesis-blocks-gb-column gb-block-layout-column\"><div class=\"gb-block-layout-column-inner\"><style>.wp-block-kadence-advancedheading.kt-adv-heading_4d2423-9c, .wp-block-kadence-advancedheading.kt-adv-heading_4d2423-9c[data-kb-block=\"kb-adv-heading_4d2423-9c\"]{font-style:normal;}.wp-block-kadence-advancedheading.kt-adv-heading_4d2423-9c mark.kt-highlight, .wp-block-kadence-advancedheading.kt-adv-heading_4d2423-9c[data-kb-block=\"kb-adv-heading_4d2423-9c\"] mark.kt-highlight{font-style:normal;color:#f76a0c;-webkit-box-decoration-break:clone;box-decoration-break:clone;padding-top:0px;padding-right:0px;padding-bottom:0px;padding-left:0px;}.wp-block-kadence-advancedheading.kt-adv-heading_4d2423-9c img.kb-inline-image, .wp-block-kadence-advancedheading.kt-adv-heading_4d2423-9c[data-kb-block=\"kb-adv-heading_4d2423-9c\"] img.kb-inline-image{width:150px;vertical-align:baseline;}<\/style>\n<h3 class=\"kt-adv-heading_4d2423-9c titol-seccio wp-block-kadence-advancedheading\" data-kb-block=\"kb-adv-heading_4d2423-9c\">Newsletter<\/h3>\n\n\n<style>.wp-block-kadence-advancedheading.kt-adv-heading_cf2667-29, .wp-block-kadence-advancedheading.kt-adv-heading_cf2667-29[data-kb-block=\"kb-adv-heading_cf2667-29\"]{font-style:normal;}.wp-block-kadence-advancedheading.kt-adv-heading_cf2667-29 mark.kt-highlight, .wp-block-kadence-advancedheading.kt-adv-heading_cf2667-29[data-kb-block=\"kb-adv-heading_cf2667-29\"] mark.kt-highlight{font-style:normal;color:#f76a0c;-webkit-box-decoration-break:clone;box-decoration-break:clone;padding-top:0px;padding-right:0px;padding-bottom:0px;padding-left:0px;}.wp-block-kadence-advancedheading.kt-adv-heading_cf2667-29 img.kb-inline-image, .wp-block-kadence-advancedheading.kt-adv-heading_cf2667-29[data-kb-block=\"kb-adv-heading_cf2667-29\"] img.kb-inline-image{width:150px;vertical-align:baseline;}<\/style>\n<h4 class=\"kt-adv-heading_cf2667-29 wp-block-kadence-advancedheading\" data-kb-block=\"kb-adv-heading_cf2667-29\">Suscr\u00edbete si quieres estar informado en todas las tendencias de innovaci\u00f3n en servicios sociales.<\/h4>\n\n\n<\/div><\/div>\n<\/div><\/div>\n<\/div><\/div>\n<\/div><\/div>\n","protected":false},"excerpt":{"rendered":"<p>Publicamos y divulgamos cada mes un breve art\u00edculo que expone reflexiones y propuestas en relaci\u00f3n a l\u00edneas emergentes y \u00e1mbitos de innovaci\u00f3n del sector.<\/p>\n","protected":false},"author":1,"featured_media":0,"parent":0,"menu_order":0,"comment_status":"closed","ping_status":"closed","template":"templates\/template-builder.php","meta":{"_acf_changed":false,"inline_featured_image":false,"_kad_blocks_custom_css":"","_kad_blocks_head_custom_js":"","_kad_blocks_body_custom_js":"","_kad_blocks_footer_custom_js":"","footnotes":""},"class_list":["post-12735","page","type-page","status-publish","hentry","post","without-featured-image"],"acf":[],"taxonomy_info":[],"featured_image_src_large":false,"author_info":{"display_name":"admin","author_link":"https:\/\/isocial.cat\/es\/author\/ideadmin\/"},"comment_info":0,"featured_image_src":null,"featured_image_src_square":null,"_links":{"self":[{"href":"https:\/\/isocial.cat\/es\/wp-json\/wp\/v2\/pages\/12735","targetHints":{"allow":["GET"]}}],"collection":[{"href":"https:\/\/isocial.cat\/es\/wp-json\/wp\/v2\/pages"}],"about":[{"href":"https:\/\/isocial.cat\/es\/wp-json\/wp\/v2\/types\/page"}],"author":[{"embeddable":true,"href":"https:\/\/isocial.cat\/es\/wp-json\/wp\/v2\/users\/1"}],"replies":[{"embeddable":true,"href":"https:\/\/isocial.cat\/es\/wp-json\/wp\/v2\/comments?post=12735"}],"version-history":[{"count":4,"href":"https:\/\/isocial.cat\/es\/wp-json\/wp\/v2\/pages\/12735\/revisions"}],"predecessor-version":[{"id":15979,"href":"https:\/\/isocial.cat\/es\/wp-json\/wp\/v2\/pages\/12735\/revisions\/15979"}],"wp:attachment":[{"href":"https:\/\/isocial.cat\/es\/wp-json\/wp\/v2\/media?parent=12735"}],"curies":[{"name":"wp","href":"https:\/\/api.w.org\/{rel}","templated":true}]}}