{"id":12745,"date":"2023-03-03T10:17:02","date_gmt":"2023-03-03T09:17:02","guid":{"rendered":"https:\/\/isocial.cat\/entrevistes\/"},"modified":"2023-04-24T15:25:30","modified_gmt":"2023-04-24T14:25:30","slug":"entrevistas","status":"publish","type":"page","link":"https:\/\/isocial.cat\/es\/entrevistas\/","title":{"rendered":"Entrevistas"},"content":{"rendered":"\n<div class=\"wp-block-genesis-blocks-gb-container alignfull header--3 subhome--1 gb-block-container\"><div class=\"gb-container-inside\"><div class=\"gb-container-content\">\n<div class=\"wp-block-genesis-blocks-gb-container container gb-block-container\"><div class=\"gb-container-inside\"><div class=\"gb-container-content\">\n<span class=\"parent--link animated fadeInUp slow\"><a href=\"https:\/\/isocial.cat\/es\/publicaciones\/\">Publicaciones<\/a><\/span>\n\n\n<h1 class=\"animated fadeInUp delay-200ms slow wp-block-post-title\">Entrevistas<\/h1>\n\n<div class=\"animated fadeInUp delay-500ms slow wp-block-post-excerpt\"><p class=\"wp-block-post-excerpt__excerpt\">Entrevistamos cada tres meses a una persona experta o referente a nivel local o internacional en alguno de los temas sobre los que el sector est\u00e1 innovando. <\/p><\/div><\/div><\/div><\/div>\n<\/div><\/div><\/div>\n\n\n\n<div class=\"wp-block-genesis-blocks-gb-container container--2 subhome gb-block-container\"><div class=\"gb-container-inside\"><div class=\"gb-container-content\"><div  class=\"ultp-post-grid-block wp-block-ultimate-post-post-grid-1 ultp-block-a69572 subhome--1 grid animated fadeInUp delay-1s slow\"><div class=\"ultp-block-wrapper\"><div class=\"ultp-loading\"><div class=\"ultp-loading-spinner\" style=\"width:100%;height:100%\"><div><\/div><div><\/div><div><\/div><div><\/div><div><\/div><div><\/div><div><\/div><div><\/div><div><\/div><div><\/div><div><\/div><div><\/div><\/div><\/div><div class=\"ultp-heading-filter\"><div class=\"ultp-heading-filter-in\"><div class=\"ultp-filter-navigation\"><\/div><\/div><\/div><div class=\"ultp-block-items-wrap ultp-block-row ultp-pg1a-style1 ultp-grid1-responsive ultp-block-column-4 1 1 ultp-layout1\"><div class=\"ultp-block-item post-id-35170\"><div class=\"ultp-block-content-wrap\"><div class=\"ultp-block-image ultp-block-image-zoomIn\"><a href=\"https:\/\/isocial.cat\/es\/jordi-amat-director-del-area-de-tic-del-departamento-de-derechos-sociales-e-inclusion-el-objetivo-de-wsocial-es-que-la-informacion-social-este-al-servicio-de-todo-el-ecosistema-social\/\" ><img loading=\"lazy\" decoding=\"async\" width=\"600\" height=\"600\"  class=\"ultp-block-image-content\"  alt=\"Usuari utilitzant wSocial\"  src=\"https:\/\/isocial.cat\/wp-content\/uploads\/2025\/11\/wSocial-4-600x600.png\" \/><\/a><\/div><div class=\"ultp-block-content\"><h2 class=\"ultp-block-title \"><a href=\"https:\/\/isocial.cat\/es\/jordi-amat-director-del-area-de-tic-del-departamento-de-derechos-sociales-e-inclusion-el-objetivo-de-wsocial-es-que-la-informacion-social-este-al-servicio-de-todo-el-ecosistema-social\/\" >Jordi Amat, director del \u00c1rea de TIC del Departamento de Derechos Sociales e Inclusi\u00f3n: \u00abEl objetivo de wSocial es que la informaci\u00f3n est\u00e9 al servicio de todo el ecosistema social\u00bb<\/a><\/h2><div class=\"ultp-block-excerpt\">Jordi Amat es director del \u00c1rea de TIC del Departamento de Derechos Sociales e Inclusi\u00f3n de la Generalitat de Catalunya. Hablamos con \u00e9l para conocer mejor wSocial, su funcionamiento y el despliegue previsto.<\/div><\/div><\/div><\/div><div class=\"ultp-block-item post-id-33687\"><div class=\"ultp-block-content-wrap\"><div class=\"ultp-block-image ultp-block-image-zoomIn\"><a href=\"https:\/\/isocial.cat\/es\/laura-roig-logopeda-en-audivers-360o-la-terapia-inmersiva-nos-permite-ayudar-a-las-personas-con-sordera-a-comprender-mejor-lo-que-sucede-a-su-alrededor\/\" ><img loading=\"lazy\" decoding=\"async\" width=\"600\" height=\"600\"  class=\"ultp-block-image-content\"  alt=\"Hablamos con la logopeda Laura Roig sobre Audivers 360\u00ba, el proyecto ganador del Premio GrausTIC a la Integraci\u00f3n Social a trav\u00e9s de la Digitalizaci\u00f3n otorgado por la Fundaci\u00f3n iSocial en el a\u00f1o 2023\"  src=\"https:\/\/isocial.cat\/wp-content\/uploads\/2025\/07\/BI-1-min-1-600x600.png\" \/><\/a><\/div><div class=\"ultp-block-content\"><h2 class=\"ultp-block-title \"><a href=\"https:\/\/isocial.cat\/es\/laura-roig-logopeda-en-audivers-360o-la-terapia-inmersiva-nos-permite-ayudar-a-las-personas-con-sordera-a-comprender-mejor-lo-que-sucede-a-su-alrededor\/\" >Laura Roig, logopeda en Audivers 360\u00ba: \u00abLa terapia inmersiva nos permite ayudar a las personas con sordera a comprender mejor lo que sucede a su alrededor\u00bb<\/a><\/h2><div class=\"ultp-block-excerpt\">Hablamos con la logopeda Laura Roig sobre Audivers 360\u00ba, proyecto de terapia inmersiva para personas con sordera que gan\u00f3 el Premio a la Integraci\u00f3n Social a trav\u00e9s de la Digitalizaci\u00f3n, otorgado conjuntamente por iSocial y GrausTIC en el a\u00f1o 2023<\/div><\/div><\/div><\/div><div class=\"ultp-block-item post-id-29816\"><div class=\"ultp-block-content-wrap\"><div class=\"ultp-block-image ultp-block-image-zoomIn\"><a href=\"https:\/\/isocial.cat\/es\/josep-maria-sole-para-innovar-hay-que-atreverse-y-el-atrevimiento-implica-asumir-el-riesgo-a-equivocarse\/\" ><img loading=\"lazy\" decoding=\"async\" width=\"600\" height=\"600\"  class=\"ultp-block-image-content\"  alt=\"Entrevista a Josep Maria Sol\u00e9 - Per innovar, cal atrevir-s&#039;hi\"  src=\"https:\/\/isocial.cat\/wp-content\/uploads\/2024\/12\/Entrevista-a-Josep-Maria-Sole-600x600.png\" \/><\/a><\/div><div class=\"ultp-block-content\"><h2 class=\"ultp-block-title \"><a href=\"https:\/\/isocial.cat\/es\/josep-maria-sole-para-innovar-hay-que-atreverse-y-el-atrevimiento-implica-asumir-el-riesgo-a-equivocarse\/\" >Josep Maria Sol\u00e9: \u00abPara innovar, hay que atreverse, y el atrevimiento implica asumir el riesgo a equivocarse\u00bb<\/a><\/h2><div class=\"ultp-block-excerpt\"><\/div><\/div><\/div><\/div><div class=\"ultp-block-item post-id-28762\"><div class=\"ultp-block-content-wrap\"><div class=\"ultp-block-image ultp-block-image-zoomIn\"><a href=\"https:\/\/isocial.cat\/es\/willy-allegre-el-rehab-lab-permite-que-los-usuarios-con-discapacidad-sean-actores-de-su-propia-rehabilitacion-y-de-su-proyecto-de-vida\/\" ><img loading=\"lazy\" decoding=\"async\" width=\"600\" height=\"600\"  class=\"ultp-block-image-content\"  alt=\"Willy All\u00e8gre en las instalaciones de CIM-UPC\"  src=\"https:\/\/isocial.cat\/wp-content\/uploads\/2024\/09\/Entrevista-Willy-Allegre-600x600.png\" \/><\/a><\/div><div class=\"ultp-block-content\"><h2 class=\"ultp-block-title \"><a href=\"https:\/\/isocial.cat\/es\/willy-allegre-el-rehab-lab-permite-que-los-usuarios-con-discapacidad-sean-actores-de-su-propia-rehabilitacion-y-de-su-proyecto-de-vida\/\" >Willy All\u00e8gre: \u201cEl Rehab-Lab permite que los usuarios con discapacidad sean actores de su propia rehabilitaci\u00f3n y de su proyecto de vida\u201d<\/a><\/h2><div class=\"ultp-block-excerpt\">Willy All\u00e8gre es ingeniero e impulsor de la red Rehab-Lab, que cuenta con m\u00e1s de 50 Fab Labs en Francia y otros pa\u00edses que permiten la fabricaci\u00f3n 3D de ayudas funcionales para personas con discapacidades motoras. En iSocial lo entrevistamos con motivo del proyecto Rehab-Lab Cat, que extender\u00e1 la iniciativa a Catalu\u00f1a.<\/div><\/div><\/div><\/div><div class=\"ultp-block-item post-id-23364\"><div class=\"ultp-block-content-wrap\"><div class=\"ultp-block-image ultp-block-image-zoomIn\"><a href=\"https:\/\/isocial.cat\/es\/victoria-mandefield-la-soliguia-permite-a-los-profesionales-ganar-tiempo-para-el-trabajo-social-y-el-acompanamiento\/\" ><img loading=\"lazy\" decoding=\"async\" width=\"600\" height=\"600\"  class=\"ultp-block-image-content\"  alt=\"Victoria Mandefield, creadora de la Soligu\u00eda, en la sede de la Fundaci\u00f3n iSocial\"  src=\"https:\/\/isocial.cat\/wp-content\/uploads\/2024\/04\/Victoria-Mandefield-creadora-de-la-Soliguia-a-la-seu-de-la-Fundacio-iSocial-600x600.png\" \/><\/a><\/div><div class=\"ultp-block-content\"><h2 class=\"ultp-block-title \"><a href=\"https:\/\/isocial.cat\/es\/victoria-mandefield-la-soliguia-permite-a-los-profesionales-ganar-tiempo-para-el-trabajo-social-y-el-acompanamiento\/\" >Victoria Mandefield: \u00abLa Soligu\u00eda permite a los profesionales ganar tiempo para el trabajo social y el acompa\u00f1amiento\u00bb<\/a><\/h2><div class=\"ultp-block-excerpt\">Hablamos con Victoria Mandefield, CEO de Solinum y creadora de la Soliguide, o Soligu\u00eda, buscador digital de recursos y organizaciones sociales para las personas en situaci\u00f3n de vulnerabilidad. Gracias al proyecto Solidigital, la Soligu\u00eda llega a Catalunya y se integrar\u00e1 con Nidus y con la aplicaci\u00f3n francesa Reconnect.<\/div><\/div><\/div><\/div><div class=\"ultp-block-item post-id-10400\"><div class=\"ultp-block-content-wrap\"><div class=\"ultp-block-image ultp-block-image-zoomIn\"><a href=\"https:\/\/isocial.cat\/es\/agusti-cerrillo-los-robots-conversacionales-o-chatbots-en-no-mucho-tiempo-podran-ser-utilizados-por-las-administraciones-publicas-para-mejorar-la-calidad-de-los-servicios-sociales\/\" ><img loading=\"lazy\" decoding=\"async\" width=\"600\" height=\"600\"  class=\"ultp-block-image-content\"  alt=\"Agust\u00ed Cerrillo\"  src=\"https:\/\/isocial.cat\/wp-content\/uploads\/2023\/01\/Agusti-Cerrillo-600x600.jpg\" \/><\/a><\/div><div class=\"ultp-block-content\"><h2 class=\"ultp-block-title \"><a href=\"https:\/\/isocial.cat\/es\/agusti-cerrillo-los-robots-conversacionales-o-chatbots-en-no-mucho-tiempo-podran-ser-utilizados-por-las-administraciones-publicas-para-mejorar-la-calidad-de-los-servicios-sociales\/\" >Agust\u00ed Cerrillo: \u00abLos chatbots en no mucho tiempo podr\u00e1n ser utilizados para mejorar la calidad de los servicios sociales\u00bb<\/a><\/h2><div class=\"ultp-block-excerpt\">Hablamos con Agust\u00ed Cerrillo, catedr\u00e1tico de Derecho Administrativo de la UOC sobre el uso de inteligencia artificial en los servicios sociales.<\/div><\/div><\/div><\/div><div class=\"ultp-block-item post-id-8606\"><div class=\"ultp-block-content-wrap\"><div class=\"ultp-block-image ultp-block-image-zoomIn\"><a href=\"https:\/\/isocial.cat\/es\/ana-bella-gracias-a-las-redes-sociales-construimos-la-red-de-mujeres-supervivientes-de-violencia-mas-grande-del-mundo\/\" ><img loading=\"lazy\" decoding=\"async\" width=\"600\" height=\"543\"  class=\"ultp-block-image-content\"  alt=\"Entrevista Ana Bella\"  src=\"https:\/\/isocial.cat\/wp-content\/uploads\/2022\/10\/Ana-Bella-article-600x543.jpg\" \/><\/a><\/div><div class=\"ultp-block-content\"><h2 class=\"ultp-block-title \"><a href=\"https:\/\/isocial.cat\/es\/ana-bella-gracias-a-las-redes-sociales-construimos-la-red-de-mujeres-supervivientes-de-violencia-mas-grande-del-mundo\/\" >Ana Bella: \u201cGracias a las redes sociales construimos la red de mujeres supervivientes de violencia m\u00e1s grande del mundo\u201d<\/a><\/h2><div class=\"ultp-block-excerpt\">\u201cCuando empez\u00f3 el WhatsApp, empezamos a utilizarlo para hacer terapia y acompa\u00f1amiento, o por Skype antes de que hubiera Zoom\u00bb.<\/div><\/div><\/div><\/div><div class=\"ultp-block-item post-id-7082\"><div class=\"ultp-block-content-wrap\"><div class=\"ultp-block-image ultp-block-image-zoomIn\"><a href=\"https:\/\/isocial.cat\/es\/simon-duffy-el-apoyo-auto-dirigido-solo-propone-tratar-a-todo-el-mundo-como-nos-gustaria-que-nos-tratasen-a-nosotros\/\" ><img loading=\"lazy\" decoding=\"async\" width=\"600\" height=\"600\"  class=\"ultp-block-image-content\"  alt=\".category-articles.\"  src=\"https:\/\/isocial.cat\/wp-content\/uploads\/2022\/05\/Simon-Duffy-600x600.jpg\" \/><\/a><\/div><div class=\"ultp-block-content\"><h2 class=\"ultp-block-title \"><a href=\"https:\/\/isocial.cat\/es\/simon-duffy-el-apoyo-auto-dirigido-solo-propone-tratar-a-todo-el-mundo-como-nos-gustaria-que-nos-tratasen-a-nosotros\/\" >Simon Duffy: \u201cEl Apoyo Auto-dirigido s\u00f3lo propone tratar a todo el mundo como nos gustar\u00eda que nos tratasen a nosotros\u201d<\/a><\/h2><div class=\"ultp-block-excerpt\">Simon Duffy nos explica los beneficios del Self-directed Support o Apoyo Auto-dirigido, y qu\u00e9 barreras se encuentra esta metodolog\u00eda. (Fundaci\u00f3n iSocial, Mayo 2022)<\/div><\/div><\/div><\/div><\/div><div class=\"ultp-pagination-wrap ultp-pagination-ajax-action\" data-paged=\"1\" data-expost=\"\"  data-blockid=\"a69572\" data-postid=\"12745\" data-pages=\"1\" data-blockname=\"ultimate-post_post-grid-1\" data-selfpostid=\"no\"><\/div><\/div><div class=\"pagination-block-html\" aria-hidden=\"true\" style=\"display: none;\"><\/div><\/div><\/div><\/div><\/div>\n\n\n\n<div class=\"wp-block-genesis-blocks-gb-columns footer-newsletter gb-layout-columns-1 one-column alignfull\"><div class=\"gb-layout-column-wrap gb-block-layout-column-gap-2 gb-is-responsive-column\">\n<div class=\"wp-block-genesis-blocks-gb-column gb-block-layout-column\"><div class=\"gb-block-layout-column-inner\">\n<div class=\"wp-block-genesis-blocks-gb-columns container gb-layout-columns-1 one-column\"><div class=\"gb-layout-column-wrap gb-block-layout-column-gap-2 gb-is-responsive-column\">\n<div class=\"wp-block-genesis-blocks-gb-column gb-block-layout-column\"><div class=\"gb-block-layout-column-inner\"><style>.wp-block-kadence-advancedheading.kt-adv-heading_4d2423-9c, .wp-block-kadence-advancedheading.kt-adv-heading_4d2423-9c[data-kb-block=\"kb-adv-heading_4d2423-9c\"]{font-style:normal;}.wp-block-kadence-advancedheading.kt-adv-heading_4d2423-9c mark.kt-highlight, .wp-block-kadence-advancedheading.kt-adv-heading_4d2423-9c[data-kb-block=\"kb-adv-heading_4d2423-9c\"] mark.kt-highlight{font-style:normal;color:#f76a0c;-webkit-box-decoration-break:clone;box-decoration-break:clone;padding-top:0px;padding-right:0px;padding-bottom:0px;padding-left:0px;}.wp-block-kadence-advancedheading.kt-adv-heading_4d2423-9c img.kb-inline-image, .wp-block-kadence-advancedheading.kt-adv-heading_4d2423-9c[data-kb-block=\"kb-adv-heading_4d2423-9c\"] img.kb-inline-image{width:150px;vertical-align:baseline;}<\/style>\n<h3 class=\"kt-adv-heading_4d2423-9c titol-seccio wp-block-kadence-advancedheading\" data-kb-block=\"kb-adv-heading_4d2423-9c\">Newsletter<\/h3>\n\n\n<style>.wp-block-kadence-advancedheading.kt-adv-heading_cf2667-29, .wp-block-kadence-advancedheading.kt-adv-heading_cf2667-29[data-kb-block=\"kb-adv-heading_cf2667-29\"]{font-style:normal;}.wp-block-kadence-advancedheading.kt-adv-heading_cf2667-29 mark.kt-highlight, .wp-block-kadence-advancedheading.kt-adv-heading_cf2667-29[data-kb-block=\"kb-adv-heading_cf2667-29\"] mark.kt-highlight{font-style:normal;color:#f76a0c;-webkit-box-decoration-break:clone;box-decoration-break:clone;padding-top:0px;padding-right:0px;padding-bottom:0px;padding-left:0px;}.wp-block-kadence-advancedheading.kt-adv-heading_cf2667-29 img.kb-inline-image, .wp-block-kadence-advancedheading.kt-adv-heading_cf2667-29[data-kb-block=\"kb-adv-heading_cf2667-29\"] img.kb-inline-image{width:150px;vertical-align:baseline;}<\/style>\n<h4 class=\"kt-adv-heading_cf2667-29 wp-block-kadence-advancedheading\" data-kb-block=\"kb-adv-heading_cf2667-29\">Suscr\u00edbete si quieres estar informado en todas las tendencias de innovaci\u00f3n en servicios sociales.<\/h4>\n\n\n<\/div><\/div>\n<\/div><\/div>\n<\/div><\/div>\n<\/div><\/div>\n","protected":false},"excerpt":{"rendered":"<p>Entrevistamos cada tres meses a una persona experta o referente a nivel local o internacional en alguno de los temas sobre los que el sector est\u00e1 innovando.<\/p>\n","protected":false},"author":1,"featured_media":0,"parent":0,"menu_order":0,"comment_status":"closed","ping_status":"closed","template":"templates\/template-builder.php","meta":{"_acf_changed":false,"inline_featured_image":false,"_kad_blocks_custom_css":"","_kad_blocks_head_custom_js":"","_kad_blocks_body_custom_js":"","_kad_blocks_footer_custom_js":"","footnotes":""},"class_list":["post-12745","page","type-page","status-publish","hentry","post","without-featured-image"],"acf":[],"taxonomy_info":[],"featured_image_src_large":false,"author_info":{"display_name":"admin","author_link":"https:\/\/isocial.cat\/es\/author\/ideadmin\/"},"comment_info":0,"featured_image_src":null,"featured_image_src_square":null,"_links":{"self":[{"href":"https:\/\/isocial.cat\/es\/wp-json\/wp\/v2\/pages\/12745","targetHints":{"allow":["GET"]}}],"collection":[{"href":"https:\/\/isocial.cat\/es\/wp-json\/wp\/v2\/pages"}],"about":[{"href":"https:\/\/isocial.cat\/es\/wp-json\/wp\/v2\/types\/page"}],"author":[{"embeddable":true,"href":"https:\/\/isocial.cat\/es\/wp-json\/wp\/v2\/users\/1"}],"replies":[{"embeddable":true,"href":"https:\/\/isocial.cat\/es\/wp-json\/wp\/v2\/comments?post=12745"}],"version-history":[{"count":3,"href":"https:\/\/isocial.cat\/es\/wp-json\/wp\/v2\/pages\/12745\/revisions"}],"predecessor-version":[{"id":15980,"href":"https:\/\/isocial.cat\/es\/wp-json\/wp\/v2\/pages\/12745\/revisions\/15980"}],"wp:attachment":[{"href":"https:\/\/isocial.cat\/es\/wp-json\/wp\/v2\/media?parent=12745"}],"curies":[{"name":"wp","href":"https:\/\/api.w.org\/{rel}","templated":true}]}}