{"id":35068,"date":"2025-11-03T17:15:17","date_gmt":"2025-11-03T16:15:17","guid":{"rendered":"https:\/\/isocial.cat\/gracies\/"},"modified":"2025-11-03T17:36:14","modified_gmt":"2025-11-03T16:36:14","slug":"gracias","status":"publish","type":"page","link":"https:\/\/isocial.cat\/es\/gracias\/","title":{"rendered":"Gracias"},"content":{"rendered":"<style>.kb-row-layout-wrap.wp-block-kadence-rowlayout.kb-row-layout-id35068_c98dea-68{margin-top:0px;margin-bottom:100px;}.kb-row-layout-id35068_c98dea-68 > .kt-row-column-wrap{align-content:start;}:where(.kb-row-layout-id35068_c98dea-68 > .kt-row-column-wrap) > .wp-block-kadence-column{justify-content:start;}.kb-row-layout-id35068_c98dea-68 > .kt-row-column-wrap{column-gap:var(--global-kb-gap-md, 2rem);row-gap:0px;padding-top:0px;padding-right:90px;padding-bottom:0px;padding-left:90px;grid-template-columns:minmax(0, 1fr);}.kb-row-layout-id35068_c98dea-68 > .kt-row-layout-overlay{opacity:0.30;}@media all and (max-width: 1024px){.kb-row-layout-id35068_c98dea-68 > .kt-row-column-wrap{padding-right:90px;padding-left:90px;grid-template-columns:minmax(0, 1fr);}}@media all and (max-width: 767px){.kb-row-layout-id35068_c98dea-68 > .kt-row-column-wrap{padding-top:60px;padding-right:0px;padding-left:0px;grid-template-columns:minmax(0, 1fr);}}<\/style><div class=\"kb-row-layout-wrap kb-row-layout-id35068_c98dea-68 alignnone wp-block-kadence-rowlayout\"><div class=\"kt-row-column-wrap kt-has-1-columns kt-row-layout-equal kt-tab-layout-inherit kt-mobile-layout-row kt-row-valign-top kt-inner-column-height-full\">\n<style>.kadence-column35068_42f34e-92 > .kt-inside-inner-col{display:flex;}.kadence-column35068_42f34e-92 > .kt-inside-inner-col{padding-top:0px;padding-bottom:0px;}.kadence-column35068_42f34e-92 > .kt-inside-inner-col,.kadence-column35068_42f34e-92 > .kt-inside-inner-col:before{border-top-left-radius:0px;border-top-right-radius:0px;border-bottom-right-radius:0px;border-bottom-left-radius:0px;}.kadence-column35068_42f34e-92 > .kt-inside-inner-col{column-gap:var(--global-kb-gap-sm, 1rem);}.kadence-column35068_42f34e-92 > .kt-inside-inner-col{flex-direction:column;justify-content:center;}.kadence-column35068_42f34e-92 > .kt-inside-inner-col > .aligncenter{width:100%;}.kt-row-column-wrap > .kadence-column35068_42f34e-92{align-self:center;}.kt-inner-column-height-full:not(.kt-has-1-columns) > .wp-block-kadence-column.kadence-column35068_42f34e-92{align-self:auto;}.kt-inner-column-height-full:not(.kt-has-1-columns) > .wp-block-kadence-column.kadence-column35068_42f34e-92 > .kt-inside-inner-col{flex-direction:column;justify-content:center;}.kadence-column35068_42f34e-92 > .kt-inside-inner-col:before{opacity:0.3;}.kadence-column35068_42f34e-92{position:relative;}.kadence-column35068_42f34e-92, .kt-inside-inner-col > .kadence-column35068_42f34e-92:not(.specificity){margin-top:0px;margin-bottom:0px;}@media all and (max-width: 1024px){.kt-row-column-wrap > .kadence-column35068_42f34e-92{align-self:center;}}@media all and (max-width: 1024px){.kt-inner-column-height-full:not(.kt-has-1-columns) > .wp-block-kadence-column.kadence-column35068_42f34e-92{align-self:auto;}}@media all and (max-width: 1024px){.kt-inner-column-height-full:not(.kt-has-1-columns) > .wp-block-kadence-column.kadence-column35068_42f34e-92 > .kt-inside-inner-col{flex-direction:column;justify-content:center;}}@media all and (max-width: 1024px){.kadence-column35068_42f34e-92 > .kt-inside-inner-col{flex-direction:column;justify-content:center;}}@media all and (max-width: 767px){.kt-row-column-wrap > .kadence-column35068_42f34e-92{align-self:flex-start;}.kt-inner-column-height-full:not(.kt-has-1-columns) > .wp-block-kadence-column.kadence-column35068_42f34e-92{align-self:auto;}.kt-inner-column-height-full:not(.kt-has-1-columns) > .wp-block-kadence-column.kadence-column35068_42f34e-92 > .kt-inside-inner-col{flex-direction:column;justify-content:flex-start;}.kadence-column35068_42f34e-92 > .kt-inside-inner-col{flex-direction:column;justify-content:flex-start;}}<\/style>\n<div class=\"wp-block-kadence-column kadence-column35068_42f34e-92\"><div class=\"kt-inside-inner-col\"><style>.kt-svg-icons35068_10f0d5-86 .kt-svg-item-0 .kb-svg-icon-wrap{color:var(--global-palette4, #2D3748);font-size:50px;}.wp-block-kadence-icon.kt-svg-icons35068_10f0d5-86{justify-content:center;}<\/style>\n<div class=\"wp-block-kadence-icon kt-svg-icons kt-svg-icons35068_10f0d5-86 alignnone\"><style>.kt-svg-item-35068_b6f36c-13 .kb-svg-icon-wrap, .kt-svg-style-stacked.kt-svg-item-35068_b6f36c-13 .kb-svg-icon-wrap{color:#ffffff;font-size:25px;background:#00d084;border-width:0px;border-radius:50%;padding-top:var(--global-kb-spacing-xs, 1rem);padding-right:var(--global-kb-spacing-xs, 1rem);padding-bottom:var(--global-kb-spacing-xs, 1rem);padding-left:var(--global-kb-spacing-xs, 1rem);}<\/style>\n<div class=\"wp-block-kadence-single-icon kt-svg-style-stacked kt-svg-icon-wrap kt-svg-item-35068_b6f36c-13\"><span class=\"kb-svg-icon-wrap kb-svg-icon-ic_check\"><svg viewBox=\"0 0 8 8\"  fill=\"currentColor\" xmlns=\"http:\/\/www.w3.org\/2000\/svg\"  aria-hidden=\"true\"><path d=\"M6.41 0l-.69.72-2.78 2.78-.81-.78-.72-.72-1.41 1.41.72.72 1.5 1.5.69.72.72-.72 3.5-3.5.72-.72-1.44-1.41z\" transform=\"translate(0 1)\"\/><\/svg><\/span><\/div>\n<\/div>\n\n\n<style>.wp-block-kadence-spacer.kt-block-spacer-35068_7f3eb7-55 .kt-block-spacer{height:6px;}.wp-block-kadence-spacer.kt-block-spacer-35068_7f3eb7-55 .kt-divider{border-top-width:1px;height:1px;border-top-color:#eee;width:80%;border-top-style:solid;}<\/style>\n<div class=\"wp-block-kadence-spacer aligncenter kt-block-spacer-35068_7f3eb7-55\"><div class=\"kt-block-spacer kt-block-spacer-halign-center\"><\/div><\/div>\n\n\n<style>.wp-block-kadence-advancedheading.kt-adv-heading35068_324de7-b5, .wp-block-kadence-advancedheading.kt-adv-heading35068_324de7-b5[data-kb-block=\"kb-adv-heading35068_324de7-b5\"]{text-align:center;font-style:normal;}.wp-block-kadence-advancedheading.kt-adv-heading35068_324de7-b5 mark.kt-highlight, .wp-block-kadence-advancedheading.kt-adv-heading35068_324de7-b5[data-kb-block=\"kb-adv-heading35068_324de7-b5\"] mark.kt-highlight{font-style:normal;color:#f76a0c;-webkit-box-decoration-break:clone;box-decoration-break:clone;padding-top:0px;padding-right:0px;padding-bottom:0px;padding-left:0px;}.wp-block-kadence-advancedheading.kt-adv-heading35068_324de7-b5 img.kb-inline-image, .wp-block-kadence-advancedheading.kt-adv-heading35068_324de7-b5[data-kb-block=\"kb-adv-heading35068_324de7-b5\"] img.kb-inline-image{width:150px;vertical-align:baseline;}<\/style>\n<h2 class=\"kt-adv-heading35068_324de7-b5 h1 wp-block-kadence-advancedheading\" data-kb-block=\"kb-adv-heading35068_324de7-b5\">Muchas gracias por tu inter\u00e9s<\/h2>\n\n\n\n<p class=\"has-text-align-center\">Pr\u00f3ximamente nos pondremos en contacto contigo para explorar las opciones formativas m\u00e1s adecuadas para tu organizaci\u00f3n.<\/p>\n<\/div><\/div>\n\n<\/div><\/div>","protected":false},"excerpt":{"rendered":"<p>Muchas gracias por tu inter\u00e9s Pr\u00f3ximamente nos pondremos en contacto contigo para explorar las opciones formativas m\u00e1s adecuadas para tu organizaci\u00f3n.<\/p>\n","protected":false},"author":1,"featured_media":0,"parent":0,"menu_order":0,"comment_status":"closed","ping_status":"closed","template":"","meta":{"_acf_changed":false,"inline_featured_image":false,"_kad_blocks_custom_css":"","_kad_blocks_head_custom_js":"","_kad_blocks_body_custom_js":"","_kad_blocks_footer_custom_js":"","footnotes":""},"class_list":["post-35068","page","type-page","status-publish","hentry","post","without-featured-image"],"acf":[],"taxonomy_info":[],"featured_image_src_large":false,"author_info":{"display_name":"admin","author_link":"https:\/\/isocial.cat\/es\/author\/ideadmin\/"},"comment_info":0,"featured_image_src":null,"featured_image_src_square":null,"_links":{"self":[{"href":"https:\/\/isocial.cat\/es\/wp-json\/wp\/v2\/pages\/35068","targetHints":{"allow":["GET"]}}],"collection":[{"href":"https:\/\/isocial.cat\/es\/wp-json\/wp\/v2\/pages"}],"about":[{"href":"https:\/\/isocial.cat\/es\/wp-json\/wp\/v2\/types\/page"}],"author":[{"embeddable":true,"href":"https:\/\/isocial.cat\/es\/wp-json\/wp\/v2\/users\/1"}],"replies":[{"embeddable":true,"href":"https:\/\/isocial.cat\/es\/wp-json\/wp\/v2\/comments?post=35068"}],"version-history":[{"count":5,"href":"https:\/\/isocial.cat\/es\/wp-json\/wp\/v2\/pages\/35068\/revisions"}],"predecessor-version":[{"id":35078,"href":"https:\/\/isocial.cat\/es\/wp-json\/wp\/v2\/pages\/35068\/revisions\/35078"}],"wp:attachment":[{"href":"https:\/\/isocial.cat\/es\/wp-json\/wp\/v2\/media?parent=35068"}],"curies":[{"name":"wp","href":"https:\/\/api.w.org\/{rel}","templated":true}]}}