{"id":4621,"date":"2022-02-28T17:56:24","date_gmt":"2022-02-28T16:56:24","guid":{"rendered":"https:\/\/isocial.cat\/projectes-innovacio\/"},"modified":"2024-02-26T12:19:16","modified_gmt":"2024-02-26T11:19:16","slug":"proyectos","status":"publish","type":"page","link":"https:\/\/isocial.cat\/es\/proyectos\/","title":{"rendered":"Proyectos de innovaci\u00f3n"},"content":{"rendered":"\n<div class=\"wp-block-genesis-blocks-gb-container alignfull header--3 subhome--1 innovacio gb-block-container\"><div class=\"gb-container-inside\"><div class=\"gb-container-content\">\n<div class=\"wp-block-genesis-blocks-gb-container container gb-block-container\"><div class=\"gb-container-inside\"><div class=\"gb-container-content\">\n<span class=\"parent--link animated fadeInUp slow\"><a href=\"https:\/\/isocial.cat\/es\/lab\/\">Lab<\/a><\/span>\n\n\n<h1 class=\"animated fadeInUp delay-200ms slow wp-block-post-title\">Proyectos de innovaci\u00f3n<\/h1>\n\n<div class=\"animated fadeInUp delay-500ms slow wp-block-post-excerpt\"><p class=\"wp-block-post-excerpt__excerpt\">Impulsamos y desarrollamos proyectos de innovaci\u00f3n, bajo nuestro liderazgo o el de otras organizaciones, que permiten convertir ideas creativas que pueden resolver retos que tiene hoy el sector de la acci\u00f3n social en soluciones reales, \u00fatiles, viables, sostenibles y con un alto impacto transformador. <\/p><\/div><\/div><\/div><\/div>\n<\/div><\/div><\/div>\n\n\n\n<div class=\"wp-block-genesis-blocks-gb-container container--2 subhome gb-block-container\"><div class=\"gb-container-inside\"><div class=\"gb-container-content\"><div  class=\"ultp-post-grid-block wp-block-ultimate-post-post-grid-1 ultp-block-d83d1e subhome--1 grid animated fadeInUp delay-1s slow\"><div class=\"ultp-block-wrapper\"><div class=\"ultp-loading\"><div class=\"ultp-loading-spinner\" style=\"width:100%;height:100%\"><div><\/div><div><\/div><div><\/div><div><\/div><div><\/div><div><\/div><div><\/div><div><\/div><div><\/div><div><\/div><div><\/div><div><\/div><\/div><\/div><div class=\"ultp-heading-filter\"><div class=\"ultp-heading-filter-in\"><div class=\"ultp-filter-navigation\"><\/div><\/div><\/div><div class=\"ultp-block-items-wrap ultp-block-row ultp-pg1a-style1 ultp-grid1-responsive ultp-block-column-4 1 1 ultp-layout1\"><div class=\"ultp-block-item post-id-30609\"><div class=\"ultp-block-content-wrap\"><div class=\"ultp-block-image ultp-block-image-zoomIn\"><a href=\"https:\/\/isocial.cat\/es\/proyecto-rapnic-reconocimiento-automatico-del-habla-no-fluida-en-catalan\/\" ><img loading=\"lazy\" decoding=\"async\" width=\"600\" height=\"600\"  class=\"ultp-block-image-content\"  alt=\"Noi amb par\u00e0lisi cerebral, potencial beneficiari del Projecte RAPNIC Reconeixement Automatic de la Parla No Intelligible en catala\"  src=\"https:\/\/isocial.cat\/wp-content\/uploads\/2025\/03\/Projecte-RAPNIC-Reconeixement-Automatic-de-la-Parla-No-Intelligible-en-catala-600x600.png\" \/><\/a><\/div><div class=\"ultp-block-content\"><h2 class=\"ultp-block-title \"><a href=\"https:\/\/isocial.cat\/es\/proyecto-rapnic-reconocimiento-automatico-del-habla-no-fluida-en-catalan\/\" >RAPNIC: Reconocimiento autom\u00e1tico del habla no fluida en catal\u00e1n<\/a><\/h2><div class=\"ultp-block-excerpt\">RAPNIC es un proyecto de desarrollo y entrenamiento de un modelo de Inteligencia Artificial (IA) capaz de reconocer hablas no fluidas en catal\u00e1n<\/div><\/div><\/div><\/div><div class=\"ultp-block-item post-id-28093\"><div class=\"ultp-block-content-wrap\"><div class=\"ultp-block-image ultp-block-image-zoomIn\"><a href=\"https:\/\/isocial.cat\/es\/nidus-salud-mental\/\" ><img loading=\"lazy\" decoding=\"async\" width=\"600\" height=\"600\"  class=\"ultp-block-image-content\"  alt=\"NIDUS Salud mental\"  src=\"https:\/\/isocial.cat\/wp-content\/uploads\/2024\/08\/Nidus-Desinstitucionalitzacio-600x600.png\" \/><\/a><\/div><div class=\"ultp-block-content\"><h2 class=\"ultp-block-title \"><a href=\"https:\/\/isocial.cat\/es\/nidus-salud-mental\/\" >NIDUS Salud mental<\/a><\/h2><div class=\"ultp-block-excerpt\">NIDUS Salud Mental es un proyecto piloto que tiene por objetivo adaptar la app Nidus como herramienta digital de apoyo para las personas con problemas de salud mental que se encuentran en proceso de desinstitucionalizaci\u00f3n.<\/div><\/div><\/div><\/div><div class=\"ultp-block-item post-id-22329\"><div class=\"ultp-block-content-wrap\"><div class=\"ultp-block-image ultp-block-image-zoomIn\"><a href=\"https:\/\/isocial.cat\/es\/solidigital\/\" ><img loading=\"lazy\" decoding=\"async\" width=\"600\" height=\"600\"  class=\"ultp-block-image-content\"  alt=\"Imatge d&#039;una m\u00e0 sostenint un m\u00f2bil on s&#039;hi veu la Soliguia, una de les eines tecnol\u00f2giques involucrades en el projecte Solidigital\"  src=\"https:\/\/isocial.cat\/wp-content\/uploads\/2024\/03\/Imatge-Solidigital-600x600.png\" \/><\/a><\/div><div class=\"ultp-block-content\"><h2 class=\"ultp-block-title \"><a href=\"https:\/\/isocial.cat\/es\/solidigital\/\" >Solidigital<\/a><\/h2><div class=\"ultp-block-excerpt\">Solidigital es un proyecto de colaboraci\u00f3n transfronteriza alrededor de tres herramientas tecnol\u00f3gicas de soporte a personas en situaci\u00f3n de vulnerabilidad, la Soligu\u00eda, Nidus y Reconnect<\/div><\/div><\/div><\/div><div class=\"ultp-block-item post-id-13952\"><div class=\"ultp-block-content-wrap\"><div class=\"ultp-block-image ultp-block-image-zoomIn\"><a href=\"https:\/\/isocial.cat\/es\/digitalissb-impuls-de-la-digitalitzacio-dels-serveis-socials-basics-de-catalunya\/\" ><img loading=\"lazy\" decoding=\"async\" width=\"600\" height=\"600\"  class=\"ultp-block-image-content\"  alt=\"DigitaliSSB\u00a0(Impulso de la Digitalizaci\u00f3n de los Servicios Sociales B\u00e1sicos de Catalu\u00f1a)\"  src=\"https:\/\/isocial.cat\/wp-content\/uploads\/2023\/03\/startup-849805_1920-1-600x600.jpg\" \/><\/a><\/div><div class=\"ultp-block-content\"><h2 class=\"ultp-block-title \"><a href=\"https:\/\/isocial.cat\/es\/digitalissb-impuls-de-la-digitalitzacio-dels-serveis-socials-basics-de-catalunya\/\" >DigitaliSSB\u00a0(Impulso de la Digitalizaci\u00f3n de los Servicios Sociales B\u00e1sicos de Catalu\u00f1a)<\/a><\/h2><div class=\"ultp-block-excerpt\">DigitaliSSB es un proyecto de desarrollo de herramientas digitales para la mejora de la gesti\u00f3n y la intervenci\u00f3n social de los Servicios Sociales B\u00e1sicos de los entes locales de Catalu\u00f1a<\/div><\/div><\/div><\/div><div class=\"ultp-block-item post-id-13389\"><div class=\"ultp-block-content-wrap\"><div class=\"ultp-block-image ultp-block-image-zoomIn\"><a href=\"https:\/\/isocial.cat\/es\/vincles-alt-pirineu-aran\/\" ><img loading=\"lazy\" decoding=\"async\" width=\"600\" height=\"600\"  class=\"ultp-block-image-content\"  alt=\"Vincles Alt Pirineu-Aran\"  src=\"https:\/\/isocial.cat\/wp-content\/uploads\/2023\/03\/Vincles-Alt-Pirineu-Aran-600x600.png\" \/><\/a><\/div><div class=\"ultp-block-content\"><h2 class=\"ultp-block-title \"><a href=\"https:\/\/isocial.cat\/es\/vincles-alt-pirineu-aran\/\" >Vincles Alt Pirineu-Aran<\/a><\/h2><div class=\"ultp-block-excerpt\">Vincles Alt Pirineu-Aran es un proyecto de Detecci\u00f3n e intervenci\u00f3n Social precoz ante las situaciones de Soledad de las personas mayores en las comarcas del Alt Pirineu-Aran. <\/div><\/div><\/div><\/div><div class=\"ultp-block-item post-id-10942\"><div class=\"ultp-block-content-wrap\"><div class=\"ultp-block-image ultp-block-image-zoomIn\"><a href=\"https:\/\/isocial.cat\/es\/rehab-lab-cat\/\" ><img loading=\"lazy\" decoding=\"async\" width=\"600\" height=\"600\"  class=\"ultp-block-image-content\"  alt=\"Rehab-Lab\"  src=\"https:\/\/isocial.cat\/wp-content\/uploads\/2023\/02\/Rehab-Lab-Ajut-funcional-600x600.png\" \/><\/a><\/div><div class=\"ultp-block-content\"><h2 class=\"ultp-block-title \"><a href=\"https:\/\/isocial.cat\/es\/rehab-lab-cat\/\" >Rehab-Lab<\/a><\/h2><div class=\"ultp-block-excerpt\">Rehab-Lab.Cat es un proyecto de creaci\u00f3n de una red de FabLabs\u00a0de dise\u00f1o y fabricaci\u00f3n de adaptaciones funcionales para las actividades de la vida diaria a trav\u00e9s de la impresi\u00f3n 3D.<\/div><\/div><\/div><\/div><div class=\"ultp-block-item post-id-7158\"><div class=\"ultp-block-content-wrap\"><div class=\"ultp-block-image ultp-block-image-zoomIn\"><a href=\"https:\/\/isocial.cat\/es\/all-by-myself\/\" ><img loading=\"lazy\" decoding=\"async\" width=\"600\" height=\"600\"  class=\"ultp-block-image-content\"  alt=\"ALL BY MYSELF\"  src=\"https:\/\/isocial.cat\/wp-content\/uploads\/2022\/05\/foto-comprada-1-600x600.jpg\" \/><\/a><\/div><div class=\"ultp-block-content\"><h2 class=\"ultp-block-title \"><a href=\"https:\/\/isocial.cat\/es\/all-by-myself\/\" >ALL BY MYSELF<\/a><\/h2><div class=\"ultp-block-excerpt\">All By Myself es un proyecto de investigaci\u00f3n de un agregador de herramientas TIC al servicio de la inclusi\u00f3n y el apoyo para la vida aut\u00f3noma de las personas con discapacidad intelectual.<\/div><\/div><\/div><\/div><div class=\"ultp-block-item post-id-4203\"><div class=\"ultp-block-content-wrap\"><div class=\"ultp-block-image ultp-block-image-zoomIn\"><a href=\"https:\/\/isocial.cat\/es\/nidus\/\" ><img loading=\"lazy\" decoding=\"async\" width=\"600\" height=\"600\"  class=\"ultp-block-image-content\"  alt=\"Imatge d&#039;una persona en situaci\u00f3 de carrer, potencial usu\u00e0ria de Nidus\"  src=\"https:\/\/isocial.cat\/wp-content\/uploads\/2021\/07\/Imatge-duna-persona-en-situacio-de-carrer-potencial-usuaria-de-Nidus-600x600.png\" \/><\/a><\/div><div class=\"ultp-block-content\"><h2 class=\"ultp-block-title \"><a href=\"https:\/\/isocial.cat\/es\/nidus\/\" >NIDUS Exclusi\u00f3n Social<\/a><\/h2><div class=\"ultp-block-excerpt\">NIDUS Exclusi\u00f3n Social es un proyecto de desarrollo de un paquete de herramientas digitales para las personas sin hogar y para los\/las profesionales sociales que las apoyan y acompa\u00f1an.<\/div><\/div><\/div><\/div><div class=\"ultp-block-item post-id-4212\"><div class=\"ultp-block-content-wrap\"><div class=\"ultp-block-image ultp-block-image-zoomIn\"><a href=\"https:\/\/isocial.cat\/es\/welcome-asistente-personal-para-personas-inmigradas\/\" ><img loading=\"lazy\" decoding=\"async\" width=\"600\" height=\"600\"  class=\"ultp-block-image-content\"  alt=\"WELCOME\"  src=\"https:\/\/isocial.cat\/wp-content\/uploads\/2022\/03\/welcome-600x600.jpg\" \/><\/a><\/div><div class=\"ultp-block-content\"><h2 class=\"ultp-block-title \"><a href=\"https:\/\/isocial.cat\/es\/welcome-asistente-personal-para-personas-inmigradas\/\" >WELCOME<\/a><\/h2><div class=\"ultp-block-excerpt\">WELCOME es un proyecto de desarrollo de tecnolog\u00edas inteligentes de apoyo a la recepci\u00f3n y a la integraci\u00f3n de personas inmigrantes y refugiadas<\/div><\/div><\/div><\/div><div class=\"ultp-block-item post-id-4221\"><div class=\"ultp-block-content-wrap\"><div class=\"ultp-block-image ultp-block-image-zoomIn\"><a href=\"https:\/\/isocial.cat\/es\/app-para-a-adolescentes-y-jovenes-emigrados-solos\/\" ><img loading=\"lazy\" decoding=\"async\" width=\"600\" height=\"600\"  class=\"ultp-block-image-content\"  alt=\"FLAPP!\"  src=\"https:\/\/isocial.cat\/wp-content\/uploads\/2022\/03\/flapp-600x600.jpg\" \/><\/a><\/div><div class=\"ultp-block-content\"><h2 class=\"ultp-block-title \"><a href=\"https:\/\/isocial.cat\/es\/app-para-a-adolescentes-y-jovenes-emigrados-solos\/\" >FLAPP!<\/a><\/h2><div class=\"ultp-block-excerpt\">Flapp! es un royecto de desarrollo de un sistema de apoyo remoto a adolescentes y j\u00f3venes con necesidades de emancipaci\u00f3n e inclusi\u00f3n.<\/div><\/div><\/div><\/div><\/div><div class=\"ultp-pagination-wrap ultp-pagination-ajax-action\" data-paged=\"1\" data-expost=\"\"  data-blockid=\"d83d1e\" data-postid=\"4621\" data-pages=\"1\" data-blockname=\"ultimate-post_post-grid-1\" data-selfpostid=\"yes\"><\/div><\/div><div class=\"pagination-block-html\" aria-hidden=\"true\" style=\"display: none;\"><\/div><\/div><\/div><\/div><\/div>\n\n\n\n<div class=\"wp-block-genesis-blocks-gb-columns footer-newsletter gb-layout-columns-1 one-column alignfull\"><div class=\"gb-layout-column-wrap gb-block-layout-column-gap-2 gb-is-responsive-column\">\n<div class=\"wp-block-genesis-blocks-gb-column gb-block-layout-column\"><div class=\"gb-block-layout-column-inner\">\n<div class=\"wp-block-genesis-blocks-gb-columns container gb-layout-columns-1 one-column\"><div class=\"gb-layout-column-wrap gb-block-layout-column-gap-2 gb-is-responsive-column\">\n<div class=\"wp-block-genesis-blocks-gb-column gb-block-layout-column\"><div class=\"gb-block-layout-column-inner\"><style>.wp-block-kadence-advancedheading.kt-adv-heading_4d2423-9c, .wp-block-kadence-advancedheading.kt-adv-heading_4d2423-9c[data-kb-block=\"kb-adv-heading_4d2423-9c\"]{font-style:normal;}.wp-block-kadence-advancedheading.kt-adv-heading_4d2423-9c mark.kt-highlight, .wp-block-kadence-advancedheading.kt-adv-heading_4d2423-9c[data-kb-block=\"kb-adv-heading_4d2423-9c\"] mark.kt-highlight{font-style:normal;color:#f76a0c;-webkit-box-decoration-break:clone;box-decoration-break:clone;padding-top:0px;padding-right:0px;padding-bottom:0px;padding-left:0px;}.wp-block-kadence-advancedheading.kt-adv-heading_4d2423-9c img.kb-inline-image, .wp-block-kadence-advancedheading.kt-adv-heading_4d2423-9c[data-kb-block=\"kb-adv-heading_4d2423-9c\"] img.kb-inline-image{width:150px;vertical-align:baseline;}<\/style>\n<h3 class=\"kt-adv-heading_4d2423-9c titol-seccio wp-block-kadence-advancedheading\" data-kb-block=\"kb-adv-heading_4d2423-9c\">Newsletter<\/h3>\n\n\n<style>.wp-block-kadence-advancedheading.kt-adv-heading_cf2667-29, .wp-block-kadence-advancedheading.kt-adv-heading_cf2667-29[data-kb-block=\"kb-adv-heading_cf2667-29\"]{font-style:normal;}.wp-block-kadence-advancedheading.kt-adv-heading_cf2667-29 mark.kt-highlight, .wp-block-kadence-advancedheading.kt-adv-heading_cf2667-29[data-kb-block=\"kb-adv-heading_cf2667-29\"] mark.kt-highlight{font-style:normal;color:#f76a0c;-webkit-box-decoration-break:clone;box-decoration-break:clone;padding-top:0px;padding-right:0px;padding-bottom:0px;padding-left:0px;}.wp-block-kadence-advancedheading.kt-adv-heading_cf2667-29 img.kb-inline-image, .wp-block-kadence-advancedheading.kt-adv-heading_cf2667-29[data-kb-block=\"kb-adv-heading_cf2667-29\"] img.kb-inline-image{width:150px;vertical-align:baseline;}<\/style>\n<h4 class=\"kt-adv-heading_cf2667-29 wp-block-kadence-advancedheading\" data-kb-block=\"kb-adv-heading_cf2667-29\">Suscr\u00edbete si quieres estar informado en todas las tendencias de innovaci\u00f3n en servicios sociales.<\/h4>\n\n\n<\/div><\/div>\n<\/div><\/div>\n<\/div><\/div>\n<\/div><\/div>\n","protected":false},"excerpt":{"rendered":"<p>Impulsamos y desarrollamos proyectos de innovaci\u00f3n, bajo nuestro liderazgo o el de otras organizaciones, que permiten convertir ideas creativas que pueden resolver retos que tiene hoy el sector de la acci\u00f3n social en soluciones reales, \u00fatiles, viables, sostenibles y con un alto impacto transformador.<\/p>\n","protected":false},"author":1,"featured_media":0,"parent":0,"menu_order":0,"comment_status":"closed","ping_status":"closed","template":"templates\/template-builder.php","meta":{"_acf_changed":false,"inline_featured_image":false,"_kad_blocks_custom_css":"","_kad_blocks_head_custom_js":"","_kad_blocks_body_custom_js":"","_kad_blocks_footer_custom_js":"","footnotes":""},"class_list":["post-4621","page","type-page","status-publish","hentry","post","without-featured-image"],"acf":[],"taxonomy_info":[],"featured_image_src_large":false,"author_info":{"display_name":"admin","author_link":"https:\/\/isocial.cat\/es\/author\/ideadmin\/"},"comment_info":0,"featured_image_src":null,"featured_image_src_square":null,"_links":{"self":[{"href":"https:\/\/isocial.cat\/es\/wp-json\/wp\/v2\/pages\/4621","targetHints":{"allow":["GET"]}}],"collection":[{"href":"https:\/\/isocial.cat\/es\/wp-json\/wp\/v2\/pages"}],"about":[{"href":"https:\/\/isocial.cat\/es\/wp-json\/wp\/v2\/types\/page"}],"author":[{"embeddable":true,"href":"https:\/\/isocial.cat\/es\/wp-json\/wp\/v2\/users\/1"}],"replies":[{"embeddable":true,"href":"https:\/\/isocial.cat\/es\/wp-json\/wp\/v2\/comments?post=4621"}],"version-history":[{"count":14,"href":"https:\/\/isocial.cat\/es\/wp-json\/wp\/v2\/pages\/4621\/revisions"}],"predecessor-version":[{"id":21845,"href":"https:\/\/isocial.cat\/es\/wp-json\/wp\/v2\/pages\/4621\/revisions\/21845"}],"wp:attachment":[{"href":"https:\/\/isocial.cat\/es\/wp-json\/wp\/v2\/media?parent=4621"}],"curies":[{"name":"wp","href":"https:\/\/api.w.org\/{rel}","templated":true}]}}