{"id":4633,"date":"2022-02-28T17:57:35","date_gmt":"2022-02-28T16:57:35","guid":{"rendered":"https:\/\/isocial.cat\/serveis-acompanyament\/"},"modified":"2023-04-24T14:27:42","modified_gmt":"2023-04-24T13:27:42","slug":"servicios","status":"publish","type":"page","link":"https:\/\/isocial.cat\/es\/servicios\/","title":{"rendered":"Servicios"},"content":{"rendered":"\n<div class=\"wp-block-genesis-blocks-gb-container alignfull header--3 subhome--1 innovacio gb-block-container\"><div class=\"gb-container-inside\"><div class=\"gb-container-content\">\n<div class=\"wp-block-genesis-blocks-gb-container container gb-block-container\"><div class=\"gb-container-inside\"><div class=\"gb-container-content\">\n<span class=\"parent--link animated fadeInUp slow\"><a href=\"https:\/\/isocial.cat\/es\/lab\/\">Lab<\/a><\/span>\n\n\n<h1 class=\"animated fadeInUp delay-200ms slow wp-block-post-title\">Servicios<\/h1>\n\n<div class=\"animated fadeInUp delay-500ms slow wp-block-post-excerpt\"><p class=\"wp-block-post-excerpt__excerpt\">Acompa\u00f1amos y asesoramos las organizaciones del sector que necesitan impulsar procesos internos de innovaci\u00f3n, de transformaci\u00f3n o de gesti\u00f3n del cambio en el campo de la acci\u00f3n social. <\/p><\/div><\/div><\/div><\/div>\n<\/div><\/div><\/div>\n\n\n\n<div class=\"wp-block-genesis-blocks-gb-container container--2 subhome gb-block-container\"><div class=\"gb-container-inside\"><div class=\"gb-container-content\">\n<div class=\"wp-block-genesis-blocks-gb-columns fila acompanyament post animated fadeInUp slow delay-1s gb-layout-columns-1 gb-1-col-equal\" style=\"margin-bottom:24px\"><div class=\"gb-layout-column-wrap gb-block-layout-column-gap-0 gb-is-responsive-column\">\n<div class=\"wp-block-genesis-blocks-gb-column gb-block-layout-column\"><div class=\"gb-block-layout-column-inner\">\n<div class=\"wp-block-getwid-button-group\"><div class=\"wp-block-getwid-button-group__wrapper\">\n<div class=\"wp-block-button\"><a class=\"wp-block-button__link wp-element-button\" href=\"#oferta\">Oferta de servicios<\/a><\/div>\n\n\n\n<div class=\"wp-block-button\"><a class=\"wp-block-button__link wp-element-button\" href=\"#adhoc\">Servicios a medida<\/a><\/div>\n<\/div><\/div>\n\n\n<style>.wp-block-kadence-advancedheading.kt-adv-heading_e8bb97-24, .wp-block-kadence-advancedheading.kt-adv-heading_e8bb97-24[data-kb-block=\"kb-adv-heading_e8bb97-24\"]{font-style:normal;}.wp-block-kadence-advancedheading.kt-adv-heading_e8bb97-24 mark.kt-highlight, .wp-block-kadence-advancedheading.kt-adv-heading_e8bb97-24[data-kb-block=\"kb-adv-heading_e8bb97-24\"] mark.kt-highlight{font-style:normal;color:#f76a0c;-webkit-box-decoration-break:clone;box-decoration-break:clone;padding-top:0px;padding-right:0px;padding-bottom:0px;padding-left:0px;}.wp-block-kadence-advancedheading.kt-adv-heading_e8bb97-24 img.kb-inline-image, .wp-block-kadence-advancedheading.kt-adv-heading_e8bb97-24[data-kb-block=\"kb-adv-heading_e8bb97-24\"] img.kb-inline-image{width:150px;vertical-align:baseline;}<\/style>\n<h2 id=\"oferta\" class=\"kt-adv-heading_e8bb97-24 wp-block-kadence-advancedheading\" data-kb-block=\"kb-adv-heading_e8bb97-24\">Oferta de servicios<\/h2>\n\n\n\n<p>Ofrecemos servicios a ayuntamientos, consejos comarcales y entidades del tercer sector en relaci\u00f3n con algunos de nuestros principales focos de innovaci\u00f3n en servicios sociales.<\/p>\n<\/div><\/div>\n<\/div><\/div>\n\n\n\n<div class=\"wp-block-genesis-blocks-gb-columns fila gb-layout-columns-4 gb-4-col-equal\"><div class=\"gb-layout-column-wrap gb-block-layout-column-gap-2 gb-is-responsive-column\">\n<div class=\"wp-block-genesis-blocks-gb-column columna-img-subhome animated fadeInUp slow gb-block-layout-column\"><div class=\"gb-block-layout-column-inner\">\n<figure class=\"wp-block-image size-full is-resized\"><a href=\"https:\/\/isocial.cat\/es\/implementacion-del-self-directed-support\/\"><img loading=\"lazy\" decoding=\"async\" width=\"604\" height=\"930\" src=\"https:\/\/isocial.cat\/wp-content\/uploads\/2022\/03\/acompanyament-self-directed-support.png\" alt=\"Implementaci\u00f3 del Self-directed Support\" class=\"wp-image-1423\" width=\"604\" srcset=\"https:\/\/isocial.cat\/wp-content\/uploads\/2022\/03\/acompanyament-self-directed-support.png 604w, https:\/\/isocial.cat\/wp-content\/uploads\/2022\/03\/acompanyament-self-directed-support-400x616.png 400w, https:\/\/isocial.cat\/wp-content\/uploads\/2022\/03\/acompanyament-self-directed-support-195x300.png 195w, https:\/\/isocial.cat\/wp-content\/uploads\/2022\/03\/acompanyament-self-directed-support-300x462.png 300w\" sizes=\"auto, (max-width: 604px) 100vw, 604px\" \/><\/a><\/figure>\n\n\n<style>.wp-block-kadence-advancedheading.kt-adv-heading_a9d1c3-0c, .wp-block-kadence-advancedheading.kt-adv-heading_a9d1c3-0c[data-kb-block=\"kb-adv-heading_a9d1c3-0c\"]{font-style:normal;}.wp-block-kadence-advancedheading.kt-adv-heading_a9d1c3-0c mark.kt-highlight, .wp-block-kadence-advancedheading.kt-adv-heading_a9d1c3-0c[data-kb-block=\"kb-adv-heading_a9d1c3-0c\"] mark.kt-highlight{font-style:normal;color:#f76a0c;-webkit-box-decoration-break:clone;box-decoration-break:clone;padding-top:0px;padding-right:0px;padding-bottom:0px;padding-left:0px;}.wp-block-kadence-advancedheading.kt-adv-heading_a9d1c3-0c img.kb-inline-image, .wp-block-kadence-advancedheading.kt-adv-heading_a9d1c3-0c[data-kb-block=\"kb-adv-heading_a9d1c3-0c\"] img.kb-inline-image{width:150px;vertical-align:baseline;}<\/style>\n<h3 class=\"kt-adv-heading_a9d1c3-0c wp-block-kadence-advancedheading\" data-kb-block=\"kb-adv-heading_a9d1c3-0c\"><a href=\"https:\/\/isocial.cat\/es\/implementacion-del-self-directed-support\/\">Implementaci\u00f3n del Self-directed Support<\/a><\/h3>\n\n\n\n<p>Ofrecemos un acompa\u00f1amiento grupal para poner en pr\u00e1ctica esta metodolog\u00eda innovadora de intervenci\u00f3n social.<\/p>\n<\/div><\/div>\n\n\n\n<div class=\"wp-block-genesis-blocks-gb-column columna-img-subhome animated fadeInUp slow delay-200ms gb-block-layout-column\"><div class=\"gb-block-layout-column-inner\">\n<figure class=\"wp-block-image size-full\"><a href=\"https:\/\/isocial.cat\/es\/gestion-del-cambio\/\"><img loading=\"lazy\" decoding=\"async\" width=\"604\" height=\"930\" src=\"https:\/\/isocial.cat\/wp-content\/uploads\/2022\/03\/acompanyament-canvi-organitzacions.png\" alt=\"Gesti\u00f3 del canvi en organitzacions de serveis socials\" class=\"wp-image-1426\" srcset=\"https:\/\/isocial.cat\/wp-content\/uploads\/2022\/03\/acompanyament-canvi-organitzacions.png 604w, https:\/\/isocial.cat\/wp-content\/uploads\/2022\/03\/acompanyament-canvi-organitzacions-400x616.png 400w, https:\/\/isocial.cat\/wp-content\/uploads\/2022\/03\/acompanyament-canvi-organitzacions-195x300.png 195w, https:\/\/isocial.cat\/wp-content\/uploads\/2022\/03\/acompanyament-canvi-organitzacions-300x462.png 300w\" sizes=\"auto, (max-width: 604px) 100vw, 604px\" \/><\/a><\/figure>\n\n\n<style>.wp-block-kadence-advancedheading.kt-adv-heading_61654d-48, .wp-block-kadence-advancedheading.kt-adv-heading_61654d-48[data-kb-block=\"kb-adv-heading_61654d-48\"]{font-style:normal;}.wp-block-kadence-advancedheading.kt-adv-heading_61654d-48 mark.kt-highlight, .wp-block-kadence-advancedheading.kt-adv-heading_61654d-48[data-kb-block=\"kb-adv-heading_61654d-48\"] mark.kt-highlight{font-style:normal;color:#f76a0c;-webkit-box-decoration-break:clone;box-decoration-break:clone;padding-top:0px;padding-right:0px;padding-bottom:0px;padding-left:0px;}.wp-block-kadence-advancedheading.kt-adv-heading_61654d-48 img.kb-inline-image, .wp-block-kadence-advancedheading.kt-adv-heading_61654d-48[data-kb-block=\"kb-adv-heading_61654d-48\"] img.kb-inline-image{width:150px;vertical-align:baseline;}<\/style>\n<h3 class=\"kt-adv-heading_61654d-48 wp-block-kadence-advancedheading\" data-kb-block=\"kb-adv-heading_61654d-48\"><a href=\"https:\/\/isocial.cat\/es\/gestion-del-cambio\/\">Gesti\u00f3n del cambio en organizaciones de servicios sociales<\/a><\/h3>\n\n\n\n<p>Acompa\u00f1amos a directivos y equipos en el dise\u00f1o y la implementaci\u00f3n de un proyecto de cambio o de mejora en la organizaci\u00f3n.<\/p>\n<\/div><\/div>\n\n\n\n<div class=\"wp-block-genesis-blocks-gb-column columna-img-subhome animated fadeInUp slow delay-500ms gb-block-layout-column\"><div class=\"gb-block-layout-column-inner\">\n<figure class=\"wp-block-image size-full\"><a href=\"https:\/\/isocial.cat\/es\/diseno-de-un-plan-de-comunicacion-de-los-servicios-sociales\/\"><img loading=\"lazy\" decoding=\"async\" width=\"604\" height=\"930\" src=\"https:\/\/isocial.cat\/wp-content\/uploads\/2022\/03\/acompanyament-pla-comunicacio.png\" alt=\"Pla de comunicaci\u00f3 dels serveis socials\" class=\"wp-image-1425\" srcset=\"https:\/\/isocial.cat\/wp-content\/uploads\/2022\/03\/acompanyament-pla-comunicacio.png 604w, https:\/\/isocial.cat\/wp-content\/uploads\/2022\/03\/acompanyament-pla-comunicacio-400x616.png 400w, https:\/\/isocial.cat\/wp-content\/uploads\/2022\/03\/acompanyament-pla-comunicacio-195x300.png 195w, https:\/\/isocial.cat\/wp-content\/uploads\/2022\/03\/acompanyament-pla-comunicacio-300x462.png 300w\" sizes=\"auto, (max-width: 604px) 100vw, 604px\" \/><\/a><\/figure>\n\n\n<style>.wp-block-kadence-advancedheading.kt-adv-heading_1094fb-42, .wp-block-kadence-advancedheading.kt-adv-heading_1094fb-42[data-kb-block=\"kb-adv-heading_1094fb-42\"]{font-style:normal;}.wp-block-kadence-advancedheading.kt-adv-heading_1094fb-42 mark.kt-highlight, .wp-block-kadence-advancedheading.kt-adv-heading_1094fb-42[data-kb-block=\"kb-adv-heading_1094fb-42\"] mark.kt-highlight{font-style:normal;color:#f76a0c;-webkit-box-decoration-break:clone;box-decoration-break:clone;padding-top:0px;padding-right:0px;padding-bottom:0px;padding-left:0px;}.wp-block-kadence-advancedheading.kt-adv-heading_1094fb-42 img.kb-inline-image, .wp-block-kadence-advancedheading.kt-adv-heading_1094fb-42[data-kb-block=\"kb-adv-heading_1094fb-42\"] img.kb-inline-image{width:150px;vertical-align:baseline;}<\/style>\n<h3 class=\"kt-adv-heading_1094fb-42 wp-block-kadence-advancedheading\" data-kb-block=\"kb-adv-heading_1094fb-42\"><a href=\"https:\/\/isocial.cat\/es\/diseno-de-un-plan-de-comunicacion-de-los-servicios-sociales\/\">Plan de comunicaci\u00f3n de los servicios sociales<\/a><\/h3>\n\n\n\n<p>Diagnosticamos las necesidades de mejora de la comunicaci\u00f3n y la imagen de los servicios sociales y dise\u00f1amos un plan de mejora.<\/p>\n<\/div><\/div>\n\n\n\n<div class=\"wp-block-genesis-blocks-gb-column columna-img-subhome animated fadeInUp delay-1s slow gb-block-layout-column\"><div class=\"gb-block-layout-column-inner\">\n<figure class=\"wp-block-image size-full\"><a href=\"https:\/\/isocial.cat\/es\/diseno-de-un-plan-de-transformacion-digital\/\"><img loading=\"lazy\" decoding=\"async\" width=\"604\" height=\"930\" src=\"https:\/\/isocial.cat\/wp-content\/uploads\/2022\/03\/acompanyament-transformacio-digital.png\" alt=\"Pla de transformaci\u00f3 digital\" class=\"wp-image-1424\" srcset=\"https:\/\/isocial.cat\/wp-content\/uploads\/2022\/03\/acompanyament-transformacio-digital.png 604w, https:\/\/isocial.cat\/wp-content\/uploads\/2022\/03\/acompanyament-transformacio-digital-400x616.png 400w, https:\/\/isocial.cat\/wp-content\/uploads\/2022\/03\/acompanyament-transformacio-digital-195x300.png 195w, https:\/\/isocial.cat\/wp-content\/uploads\/2022\/03\/acompanyament-transformacio-digital-300x462.png 300w\" sizes=\"auto, (max-width: 604px) 100vw, 604px\" \/><\/a><\/figure>\n\n\n<style>.wp-block-kadence-advancedheading.kt-adv-heading_73bc84-7b, .wp-block-kadence-advancedheading.kt-adv-heading_73bc84-7b[data-kb-block=\"kb-adv-heading_73bc84-7b\"]{font-style:normal;}.wp-block-kadence-advancedheading.kt-adv-heading_73bc84-7b mark.kt-highlight, .wp-block-kadence-advancedheading.kt-adv-heading_73bc84-7b[data-kb-block=\"kb-adv-heading_73bc84-7b\"] mark.kt-highlight{font-style:normal;color:#f76a0c;-webkit-box-decoration-break:clone;box-decoration-break:clone;padding-top:0px;padding-right:0px;padding-bottom:0px;padding-left:0px;}.wp-block-kadence-advancedheading.kt-adv-heading_73bc84-7b img.kb-inline-image, .wp-block-kadence-advancedheading.kt-adv-heading_73bc84-7b[data-kb-block=\"kb-adv-heading_73bc84-7b\"] img.kb-inline-image{width:150px;vertical-align:baseline;}<\/style>\n<h3 class=\"kt-adv-heading_73bc84-7b wp-block-kadence-advancedheading\" data-kb-block=\"kb-adv-heading_73bc84-7b\"><a href=\"https:\/\/isocial.cat\/es\/diseno-de-un-plan-de-transformacion-digital\/\">Plan de transformaci\u00f3n digital<\/a><\/h3>\n\n\n\n<p>Diagnosticamos las necesidades en el \u00e1mbito de la digitalizaci\u00f3n y dise\u00f1amos un plan detallado para afrontarlas.<\/p>\n<\/div><\/div>\n<\/div><\/div>\n\n\n\n<div class=\"wp-block-genesis-blocks-gb-columns fila acompanyament post animated fadeInUp slow gb-layout-columns-1 gb-1-col-equal\"><div class=\"gb-layout-column-wrap gb-block-layout-column-gap-0 gb-is-responsive-column\">\n<div class=\"wp-block-genesis-blocks-gb-column gb-block-layout-column\"><div class=\"gb-block-layout-column-inner\"><style>.wp-block-kadence-advancedheading.kt-adv-heading_b2e434-48, .wp-block-kadence-advancedheading.kt-adv-heading_b2e434-48[data-kb-block=\"kb-adv-heading_b2e434-48\"]{font-style:normal;}.wp-block-kadence-advancedheading.kt-adv-heading_b2e434-48 mark.kt-highlight, .wp-block-kadence-advancedheading.kt-adv-heading_b2e434-48[data-kb-block=\"kb-adv-heading_b2e434-48\"] mark.kt-highlight{font-style:normal;color:#f76a0c;-webkit-box-decoration-break:clone;box-decoration-break:clone;padding-top:0px;padding-right:0px;padding-bottom:0px;padding-left:0px;}.wp-block-kadence-advancedheading.kt-adv-heading_b2e434-48 img.kb-inline-image, .wp-block-kadence-advancedheading.kt-adv-heading_b2e434-48[data-kb-block=\"kb-adv-heading_b2e434-48\"] img.kb-inline-image{width:150px;vertical-align:baseline;}<\/style>\n<h2 id=\"adhoc\" class=\"kt-adv-heading_b2e434-48 wp-block-kadence-advancedheading\" data-kb-block=\"kb-adv-heading_b2e434-48\">Servicios a medida<\/h2>\n\n\n\n<p>Asesoramos y acompa\u00f1amos a instituciones p\u00fablicas y privadas que necesitan impulsar procesos propios de innovaci\u00f3n, de transformaci\u00f3n o de gesti\u00f3n del cambio en el campo de la acci\u00f3n social.<\/p>\n<\/div><\/div>\n<\/div><\/div>\n\n\n<div  class=\"ultp-post-grid-block wp-block-ultimate-post-post-grid-1 ultp-block-8f8a03 subhome--1 grid animated fadeInUp slow\"><div class=\"ultp-block-wrapper\"><div class=\"ultp-loading\"><div class=\"ultp-loading-spinner\" style=\"width:100%;height:100%\"><div><\/div><div><\/div><div><\/div><div><\/div><div><\/div><div><\/div><div><\/div><div><\/div><div><\/div><div><\/div><div><\/div><div><\/div><\/div><\/div><div class=\"ultp-heading-filter\"><div class=\"ultp-heading-filter-in\"><div class=\"ultp-filter-navigation\"><\/div><\/div><\/div><div class=\"ultp-block-items-wrap ultp-block-row ultp-pg1a-style1 ultp-grid1-responsive ultp-block-column-4 1 1 ultp-layout1\"><div class=\"ultp-block-item post-id-4230\"><div class=\"ultp-block-content-wrap\"><div class=\"ultp-block-image ultp-block-image-zoomIn\"><a href=\"https:\/\/isocial.cat\/es\/proyecto-papallona-transformacion-de-los-servicios-sociales-del-ayuntamiento-de-mataro\/\" ><img loading=\"lazy\" decoding=\"async\" width=\"600\" height=\"600\"  class=\"ultp-block-image-content\"  alt=\"Proyecto Papallona, transformaci\u00f3n de los Servicios Sociales de Matar\u00f3\"  src=\"https:\/\/isocial.cat\/wp-content\/uploads\/2022\/03\/Obertura-vista-Mataro-_11_1280x644-600x600.jpg\" \/><\/a><\/div><div class=\"ultp-block-content\"><h3 class=\"ultp-block-title \"><a href=\"https:\/\/isocial.cat\/es\/proyecto-papallona-transformacion-de-los-servicios-sociales-del-ayuntamiento-de-mataro\/\" >Proyecto Papallona, transformaci\u00f3n de los Servicios Sociales de Matar\u00f3<\/a><\/h3><div class=\"ultp-block-excerpt\">Acompa\u00f1amos un plan pionero en el barrio Rocafonda para ensayar un modelo de at. primaria m\u00e1s preventivo y comunitario.<\/div><\/div><\/div><\/div><div class=\"ultp-block-item post-id-4253\"><div class=\"ultp-block-content-wrap\"><div class=\"ultp-block-image ultp-block-image-zoomIn\"><a href=\"https:\/\/isocial.cat\/es\/escuela-de-formacion-de-directivos-del-tercer-sector-social-de-andalucia\/\" ><img loading=\"lazy\" decoding=\"async\" width=\"600\" height=\"600\"  class=\"ultp-block-image-content\"  alt=\"Escuela TEAL, transformaci\u00f3n organizacional del tercer sector de Andaluc\u00eda\"  src=\"https:\/\/isocial.cat\/wp-content\/uploads\/2022\/03\/Foto-web-600x600.jpg\" \/><\/a><\/div><div class=\"ultp-block-content\"><h3 class=\"ultp-block-title \"><a href=\"https:\/\/isocial.cat\/es\/escuela-de-formacion-de-directivos-del-tercer-sector-social-de-andalucia\/\" >Escuela TEAL, transformaci\u00f3n organizacional del tercer sector de Andaluc\u00eda<\/a><\/h3><div class=\"ultp-block-excerpt\">Formamos y acompa\u00f1amos a los directivos\/as de 40 entidades sociales de Andaluc\u00eda.<\/div><\/div><\/div><\/div><div class=\"ultp-block-item post-id-4263\"><div class=\"ultp-block-content-wrap\"><div class=\"ultp-block-image ultp-block-image-zoomIn\"><a href=\"https:\/\/isocial.cat\/es\/plan-para-el-apoyo-y-la-promocion-de-la-innovacion-en-el-tercer-sector-de-euskadi\/\" ><img loading=\"lazy\" decoding=\"async\" width=\"600\" height=\"600\"  class=\"ultp-block-image-content\"  alt=\"Plan para el apoyo y la promoci\u00f3n de la innovaci\u00f3n en el tercer sector de Euskadi\"  src=\"https:\/\/isocial.cat\/wp-content\/uploads\/2022\/03\/Innobasque2-600x600.jpg\" \/><\/a><\/div><div class=\"ultp-block-content\"><h3 class=\"ultp-block-title \"><a href=\"https:\/\/isocial.cat\/es\/plan-para-el-apoyo-y-la-promocion-de-la-innovacion-en-el-tercer-sector-de-euskadi\/\" >Plan para el apoyo y la promoci\u00f3n de la innovaci\u00f3n en el tercer sector de Euskadi<\/a><\/h3><div class=\"ultp-block-excerpt\">Colaboraci\u00f3n con Innobasque (Agencia Vasca de Innovaci\u00f3n) para la realizaci\u00f3n de un proceso colaborativo y la definici\u00f3n del plan.<\/div><\/div><\/div><\/div><div class=\"ultp-block-item post-id-4273\"><div class=\"ultp-block-content-wrap\"><div class=\"ultp-block-image ultp-block-image-zoomIn\"><a href=\"https:\/\/isocial.cat\/es\/nueva-area-basica-de-servicios-sociales-de-sant-quirze-del-valles\/\" ><img loading=\"lazy\" decoding=\"async\" width=\"600\" height=\"575\"  class=\"ultp-block-image-content\"  alt=\"Nueva \u00c1rea B\u00e1sica de Servicios Sociales de Sant Quirze del Vall\u00e8s\"  src=\"https:\/\/isocial.cat\/wp-content\/uploads\/2022\/03\/Imagen-0-600x575.png\" \/><\/a><\/div><div class=\"ultp-block-content\"><h3 class=\"ultp-block-title \"><a href=\"https:\/\/isocial.cat\/es\/nueva-area-basica-de-servicios-sociales-de-sant-quirze-del-valles\/\" >Nueva \u00c1rea B\u00e1sica de Servicios Sociales de Sant Quirze del Vall\u00e8s<\/a><\/h3><div class=\"ultp-block-excerpt\">Plan de creaci\u00f3n de la nueva \u00c1rea B\u00e1sica de Servicios Sociales del municipio de Sant Quirze del Vall\u00e8s y puesta en marcha.<\/div><\/div><\/div><\/div><\/div><div class=\"ultp-pagination-wrap ultp-pagination-ajax-action\" data-paged=\"1\" data-expost=\"\"  data-blockid=\"8f8a03\" data-postid=\"4633\" data-pages=\"1\" data-blockname=\"ultimate-post_post-grid-1\" data-selfpostid=\"no\"><\/div><\/div><div class=\"pagination-block-html\" aria-hidden=\"true\" style=\"display: none;\"><\/div><\/div><\/div><\/div><\/div>\n\n\n\n<div class=\"wp-block-genesis-blocks-gb-columns footer-newsletter gb-layout-columns-1 one-column alignfull\"><div class=\"gb-layout-column-wrap gb-block-layout-column-gap-2 gb-is-responsive-column\">\n<div class=\"wp-block-genesis-blocks-gb-column gb-block-layout-column\"><div class=\"gb-block-layout-column-inner\">\n<div class=\"wp-block-genesis-blocks-gb-columns container gb-layout-columns-1 one-column\"><div class=\"gb-layout-column-wrap gb-block-layout-column-gap-2 gb-is-responsive-column\">\n<div class=\"wp-block-genesis-blocks-gb-column gb-block-layout-column\"><div class=\"gb-block-layout-column-inner\"><style>.wp-block-kadence-advancedheading.kt-adv-heading_4d2423-9c, .wp-block-kadence-advancedheading.kt-adv-heading_4d2423-9c[data-kb-block=\"kb-adv-heading_4d2423-9c\"]{font-style:normal;}.wp-block-kadence-advancedheading.kt-adv-heading_4d2423-9c mark.kt-highlight, .wp-block-kadence-advancedheading.kt-adv-heading_4d2423-9c[data-kb-block=\"kb-adv-heading_4d2423-9c\"] mark.kt-highlight{font-style:normal;color:#f76a0c;-webkit-box-decoration-break:clone;box-decoration-break:clone;padding-top:0px;padding-right:0px;padding-bottom:0px;padding-left:0px;}.wp-block-kadence-advancedheading.kt-adv-heading_4d2423-9c img.kb-inline-image, .wp-block-kadence-advancedheading.kt-adv-heading_4d2423-9c[data-kb-block=\"kb-adv-heading_4d2423-9c\"] img.kb-inline-image{width:150px;vertical-align:baseline;}<\/style>\n<h3 class=\"kt-adv-heading_4d2423-9c titol-seccio wp-block-kadence-advancedheading\" data-kb-block=\"kb-adv-heading_4d2423-9c\">Newsletter<\/h3>\n\n\n<style>.wp-block-kadence-advancedheading.kt-adv-heading_cf2667-29, .wp-block-kadence-advancedheading.kt-adv-heading_cf2667-29[data-kb-block=\"kb-adv-heading_cf2667-29\"]{font-style:normal;}.wp-block-kadence-advancedheading.kt-adv-heading_cf2667-29 mark.kt-highlight, .wp-block-kadence-advancedheading.kt-adv-heading_cf2667-29[data-kb-block=\"kb-adv-heading_cf2667-29\"] mark.kt-highlight{font-style:normal;color:#f76a0c;-webkit-box-decoration-break:clone;box-decoration-break:clone;padding-top:0px;padding-right:0px;padding-bottom:0px;padding-left:0px;}.wp-block-kadence-advancedheading.kt-adv-heading_cf2667-29 img.kb-inline-image, .wp-block-kadence-advancedheading.kt-adv-heading_cf2667-29[data-kb-block=\"kb-adv-heading_cf2667-29\"] img.kb-inline-image{width:150px;vertical-align:baseline;}<\/style>\n<h4 class=\"kt-adv-heading_cf2667-29 wp-block-kadence-advancedheading\" data-kb-block=\"kb-adv-heading_cf2667-29\">Suscr\u00edbete si quieres estar informado en todas las tendencias de innovaci\u00f3n en servicios sociales.<\/h4>\n\n\n<\/div><\/div>\n<\/div><\/div>\n<\/div><\/div>\n<\/div><\/div>\n","protected":false},"excerpt":{"rendered":"<p>Acompa\u00f1amos y asesoramos las organizaciones del sector que necesitan impulsar procesos internos de innovaci\u00f3n, de transformaci\u00f3n o de gesti\u00f3n del cambio en el campo de la acci\u00f3n social.<\/p>\n","protected":false},"author":1,"featured_media":0,"parent":0,"menu_order":0,"comment_status":"closed","ping_status":"closed","template":"templates\/template-builder.php","meta":{"_acf_changed":false,"inline_featured_image":false,"_kad_blocks_custom_css":"","_kad_blocks_head_custom_js":"","_kad_blocks_body_custom_js":"","_kad_blocks_footer_custom_js":"","footnotes":""},"class_list":["post-4633","page","type-page","status-publish","hentry","post","without-featured-image"],"acf":[],"taxonomy_info":[],"featured_image_src_large":false,"author_info":{"display_name":"admin","author_link":"https:\/\/isocial.cat\/es\/author\/ideadmin\/"},"comment_info":0,"featured_image_src":null,"featured_image_src_square":null,"_links":{"self":[{"href":"https:\/\/isocial.cat\/es\/wp-json\/wp\/v2\/pages\/4633","targetHints":{"allow":["GET"]}}],"collection":[{"href":"https:\/\/isocial.cat\/es\/wp-json\/wp\/v2\/pages"}],"about":[{"href":"https:\/\/isocial.cat\/es\/wp-json\/wp\/v2\/types\/page"}],"author":[{"embeddable":true,"href":"https:\/\/isocial.cat\/es\/wp-json\/wp\/v2\/users\/1"}],"replies":[{"embeddable":true,"href":"https:\/\/isocial.cat\/es\/wp-json\/wp\/v2\/comments?post=4633"}],"version-history":[{"count":9,"href":"https:\/\/isocial.cat\/es\/wp-json\/wp\/v2\/pages\/4633\/revisions"}],"predecessor-version":[{"id":15908,"href":"https:\/\/isocial.cat\/es\/wp-json\/wp\/v2\/pages\/4633\/revisions\/15908"}],"wp:attachment":[{"href":"https:\/\/isocial.cat\/es\/wp-json\/wp\/v2\/media?parent=4633"}],"curies":[{"name":"wp","href":"https:\/\/api.w.org\/{rel}","templated":true}]}}