{"id":4660,"date":"2022-03-22T12:31:23","date_gmt":"2022-03-22T11:31:23","guid":{"rendered":"https:\/\/isocial.cat\/pla-de-comunicacio-dels-serveis-socials\/"},"modified":"2023-11-16T12:17:19","modified_gmt":"2023-11-16T11:17:19","slug":"diseno-de-un-plan-de-comunicacion-de-los-servicios-sociales","status":"publish","type":"page","link":"https:\/\/isocial.cat\/es\/diseno-de-un-plan-de-comunicacion-de-los-servicios-sociales\/","title":{"rendered":"Dise\u00f1o de un plan de comunicaci\u00f3n de los servicios sociales"},"content":{"rendered":"\n<div class=\"wp-block-genesis-blocks-gb-container alignfull header--3 subhome--1 innovacio gb-block-container\"><div class=\"gb-container-inside\"><div class=\"gb-container-content\">\n<div class=\"wp-block-genesis-blocks-gb-container container gb-block-container\"><div class=\"gb-container-inside\"><div class=\"gb-container-content\">\n<p class=\"parent--link separador animated fadeInUp slow\"><a href=\"https:\/\/isocial.cat\/es\/lab\/\" data-type=\"page\">Lab<\/a> <a href=\"https:\/\/isocial.cat\/es\/servicios\/\">Servicios<\/a><\/p>\n\n\n<h1 class=\"animated fadeInUp delay-200ms slow wp-block-post-title\">Dise\u00f1o de un plan de comunicaci\u00f3n de los servicios sociales<\/h1>\n\n\n<p class=\"entradeta animated fadeInUp delay-500ms slow\">Para departamentos de comunicaci\u00f3n y de servicios sociales de Administraciones Locales.<\/p>\n<\/div><\/div><\/div>\n<\/div><\/div><\/div>\n\n\n\n<div class=\"wp-block-genesis-blocks-gb-container container--2 subhome gb-block-container\"><div class=\"gb-container-inside\"><div class=\"gb-container-content\">\n<div class=\"wp-block-genesis-blocks-gb-columns fila post animated fadeInUp slow delay-1s gb-layout-columns-3 gb-3-col-widecenter\"><div class=\"gb-layout-column-wrap gb-block-layout-column-gap-0 gb-is-responsive-column\">\n<div class=\"wp-block-genesis-blocks-gb-column gb-block-layout-column\"><div class=\"gb-block-layout-column-inner\">\n<p><\/p>\n<\/div><\/div>\n\n\n\n<div class=\"wp-block-genesis-blocks-gb-column gb-block-layout-column\"><div class=\"gb-block-layout-column-inner\"><figure class=\"img-destacada wp-block-post-featured-image\"><img loading=\"lazy\" decoding=\"async\" width=\"1000\" height=\"600\" src=\"https:\/\/isocial.cat\/wp-content\/uploads\/2022\/03\/1371248254887.jpg\" class=\"attachment-post-thumbnail size-post-thumbnail wp-post-image\" alt=\"\" style=\"object-fit:cover;\" srcset=\"https:\/\/isocial.cat\/wp-content\/uploads\/2022\/03\/1371248254887.jpg 1000w, https:\/\/isocial.cat\/wp-content\/uploads\/2022\/03\/1371248254887-400x240.jpg 400w, https:\/\/isocial.cat\/wp-content\/uploads\/2022\/03\/1371248254887-300x180.jpg 300w, https:\/\/isocial.cat\/wp-content\/uploads\/2022\/03\/1371248254887-768x461.jpg 768w\" sizes=\"auto, (max-width: 1000px) 100vw, 1000px\" \/><\/figure>\n\n\n<div class=\"wp-block-genesis-blocks-gb-container contingut-post gb-block-container\"><div class=\"gb-container-inside\"><div class=\"gb-container-content\">\n<p class=\"lead-text has-large-font-size\">La innovaci\u00f3n en Servicios Sociales tambi\u00e9n es cambiar la forma de explicarnos y de comunicarnos, para dar valor a lo que hacemos<\/p>\n\n\n\n<p>A pesar de que los presupuestos p\u00fablicos y privados dedicados a Servicios Sociales no han parado de crecer en los \u00faltimos a\u00f1os, este esfuerzo inversor a menudo no es percibido ni valorado por el territorio (agentes econ\u00f3micos, ciudadan\u00eda, tejido asociativo&#8230;), los puntos fuertes de la su actuaci\u00f3n son escasamente conocidos e, incluso, <strong>perduran estereotipos y visiones antiguas que poco tienen que ver con lo que son hoy los Servicios Sociales<\/strong>.<\/p>\n\n\n\n<p>Esto en parte es responsabilidad de los gestores p\u00fablicos de estos servicios y de la carencia de planes de comunicaci\u00f3n dise\u00f1ados para afrontar este reto. Mediante un plan de comunicaci\u00f3n de los servicios sociales que responda a la realidad del territorio, dichos <strong>problemas reputacionales<\/strong> que sufre este \u00e1mbito de las pol\u00edticas p\u00fablicas pueden ser resueltos. No se trata s\u00f3lo de corregir el desconocimiento, sino tambi\u00e9n las im\u00e1genes tergiversadas e incluso negativas de los Servicios Sociales que en ocasiones circulan entre la poblaci\u00f3n de regiones o municipios.<\/p>\n\n\n\n<p>Otros sectores de nuestra sociedad han logrado revertir situaciones similares. La innovaci\u00f3n en Servicios Sociales tambi\u00e9n es cambiar la forma de explicarnos y de comunicarnos, para dar valor a lo que hacemos desde los Servicios Sociales; para <strong>hacer visible su potencialidad<\/strong> como agente que contribuye de forma determinante a la cohesi\u00f3n social y a la calidad de vida de las personas.<\/p>\n<\/div><\/div><\/div>\n<\/div><\/div>\n\n\n\n<div class=\"wp-block-genesis-blocks-gb-column gb-block-layout-column\"><div class=\"gb-block-layout-column-inner\">\n<p><\/p>\n<\/div><\/div>\n<\/div><\/div>\n\n\n\n<div style=\"background-color:#f7f5f5\" class=\"wp-block-genesis-blocks-gb-container alignfull post-info-relacionada animated fadeInUp slow gb-block-container\"><div class=\"gb-container-inside\"><div class=\"gb-container-content\">\n<div class=\"wp-block-genesis-blocks-gb-columns fila container gb-layout-columns-2 gb-2-col-equal\"><div class=\"gb-layout-column-wrap gb-block-layout-column-gap-5 gb-is-responsive-column\">\n<div class=\"wp-block-genesis-blocks-gb-column gb-block-layout-column\"><div class=\"gb-block-layout-column-inner\"><style>.wp-block-kadence-advancedheading.kt-adv-heading4660_fce0e8-aa, .wp-block-kadence-advancedheading.kt-adv-heading4660_fce0e8-aa[data-kb-block=\"kb-adv-heading4660_fce0e8-aa\"]{font-style:normal;}.wp-block-kadence-advancedheading.kt-adv-heading4660_fce0e8-aa mark.kt-highlight, .wp-block-kadence-advancedheading.kt-adv-heading4660_fce0e8-aa[data-kb-block=\"kb-adv-heading4660_fce0e8-aa\"] mark.kt-highlight{font-style:normal;color:#f76a0c;-webkit-box-decoration-break:clone;box-decoration-break:clone;padding-top:0px;padding-right:0px;padding-bottom:0px;padding-left:0px;}.wp-block-kadence-advancedheading.kt-adv-heading4660_fce0e8-aa img.kb-inline-image, .wp-block-kadence-advancedheading.kt-adv-heading4660_fce0e8-aa[data-kb-block=\"kb-adv-heading4660_fce0e8-aa\"] img.kb-inline-image{width:150px;vertical-align:baseline;}<\/style>\n<h3 class=\"kt-adv-heading4660_fce0e8-aa wp-block-kadence-advancedheading\" data-kb-block=\"kb-adv-heading4660_fce0e8-aa\">Objetivo<\/h3>\n\n\n\n<p>Diagnosticar la imagen que tienen los Servicios Sociales en el territorio, as\u00ed como las carencias de la comunicaci\u00f3n que la Administraci\u00f3n Local realiza sobre ellos, y <strong>dise\u00f1ar un plan de comunicaci\u00f3n que permita potenciar la reputaci\u00f3n y la marca de los Servicios Sociales <\/strong>entre la ciudadan\u00eda.<\/p>\n<\/div><\/div>\n\n\n\n<div class=\"wp-block-genesis-blocks-gb-column gb-block-layout-column\"><div class=\"gb-block-layout-column-inner\"><style>.wp-block-kadence-advancedheading.kt-adv-heading4660_d8c1f2-b2, .wp-block-kadence-advancedheading.kt-adv-heading4660_d8c1f2-b2[data-kb-block=\"kb-adv-heading4660_d8c1f2-b2\"]{font-style:normal;}.wp-block-kadence-advancedheading.kt-adv-heading4660_d8c1f2-b2 mark.kt-highlight, .wp-block-kadence-advancedheading.kt-adv-heading4660_d8c1f2-b2[data-kb-block=\"kb-adv-heading4660_d8c1f2-b2\"] mark.kt-highlight{font-style:normal;color:#f76a0c;-webkit-box-decoration-break:clone;box-decoration-break:clone;padding-top:0px;padding-right:0px;padding-bottom:0px;padding-left:0px;}.wp-block-kadence-advancedheading.kt-adv-heading4660_d8c1f2-b2 img.kb-inline-image, .wp-block-kadence-advancedheading.kt-adv-heading4660_d8c1f2-b2[data-kb-block=\"kb-adv-heading4660_d8c1f2-b2\"] img.kb-inline-image{width:150px;vertical-align:baseline;}<\/style>\n<h3 class=\"kt-adv-heading4660_d8c1f2-b2 wp-block-kadence-advancedheading\" data-kb-block=\"kb-adv-heading4660_d8c1f2-b2\">Destinatarios<\/h3>\n\n\n\n<p>Departamentos de Comunicaci\u00f3n y\/o Servicios Sociales de Administraciones Locales.<\/p>\n<\/div><\/div>\n<\/div><\/div>\n\n\n\n<div class=\"wp-block-genesis-blocks-gb-columns fila container gb-layout-columns-2 gb-2-col-equal\"><div class=\"gb-layout-column-wrap gb-block-layout-column-gap-5 gb-is-responsive-column\">\n<div class=\"wp-block-genesis-blocks-gb-column gb-block-layout-column\"><div class=\"gb-block-layout-column-inner\"><style>.wp-block-kadence-advancedheading.kt-adv-heading4660_81e105-5a, .wp-block-kadence-advancedheading.kt-adv-heading4660_81e105-5a[data-kb-block=\"kb-adv-heading4660_81e105-5a\"]{font-style:normal;}.wp-block-kadence-advancedheading.kt-adv-heading4660_81e105-5a mark.kt-highlight, .wp-block-kadence-advancedheading.kt-adv-heading4660_81e105-5a[data-kb-block=\"kb-adv-heading4660_81e105-5a\"] mark.kt-highlight{font-style:normal;color:#f76a0c;-webkit-box-decoration-break:clone;box-decoration-break:clone;padding-top:0px;padding-right:0px;padding-bottom:0px;padding-left:0px;}.wp-block-kadence-advancedheading.kt-adv-heading4660_81e105-5a img.kb-inline-image, .wp-block-kadence-advancedheading.kt-adv-heading4660_81e105-5a[data-kb-block=\"kb-adv-heading4660_81e105-5a\"] img.kb-inline-image{width:150px;vertical-align:baseline;}<\/style>\n<h3 class=\"kt-adv-heading4660_81e105-5a wp-block-kadence-advancedheading\" data-kb-block=\"kb-adv-heading4660_81e105-5a\">Formato y duraci\u00f3n<\/h3>\n\n\n\n<p>Semi-presencial. El alcance y duraci\u00f3n del servicio se acuerdan con cada Administraci\u00f3n en funci\u00f3n de sus caracter\u00edsticas y necesidades.<\/p>\n\n\n\n<p>Se recomienda realizar a su vez la <strong><a href=\"https:\/\/isocial.cat\/es\/comunicacion-eficaz-en-servicios-sociales\/\">formaci\u00f3n \u00abC\u00f3mo mejorar la comunicaci\u00f3n y la imagen de los Servicios Sociales\u00bb.<\/a><\/strong><\/p>\n<\/div><\/div>\n\n\n\n<div class=\"wp-block-genesis-blocks-gb-column gb-block-layout-column\"><div class=\"gb-block-layout-column-inner\"><style>.wp-block-kadence-advancedheading.kt-adv-heading4660_288604-b6, .wp-block-kadence-advancedheading.kt-adv-heading4660_288604-b6[data-kb-block=\"kb-adv-heading4660_288604-b6\"]{font-style:normal;}.wp-block-kadence-advancedheading.kt-adv-heading4660_288604-b6 mark.kt-highlight, .wp-block-kadence-advancedheading.kt-adv-heading4660_288604-b6[data-kb-block=\"kb-adv-heading4660_288604-b6\"] mark.kt-highlight{font-style:normal;color:#f76a0c;-webkit-box-decoration-break:clone;box-decoration-break:clone;padding-top:0px;padding-right:0px;padding-bottom:0px;padding-left:0px;}.wp-block-kadence-advancedheading.kt-adv-heading4660_288604-b6 img.kb-inline-image, .wp-block-kadence-advancedheading.kt-adv-heading4660_288604-b6[data-kb-block=\"kb-adv-heading4660_288604-b6\"] img.kb-inline-image{width:150px;vertical-align:baseline;}<\/style>\n<h3 class=\"kt-adv-heading4660_288604-b6 wp-block-kadence-advancedheading\" data-kb-block=\"kb-adv-heading4660_288604-b6\">Equipo experto<\/h3>\n\n\n\n<p>Liderado por <strong>V\u00edctor Puig<\/strong>, miembro del equipo iSocial, experto en comunicaci\u00f3n en internet y en reputaci\u00f3n online. Licenciado en Ciencias de la Informaci\u00f3n por la UAB y M\u00e1ster Europeo en Comunicaci\u00f3n Interactiva, Telecomunicaciones y Multimedia. Director de la agencia Zinkdo Digital. Profesor de comunicaci\u00f3n de la UPF y autor del libro \u201cSocial Media: 250 consejos para dise\u00f1ar tu estrategia en las redes sociales\u201d.<\/p>\n<\/div><\/div>\n<\/div><\/div>\n\n\n\n<div class=\"wp-block-genesis-blocks-gb-columns fila container gb-layout-columns-2 gb-2-col-equal\"><div class=\"gb-layout-column-wrap gb-block-layout-column-gap-5 gb-is-responsive-column\">\n<div class=\"wp-block-genesis-blocks-gb-column gb-block-layout-column\"><div class=\"gb-block-layout-column-inner\"><style>.wp-block-kadence-advancedheading.kt-adv-heading4660_ab9c88-4e, .wp-block-kadence-advancedheading.kt-adv-heading4660_ab9c88-4e[data-kb-block=\"kb-adv-heading4660_ab9c88-4e\"]{font-style:normal;}.wp-block-kadence-advancedheading.kt-adv-heading4660_ab9c88-4e mark.kt-highlight, .wp-block-kadence-advancedheading.kt-adv-heading4660_ab9c88-4e[data-kb-block=\"kb-adv-heading4660_ab9c88-4e\"] mark.kt-highlight{font-style:normal;color:#f76a0c;-webkit-box-decoration-break:clone;box-decoration-break:clone;padding-top:0px;padding-right:0px;padding-bottom:0px;padding-left:0px;}.wp-block-kadence-advancedheading.kt-adv-heading4660_ab9c88-4e img.kb-inline-image, .wp-block-kadence-advancedheading.kt-adv-heading4660_ab9c88-4e[data-kb-block=\"kb-adv-heading4660_ab9c88-4e\"] img.kb-inline-image{width:150px;vertical-align:baseline;}<\/style>\n<h3 class=\"kt-adv-heading4660_ab9c88-4e wp-block-kadence-advancedheading\" data-kb-block=\"kb-adv-heading4660_ab9c88-4e\">Precio y pedidos<\/h3>\n\n\n\n<p>Escribir a <a href=\"mailto:isocial@isocial.cat\">isocial@isocial.cat<\/a><\/p>\n<\/div><\/div>\n\n\n\n<div class=\"wp-block-genesis-blocks-gb-column gb-block-layout-column\"><div class=\"gb-block-layout-column-inner\">\n<p><\/p>\n<\/div><\/div>\n<\/div><\/div>\n<\/div><\/div><\/div>\n\n\n\n\n<style>.wp-block-kadence-advancedheading.kt-adv-heading4660_0aca1d-9f, .wp-block-kadence-advancedheading.kt-adv-heading4660_0aca1d-9f[data-kb-block=\"kb-adv-heading4660_0aca1d-9f\"]{margin-top:90px;margin-bottom:35px;font-style:normal;}.wp-block-kadence-advancedheading.kt-adv-heading4660_0aca1d-9f mark.kt-highlight, .wp-block-kadence-advancedheading.kt-adv-heading4660_0aca1d-9f[data-kb-block=\"kb-adv-heading4660_0aca1d-9f\"] mark.kt-highlight{font-style:normal;color:#f76a0c;-webkit-box-decoration-break:clone;box-decoration-break:clone;padding-top:0px;padding-right:0px;padding-bottom:0px;padding-left:0px;}.wp-block-kadence-advancedheading.kt-adv-heading4660_0aca1d-9f img.kb-inline-image, .wp-block-kadence-advancedheading.kt-adv-heading4660_0aca1d-9f[data-kb-block=\"kb-adv-heading4660_0aca1d-9f\"] img.kb-inline-image{width:150px;vertical-align:baseline;}<\/style>\n<h3 class=\"kt-adv-heading4660_0aca1d-9f animated fadeInUp slow wp-block-kadence-advancedheading\" data-kb-block=\"kb-adv-heading4660_0aca1d-9f\">Otros servicios de acompa\u00f1amiento<\/h3>\n\n\n\n<div class=\"wp-block-genesis-blocks-gb-columns fila serveis-acompanyament gb-layout-columns-3 gb-3-col-equal\"><div class=\"gb-layout-column-wrap gb-block-layout-column-gap-2 gb-is-responsive-column\">\n<div class=\"wp-block-genesis-blocks-gb-column columna-img-subhome animated fadeInUp slow gb-block-layout-column\"><div class=\"gb-block-layout-column-inner\">\n<figure class=\"wp-block-image size-full is-resized\"><a href=\"https:\/\/isocial.cat\/es\/implementacion-del-self-directed-support\/\"><img loading=\"lazy\" decoding=\"async\" width=\"604\" height=\"930\" src=\"https:\/\/isocial.cat\/wp-content\/uploads\/2022\/03\/acompanyament-self-directed-support.png\" alt=\"Implementaci\u00f3 del Self-directed Support\" class=\"wp-image-1423\" style=\"width:604px\" srcset=\"https:\/\/isocial.cat\/wp-content\/uploads\/2022\/03\/acompanyament-self-directed-support.png 604w, https:\/\/isocial.cat\/wp-content\/uploads\/2022\/03\/acompanyament-self-directed-support-400x616.png 400w, https:\/\/isocial.cat\/wp-content\/uploads\/2022\/03\/acompanyament-self-directed-support-195x300.png 195w, https:\/\/isocial.cat\/wp-content\/uploads\/2022\/03\/acompanyament-self-directed-support-300x462.png 300w\" sizes=\"auto, (max-width: 604px) 100vw, 604px\" \/><\/a><\/figure>\n\n\n<style>.wp-block-kadence-advancedheading.kt-adv-heading4660_9259ea-f5, .wp-block-kadence-advancedheading.kt-adv-heading4660_9259ea-f5[data-kb-block=\"kb-adv-heading4660_9259ea-f5\"]{font-style:normal;}.wp-block-kadence-advancedheading.kt-adv-heading4660_9259ea-f5 mark.kt-highlight, .wp-block-kadence-advancedheading.kt-adv-heading4660_9259ea-f5[data-kb-block=\"kb-adv-heading4660_9259ea-f5\"] mark.kt-highlight{font-style:normal;color:#f76a0c;-webkit-box-decoration-break:clone;box-decoration-break:clone;padding-top:0px;padding-right:0px;padding-bottom:0px;padding-left:0px;}.wp-block-kadence-advancedheading.kt-adv-heading4660_9259ea-f5 img.kb-inline-image, .wp-block-kadence-advancedheading.kt-adv-heading4660_9259ea-f5[data-kb-block=\"kb-adv-heading4660_9259ea-f5\"] img.kb-inline-image{width:150px;vertical-align:baseline;}<\/style>\n<h4 class=\"kt-adv-heading4660_9259ea-f5 wp-block-kadence-advancedheading\" data-kb-block=\"kb-adv-heading4660_9259ea-f5\"><a href=\"https:\/\/isocial.cat\/es\/implementacion-del-self-directed-support\/\">Implementaci\u00f3n del Self-directed Support<\/a><\/h4>\n\n\n\n<p>Ofrecemos un acompa\u00f1amiento grupal para poner en pr\u00e1ctica esta metodolog\u00eda innovadora de intervenci\u00f3n social.<\/p>\n\n\n\n<p><a href=\"https:\/\/isocial.cat\/es\/implementacion-del-self-directed-support\/\">Saber m\u00e1s<\/a><\/p>\n<\/div><\/div>\n\n\n\n<div class=\"wp-block-genesis-blocks-gb-column columna-img-subhome animated fadeInUp slow delay-200ms gb-block-layout-column\"><div class=\"gb-block-layout-column-inner\">\n<figure class=\"wp-block-image size-full\"><a href=\"https:\/\/isocial.cat\/es\/gestion-del-cambio\/\"><img loading=\"lazy\" decoding=\"async\" width=\"604\" height=\"930\" src=\"https:\/\/isocial.cat\/wp-content\/uploads\/2022\/03\/acompanyament-canvi-organitzacions.png\" alt=\"Gesti\u00f3 del canvi en organitzacions de serveis socials\" class=\"wp-image-1426\" srcset=\"https:\/\/isocial.cat\/wp-content\/uploads\/2022\/03\/acompanyament-canvi-organitzacions.png 604w, https:\/\/isocial.cat\/wp-content\/uploads\/2022\/03\/acompanyament-canvi-organitzacions-400x616.png 400w, https:\/\/isocial.cat\/wp-content\/uploads\/2022\/03\/acompanyament-canvi-organitzacions-195x300.png 195w, https:\/\/isocial.cat\/wp-content\/uploads\/2022\/03\/acompanyament-canvi-organitzacions-300x462.png 300w\" sizes=\"auto, (max-width: 604px) 100vw, 604px\" \/><\/a><\/figure>\n\n\n<style>.wp-block-kadence-advancedheading.kt-adv-heading4660_5805f5-5f, .wp-block-kadence-advancedheading.kt-adv-heading4660_5805f5-5f[data-kb-block=\"kb-adv-heading4660_5805f5-5f\"]{font-style:normal;}.wp-block-kadence-advancedheading.kt-adv-heading4660_5805f5-5f mark.kt-highlight, .wp-block-kadence-advancedheading.kt-adv-heading4660_5805f5-5f[data-kb-block=\"kb-adv-heading4660_5805f5-5f\"] mark.kt-highlight{font-style:normal;color:#f76a0c;-webkit-box-decoration-break:clone;box-decoration-break:clone;padding-top:0px;padding-right:0px;padding-bottom:0px;padding-left:0px;}.wp-block-kadence-advancedheading.kt-adv-heading4660_5805f5-5f img.kb-inline-image, .wp-block-kadence-advancedheading.kt-adv-heading4660_5805f5-5f[data-kb-block=\"kb-adv-heading4660_5805f5-5f\"] img.kb-inline-image{width:150px;vertical-align:baseline;}<\/style>\n<h4 class=\"kt-adv-heading4660_5805f5-5f wp-block-kadence-advancedheading\" data-kb-block=\"kb-adv-heading4660_5805f5-5f\"><a href=\"https:\/\/isocial.cat\/es\/gestion-del-cambio\/\">Gesti\u00f3n del cambio en organizaciones de servicios sociales<\/a><\/h4>\n\n\n\n<p>Acompa\u00f1amos a directivos y equipos en el dise\u00f1o y la implementaci\u00f3n de un proyecto de cambio o de mejora en la organizaci\u00f3n.<\/p>\n\n\n\n<p><a href=\"https:\/\/isocial.cat\/es\/gestion-del-cambio\/\">Saber m\u00e1s<\/a><\/p>\n<\/div><\/div>\n\n\n\n<div class=\"wp-block-genesis-blocks-gb-column columna-img-subhome animated fadeInUp slow delay-500ms gb-block-layout-column\"><div class=\"gb-block-layout-column-inner\">\n<figure class=\"wp-block-image size-full\"><a href=\"https:\/\/isocial.cat\/es\/diseno-de-un-plan-de-transformacion-digital\/\"><img loading=\"lazy\" decoding=\"async\" width=\"604\" height=\"930\" src=\"https:\/\/isocial.cat\/wp-content\/uploads\/2022\/03\/acompanyament-transformacio-digital.png\" alt=\"Pla de transformaci\u00f3 digital\" class=\"wp-image-1424\" srcset=\"https:\/\/isocial.cat\/wp-content\/uploads\/2022\/03\/acompanyament-transformacio-digital.png 604w, https:\/\/isocial.cat\/wp-content\/uploads\/2022\/03\/acompanyament-transformacio-digital-400x616.png 400w, https:\/\/isocial.cat\/wp-content\/uploads\/2022\/03\/acompanyament-transformacio-digital-195x300.png 195w, https:\/\/isocial.cat\/wp-content\/uploads\/2022\/03\/acompanyament-transformacio-digital-300x462.png 300w\" sizes=\"auto, (max-width: 604px) 100vw, 604px\" \/><\/a><\/figure>\n\n\n<style>.wp-block-kadence-advancedheading.kt-adv-heading4660_55fa7b-32, .wp-block-kadence-advancedheading.kt-adv-heading4660_55fa7b-32[data-kb-block=\"kb-adv-heading4660_55fa7b-32\"]{font-style:normal;}.wp-block-kadence-advancedheading.kt-adv-heading4660_55fa7b-32 mark.kt-highlight, .wp-block-kadence-advancedheading.kt-adv-heading4660_55fa7b-32[data-kb-block=\"kb-adv-heading4660_55fa7b-32\"] mark.kt-highlight{font-style:normal;color:#f76a0c;-webkit-box-decoration-break:clone;box-decoration-break:clone;padding-top:0px;padding-right:0px;padding-bottom:0px;padding-left:0px;}.wp-block-kadence-advancedheading.kt-adv-heading4660_55fa7b-32 img.kb-inline-image, .wp-block-kadence-advancedheading.kt-adv-heading4660_55fa7b-32[data-kb-block=\"kb-adv-heading4660_55fa7b-32\"] img.kb-inline-image{width:150px;vertical-align:baseline;}<\/style>\n<h4 class=\"kt-adv-heading4660_55fa7b-32 wp-block-kadence-advancedheading\" data-kb-block=\"kb-adv-heading4660_55fa7b-32\"><a href=\"https:\/\/isocial.cat\/es\/diseno-de-un-plan-de-transformacion-digital\/\">Plan de transformaci\u00f3n digital<\/a><\/h4>\n\n\n\n<p>Diagnosticamos las necesidades en el \u00e1mbito de la digitalizaci\u00f3n y dise\u00f1amos un plan detallado para afrontarlas.<\/p>\n\n\n\n<p><a href=\"https:\/\/isocial.cat\/es\/diseno-de-un-plan-de-transformacion-digital\/\">Saber m\u00e1s<\/a><\/p>\n<\/div><\/div>\n<\/div><\/div>\n<\/div><\/div><\/div>\n\n\n\n<div class=\"wp-block-genesis-blocks-gb-columns footer-newsletter gb-layout-columns-1 one-column alignfull\"><div class=\"gb-layout-column-wrap gb-block-layout-column-gap-2 gb-is-responsive-column\">\n<div class=\"wp-block-genesis-blocks-gb-column gb-block-layout-column\"><div class=\"gb-block-layout-column-inner\">\n<div class=\"wp-block-genesis-blocks-gb-columns container gb-layout-columns-1 one-column\"><div class=\"gb-layout-column-wrap gb-block-layout-column-gap-2 gb-is-responsive-column\">\n<div class=\"wp-block-genesis-blocks-gb-column gb-block-layout-column\"><div class=\"gb-block-layout-column-inner\"><style>.wp-block-kadence-advancedheading.kt-adv-heading_4d2423-9c, .wp-block-kadence-advancedheading.kt-adv-heading_4d2423-9c[data-kb-block=\"kb-adv-heading_4d2423-9c\"]{font-style:normal;}.wp-block-kadence-advancedheading.kt-adv-heading_4d2423-9c mark.kt-highlight, .wp-block-kadence-advancedheading.kt-adv-heading_4d2423-9c[data-kb-block=\"kb-adv-heading_4d2423-9c\"] mark.kt-highlight{font-style:normal;color:#f76a0c;-webkit-box-decoration-break:clone;box-decoration-break:clone;padding-top:0px;padding-right:0px;padding-bottom:0px;padding-left:0px;}.wp-block-kadence-advancedheading.kt-adv-heading_4d2423-9c img.kb-inline-image, .wp-block-kadence-advancedheading.kt-adv-heading_4d2423-9c[data-kb-block=\"kb-adv-heading_4d2423-9c\"] img.kb-inline-image{width:150px;vertical-align:baseline;}<\/style>\n<h3 class=\"kt-adv-heading_4d2423-9c titol-seccio wp-block-kadence-advancedheading\" data-kb-block=\"kb-adv-heading_4d2423-9c\">Newsletter<\/h3>\n\n\n<style>.wp-block-kadence-advancedheading.kt-adv-heading_cf2667-29, .wp-block-kadence-advancedheading.kt-adv-heading_cf2667-29[data-kb-block=\"kb-adv-heading_cf2667-29\"]{font-style:normal;}.wp-block-kadence-advancedheading.kt-adv-heading_cf2667-29 mark.kt-highlight, .wp-block-kadence-advancedheading.kt-adv-heading_cf2667-29[data-kb-block=\"kb-adv-heading_cf2667-29\"] mark.kt-highlight{font-style:normal;color:#f76a0c;-webkit-box-decoration-break:clone;box-decoration-break:clone;padding-top:0px;padding-right:0px;padding-bottom:0px;padding-left:0px;}.wp-block-kadence-advancedheading.kt-adv-heading_cf2667-29 img.kb-inline-image, .wp-block-kadence-advancedheading.kt-adv-heading_cf2667-29[data-kb-block=\"kb-adv-heading_cf2667-29\"] img.kb-inline-image{width:150px;vertical-align:baseline;}<\/style>\n<h4 class=\"kt-adv-heading_cf2667-29 wp-block-kadence-advancedheading\" data-kb-block=\"kb-adv-heading_cf2667-29\">Suscr\u00edbete si quieres estar informado en todas las tendencias de innovaci\u00f3n en servicios sociales.<\/h4>\n\n\n<\/div><\/div>\n<\/div><\/div>\n<\/div><\/div>\n<\/div><\/div>\n","protected":false},"excerpt":{"rendered":"<p>Diagnosticamos las necesidades de mejora de la comunicaci\u00f3n y la imagen de los servicios sociales y dise\u00f1amos un plan de mejora.<\/p>\n","protected":false},"author":1,"featured_media":2774,"parent":0,"menu_order":0,"comment_status":"closed","ping_status":"closed","template":"templates\/template-builder.php","meta":{"_acf_changed":false,"inline_featured_image":false,"_kad_blocks_custom_css":"","_kad_blocks_head_custom_js":"","_kad_blocks_body_custom_js":"","_kad_blocks_footer_custom_js":"","footnotes":""},"class_list":["post-4660","page","type-page","status-publish","has-post-thumbnail","hentry","post","with-featured-image"],"acf":[],"taxonomy_info":[],"featured_image_src_large":["https:\/\/isocial.cat\/wp-content\/uploads\/2022\/03\/1371248254887.jpg",1000,600,false],"author_info":{"display_name":"admin","author_link":"https:\/\/isocial.cat\/es\/author\/ideadmin\/"},"comment_info":0,"featured_image_src":"https:\/\/isocial.cat\/wp-content\/uploads\/2022\/03\/1371248254887-600x400.jpg","featured_image_src_square":"https:\/\/isocial.cat\/wp-content\/uploads\/2022\/03\/1371248254887-600x600.jpg","_links":{"self":[{"href":"https:\/\/isocial.cat\/es\/wp-json\/wp\/v2\/pages\/4660","targetHints":{"allow":["GET"]}}],"collection":[{"href":"https:\/\/isocial.cat\/es\/wp-json\/wp\/v2\/pages"}],"about":[{"href":"https:\/\/isocial.cat\/es\/wp-json\/wp\/v2\/types\/page"}],"author":[{"embeddable":true,"href":"https:\/\/isocial.cat\/es\/wp-json\/wp\/v2\/users\/1"}],"replies":[{"embeddable":true,"href":"https:\/\/isocial.cat\/es\/wp-json\/wp\/v2\/comments?post=4660"}],"version-history":[{"count":8,"href":"https:\/\/isocial.cat\/es\/wp-json\/wp\/v2\/pages\/4660\/revisions"}],"predecessor-version":[{"id":19356,"href":"https:\/\/isocial.cat\/es\/wp-json\/wp\/v2\/pages\/4660\/revisions\/19356"}],"wp:featuredmedia":[{"embeddable":true,"href":"https:\/\/isocial.cat\/es\/wp-json\/wp\/v2\/media\/2774"}],"wp:attachment":[{"href":"https:\/\/isocial.cat\/es\/wp-json\/wp\/v2\/media?parent=4660"}],"curies":[{"name":"wp","href":"https:\/\/api.w.org\/{rel}","templated":true}]}}