{"id":4664,"date":"2022-03-22T12:32:04","date_gmt":"2022-03-22T11:32:04","guid":{"rendered":"https:\/\/isocial.cat\/pla-de-transformacio-digital\/"},"modified":"2023-11-16T12:16:14","modified_gmt":"2023-11-16T11:16:14","slug":"diseno-de-un-plan-de-transformacion-digital","status":"publish","type":"page","link":"https:\/\/isocial.cat\/es\/diseno-de-un-plan-de-transformacion-digital\/","title":{"rendered":"Dise\u00f1o e implementaci\u00f3n de un plan de transformaci\u00f3n digital"},"content":{"rendered":"\n<div class=\"wp-block-genesis-blocks-gb-container alignfull header--3 subhome--1 innovacio gb-block-container\"><div class=\"gb-container-inside\"><div class=\"gb-container-content\">\n<div class=\"wp-block-genesis-blocks-gb-container container gb-block-container\"><div class=\"gb-container-inside\"><div class=\"gb-container-content\">\n<p class=\"parent--link separador animated fadeInUp slow\"><a href=\"https:\/\/isocial.cat\/es\/lab\/\" data-type=\"page\">Lab<\/a> <a href=\"https:\/\/isocial.cat\/es\/servicios\/\">Servicios<\/a><\/p>\n\n\n<h1 class=\"animated fadeInUp delay-200ms slow wp-block-post-title\">Dise\u00f1o e implementaci\u00f3n de un plan de transformaci\u00f3n digital<\/h1>\n\n\n<p class=\"entradeta animated fadeInUp delay-500ms slow\">Para organizaciones de servicios sociales p\u00fablicas y del tercer sector.<\/p>\n<\/div><\/div><\/div>\n<\/div><\/div><\/div>\n\n\n\n<div class=\"wp-block-genesis-blocks-gb-container container--2 subhome gb-block-container\"><div class=\"gb-container-inside\"><div class=\"gb-container-content\">\n<div class=\"wp-block-genesis-blocks-gb-columns fila post animated fadeInUp slow delay-1s gb-layout-columns-3 gb-3-col-widecenter\"><div class=\"gb-layout-column-wrap gb-block-layout-column-gap-0 gb-is-responsive-column\">\n<div class=\"wp-block-genesis-blocks-gb-column gb-block-layout-column\"><div class=\"gb-block-layout-column-inner\">\n<p><\/p>\n<\/div><\/div>\n\n\n\n<div class=\"wp-block-genesis-blocks-gb-column gb-block-layout-column\"><div class=\"gb-block-layout-column-inner\"><figure class=\"img-destacada wp-block-post-featured-image\"><img loading=\"lazy\" decoding=\"async\" width=\"2560\" height=\"1707\" src=\"https:\/\/isocial.cat\/wp-content\/uploads\/2022\/03\/creative-christians-HN6uXG7GzTE-unsplash-scaled.jpeg\" class=\"attachment-post-thumbnail size-post-thumbnail wp-post-image\" alt=\"\" style=\"object-fit:cover;\" srcset=\"https:\/\/isocial.cat\/wp-content\/uploads\/2022\/03\/creative-christians-HN6uXG7GzTE-unsplash-scaled.jpeg 2560w, https:\/\/isocial.cat\/wp-content\/uploads\/2022\/03\/creative-christians-HN6uXG7GzTE-unsplash-scaled-400x267.jpeg 400w, https:\/\/isocial.cat\/wp-content\/uploads\/2022\/03\/creative-christians-HN6uXG7GzTE-unsplash-300x200.jpeg 300w, https:\/\/isocial.cat\/wp-content\/uploads\/2022\/03\/creative-christians-HN6uXG7GzTE-unsplash-1024x683.jpeg 1024w, https:\/\/isocial.cat\/wp-content\/uploads\/2022\/03\/creative-christians-HN6uXG7GzTE-unsplash-768x512.jpeg 768w, https:\/\/isocial.cat\/wp-content\/uploads\/2022\/03\/creative-christians-HN6uXG7GzTE-unsplash-1536x1024.jpeg 1536w, https:\/\/isocial.cat\/wp-content\/uploads\/2022\/03\/creative-christians-HN6uXG7GzTE-unsplash-2048x1365.jpeg 2048w, https:\/\/isocial.cat\/wp-content\/uploads\/2022\/03\/creative-christians-HN6uXG7GzTE-unsplash-1200x800.jpeg 1200w, https:\/\/isocial.cat\/wp-content\/uploads\/2022\/03\/creative-christians-HN6uXG7GzTE-unsplash-600x400.jpeg 600w, https:\/\/isocial.cat\/wp-content\/uploads\/2022\/03\/creative-christians-HN6uXG7GzTE-unsplash-1400x933.jpeg 1400w\" sizes=\"auto, (max-width: 2560px) 100vw, 2560px\" \/><\/figure>\n\n\n<div class=\"wp-block-genesis-blocks-gb-container contingut-post gb-block-container\"><div class=\"gb-container-inside\"><div class=\"gb-container-content\">\n<p class=\"lead-text has-large-font-size\">Apoyo para redefinir metodolog\u00edas, herramientas de trabajo, competencias y habilidades<\/p>\n\n\n\n<p>La transformaci\u00f3n digital es hoy <strong>un reto inaplazable<\/strong> para las organizaciones de Servicios Sociales, no s\u00f3lo por la adaptaci\u00f3n a una sociedad en transformaci\u00f3n y a una ciudadan\u00eda cada vez m\u00e1s digitalizada, sino al mismo tiempo porque se trata de una transformaci\u00f3n asociada a otras transformaciones que el sistema de Servicios Sociales tambi\u00e9n necesita: la personalizaci\u00f3n de los servicios, el empoderamiento de las personas usuarias, el refuerzo de la acci\u00f3n preventiva, el impulso de la intervenci\u00f3n grupal y comunitaria, la agilizaci\u00f3n de los tiempos de respuesta, la simplificaci\u00f3n de procesos administrativos, o disponer de informaci\u00f3n que ayude a la planificaci\u00f3n de los servicios.<\/p>\n\n\n\n<p>Estas transformaciones de los Servicios Sociales deben <strong>dar respuesta a una ciudadan\u00eda cada vez m\u00e1s informada y exigente<\/strong>, que plantea demandas con expectativas de unos servicios p\u00fablicos de mayor calidad, as\u00ed como un nuevo rol y acompa\u00f1amiento por parte de los equipos profesionales.<\/p>\n\n\n\n<p>Pero la incorporaci\u00f3n de los avances tecnol\u00f3gicos en los procesos de acompa\u00f1amiento y apoyo a las personas supone <strong>un cambio de paradigma<\/strong> y al mismo tiempo es una oportunidad profesional que requiere redefinir metodolog\u00edas, herramientas de trabajo, competencias y habilidades. Y, adem\u00e1s, es necesario hacerlo procurando el empoderamiento de las personas usuarias y garantizando la inclusi\u00f3n digital, la accesibilidad universal y la usabilidad.<\/p>\n\n\n\n<p>Todo ello exige un buen diagn\u00f3stico previo, el dise\u00f1o de un plan de cambio <strong>adaptado a la situaci\u00f3n, las particularidades y las capacidades de cada territorio<\/strong>, y un acompa\u00f1amiento para su implementaci\u00f3n.<\/p>\n<\/div><\/div><\/div>\n<\/div><\/div>\n\n\n\n<div class=\"wp-block-genesis-blocks-gb-column gb-block-layout-column\"><div class=\"gb-block-layout-column-inner\">\n<p><\/p>\n<\/div><\/div>\n<\/div><\/div>\n\n\n\n<div style=\"background-color:#f7f5f5\" class=\"wp-block-genesis-blocks-gb-container alignfull post-info-relacionada animated fadeInUp slow gb-block-container\"><div class=\"gb-container-inside\"><div class=\"gb-container-content\">\n<div class=\"wp-block-genesis-blocks-gb-columns fila container gb-layout-columns-2 gb-2-col-equal\"><div class=\"gb-layout-column-wrap gb-block-layout-column-gap-5 gb-is-responsive-column\">\n<div class=\"wp-block-genesis-blocks-gb-column gb-block-layout-column\"><div class=\"gb-block-layout-column-inner\"><style>.wp-block-kadence-advancedheading.kt-adv-heading4664_b6f101-ad, .wp-block-kadence-advancedheading.kt-adv-heading4664_b6f101-ad[data-kb-block=\"kb-adv-heading4664_b6f101-ad\"]{font-style:normal;}.wp-block-kadence-advancedheading.kt-adv-heading4664_b6f101-ad mark.kt-highlight, .wp-block-kadence-advancedheading.kt-adv-heading4664_b6f101-ad[data-kb-block=\"kb-adv-heading4664_b6f101-ad\"] mark.kt-highlight{font-style:normal;color:#f76a0c;-webkit-box-decoration-break:clone;box-decoration-break:clone;padding-top:0px;padding-right:0px;padding-bottom:0px;padding-left:0px;}.wp-block-kadence-advancedheading.kt-adv-heading4664_b6f101-ad img.kb-inline-image, .wp-block-kadence-advancedheading.kt-adv-heading4664_b6f101-ad[data-kb-block=\"kb-adv-heading4664_b6f101-ad\"] img.kb-inline-image{width:150px;vertical-align:baseline;}<\/style>\n<h3 class=\"kt-adv-heading4664_b6f101-ad wp-block-kadence-advancedheading\" data-kb-block=\"kb-adv-heading4664_b6f101-ad\">Objetivo<\/h3>\n\n\n\n<p><strong>Elaborar<\/strong> un diagn\u00f3stico y un plan de transformaci\u00f3n digital adaptado a la situaci\u00f3n, posibilidades y particularidades del territorio, y <strong>acompa\u00f1ar<\/strong> al equipo de Servicios Sociales para su satisfactoria implementaci\u00f3n.<\/p>\n<\/div><\/div>\n\n\n\n<div class=\"wp-block-genesis-blocks-gb-column gb-block-layout-column\"><div class=\"gb-block-layout-column-inner\"><style>.wp-block-kadence-advancedheading.kt-adv-heading4664_5ac5e9-ae, .wp-block-kadence-advancedheading.kt-adv-heading4664_5ac5e9-ae[data-kb-block=\"kb-adv-heading4664_5ac5e9-ae\"]{font-style:normal;}.wp-block-kadence-advancedheading.kt-adv-heading4664_5ac5e9-ae mark.kt-highlight, .wp-block-kadence-advancedheading.kt-adv-heading4664_5ac5e9-ae[data-kb-block=\"kb-adv-heading4664_5ac5e9-ae\"] mark.kt-highlight{font-style:normal;color:#f76a0c;-webkit-box-decoration-break:clone;box-decoration-break:clone;padding-top:0px;padding-right:0px;padding-bottom:0px;padding-left:0px;}.wp-block-kadence-advancedheading.kt-adv-heading4664_5ac5e9-ae img.kb-inline-image, .wp-block-kadence-advancedheading.kt-adv-heading4664_5ac5e9-ae[data-kb-block=\"kb-adv-heading4664_5ac5e9-ae\"] img.kb-inline-image{width:150px;vertical-align:baseline;}<\/style>\n<h3 class=\"kt-adv-heading4664_5ac5e9-ae wp-block-kadence-advancedheading\" data-kb-block=\"kb-adv-heading4664_5ac5e9-ae\">Destinatarios<\/h3>\n\n\n\n<p>Equipos directivos, coordinadores\/as de equipos, responsables de planificaci\u00f3n.<\/p>\n<\/div><\/div>\n<\/div><\/div>\n\n\n\n<div class=\"wp-block-genesis-blocks-gb-columns fila container gb-layout-columns-2 gb-2-col-equal\"><div class=\"gb-layout-column-wrap gb-block-layout-column-gap-5 gb-is-responsive-column\">\n<div class=\"wp-block-genesis-blocks-gb-column gb-block-layout-column\"><div class=\"gb-block-layout-column-inner\"><style>.wp-block-kadence-advancedheading.kt-adv-heading4664_6a5e2a-93, .wp-block-kadence-advancedheading.kt-adv-heading4664_6a5e2a-93[data-kb-block=\"kb-adv-heading4664_6a5e2a-93\"]{font-style:normal;}.wp-block-kadence-advancedheading.kt-adv-heading4664_6a5e2a-93 mark.kt-highlight, .wp-block-kadence-advancedheading.kt-adv-heading4664_6a5e2a-93[data-kb-block=\"kb-adv-heading4664_6a5e2a-93\"] mark.kt-highlight{font-style:normal;color:#f76a0c;-webkit-box-decoration-break:clone;box-decoration-break:clone;padding-top:0px;padding-right:0px;padding-bottom:0px;padding-left:0px;}.wp-block-kadence-advancedheading.kt-adv-heading4664_6a5e2a-93 img.kb-inline-image, .wp-block-kadence-advancedheading.kt-adv-heading4664_6a5e2a-93[data-kb-block=\"kb-adv-heading4664_6a5e2a-93\"] img.kb-inline-image{width:150px;vertical-align:baseline;}<\/style>\n<h3 class=\"kt-adv-heading4664_6a5e2a-93 wp-block-kadence-advancedheading\" data-kb-block=\"kb-adv-heading4664_6a5e2a-93\">Formato y duraci\u00f3n<\/h3>\n\n\n\n<p>Semi-presencial. El alcance y duraci\u00f3n del servicio se acuerdan con cada organizaci\u00f3n en funci\u00f3n de sus caracter\u00edsticas y necesidades.<\/p>\n<\/div><\/div>\n\n\n\n<div class=\"wp-block-genesis-blocks-gb-column gb-block-layout-column\"><div class=\"gb-block-layout-column-inner\"><style>.wp-block-kadence-advancedheading.kt-adv-heading4664_4525ac-5a, .wp-block-kadence-advancedheading.kt-adv-heading4664_4525ac-5a[data-kb-block=\"kb-adv-heading4664_4525ac-5a\"]{font-style:normal;}.wp-block-kadence-advancedheading.kt-adv-heading4664_4525ac-5a mark.kt-highlight, .wp-block-kadence-advancedheading.kt-adv-heading4664_4525ac-5a[data-kb-block=\"kb-adv-heading4664_4525ac-5a\"] mark.kt-highlight{font-style:normal;color:#f76a0c;-webkit-box-decoration-break:clone;box-decoration-break:clone;padding-top:0px;padding-right:0px;padding-bottom:0px;padding-left:0px;}.wp-block-kadence-advancedheading.kt-adv-heading4664_4525ac-5a img.kb-inline-image, .wp-block-kadence-advancedheading.kt-adv-heading4664_4525ac-5a[data-kb-block=\"kb-adv-heading4664_4525ac-5a\"] img.kb-inline-image{width:150px;vertical-align:baseline;}<\/style>\n<h3 class=\"kt-adv-heading4664_4525ac-5a wp-block-kadence-advancedheading\" data-kb-block=\"kb-adv-heading4664_4525ac-5a\">Equipo experto<\/h3>\n\n\n\n<p>Liderado por <strong>Francesc Oliveras<\/strong>, miembro del equipo iSocial, inform\u00e1tico experto en TIC en el \u00e1mbito de los Servicios sociales, la eAdministraci\u00f3n y la Firma Electr\u00f3nica. Ha sido Director General de la empresa p\u00fablica CatCERT y actualmente es responsable de la oficina t\u00e9cnica del sistema de informaci\u00f3n GESS de los servicios sociales b\u00e1sicos de 5 organismos comarcales gerundenses.<\/p>\n<\/div><\/div>\n<\/div><\/div>\n\n\n\n<div class=\"wp-block-genesis-blocks-gb-columns fila container gb-layout-columns-2 gb-2-col-equal\"><div class=\"gb-layout-column-wrap gb-block-layout-column-gap-5 gb-is-responsive-column\">\n<div class=\"wp-block-genesis-blocks-gb-column gb-block-layout-column\"><div class=\"gb-block-layout-column-inner\"><style>.wp-block-kadence-advancedheading.kt-adv-heading4664_d15ac6-62, .wp-block-kadence-advancedheading.kt-adv-heading4664_d15ac6-62[data-kb-block=\"kb-adv-heading4664_d15ac6-62\"]{font-style:normal;}.wp-block-kadence-advancedheading.kt-adv-heading4664_d15ac6-62 mark.kt-highlight, .wp-block-kadence-advancedheading.kt-adv-heading4664_d15ac6-62[data-kb-block=\"kb-adv-heading4664_d15ac6-62\"] mark.kt-highlight{font-style:normal;color:#f76a0c;-webkit-box-decoration-break:clone;box-decoration-break:clone;padding-top:0px;padding-right:0px;padding-bottom:0px;padding-left:0px;}.wp-block-kadence-advancedheading.kt-adv-heading4664_d15ac6-62 img.kb-inline-image, .wp-block-kadence-advancedheading.kt-adv-heading4664_d15ac6-62[data-kb-block=\"kb-adv-heading4664_d15ac6-62\"] img.kb-inline-image{width:150px;vertical-align:baseline;}<\/style>\n<h3 class=\"kt-adv-heading4664_d15ac6-62 wp-block-kadence-advancedheading\" data-kb-block=\"kb-adv-heading4664_d15ac6-62\">Precio y pedidos<\/h3>\n\n\n\n<p>Escribir a <a href=\"mailto:isocial@isocial.cat\">isocial@isocial.cat<\/a><\/p>\n<\/div><\/div>\n\n\n\n<div class=\"wp-block-genesis-blocks-gb-column gb-block-layout-column\"><div class=\"gb-block-layout-column-inner\">\n<p><\/p>\n<\/div><\/div>\n<\/div><\/div>\n<\/div><\/div><\/div>\n\n\n\n\n<style>.wp-block-kadence-advancedheading.kt-adv-heading4664_3439ca-b8, .wp-block-kadence-advancedheading.kt-adv-heading4664_3439ca-b8[data-kb-block=\"kb-adv-heading4664_3439ca-b8\"]{margin-top:90px;margin-bottom:35px;font-style:normal;}.wp-block-kadence-advancedheading.kt-adv-heading4664_3439ca-b8 mark.kt-highlight, .wp-block-kadence-advancedheading.kt-adv-heading4664_3439ca-b8[data-kb-block=\"kb-adv-heading4664_3439ca-b8\"] mark.kt-highlight{font-style:normal;color:#f76a0c;-webkit-box-decoration-break:clone;box-decoration-break:clone;padding-top:0px;padding-right:0px;padding-bottom:0px;padding-left:0px;}.wp-block-kadence-advancedheading.kt-adv-heading4664_3439ca-b8 img.kb-inline-image, .wp-block-kadence-advancedheading.kt-adv-heading4664_3439ca-b8[data-kb-block=\"kb-adv-heading4664_3439ca-b8\"] img.kb-inline-image{width:150px;vertical-align:baseline;}<\/style>\n<h3 class=\"kt-adv-heading4664_3439ca-b8 animated fadeInUp slow wp-block-kadence-advancedheading\" data-kb-block=\"kb-adv-heading4664_3439ca-b8\">Otros servicios de acompa\u00f1amiento<\/h3>\n\n\n\n<div class=\"wp-block-genesis-blocks-gb-columns fila serveis-acompanyament gb-layout-columns-3 gb-3-col-equal\"><div class=\"gb-layout-column-wrap gb-block-layout-column-gap-2 gb-is-responsive-column\">\n<div class=\"wp-block-genesis-blocks-gb-column columna-img-subhome animated fadeInUp slow gb-block-layout-column\"><div class=\"gb-block-layout-column-inner\">\n<figure class=\"wp-block-image size-full is-resized\"><a href=\"https:\/\/isocial.cat\/es\/implementacion-del-self-directed-support\/\"><img loading=\"lazy\" decoding=\"async\" width=\"604\" height=\"930\" src=\"https:\/\/isocial.cat\/wp-content\/uploads\/2022\/03\/acompanyament-self-directed-support.png\" alt=\"Implementaci\u00f3 del Self-directed Support\" class=\"wp-image-1423\" style=\"width:604px\" srcset=\"https:\/\/isocial.cat\/wp-content\/uploads\/2022\/03\/acompanyament-self-directed-support.png 604w, https:\/\/isocial.cat\/wp-content\/uploads\/2022\/03\/acompanyament-self-directed-support-400x616.png 400w, https:\/\/isocial.cat\/wp-content\/uploads\/2022\/03\/acompanyament-self-directed-support-195x300.png 195w, https:\/\/isocial.cat\/wp-content\/uploads\/2022\/03\/acompanyament-self-directed-support-300x462.png 300w\" sizes=\"auto, (max-width: 604px) 100vw, 604px\" \/><\/a><\/figure>\n\n\n<style>.wp-block-kadence-advancedheading.kt-adv-heading4664_8a2c58-f5, .wp-block-kadence-advancedheading.kt-adv-heading4664_8a2c58-f5[data-kb-block=\"kb-adv-heading4664_8a2c58-f5\"]{font-style:normal;}.wp-block-kadence-advancedheading.kt-adv-heading4664_8a2c58-f5 mark.kt-highlight, .wp-block-kadence-advancedheading.kt-adv-heading4664_8a2c58-f5[data-kb-block=\"kb-adv-heading4664_8a2c58-f5\"] mark.kt-highlight{font-style:normal;color:#f76a0c;-webkit-box-decoration-break:clone;box-decoration-break:clone;padding-top:0px;padding-right:0px;padding-bottom:0px;padding-left:0px;}.wp-block-kadence-advancedheading.kt-adv-heading4664_8a2c58-f5 img.kb-inline-image, .wp-block-kadence-advancedheading.kt-adv-heading4664_8a2c58-f5[data-kb-block=\"kb-adv-heading4664_8a2c58-f5\"] img.kb-inline-image{width:150px;vertical-align:baseline;}<\/style>\n<h4 class=\"kt-adv-heading4664_8a2c58-f5 wp-block-kadence-advancedheading\" data-kb-block=\"kb-adv-heading4664_8a2c58-f5\"><a href=\"https:\/\/isocial.cat\/es\/implementacion-del-self-directed-support\/\">Implementaci\u00f3n del Self-directed Support<\/a><\/h4>\n\n\n\n<p>Ofrecemos un acompa\u00f1amiento grupal para poner en pr\u00e1ctica esta metodolog\u00eda innovadora de intervenci\u00f3n social.<\/p>\n\n\n\n<p><a href=\"https:\/\/isocial.cat\/es\/implementacion-del-self-directed-support\/\">Saber m\u00e1s<\/a><\/p>\n<\/div><\/div>\n\n\n\n<div class=\"wp-block-genesis-blocks-gb-column columna-img-subhome animated fadeInUp slow delay-200ms gb-block-layout-column\"><div class=\"gb-block-layout-column-inner\">\n<figure class=\"wp-block-image size-full\"><a href=\"https:\/\/isocial.cat\/es\/gestion-del-cambio\/\"><img loading=\"lazy\" decoding=\"async\" width=\"604\" height=\"930\" src=\"https:\/\/isocial.cat\/wp-content\/uploads\/2022\/03\/acompanyament-canvi-organitzacions.png\" alt=\"Gesti\u00f3 del canvi en organitzacions de serveis socials\" class=\"wp-image-1426\" srcset=\"https:\/\/isocial.cat\/wp-content\/uploads\/2022\/03\/acompanyament-canvi-organitzacions.png 604w, https:\/\/isocial.cat\/wp-content\/uploads\/2022\/03\/acompanyament-canvi-organitzacions-400x616.png 400w, https:\/\/isocial.cat\/wp-content\/uploads\/2022\/03\/acompanyament-canvi-organitzacions-195x300.png 195w, https:\/\/isocial.cat\/wp-content\/uploads\/2022\/03\/acompanyament-canvi-organitzacions-300x462.png 300w\" sizes=\"auto, (max-width: 604px) 100vw, 604px\" \/><\/a><\/figure>\n\n\n<style>.wp-block-kadence-advancedheading.kt-adv-heading4664_e8999f-63, .wp-block-kadence-advancedheading.kt-adv-heading4664_e8999f-63[data-kb-block=\"kb-adv-heading4664_e8999f-63\"]{font-style:normal;}.wp-block-kadence-advancedheading.kt-adv-heading4664_e8999f-63 mark.kt-highlight, .wp-block-kadence-advancedheading.kt-adv-heading4664_e8999f-63[data-kb-block=\"kb-adv-heading4664_e8999f-63\"] mark.kt-highlight{font-style:normal;color:#f76a0c;-webkit-box-decoration-break:clone;box-decoration-break:clone;padding-top:0px;padding-right:0px;padding-bottom:0px;padding-left:0px;}.wp-block-kadence-advancedheading.kt-adv-heading4664_e8999f-63 img.kb-inline-image, .wp-block-kadence-advancedheading.kt-adv-heading4664_e8999f-63[data-kb-block=\"kb-adv-heading4664_e8999f-63\"] img.kb-inline-image{width:150px;vertical-align:baseline;}<\/style>\n<h4 class=\"kt-adv-heading4664_e8999f-63 wp-block-kadence-advancedheading\" data-kb-block=\"kb-adv-heading4664_e8999f-63\"><a href=\"https:\/\/isocial.cat\/es\/gestion-del-cambio\/\">Gesti\u00f3n del cambio en organizaciones de servicios sociales<\/a><\/h4>\n\n\n\n<p>Acompa\u00f1amos a directivos y equipos en el dise\u00f1o y la implementaci\u00f3n de un proyecto de cambio o de mejora en la organizaci\u00f3n.<\/p>\n\n\n\n<p><a href=\"https:\/\/isocial.cat\/es\/gestion-del-cambio\/\">Saber m\u00e1s<\/a><\/p>\n<\/div><\/div>\n\n\n\n<div class=\"wp-block-genesis-blocks-gb-column columna-img-subhome animated fadeInUp slow delay-500ms gb-block-layout-column\"><div class=\"gb-block-layout-column-inner\">\n<figure class=\"wp-block-image size-full\"><a href=\"https:\/\/isocial.cat\/es\/diseno-de-un-plan-de-comunicacion-de-los-servicios-sociales\/\"><img loading=\"lazy\" decoding=\"async\" width=\"604\" height=\"930\" src=\"https:\/\/isocial.cat\/wp-content\/uploads\/2022\/03\/acompanyament-pla-comunicacio.png\" alt=\"Pla de comunicaci\u00f3 dels serveis socials\" class=\"wp-image-1425\" srcset=\"https:\/\/isocial.cat\/wp-content\/uploads\/2022\/03\/acompanyament-pla-comunicacio.png 604w, https:\/\/isocial.cat\/wp-content\/uploads\/2022\/03\/acompanyament-pla-comunicacio-400x616.png 400w, https:\/\/isocial.cat\/wp-content\/uploads\/2022\/03\/acompanyament-pla-comunicacio-195x300.png 195w, https:\/\/isocial.cat\/wp-content\/uploads\/2022\/03\/acompanyament-pla-comunicacio-300x462.png 300w\" sizes=\"auto, (max-width: 604px) 100vw, 604px\" \/><\/a><\/figure>\n\n\n<style>.wp-block-kadence-advancedheading.kt-adv-heading4664_08566c-97, .wp-block-kadence-advancedheading.kt-adv-heading4664_08566c-97[data-kb-block=\"kb-adv-heading4664_08566c-97\"]{font-style:normal;}.wp-block-kadence-advancedheading.kt-adv-heading4664_08566c-97 mark.kt-highlight, .wp-block-kadence-advancedheading.kt-adv-heading4664_08566c-97[data-kb-block=\"kb-adv-heading4664_08566c-97\"] mark.kt-highlight{font-style:normal;color:#f76a0c;-webkit-box-decoration-break:clone;box-decoration-break:clone;padding-top:0px;padding-right:0px;padding-bottom:0px;padding-left:0px;}.wp-block-kadence-advancedheading.kt-adv-heading4664_08566c-97 img.kb-inline-image, .wp-block-kadence-advancedheading.kt-adv-heading4664_08566c-97[data-kb-block=\"kb-adv-heading4664_08566c-97\"] img.kb-inline-image{width:150px;vertical-align:baseline;}<\/style>\n<h4 class=\"kt-adv-heading4664_08566c-97 wp-block-kadence-advancedheading\" data-kb-block=\"kb-adv-heading4664_08566c-97\"><a href=\"https:\/\/isocial.cat\/es\/diseno-de-un-plan-de-comunicacion-de-los-servicios-sociales\/\">Plan de comunicaci\u00f3n de los servicios sociales<\/a><\/h4>\n\n\n\n<p>Diagnosticamos las necesidades de mejora de la comunicaci\u00f3n y la imagen de los servicios sociales y dise\u00f1amos un plan de mejora.<\/p>\n\n\n\n<p><a href=\"https:\/\/isocial.cat\/es\/diseno-de-un-plan-de-comunicacion-de-los-servicios-sociales\/\">Saber m\u00e1s<\/a><\/p>\n<\/div><\/div>\n<\/div><\/div>\n<\/div><\/div><\/div>\n\n\n\n<div class=\"wp-block-genesis-blocks-gb-columns footer-newsletter gb-layout-columns-1 one-column alignfull\"><div class=\"gb-layout-column-wrap gb-block-layout-column-gap-2 gb-is-responsive-column\">\n<div class=\"wp-block-genesis-blocks-gb-column gb-block-layout-column\"><div class=\"gb-block-layout-column-inner\">\n<div class=\"wp-block-genesis-blocks-gb-columns container gb-layout-columns-1 one-column\"><div class=\"gb-layout-column-wrap gb-block-layout-column-gap-2 gb-is-responsive-column\">\n<div class=\"wp-block-genesis-blocks-gb-column gb-block-layout-column\"><div class=\"gb-block-layout-column-inner\"><style>.wp-block-kadence-advancedheading.kt-adv-heading_4d2423-9c, .wp-block-kadence-advancedheading.kt-adv-heading_4d2423-9c[data-kb-block=\"kb-adv-heading_4d2423-9c\"]{font-style:normal;}.wp-block-kadence-advancedheading.kt-adv-heading_4d2423-9c mark.kt-highlight, .wp-block-kadence-advancedheading.kt-adv-heading_4d2423-9c[data-kb-block=\"kb-adv-heading_4d2423-9c\"] mark.kt-highlight{font-style:normal;color:#f76a0c;-webkit-box-decoration-break:clone;box-decoration-break:clone;padding-top:0px;padding-right:0px;padding-bottom:0px;padding-left:0px;}.wp-block-kadence-advancedheading.kt-adv-heading_4d2423-9c img.kb-inline-image, .wp-block-kadence-advancedheading.kt-adv-heading_4d2423-9c[data-kb-block=\"kb-adv-heading_4d2423-9c\"] img.kb-inline-image{width:150px;vertical-align:baseline;}<\/style>\n<h3 class=\"kt-adv-heading_4d2423-9c titol-seccio wp-block-kadence-advancedheading\" data-kb-block=\"kb-adv-heading_4d2423-9c\">Newsletter<\/h3>\n\n\n<style>.wp-block-kadence-advancedheading.kt-adv-heading_cf2667-29, .wp-block-kadence-advancedheading.kt-adv-heading_cf2667-29[data-kb-block=\"kb-adv-heading_cf2667-29\"]{font-style:normal;}.wp-block-kadence-advancedheading.kt-adv-heading_cf2667-29 mark.kt-highlight, .wp-block-kadence-advancedheading.kt-adv-heading_cf2667-29[data-kb-block=\"kb-adv-heading_cf2667-29\"] mark.kt-highlight{font-style:normal;color:#f76a0c;-webkit-box-decoration-break:clone;box-decoration-break:clone;padding-top:0px;padding-right:0px;padding-bottom:0px;padding-left:0px;}.wp-block-kadence-advancedheading.kt-adv-heading_cf2667-29 img.kb-inline-image, .wp-block-kadence-advancedheading.kt-adv-heading_cf2667-29[data-kb-block=\"kb-adv-heading_cf2667-29\"] img.kb-inline-image{width:150px;vertical-align:baseline;}<\/style>\n<h4 class=\"kt-adv-heading_cf2667-29 wp-block-kadence-advancedheading\" data-kb-block=\"kb-adv-heading_cf2667-29\">Suscr\u00edbete si quieres estar informado en todas las tendencias de innovaci\u00f3n en servicios sociales.<\/h4>\n\n\n<\/div><\/div>\n<\/div><\/div>\n<\/div><\/div>\n<\/div><\/div>\n","protected":false},"excerpt":{"rendered":"<p>Diagnosticamos las necesidades en el \u00e1mbito de la digitalizaci\u00f3n y dise\u00f1amos un plan detallado para afrontarlas.<\/p>\n","protected":false},"author":1,"featured_media":2998,"parent":0,"menu_order":0,"comment_status":"closed","ping_status":"closed","template":"templates\/template-builder.php","meta":{"_acf_changed":false,"inline_featured_image":false,"_kad_blocks_custom_css":"","_kad_blocks_head_custom_js":"","_kad_blocks_body_custom_js":"","_kad_blocks_footer_custom_js":"","footnotes":""},"class_list":["post-4664","page","type-page","status-publish","has-post-thumbnail","hentry","post","with-featured-image"],"acf":[],"taxonomy_info":[],"featured_image_src_large":["https:\/\/isocial.cat\/wp-content\/uploads\/2022\/03\/creative-christians-HN6uXG7GzTE-unsplash-1024x683.jpeg",1024,683,true],"author_info":{"display_name":"admin","author_link":"https:\/\/isocial.cat\/es\/author\/ideadmin\/"},"comment_info":0,"featured_image_src":"https:\/\/isocial.cat\/wp-content\/uploads\/2022\/03\/creative-christians-HN6uXG7GzTE-unsplash-600x400.jpeg","featured_image_src_square":"https:\/\/isocial.cat\/wp-content\/uploads\/2022\/03\/creative-christians-HN6uXG7GzTE-unsplash-600x600.jpeg","_links":{"self":[{"href":"https:\/\/isocial.cat\/es\/wp-json\/wp\/v2\/pages\/4664","targetHints":{"allow":["GET"]}}],"collection":[{"href":"https:\/\/isocial.cat\/es\/wp-json\/wp\/v2\/pages"}],"about":[{"href":"https:\/\/isocial.cat\/es\/wp-json\/wp\/v2\/types\/page"}],"author":[{"embeddable":true,"href":"https:\/\/isocial.cat\/es\/wp-json\/wp\/v2\/users\/1"}],"replies":[{"embeddable":true,"href":"https:\/\/isocial.cat\/es\/wp-json\/wp\/v2\/comments?post=4664"}],"version-history":[{"count":9,"href":"https:\/\/isocial.cat\/es\/wp-json\/wp\/v2\/pages\/4664\/revisions"}],"predecessor-version":[{"id":19357,"href":"https:\/\/isocial.cat\/es\/wp-json\/wp\/v2\/pages\/4664\/revisions\/19357"}],"wp:featuredmedia":[{"embeddable":true,"href":"https:\/\/isocial.cat\/es\/wp-json\/wp\/v2\/media\/2998"}],"wp:attachment":[{"href":"https:\/\/isocial.cat\/es\/wp-json\/wp\/v2\/media?parent=4664"}],"curies":[{"name":"wp","href":"https:\/\/api.w.org\/{rel}","templated":true}]}}