{"id":4730,"date":"2022-02-28T17:58:09","date_gmt":"2022-02-28T16:58:09","guid":{"rendered":"https:\/\/isocial.cat\/espais-de-co-creacio\/"},"modified":"2024-06-21T08:25:02","modified_gmt":"2024-06-21T06:25:02","slug":"innolabs","status":"publish","type":"page","link":"https:\/\/isocial.cat\/es\/innolabs\/","title":{"rendered":"InnoLabs"},"content":{"rendered":"\n<div class=\"wp-block-genesis-blocks-gb-container alignfull header--3 subhome--1 innovacio gb-block-container\"><div class=\"gb-container-inside\"><div class=\"gb-container-content\">\n<div class=\"wp-block-genesis-blocks-gb-container container gb-block-container\"><div class=\"gb-container-inside\"><div class=\"gb-container-content\">\n<span class=\"parent--link animated fadeInUp slow\"><a href=\"https:\/\/isocial.cat\/es\/lab\/\">Lab<\/a><\/span>\n\n\n<h1 class=\"animated fadeInUp delay-200ms slow wp-block-post-title\">InnoLabs<\/h1>\n\n<div class=\"animated fadeInUp delay-500ms slow wp-block-post-excerpt\"><p class=\"wp-block-post-excerpt__excerpt\">Convocamos un espacio de co-creaci\u00f3n trimestral con nuestras entidades miembros y otros stakeholders, en el que analizamos retos complejos del sector y buscamos soluciones innovadoras por medio de entornos de experimentaci\u00f3n y bancos de pruebas reales que sit\u00faan la persona en el centro a la vez que integran y activan a todos los agentes del&hellip; <\/p><\/div><\/div><\/div><\/div>\n<\/div><\/div><\/div>\n\n\n\n<div class=\"wp-block-genesis-blocks-gb-container container--2 subhome gb-block-container\"><div class=\"gb-container-inside\"><div class=\"gb-container-content\">\n<div class=\"wp-block-genesis-blocks-gb-columns fila post animated fadeInUp slow delay-1s gb-layout-columns-3 gb-3-col-widecenter\"><div class=\"gb-layout-column-wrap gb-block-layout-column-gap-0 gb-is-responsive-column\">\n<div class=\"wp-block-genesis-blocks-gb-column gb-block-layout-column\"><div class=\"gb-block-layout-column-inner\">\n<p><\/p>\n<\/div><\/div>\n\n\n\n<div class=\"wp-block-genesis-blocks-gb-column gb-block-layout-column\"><div class=\"gb-block-layout-column-inner\"><figure class=\"img-destacada wp-block-post-featured-image\"><img loading=\"lazy\" decoding=\"async\" width=\"1700\" height=\"1131\" src=\"https:\/\/isocial.cat\/wp-content\/uploads\/2023\/03\/innolabs.jpg\" class=\"attachment-post-thumbnail size-post-thumbnail wp-post-image\" alt=\"InnoLabs\" style=\"object-fit:cover;\" srcset=\"https:\/\/isocial.cat\/wp-content\/uploads\/2023\/03\/innolabs.jpg 1700w, https:\/\/isocial.cat\/wp-content\/uploads\/2023\/03\/innolabs-400x266.jpg 400w, https:\/\/isocial.cat\/wp-content\/uploads\/2023\/03\/innolabs-300x200.jpg 300w, https:\/\/isocial.cat\/wp-content\/uploads\/2023\/03\/innolabs-1024x681.jpg 1024w, https:\/\/isocial.cat\/wp-content\/uploads\/2023\/03\/innolabs-768x511.jpg 768w, https:\/\/isocial.cat\/wp-content\/uploads\/2023\/03\/innolabs-1536x1022.jpg 1536w, https:\/\/isocial.cat\/wp-content\/uploads\/2023\/03\/innolabs-600x400.jpg 600w, https:\/\/isocial.cat\/wp-content\/uploads\/2023\/03\/innolabs-1200x798.jpg 1200w, https:\/\/isocial.cat\/wp-content\/uploads\/2023\/03\/innolabs-1400x931.jpg 1400w\" sizes=\"auto, (max-width: 1700px) 100vw, 1700px\" \/><\/figure>\n\n\n\n<style>.wp-block-kadence-advancedheading.kt-adv-heading4730_982b33-c0, .wp-block-kadence-advancedheading.kt-adv-heading4730_982b33-c0[data-kb-block=\"kb-adv-heading4730_982b33-c0\"]{font-style:normal;}.wp-block-kadence-advancedheading.kt-adv-heading4730_982b33-c0 mark.kt-highlight, .wp-block-kadence-advancedheading.kt-adv-heading4730_982b33-c0[data-kb-block=\"kb-adv-heading4730_982b33-c0\"] mark.kt-highlight{font-style:normal;color:#f76a0c;-webkit-box-decoration-break:clone;box-decoration-break:clone;padding-top:0px;padding-right:0px;padding-bottom:0px;padding-left:0px;}.wp-block-kadence-advancedheading.kt-adv-heading4730_982b33-c0 img.kb-inline-image, .wp-block-kadence-advancedheading.kt-adv-heading4730_982b33-c0[data-kb-block=\"kb-adv-heading4730_982b33-c0\"] img.kb-inline-image{width:150px;vertical-align:baseline;}<\/style>\n<h2 class=\"kt-adv-heading4730_982b33-c0 wp-block-kadence-advancedheading\" data-kb-block=\"kb-adv-heading4730_982b33-c0\">Qu\u00e9 son los InnoLabs?<\/h2>\n\n\n\n<p>Actividades de innovaci\u00f3n abierta en servicios sociales, en los que:<\/p>\n\n\n\n<ol class=\"wp-block-list\" style=\"list-style-type:1\">\n<li>Identificamos retos de transformaci\u00f3n y mejora que tiene hoy el sector<\/li>\n\n\n\n<li>Conectamos todos los agentes p\u00fablicos y privados (4-h\u00e9lice) relacionados con un reto<\/li>\n\n\n\n<li>Proporcionamos metodolog\u00eda y facilitaci\u00f3n para encontrar soluciones innovadoras<\/li>\n\n\n\n<li>Co-creamos y co-dise\u00f1amos con la participaci\u00f3n activa de los usuarios finales<\/li>\n\n\n\n<li>Prototipamos y desarrollamos nuevos productos y servicios<\/li>\n\n\n\n<li>&nbsp;Los evaluamos y validamos en un entorno real<\/li>\n\n\n\n<li>Los implementamos y escalamos<\/li>\n<\/ol>\n\n\n<style>.wp-block-kadence-advancedheading.kt-adv-heading4730_7f8a56-02, .wp-block-kadence-advancedheading.kt-adv-heading4730_7f8a56-02[data-kb-block=\"kb-adv-heading4730_7f8a56-02\"]{font-style:normal;}.wp-block-kadence-advancedheading.kt-adv-heading4730_7f8a56-02 mark.kt-highlight, .wp-block-kadence-advancedheading.kt-adv-heading4730_7f8a56-02[data-kb-block=\"kb-adv-heading4730_7f8a56-02\"] mark.kt-highlight{font-style:normal;color:#f76a0c;-webkit-box-decoration-break:clone;box-decoration-break:clone;padding-top:0px;padding-right:0px;padding-bottom:0px;padding-left:0px;}.wp-block-kadence-advancedheading.kt-adv-heading4730_7f8a56-02 img.kb-inline-image, .wp-block-kadence-advancedheading.kt-adv-heading4730_7f8a56-02[data-kb-block=\"kb-adv-heading4730_7f8a56-02\"] img.kb-inline-image{width:150px;vertical-align:baseline;}<\/style>\n<h2 class=\"kt-adv-heading4730_7f8a56-02 wp-block-kadence-advancedheading\" data-kb-block=\"kb-adv-heading4730_7f8a56-02\">Ingredientes de los InnoLabs<\/h2>\n\n\n\n<ul class=\"wp-block-list\">\n<li>Conexi\u00f3n entre los usuarios finales, tercer sector, administraciones, universidades y empresas<\/li>\n\n\n\n<li>An\u00e1lisis de experiencias existentes en otros territorios<\/li>\n\n\n\n<li>M\u00e9todos de co-creaci\u00f3n, co-dise\u00f1o e implementaci\u00f3n<\/li>\n\n\n\n<li>Expertez en dise\u00f1o, desarrollo y testeo de soluciones innovadoras<\/li>\n\n\n\n<li>Expertez en acceso a fuentes de financiaci\u00f3n competitivas<\/li>\n\n\n\n<li>Formaci\u00f3n de profesionales<\/li>\n\n\n\n<li>Acompa\u00f1amiento organizacional a la gesti\u00f3n del cambio<\/li>\n<\/ul>\n\n\n<style>.wp-block-kadence-advancedheading.kt-adv-heading4730_0f4f60-84, .wp-block-kadence-advancedheading.kt-adv-heading4730_0f4f60-84[data-kb-block=\"kb-adv-heading4730_0f4f60-84\"]{font-style:normal;}.wp-block-kadence-advancedheading.kt-adv-heading4730_0f4f60-84 mark.kt-highlight, .wp-block-kadence-advancedheading.kt-adv-heading4730_0f4f60-84[data-kb-block=\"kb-adv-heading4730_0f4f60-84\"] mark.kt-highlight{font-style:normal;color:#f76a0c;-webkit-box-decoration-break:clone;box-decoration-break:clone;padding-top:0px;padding-right:0px;padding-bottom:0px;padding-left:0px;}.wp-block-kadence-advancedheading.kt-adv-heading4730_0f4f60-84 img.kb-inline-image, .wp-block-kadence-advancedheading.kt-adv-heading4730_0f4f60-84[data-kb-block=\"kb-adv-heading4730_0f4f60-84\"] img.kb-inline-image{width:150px;vertical-align:baseline;}<\/style>\n<h2 class=\"kt-adv-heading4730_0f4f60-84 wp-block-kadence-advancedheading\" data-kb-block=\"kb-adv-heading4730_0f4f60-84\">Periodicidad de los InnoLabs<\/h2>\n\n\n\n<p>Organizamos por lo menos tres InnoLabs cada a\u00f1o con nuestras entidades miembros, en torno a retos concretos que hemos identificado y acordado previamente.<\/p>\n\n\n\n<p>De nuestros InnoLabs han surgido varios de los proyectos transformadores que actualmente estamos prototipando, desarrollando o evaluando.<\/p>\n\n\n<style>.wp-block-kadence-advancedheading.kt-adv-heading4730_edce06-10, .wp-block-kadence-advancedheading.kt-adv-heading4730_edce06-10[data-kb-block=\"kb-adv-heading4730_edce06-10\"]{font-style:normal;}.wp-block-kadence-advancedheading.kt-adv-heading4730_edce06-10 mark.kt-highlight, .wp-block-kadence-advancedheading.kt-adv-heading4730_edce06-10[data-kb-block=\"kb-adv-heading4730_edce06-10\"] mark.kt-highlight{font-style:normal;color:#f76a0c;-webkit-box-decoration-break:clone;box-decoration-break:clone;padding-top:0px;padding-right:0px;padding-bottom:0px;padding-left:0px;}.wp-block-kadence-advancedheading.kt-adv-heading4730_edce06-10 img.kb-inline-image, .wp-block-kadence-advancedheading.kt-adv-heading4730_edce06-10[data-kb-block=\"kb-adv-heading4730_edce06-10\"] img.kb-inline-image{width:150px;vertical-align:baseline;}<\/style>\n<h2 class=\"kt-adv-heading4730_edce06-10 wp-block-kadence-advancedheading\" data-kb-block=\"kb-adv-heading4730_edce06-10\">Otros espacios de innovaci\u00f3n abierta<\/h2>\n\n\n\n<p>Adem\u00e1s, participamos en dos espacios de co-creaci\u00f3n impulsados conjuntamente con otras organizaciones:<\/p>\n\n\n\n<ul class=\"wp-block-list\">\n<li><a href=\"https:\/\/ballaginglab.org\/\" target=\"_blank\" rel=\"noreferrer noopener\">BALL (Barcelona Aging and Longevity Lab)<\/a><\/li>\n\n\n\n<li><a href=\"https:\/\/colabscatalunya.cat\/\" target=\"_blank\" rel=\"noreferrer noopener\">Col\u00b7laboratori Catalunya Salut i Benestar<\/a><\/li>\n<\/ul>\n<\/div><\/div>\n\n\n\n<div class=\"wp-block-genesis-blocks-gb-column gb-block-layout-column\"><div class=\"gb-block-layout-column-inner\">\n<p><\/p>\n<\/div><\/div>\n<\/div><\/div>\n\n\n<\/div><\/div><\/div>\n\n\n\n<div class=\"wp-block-genesis-blocks-gb-columns footer-newsletter gb-layout-columns-1 one-column alignfull\"><div class=\"gb-layout-column-wrap gb-block-layout-column-gap-2 gb-is-responsive-column\">\n<div class=\"wp-block-genesis-blocks-gb-column gb-block-layout-column\"><div class=\"gb-block-layout-column-inner\">\n<div class=\"wp-block-genesis-blocks-gb-columns container gb-layout-columns-1 one-column\"><div class=\"gb-layout-column-wrap gb-block-layout-column-gap-2 gb-is-responsive-column\">\n<div class=\"wp-block-genesis-blocks-gb-column gb-block-layout-column\"><div class=\"gb-block-layout-column-inner\"><style>.wp-block-kadence-advancedheading.kt-adv-heading_4d2423-9c, .wp-block-kadence-advancedheading.kt-adv-heading_4d2423-9c[data-kb-block=\"kb-adv-heading_4d2423-9c\"]{font-style:normal;}.wp-block-kadence-advancedheading.kt-adv-heading_4d2423-9c mark.kt-highlight, .wp-block-kadence-advancedheading.kt-adv-heading_4d2423-9c[data-kb-block=\"kb-adv-heading_4d2423-9c\"] mark.kt-highlight{font-style:normal;color:#f76a0c;-webkit-box-decoration-break:clone;box-decoration-break:clone;padding-top:0px;padding-right:0px;padding-bottom:0px;padding-left:0px;}.wp-block-kadence-advancedheading.kt-adv-heading_4d2423-9c img.kb-inline-image, .wp-block-kadence-advancedheading.kt-adv-heading_4d2423-9c[data-kb-block=\"kb-adv-heading_4d2423-9c\"] img.kb-inline-image{width:150px;vertical-align:baseline;}<\/style>\n<h3 class=\"kt-adv-heading_4d2423-9c titol-seccio wp-block-kadence-advancedheading\" data-kb-block=\"kb-adv-heading_4d2423-9c\">Newsletter<\/h3>\n\n\n<style>.wp-block-kadence-advancedheading.kt-adv-heading_cf2667-29, .wp-block-kadence-advancedheading.kt-adv-heading_cf2667-29[data-kb-block=\"kb-adv-heading_cf2667-29\"]{font-style:normal;}.wp-block-kadence-advancedheading.kt-adv-heading_cf2667-29 mark.kt-highlight, .wp-block-kadence-advancedheading.kt-adv-heading_cf2667-29[data-kb-block=\"kb-adv-heading_cf2667-29\"] mark.kt-highlight{font-style:normal;color:#f76a0c;-webkit-box-decoration-break:clone;box-decoration-break:clone;padding-top:0px;padding-right:0px;padding-bottom:0px;padding-left:0px;}.wp-block-kadence-advancedheading.kt-adv-heading_cf2667-29 img.kb-inline-image, .wp-block-kadence-advancedheading.kt-adv-heading_cf2667-29[data-kb-block=\"kb-adv-heading_cf2667-29\"] img.kb-inline-image{width:150px;vertical-align:baseline;}<\/style>\n<h4 class=\"kt-adv-heading_cf2667-29 wp-block-kadence-advancedheading\" data-kb-block=\"kb-adv-heading_cf2667-29\">Suscr\u00edbete si quieres estar informado en todas las tendencias de innovaci\u00f3n en servicios sociales.<\/h4>\n\n\n<\/div><\/div>\n<\/div><\/div>\n<\/div><\/div>\n<\/div><\/div>\n","protected":false},"excerpt":{"rendered":"<p>Convocamos un espacio de co-creaci\u00f3n trimestral con nuestras entidades miembros y otros stakeholders, en el que analizamos retos complejos del sector y buscamos soluciones innovadoras por medio de entornos de experimentaci\u00f3n y bancos de pruebas reales que sit\u00faan la persona en el centro a la vez que integran y activan a todos los agentes del ecosistema de innovaci\u00f3n.<\/p>\n","protected":false},"author":1,"featured_media":12457,"parent":0,"menu_order":0,"comment_status":"closed","ping_status":"closed","template":"templates\/template-builder.php","meta":{"_acf_changed":false,"inline_featured_image":false,"_kad_blocks_custom_css":"","_kad_blocks_head_custom_js":"","_kad_blocks_body_custom_js":"","_kad_blocks_footer_custom_js":"","footnotes":""},"class_list":["post-4730","page","type-page","status-publish","has-post-thumbnail","hentry","post","with-featured-image"],"acf":[],"taxonomy_info":[],"featured_image_src_large":["https:\/\/isocial.cat\/wp-content\/uploads\/2023\/03\/innolabs-1024x681.jpg",1024,681,true],"author_info":{"display_name":"admin","author_link":"https:\/\/isocial.cat\/es\/author\/ideadmin\/"},"comment_info":0,"featured_image_src":"https:\/\/isocial.cat\/wp-content\/uploads\/2023\/03\/innolabs-600x400.jpg","featured_image_src_square":"https:\/\/isocial.cat\/wp-content\/uploads\/2023\/03\/innolabs-600x600.jpg","_links":{"self":[{"href":"https:\/\/isocial.cat\/es\/wp-json\/wp\/v2\/pages\/4730","targetHints":{"allow":["GET"]}}],"collection":[{"href":"https:\/\/isocial.cat\/es\/wp-json\/wp\/v2\/pages"}],"about":[{"href":"https:\/\/isocial.cat\/es\/wp-json\/wp\/v2\/types\/page"}],"author":[{"embeddable":true,"href":"https:\/\/isocial.cat\/es\/wp-json\/wp\/v2\/users\/1"}],"replies":[{"embeddable":true,"href":"https:\/\/isocial.cat\/es\/wp-json\/wp\/v2\/comments?post=4730"}],"version-history":[{"count":14,"href":"https:\/\/isocial.cat\/es\/wp-json\/wp\/v2\/pages\/4730\/revisions"}],"predecessor-version":[{"id":26428,"href":"https:\/\/isocial.cat\/es\/wp-json\/wp\/v2\/pages\/4730\/revisions\/26428"}],"wp:featuredmedia":[{"embeddable":true,"href":"https:\/\/isocial.cat\/es\/wp-json\/wp\/v2\/media\/12457"}],"wp:attachment":[{"href":"https:\/\/isocial.cat\/es\/wp-json\/wp\/v2\/media?parent=4730"}],"curies":[{"name":"wp","href":"https:\/\/api.w.org\/{rel}","templated":true}]}}