{"id":4749,"date":"2022-02-28T17:56:06","date_gmt":"2022-02-28T16:56:06","guid":{"rendered":"https:\/\/isocial.cat\/innovacio\/"},"modified":"2023-04-24T11:59:20","modified_gmt":"2023-04-24T10:59:20","slug":"lab","status":"publish","type":"page","link":"https:\/\/isocial.cat\/es\/lab\/","title":{"rendered":"Lab"},"content":{"rendered":"\n<div class=\"wp-block-genesis-blocks-gb-container alignfull header--2 subhome--1 innovacio gb-block-container\"><div class=\"gb-container-inside\"><div class=\"gb-container-content\">\n<div class=\"wp-block-genesis-blocks-gb-container container gb-block-container\"><div class=\"gb-container-inside\"><div class=\"gb-container-content\"><h1 class=\"animated fadeInUp slow wp-block-post-title\">Lab<\/h1>\n\n<div class=\"animated fadeInUp delay-200ms slow wp-block-post-excerpt\"><p class=\"wp-block-post-excerpt__excerpt\">Impulsamos la transformaci\u00f3n de la acci\u00f3n social por medio de procesos de co-creaci\u00f3n y el desarrollo de proyectos, servicios y productos innovadores. <\/p><\/div><\/div><\/div><\/div>\n<\/div><\/div><\/div>\n\n\n\n<div class=\"wp-block-genesis-blocks-gb-columns container--2 subhome gb-layout-columns-4 gb-4-col-equal\"><div class=\"gb-layout-column-wrap gb-block-layout-column-gap-2 gb-is-responsive-column\">\n<div class=\"wp-block-genesis-blocks-gb-column columna-img-subhome  animated fadeInUp slow gb-block-layout-column\"><div class=\"gb-block-layout-column-inner\">\n<figure class=\"wp-block-image size-full\"><a href=\"https:\/\/isocial.cat\/es\/innolabs\/\"><img loading=\"lazy\" decoding=\"async\" width=\"604\" height=\"930\" src=\"https:\/\/isocial.cat\/wp-content\/uploads\/2022\/03\/innovacio-co-creacio.png\" alt=\"InnoLabs\" class=\"wp-image-176\" srcset=\"https:\/\/isocial.cat\/wp-content\/uploads\/2022\/03\/innovacio-co-creacio.png 604w, https:\/\/isocial.cat\/wp-content\/uploads\/2022\/03\/innovacio-co-creacio-400x616.png 400w, https:\/\/isocial.cat\/wp-content\/uploads\/2022\/03\/innovacio-co-creacio-195x300.png 195w, https:\/\/isocial.cat\/wp-content\/uploads\/2022\/03\/innovacio-co-creacio-300x462.png 300w\" sizes=\"auto, (max-width: 604px) 100vw, 604px\" \/><\/a><\/figure>\n\n\n<style>.wp-block-kadence-advancedheading.kt-adv-heading_727a32-0d, .wp-block-kadence-advancedheading.kt-adv-heading_727a32-0d[data-kb-block=\"kb-adv-heading_727a32-0d\"]{font-style:normal;}.wp-block-kadence-advancedheading.kt-adv-heading_727a32-0d mark.kt-highlight, .wp-block-kadence-advancedheading.kt-adv-heading_727a32-0d[data-kb-block=\"kb-adv-heading_727a32-0d\"] mark.kt-highlight{font-style:normal;color:#f76a0c;-webkit-box-decoration-break:clone;box-decoration-break:clone;padding-top:0px;padding-right:0px;padding-bottom:0px;padding-left:0px;}.wp-block-kadence-advancedheading.kt-adv-heading_727a32-0d img.kb-inline-image, .wp-block-kadence-advancedheading.kt-adv-heading_727a32-0d[data-kb-block=\"kb-adv-heading_727a32-0d\"] img.kb-inline-image{width:150px;vertical-align:baseline;}<\/style>\n<h2 class=\"kt-adv-heading_727a32-0d wp-block-kadence-advancedheading\" data-kb-block=\"kb-adv-heading_727a32-0d\"><a href=\"https:\/\/isocial.cat\/es\/innolabs\/\" data-type=\"page\" data-id=\"4730\">InnoLabs<\/a><\/h2>\n\n\n\n<p>Convocamos un espacio de co-creaci\u00f3n trimestral con nuestras entidades miembros y otros stakeholders, en el que analitzamos retos complejos del sector y buscamos soluciones innovadoras por medio de entornos de experimentaci\u00f3n y bancos de pruebas reales que sit\u00faan la persona en el centro a la vez que integran y activan a todos los agentes del ecosistema de innovaci\u00f3n.<\/p>\n<\/div><\/div>\n\n\n\n<div class=\"wp-block-genesis-blocks-gb-column columna-img-subhome  animated fadeInUp slow delay-200ms gb-block-layout-column\"><div class=\"gb-block-layout-column-inner\">\n<figure class=\"wp-block-image size-full\"><a href=\"https:\/\/isocial.cat\/es\/proyectos\/\"><img loading=\"lazy\" decoding=\"async\" width=\"604\" height=\"930\" src=\"https:\/\/isocial.cat\/wp-content\/uploads\/2022\/03\/innovacio-projectes.png\" alt=\"Proyectos\" class=\"wp-image-174\" srcset=\"https:\/\/isocial.cat\/wp-content\/uploads\/2022\/03\/innovacio-projectes.png 604w, https:\/\/isocial.cat\/wp-content\/uploads\/2022\/03\/innovacio-projectes-400x616.png 400w, https:\/\/isocial.cat\/wp-content\/uploads\/2022\/03\/innovacio-projectes-195x300.png 195w, https:\/\/isocial.cat\/wp-content\/uploads\/2022\/03\/innovacio-projectes-300x462.png 300w\" sizes=\"auto, (max-width: 604px) 100vw, 604px\" \/><\/a><\/figure>\n\n\n<style>.wp-block-kadence-advancedheading.kt-adv-heading_21fc4a-39, .wp-block-kadence-advancedheading.kt-adv-heading_21fc4a-39[data-kb-block=\"kb-adv-heading_21fc4a-39\"]{font-style:normal;}.wp-block-kadence-advancedheading.kt-adv-heading_21fc4a-39 mark.kt-highlight, .wp-block-kadence-advancedheading.kt-adv-heading_21fc4a-39[data-kb-block=\"kb-adv-heading_21fc4a-39\"] mark.kt-highlight{font-style:normal;color:#f76a0c;-webkit-box-decoration-break:clone;box-decoration-break:clone;padding-top:0px;padding-right:0px;padding-bottom:0px;padding-left:0px;}.wp-block-kadence-advancedheading.kt-adv-heading_21fc4a-39 img.kb-inline-image, .wp-block-kadence-advancedheading.kt-adv-heading_21fc4a-39[data-kb-block=\"kb-adv-heading_21fc4a-39\"] img.kb-inline-image{width:150px;vertical-align:baseline;}<\/style>\n<h2 class=\"kt-adv-heading_21fc4a-39 wp-block-kadence-advancedheading\" data-kb-block=\"kb-adv-heading_21fc4a-39\"><a href=\"https:\/\/isocial.cat\/es\/proyectos\/\" data-type=\"page\" data-id=\"4621\">Proyectos<\/a><\/h2>\n\n\n\n<p>Impulsamos y desarrollamos proyectos de innovaci\u00f3n, bajo nuestro liderazgo o el de otras organizaciones, que permiten convertir ideas creativas que pueden resolver retos que tiene hoy el sector de la acci\u00f3n social en soluciones reales, \u00fatiles, viables, sostenibles y con un alto impacto transformador.<\/p>\n<\/div><\/div>\n\n\n\n<div class=\"wp-block-genesis-blocks-gb-column columna-img-subhome  animated fadeInUp slow delay-500ms gb-block-layout-column\"><div class=\"gb-block-layout-column-inner\">\n<figure class=\"wp-block-image size-full\"><a href=\"https:\/\/isocial.cat\/es\/productos\/\"><img loading=\"lazy\" decoding=\"async\" width=\"604\" height=\"930\" src=\"https:\/\/isocial.cat\/wp-content\/uploads\/2023\/03\/productes.png\" alt=\"Productos\" class=\"wp-image-12564\" srcset=\"https:\/\/isocial.cat\/wp-content\/uploads\/2023\/03\/productes.png 604w, https:\/\/isocial.cat\/wp-content\/uploads\/2023\/03\/productes-400x616.png 400w, https:\/\/isocial.cat\/wp-content\/uploads\/2023\/03\/productes-195x300.png 195w, https:\/\/isocial.cat\/wp-content\/uploads\/2023\/03\/productes-300x462.png 300w\" sizes=\"auto, (max-width: 604px) 100vw, 604px\" \/><\/a><\/figure>\n\n\n<style>.wp-block-kadence-advancedheading.kt-adv-heading_894979-bb, .wp-block-kadence-advancedheading.kt-adv-heading_894979-bb[data-kb-block=\"kb-adv-heading_894979-bb\"]{font-style:normal;}.wp-block-kadence-advancedheading.kt-adv-heading_894979-bb mark.kt-highlight, .wp-block-kadence-advancedheading.kt-adv-heading_894979-bb[data-kb-block=\"kb-adv-heading_894979-bb\"] mark.kt-highlight{font-style:normal;color:#f76a0c;-webkit-box-decoration-break:clone;box-decoration-break:clone;padding-top:0px;padding-right:0px;padding-bottom:0px;padding-left:0px;}.wp-block-kadence-advancedheading.kt-adv-heading_894979-bb img.kb-inline-image, .wp-block-kadence-advancedheading.kt-adv-heading_894979-bb[data-kb-block=\"kb-adv-heading_894979-bb\"] img.kb-inline-image{width:150px;vertical-align:baseline;}<\/style>\n<h2 class=\"kt-adv-heading_894979-bb wp-block-kadence-advancedheading\" data-kb-block=\"kb-adv-heading_894979-bb\"><a href=\"https:\/\/isocial.cat\/es\/productos\/\" data-type=\"page\" data-id=\"4621\">Productos<\/a><\/h2>\n\n\n\n<p>Ofrecemos a las organizaciones p\u00fablicas y privadas del sector algunos de los instrumentos y servicios innovadores que hemos desarrollado en nuestros proyectos.<\/p>\n<\/div><\/div>\n\n\n\n<div class=\"wp-block-genesis-blocks-gb-column columna-img-subhome  animated fadeInUp slow delay-1s gb-block-layout-column\"><div class=\"gb-block-layout-column-inner\">\n<figure class=\"wp-block-image size-full\"><a href=\"https:\/\/isocial.cat\/es\/servicios\/\"><img loading=\"lazy\" decoding=\"async\" width=\"604\" height=\"930\" src=\"https:\/\/isocial.cat\/wp-content\/uploads\/2022\/03\/innovacio-acompanyament.png\" alt=\"Servicios\" class=\"wp-image-177\" srcset=\"https:\/\/isocial.cat\/wp-content\/uploads\/2022\/03\/innovacio-acompanyament.png 604w, https:\/\/isocial.cat\/wp-content\/uploads\/2022\/03\/innovacio-acompanyament-400x616.png 400w, https:\/\/isocial.cat\/wp-content\/uploads\/2022\/03\/innovacio-acompanyament-195x300.png 195w, https:\/\/isocial.cat\/wp-content\/uploads\/2022\/03\/innovacio-acompanyament-300x462.png 300w\" sizes=\"auto, (max-width: 604px) 100vw, 604px\" \/><\/a><\/figure>\n\n\n<style>.wp-block-kadence-advancedheading.kt-adv-heading_32d2e7-b6, .wp-block-kadence-advancedheading.kt-adv-heading_32d2e7-b6[data-kb-block=\"kb-adv-heading_32d2e7-b6\"]{font-style:normal;}.wp-block-kadence-advancedheading.kt-adv-heading_32d2e7-b6 mark.kt-highlight, .wp-block-kadence-advancedheading.kt-adv-heading_32d2e7-b6[data-kb-block=\"kb-adv-heading_32d2e7-b6\"] mark.kt-highlight{font-style:normal;color:#f76a0c;-webkit-box-decoration-break:clone;box-decoration-break:clone;padding-top:0px;padding-right:0px;padding-bottom:0px;padding-left:0px;}.wp-block-kadence-advancedheading.kt-adv-heading_32d2e7-b6 img.kb-inline-image, .wp-block-kadence-advancedheading.kt-adv-heading_32d2e7-b6[data-kb-block=\"kb-adv-heading_32d2e7-b6\"] img.kb-inline-image{width:150px;vertical-align:baseline;}<\/style>\n<h2 class=\"kt-adv-heading_32d2e7-b6 wp-block-kadence-advancedheading\" data-kb-block=\"kb-adv-heading_32d2e7-b6\"><a href=\"https:\/\/isocial.cat\/es\/servicios\/\" data-type=\"URL\" data-id=\"servicios\">Servicios<\/a><\/h2>\n\n\n\n<p>Acompa\u00f1amos y asesoramos las organizaciones del sector que necesitan impulsar procesos internos de innovaci\u00f3n, de transformaci\u00f3n o de gesti\u00f3n del cambio en el campo de la acci\u00f3n social.<\/p>\n<\/div><\/div>\n<\/div><\/div>\n\n\n\n<div class=\"wp-block-genesis-blocks-gb-columns footer-newsletter gb-layout-columns-1 one-column alignfull\"><div class=\"gb-layout-column-wrap gb-block-layout-column-gap-2 gb-is-responsive-column\">\n<div class=\"wp-block-genesis-blocks-gb-column gb-block-layout-column\"><div class=\"gb-block-layout-column-inner\">\n<div class=\"wp-block-genesis-blocks-gb-columns container gb-layout-columns-1 one-column\"><div class=\"gb-layout-column-wrap gb-block-layout-column-gap-2 gb-is-responsive-column\">\n<div class=\"wp-block-genesis-blocks-gb-column gb-block-layout-column\"><div class=\"gb-block-layout-column-inner\"><style>.wp-block-kadence-advancedheading.kt-adv-heading_4d2423-9c, .wp-block-kadence-advancedheading.kt-adv-heading_4d2423-9c[data-kb-block=\"kb-adv-heading_4d2423-9c\"]{font-style:normal;}.wp-block-kadence-advancedheading.kt-adv-heading_4d2423-9c mark.kt-highlight, .wp-block-kadence-advancedheading.kt-adv-heading_4d2423-9c[data-kb-block=\"kb-adv-heading_4d2423-9c\"] mark.kt-highlight{font-style:normal;color:#f76a0c;-webkit-box-decoration-break:clone;box-decoration-break:clone;padding-top:0px;padding-right:0px;padding-bottom:0px;padding-left:0px;}.wp-block-kadence-advancedheading.kt-adv-heading_4d2423-9c img.kb-inline-image, .wp-block-kadence-advancedheading.kt-adv-heading_4d2423-9c[data-kb-block=\"kb-adv-heading_4d2423-9c\"] img.kb-inline-image{width:150px;vertical-align:baseline;}<\/style>\n<h3 class=\"kt-adv-heading_4d2423-9c titol-seccio wp-block-kadence-advancedheading\" data-kb-block=\"kb-adv-heading_4d2423-9c\">Newsletter<\/h3>\n\n\n<style>.wp-block-kadence-advancedheading.kt-adv-heading_cf2667-29, .wp-block-kadence-advancedheading.kt-adv-heading_cf2667-29[data-kb-block=\"kb-adv-heading_cf2667-29\"]{font-style:normal;}.wp-block-kadence-advancedheading.kt-adv-heading_cf2667-29 mark.kt-highlight, .wp-block-kadence-advancedheading.kt-adv-heading_cf2667-29[data-kb-block=\"kb-adv-heading_cf2667-29\"] mark.kt-highlight{font-style:normal;color:#f76a0c;-webkit-box-decoration-break:clone;box-decoration-break:clone;padding-top:0px;padding-right:0px;padding-bottom:0px;padding-left:0px;}.wp-block-kadence-advancedheading.kt-adv-heading_cf2667-29 img.kb-inline-image, .wp-block-kadence-advancedheading.kt-adv-heading_cf2667-29[data-kb-block=\"kb-adv-heading_cf2667-29\"] img.kb-inline-image{width:150px;vertical-align:baseline;}<\/style>\n<h4 class=\"kt-adv-heading_cf2667-29 wp-block-kadence-advancedheading\" data-kb-block=\"kb-adv-heading_cf2667-29\">Suscr\u00edbete si quieres estar informado en todas las tendencias de innovaci\u00f3n en servicios sociales.<\/h4>\n\n\n<\/div><\/div>\n<\/div><\/div>\n<\/div><\/div>\n<\/div><\/div>\n","protected":false},"excerpt":{"rendered":"<p>Impulsamos la transformaci\u00f3n de la acci\u00f3n social por medio de procesos de co-creaci\u00f3n y el desarrollo de proyectos, servicios y productos innovadores.<\/p>\n","protected":false},"author":1,"featured_media":0,"parent":0,"menu_order":0,"comment_status":"closed","ping_status":"closed","template":"templates\/template-builder.php","meta":{"_acf_changed":false,"inline_featured_image":false,"_kad_blocks_custom_css":"","_kad_blocks_head_custom_js":"","_kad_blocks_body_custom_js":"","_kad_blocks_footer_custom_js":"","footnotes":""},"class_list":["post-4749","page","type-page","status-publish","hentry","post","without-featured-image"],"acf":[],"taxonomy_info":[],"featured_image_src_large":false,"author_info":{"display_name":"admin","author_link":"https:\/\/isocial.cat\/es\/author\/ideadmin\/"},"comment_info":0,"featured_image_src":null,"featured_image_src_square":null,"_links":{"self":[{"href":"https:\/\/isocial.cat\/es\/wp-json\/wp\/v2\/pages\/4749","targetHints":{"allow":["GET"]}}],"collection":[{"href":"https:\/\/isocial.cat\/es\/wp-json\/wp\/v2\/pages"}],"about":[{"href":"https:\/\/isocial.cat\/es\/wp-json\/wp\/v2\/types\/page"}],"author":[{"embeddable":true,"href":"https:\/\/isocial.cat\/es\/wp-json\/wp\/v2\/users\/1"}],"replies":[{"embeddable":true,"href":"https:\/\/isocial.cat\/es\/wp-json\/wp\/v2\/comments?post=4749"}],"version-history":[{"count":13,"href":"https:\/\/isocial.cat\/es\/wp-json\/wp\/v2\/pages\/4749\/revisions"}],"predecessor-version":[{"id":15799,"href":"https:\/\/isocial.cat\/es\/wp-json\/wp\/v2\/pages\/4749\/revisions\/15799"}],"wp:attachment":[{"href":"https:\/\/isocial.cat\/es\/wp-json\/wp\/v2\/media?parent=4749"}],"curies":[{"name":"wp","href":"https:\/\/api.w.org\/{rel}","templated":true}]}}