{"id":4788,"date":"2022-02-28T17:58:50","date_gmt":"2022-02-28T16:58:50","guid":{"rendered":"https:\/\/isocial.cat\/recerca\/"},"modified":"2025-11-27T10:36:35","modified_gmt":"2025-11-27T09:36:35","slug":"conocimiento","status":"publish","type":"page","link":"https:\/\/isocial.cat\/es\/conocimiento\/","title":{"rendered":"Conocimiento"},"content":{"rendered":"\n<div class=\"wp-block-genesis-blocks-gb-container alignfull header--2 subhome--1 recerca gb-block-container\"><div class=\"gb-container-inside\"><div class=\"gb-container-content\">\n<div class=\"wp-block-genesis-blocks-gb-container container gb-block-container\"><div class=\"gb-container-inside\"><div class=\"gb-container-content\"><h1 class=\"animated fadeInUp slow wp-block-post-title\">Conocimiento<\/h1>\n\n<div class=\"animated fadeInUp delay-200ms slow wp-block-post-excerpt\"><p class=\"wp-block-post-excerpt__excerpt\">Analizamos la realidad, generamos e intercambiamos conocimiento. <\/p><\/div><\/div><\/div><\/div>\n<\/div><\/div><\/div>\n\n\n\n<div class=\"wp-block-genesis-blocks-gb-columns container--2 subhome gb-layout-columns-4 gb-4-col-equal\"><div class=\"gb-layout-column-wrap gb-block-layout-column-gap-2 gb-is-responsive-column\">\n<div class=\"wp-block-genesis-blocks-gb-column columna-img-subhome animated fadeInUp slow gb-block-layout-column\"><div class=\"gb-block-layout-column-inner\">\n<figure class=\"wp-block-image size-full\"><a href=\"https:\/\/isocial.cat\/es\/investigacion\/\"><img loading=\"lazy\" decoding=\"async\" width=\"604\" height=\"930\" src=\"https:\/\/isocial.cat\/wp-content\/uploads\/2022\/03\/recerca-projectes.png\" alt=\"Investigaci\u00f3n\" class=\"wp-image-657\" srcset=\"https:\/\/isocial.cat\/wp-content\/uploads\/2022\/03\/recerca-projectes.png 604w, https:\/\/isocial.cat\/wp-content\/uploads\/2022\/03\/recerca-projectes-400x616.png 400w, https:\/\/isocial.cat\/wp-content\/uploads\/2022\/03\/recerca-projectes-195x300.png 195w, https:\/\/isocial.cat\/wp-content\/uploads\/2022\/03\/recerca-projectes-300x462.png 300w\" sizes=\"auto, (max-width: 604px) 100vw, 604px\" \/><\/a><\/figure>\n\n\n<style>.wp-block-kadence-advancedheading.kt-adv-heading4788_6dd4ee-a8, .wp-block-kadence-advancedheading.kt-adv-heading4788_6dd4ee-a8[data-kb-block=\"kb-adv-heading4788_6dd4ee-a8\"]{font-style:normal;}.wp-block-kadence-advancedheading.kt-adv-heading4788_6dd4ee-a8 mark.kt-highlight, .wp-block-kadence-advancedheading.kt-adv-heading4788_6dd4ee-a8[data-kb-block=\"kb-adv-heading4788_6dd4ee-a8\"] mark.kt-highlight{font-style:normal;color:#f76a0c;-webkit-box-decoration-break:clone;box-decoration-break:clone;padding-top:0px;padding-right:0px;padding-bottom:0px;padding-left:0px;}.wp-block-kadence-advancedheading.kt-adv-heading4788_6dd4ee-a8 img.kb-inline-image, .wp-block-kadence-advancedheading.kt-adv-heading4788_6dd4ee-a8[data-kb-block=\"kb-adv-heading4788_6dd4ee-a8\"] img.kb-inline-image{width:150px;vertical-align:baseline;}<\/style>\n<h2 class=\"kt-adv-heading4788_6dd4ee-a8 wp-block-kadence-advancedheading\" data-kb-block=\"kb-adv-heading4788_6dd4ee-a8\"><a href=\"https:\/\/isocial.cat\/es\/investigacion\/\">Investigaci\u00f3n<\/a><\/h2>\n\n\n\n<p>Impulsamos estudios y actividades de investigaci\u00f3n en colaboraci\u00f3n con universidades, que permitan aportar conocimiento \u00fatil al sector de la acci\u00f3n social para identificar retos, tendencias, soluciones y oportunidades de innovaci\u00f3n.<\/p>\n<\/div><\/div>\n\n\n\n<div class=\"wp-block-genesis-blocks-gb-column columna-img-subhome animated fadeInUp slow delay-200ms gb-block-layout-column\"><div class=\"gb-block-layout-column-inner\">\n<figure class=\"wp-block-image size-full\"><a href=\"https:\/\/isocial.cat\/es\/innotrips\/\"><img loading=\"lazy\" decoding=\"async\" width=\"604\" height=\"930\" src=\"https:\/\/isocial.cat\/wp-content\/uploads\/2023\/03\/innotrips-1.png\" alt=\"InnoTrips\" class=\"wp-image-12703\"\/><\/a><\/figure>\n\n\n<style>.wp-block-kadence-advancedheading.kt-adv-heading4788_46feb5-46, .wp-block-kadence-advancedheading.kt-adv-heading4788_46feb5-46[data-kb-block=\"kb-adv-heading4788_46feb5-46\"]{font-style:normal;}.wp-block-kadence-advancedheading.kt-adv-heading4788_46feb5-46 mark.kt-highlight, .wp-block-kadence-advancedheading.kt-adv-heading4788_46feb5-46[data-kb-block=\"kb-adv-heading4788_46feb5-46\"] mark.kt-highlight{font-style:normal;color:#f76a0c;-webkit-box-decoration-break:clone;box-decoration-break:clone;padding-top:0px;padding-right:0px;padding-bottom:0px;padding-left:0px;}.wp-block-kadence-advancedheading.kt-adv-heading4788_46feb5-46 img.kb-inline-image, .wp-block-kadence-advancedheading.kt-adv-heading4788_46feb5-46[data-kb-block=\"kb-adv-heading4788_46feb5-46\"] img.kb-inline-image{width:150px;vertical-align:baseline;}<\/style>\n<h2 class=\"kt-adv-heading4788_46feb5-46 wp-block-kadence-advancedheading\" data-kb-block=\"kb-adv-heading4788_46feb5-46\"><a href=\"https:\/\/isocial.cat\/es\/innotrips\/\">InnoTrips<\/a><\/h2>\n\n\n\n<p>Organizamos un viaje anual a otro pa\u00eds, de 4 d\u00edas, para fomentar la innovaci\u00f3n de las entidades miembros de iSocial a trav\u00e9s de la visita y conocimiento in situ de experiencias internacionales punteras en el campo de la acci\u00f3n social.<\/p>\n<\/div><\/div>\n\n\n\n<div class=\"wp-block-genesis-blocks-gb-column columna-img-subhome animated fadeInUp slow delay-500ms gb-block-layout-column\"><div class=\"gb-block-layout-column-inner\">\n\n\n\n<\/div><\/div>\n\n\n\n<div class=\"wp-block-genesis-blocks-gb-column animated fadeInUp slow delay-1s gb-block-layout-column\"><div class=\"gb-block-layout-column-inner\">\n<p><\/p>\n<\/div><\/div>\n<\/div><\/div>\n\n\n\n<div class=\"wp-block-genesis-blocks-gb-columns footer-newsletter gb-layout-columns-1 one-column alignfull\"><div class=\"gb-layout-column-wrap gb-block-layout-column-gap-2 gb-is-responsive-column\">\n<div class=\"wp-block-genesis-blocks-gb-column gb-block-layout-column\"><div class=\"gb-block-layout-column-inner\">\n<div class=\"wp-block-genesis-blocks-gb-columns container gb-layout-columns-1 one-column\"><div class=\"gb-layout-column-wrap gb-block-layout-column-gap-2 gb-is-responsive-column\">\n<div class=\"wp-block-genesis-blocks-gb-column gb-block-layout-column\"><div class=\"gb-block-layout-column-inner\"><style>.wp-block-kadence-advancedheading.kt-adv-heading_4d2423-9c, .wp-block-kadence-advancedheading.kt-adv-heading_4d2423-9c[data-kb-block=\"kb-adv-heading_4d2423-9c\"]{font-style:normal;}.wp-block-kadence-advancedheading.kt-adv-heading_4d2423-9c mark.kt-highlight, .wp-block-kadence-advancedheading.kt-adv-heading_4d2423-9c[data-kb-block=\"kb-adv-heading_4d2423-9c\"] mark.kt-highlight{font-style:normal;color:#f76a0c;-webkit-box-decoration-break:clone;box-decoration-break:clone;padding-top:0px;padding-right:0px;padding-bottom:0px;padding-left:0px;}.wp-block-kadence-advancedheading.kt-adv-heading_4d2423-9c img.kb-inline-image, .wp-block-kadence-advancedheading.kt-adv-heading_4d2423-9c[data-kb-block=\"kb-adv-heading_4d2423-9c\"] img.kb-inline-image{width:150px;vertical-align:baseline;}<\/style>\n<h3 class=\"kt-adv-heading_4d2423-9c titol-seccio wp-block-kadence-advancedheading\" data-kb-block=\"kb-adv-heading_4d2423-9c\">Newsletter<\/h3>\n\n\n<style>.wp-block-kadence-advancedheading.kt-adv-heading_cf2667-29, .wp-block-kadence-advancedheading.kt-adv-heading_cf2667-29[data-kb-block=\"kb-adv-heading_cf2667-29\"]{font-style:normal;}.wp-block-kadence-advancedheading.kt-adv-heading_cf2667-29 mark.kt-highlight, .wp-block-kadence-advancedheading.kt-adv-heading_cf2667-29[data-kb-block=\"kb-adv-heading_cf2667-29\"] mark.kt-highlight{font-style:normal;color:#f76a0c;-webkit-box-decoration-break:clone;box-decoration-break:clone;padding-top:0px;padding-right:0px;padding-bottom:0px;padding-left:0px;}.wp-block-kadence-advancedheading.kt-adv-heading_cf2667-29 img.kb-inline-image, .wp-block-kadence-advancedheading.kt-adv-heading_cf2667-29[data-kb-block=\"kb-adv-heading_cf2667-29\"] img.kb-inline-image{width:150px;vertical-align:baseline;}<\/style>\n<h4 class=\"kt-adv-heading_cf2667-29 wp-block-kadence-advancedheading\" data-kb-block=\"kb-adv-heading_cf2667-29\">Suscr\u00edbete si quieres estar informado en todas las tendencias de innovaci\u00f3n en servicios sociales.<\/h4>\n\n\n<\/div><\/div>\n<\/div><\/div>\n<\/div><\/div>\n<\/div><\/div>\n","protected":false},"excerpt":{"rendered":"<p>Analizamos la realidad, generamos e intercambiamos conocimiento.<\/p>\n","protected":false},"author":1,"featured_media":0,"parent":0,"menu_order":0,"comment_status":"closed","ping_status":"closed","template":"","meta":{"_acf_changed":false,"inline_featured_image":false,"_kad_blocks_custom_css":"","_kad_blocks_head_custom_js":"","_kad_blocks_body_custom_js":"","_kad_blocks_footer_custom_js":"","footnotes":""},"class_list":["post-4788","page","type-page","status-publish","hentry","post","without-featured-image"],"acf":[],"taxonomy_info":[],"featured_image_src_large":false,"author_info":{"display_name":"admin","author_link":"https:\/\/isocial.cat\/es\/author\/ideadmin\/"},"comment_info":0,"featured_image_src":null,"featured_image_src_square":null,"_links":{"self":[{"href":"https:\/\/isocial.cat\/es\/wp-json\/wp\/v2\/pages\/4788","targetHints":{"allow":["GET"]}}],"collection":[{"href":"https:\/\/isocial.cat\/es\/wp-json\/wp\/v2\/pages"}],"about":[{"href":"https:\/\/isocial.cat\/es\/wp-json\/wp\/v2\/types\/page"}],"author":[{"embeddable":true,"href":"https:\/\/isocial.cat\/es\/wp-json\/wp\/v2\/users\/1"}],"replies":[{"embeddable":true,"href":"https:\/\/isocial.cat\/es\/wp-json\/wp\/v2\/comments?post=4788"}],"version-history":[{"count":11,"href":"https:\/\/isocial.cat\/es\/wp-json\/wp\/v2\/pages\/4788\/revisions"}],"predecessor-version":[{"id":35484,"href":"https:\/\/isocial.cat\/es\/wp-json\/wp\/v2\/pages\/4788\/revisions\/35484"}],"wp:attachment":[{"href":"https:\/\/isocial.cat\/es\/wp-json\/wp\/v2\/media?parent=4788"}],"curies":[{"name":"wp","href":"https:\/\/api.w.org\/{rel}","templated":true}]}}