{"id":4798,"date":"2022-02-28T18:00:01","date_gmt":"2022-02-28T17:00:01","guid":{"rendered":"https:\/\/isocial.cat\/innobreaks\/"},"modified":"2023-04-25T09:25:13","modified_gmt":"2023-04-25T08:25:13","slug":"innobreaks","status":"publish","type":"page","link":"https:\/\/isocial.cat\/es\/innobreaks\/","title":{"rendered":"InnoBreaks"},"content":{"rendered":"\n<div class=\"wp-block-genesis-blocks-gb-container alignfull header--3 subhome--1 campus gb-block-container\"><div class=\"gb-container-inside\"><div class=\"gb-container-content\">\n<div class=\"wp-block-genesis-blocks-gb-container container gb-block-container\"><div class=\"gb-container-inside\"><div class=\"gb-container-content\">\n<span class=\"parent--link animated fadeInUp slow\"><a href=\"https:\/\/isocial.cat\/es\/campus\/\">Campus<\/a><\/span>\n\n\n<h1 class=\"animated fadeInUp delay-200ms slow wp-block-post-title\">InnoBreaks<\/h1>\n\n<div class=\"animated fadeInUp delay-500ms slow wp-block-post-excerpt\"><p class=\"wp-block-post-excerpt__excerpt\">Ofrecemos webinares gratuitos en los que presentamos una selecci\u00f3n de las mejores iniciativas de innovaci\u00f3n en servicios sociales de todo el mundo que hemos publicado en nuestro Banco de Innovaciones. <\/p><\/div><\/div><\/div><\/div>\n<\/div><\/div><\/div>\n\n\n\n<div class=\"wp-block-genesis-blocks-gb-container container--2 subhome gb-block-container\"><div class=\"gb-container-inside\"><div class=\"gb-container-content\"><div  class=\"ultp-post-grid-block wp-block-ultimate-post-post-grid-1 ultp-block-571bf3 subhome--1 grid animated fadeInUp delay-1s slow\"><div class=\"ultp-block-wrapper\"><div class=\"ultp-loading\"><div class=\"ultp-loading-spinner\" style=\"width:100%;height:100%\"><div><\/div><div><\/div><div><\/div><div><\/div><div><\/div><div><\/div><div><\/div><div><\/div><div><\/div><div><\/div><div><\/div><div><\/div><\/div><\/div><div class=\"ultp-heading-filter\"><div class=\"ultp-heading-filter-in\"><div class=\"ultp-filter-navigation\"><\/div><\/div><\/div><div class=\"ultp-block-items-wrap ultp-block-row ultp-pg1a-style1 ultp-grid1-responsive ultp-block-column-4 1 1 ultp-layout1\"><div class=\"ultp-block-item post-id-36524\"><div class=\"ultp-block-content-wrap\"><div class=\"ultp-block-image ultp-block-image-zoomIn\"><a href=\"https:\/\/isocial.cat\/es\/hacia-una-vida-independiente-redes-de-apoyo-comunitario-y-puntos-de-orientacion-personalizada\/\" ><img loading=\"lazy\" decoding=\"async\" width=\"600\" height=\"600\"  class=\"ultp-block-image-content\"  alt=\"Imatge de portada del poper Innobreak, que tindr\u00e0 lloc el 21 d&#039;abril i que tractar\u00e0 sobre vida independent.\"  src=\"https:\/\/isocial.cat\/wp-content\/uploads\/2026\/03\/Innobreak-21.04-1-600x600.png\" \/><\/a><\/div><div class=\"ultp-block-content\"><h2 class=\"ultp-block-title \"><a href=\"https:\/\/isocial.cat\/es\/hacia-una-vida-independiente-redes-de-apoyo-comunitario-y-puntos-de-orientacion-personalizada\/\" >Hacia una vida independiente: redes de apoyo comunitario y puntos de orientaci\u00f3n personalizada<\/a><\/h2><div class=\"ultp-block-excerpt\">Neighbourhood Networks (Escocia) y A-Punt (Catalu\u00f1a). 21 de abril del 2026, de 9:00 h a 10:30 h. Inscripciones abiertas.<\/div><\/div><\/div><\/div><div class=\"ultp-block-item post-id-36178\"><div class=\"ultp-block-content-wrap\"><div class=\"ultp-block-image ultp-block-image-zoomIn\"><a href=\"https:\/\/isocial.cat\/es\/realidad-virtual-al-servicio-de-la-atencion-social-formacion-e-intervencion-vivencial\/\" ><img loading=\"lazy\" decoding=\"async\" width=\"600\" height=\"600\"  class=\"ultp-block-image-content\"  alt=\"Innobreak 17.02 -realitat virtual.\"  src=\"https:\/\/isocial.cat\/wp-content\/uploads\/2026\/02\/Web-Innobreak-17.02-600x600.png\" \/><\/a><\/div><div class=\"ultp-block-content\"><h2 class=\"ultp-block-title \"><a href=\"https:\/\/isocial.cat\/es\/realidad-virtual-al-servicio-de-la-atencion-social-formacion-e-intervencion-vivencial\/\" >Realidad virtual al servicio de la atenci\u00f3n social: formaci\u00f3n e intervenci\u00f3n vivencial<\/a><\/h2><div class=\"ultp-block-excerpt\">Plataforma de formaci\u00f3n con experiencias inmersivas &#8211; Embodied Labs (EE.UU.) y Proyecto VIA (Catalu\u00f1a). Realizado el 17\/02\/2026.<\/div><\/div><\/div><\/div><div class=\"ultp-block-item post-id-35188\"><div class=\"ultp-block-content-wrap\"><div class=\"ultp-block-image ultp-block-image-zoomIn\"><a href=\"https:\/\/isocial.cat\/es\/profesionalizar-el-apoyo-entre-iguales-transformar-la-atencion-desde-la-experiencia-compartida\/\" ><img loading=\"lazy\" decoding=\"async\" width=\"600\" height=\"600\"  class=\"ultp-block-image-content\"  alt=\"Innobreak - Professionalitzar el suport entre iguals: transformar l\u2019atenci\u00f3 des de l\u2019experi\u00e8ncia compartida\"  src=\"https:\/\/isocial.cat\/wp-content\/uploads\/2025\/10\/Portada-web-Innobreak-02.12-600x600.png\" \/><\/a><\/div><div class=\"ultp-block-content\"><h2 class=\"ultp-block-title \"><a href=\"https:\/\/isocial.cat\/es\/profesionalizar-el-apoyo-entre-iguales-transformar-la-atencion-desde-la-experiencia-compartida\/\" >Profesionalizar el apoyo entre iguales: transformar la atenci\u00f3n desde la experiencia compartida<\/a><\/h2><div class=\"ultp-block-excerpt\">Entre Iguales (Catalu\u00f1a) y Mental Health Support Services for the Elderly (Finlandia). Realizado el 2 de diciembre de 2025.<\/div><\/div><\/div><\/div><div class=\"ultp-block-item post-id-34539\"><div class=\"ultp-block-content-wrap\"><div class=\"ultp-block-image ultp-block-image-zoomIn\"><a href=\"https:\/\/isocial.cat\/es\/inclusion-social-desde-la-vivienda-comunitaria-y-las-nuevas-tecnologias\/\" ><img loading=\"lazy\" decoding=\"async\" width=\"600\" height=\"600\"  class=\"ultp-block-image-content\"  alt=\"Innobreak 14.10  - Inclusi\u00f3 social des de l&#039;habitatge comunitari i les noves tecnologies\"  src=\"https:\/\/isocial.cat\/wp-content\/uploads\/2025\/10\/Innobreak_14.10-Habitatge-min-600x600.png\" \/><\/a><\/div><div class=\"ultp-block-content\"><h2 class=\"ultp-block-title \"><a href=\"https:\/\/isocial.cat\/es\/inclusion-social-desde-la-vivienda-comunitaria-y-las-nuevas-tecnologias\/\" >Inclusi\u00f3n social desde la vivienda comunitaria y las nuevas tecnolog\u00edas<\/a><\/h2><div class=\"ultp-block-excerpt\">S\u00e4llBo (Suecia) y Kloosiv Housing (Catalu\u00f1a). Realizado el 14\/10\/2025.<\/div><\/div><\/div><\/div><div class=\"ultp-block-item post-id-34199\"><div class=\"ultp-block-content-wrap\"><div class=\"ultp-block-image ultp-block-image-zoomIn\"><a href=\"https:\/\/isocial.cat\/es\/apoyos-autodirigidos-autonomia-y-decision-a-traves-de-los-presupuestos-personales\/\" ><img loading=\"lazy\" decoding=\"async\" width=\"600\" height=\"600\"  class=\"ultp-block-image-content\"  alt=\"Webinar d&#039;innovaci\u00f3 (Innobreak) 17 de setembre del 2025 sobre suports autodirigits i pressupostos personals\"  src=\"https:\/\/isocial.cat\/wp-content\/uploads\/2025\/09\/Innobreak-17.09.25-min-1-600x600.png\" \/><\/a><\/div><div class=\"ultp-block-content\"><h2 class=\"ultp-block-title \"><a href=\"https:\/\/isocial.cat\/es\/apoyos-autodirigidos-autonomia-y-decision-a-traves-de-los-presupuestos-personales\/\" >Apoyos autodirigidos: autonom\u00eda y decisi\u00f3n a trav\u00e9s de los presupuestos personales<\/a><\/h2><div class=\"ultp-block-excerpt\">Individualised Funding (Nueva Zelanda) y Pilotaje de Apoyos Autodirigidos (Espa\u00f1a). Realizado el 17\/09\/2025.<\/div><\/div><\/div><\/div><div class=\"ultp-block-item post-id-32522\"><div class=\"ultp-block-content-wrap\"><div class=\"ultp-block-image ultp-block-image-zoomIn\"><a href=\"https:\/\/isocial.cat\/es\/prevencion-de-la-institucionalizacion-en-la-infancia-y-adolescencia-derechos-familias-y-comunidad\/\" ><img loading=\"lazy\" decoding=\"async\" width=\"600\" height=\"600\"  class=\"ultp-block-image-content\"  alt=\"Prevenci\u00f3n de la institucionalizaci\u00f3n en la infancia y adolescencia: derechos, familias y comunidad\"  src=\"https:\/\/isocial.cat\/wp-content\/uploads\/2025\/03\/Innobreak-27.05-Prevencio-de-la-institucionalitzacio-infantil-600x600.png\" \/><\/a><\/div><div class=\"ultp-block-content\"><h2 class=\"ultp-block-title \"><a href=\"https:\/\/isocial.cat\/es\/prevencion-de-la-institucionalizacion-en-la-infancia-y-adolescencia-derechos-familias-y-comunidad\/\" >Prevenci\u00f3n de la institucionalizaci\u00f3n en la infancia y adolescencia: derechos, familias y comunidad<\/a><\/h2><div class=\"ultp-block-excerpt\">Glasgow Intensive Family (Escocia) y Casa d&#8217;Infants (Catalu\u00f1a). Realizado el 27\/05\/2025.<\/div><\/div><\/div><\/div><div class=\"ultp-block-item post-id-30834\"><div class=\"ultp-block-content-wrap\"><div class=\"ultp-block-image ultp-block-image-zoomIn\"><a href=\"https:\/\/isocial.cat\/es\/iniciativas-pioneras-para-la-inclusion-digital-de-los-colectivos-vulnerables\/\" ><img loading=\"lazy\" decoding=\"async\" width=\"600\" height=\"600\"  class=\"ultp-block-image-content\"  alt=\"Innobreak 09.04.25 Inclusi\u00f3 digital - Imatge de persones grans utilitzant ordinadors. Les persones grans s\u00f3n un dels col\u00b7lectius susceptibles de patir a causa de la bretxa digital\"  src=\"https:\/\/isocial.cat\/wp-content\/uploads\/2025\/03\/Programa-Innobreak-09.04.25-600x600.png\" \/><\/a><\/div><div class=\"ultp-block-content\"><h2 class=\"ultp-block-title \"><a href=\"https:\/\/isocial.cat\/es\/iniciativas-pioneras-para-la-inclusion-digital-de-los-colectivos-vulnerables\/\" >Iniciativas pioneras para la inclusi\u00f3n digital de los colectivos vulnerables<\/a><\/h2><div class=\"ultp-block-excerpt\">DigiUP (Finlandia) y Centro de Inclusi\u00f3n Digital de Bordeaux M\u00e9tropole (Francia). Realizado el 09\/04\/2025.\n<\/div><\/div><\/div><\/div><div class=\"ultp-block-item post-id-30089\"><div class=\"ultp-block-content-wrap\"><div class=\"ultp-block-image ultp-block-image-zoomIn\"><a href=\"https:\/\/isocial.cat\/es\/nuevas-perspectivas-en-la-prevencion-e-intervencion-de-la-violencia-sexual-infantil\/\" ><img loading=\"lazy\" decoding=\"async\" width=\"600\" height=\"600\"  class=\"ultp-block-image-content\"  alt=\"Innobreak: Noves mirades en la prevenci\u00f3 i intervenci\u00f3 de la Viol\u00e8ncia sexual infantil\"  src=\"https:\/\/isocial.cat\/wp-content\/uploads\/2025\/01\/Innobreak-11.02-Post-web-min-600x600.png\" \/><\/a><\/div><div class=\"ultp-block-content\"><h2 class=\"ultp-block-title \"><a href=\"https:\/\/isocial.cat\/es\/nuevas-perspectivas-en-la-prevencion-e-intervencion-de-la-violencia-sexual-infantil\/\" >Nuevas perspectivas en la prevenci\u00f3n e intervenci\u00f3n de la Violencia Sexual Infantil<\/a><\/h2><div class=\"ultp-block-excerpt\">PrevenSI (Intress) y Barnahus (Save the Children). Realizado el 11\/2\/25.<\/div><\/div><\/div><\/div><div class=\"ultp-block-item post-id-29410\"><div class=\"ultp-block-content-wrap\"><div class=\"ultp-block-image ultp-block-image-zoomIn\"><a href=\"https:\/\/isocial.cat\/es\/facilitar-el-acceso-a-ocio-y-servicios-apps-de-apoyo-a-familiares-de-personas-con-discapacidad\/\" ><img loading=\"lazy\" decoding=\"async\" width=\"600\" height=\"600\"  class=\"ultp-block-image-content\"  alt=\"Innobreak 03.12 - Web\"  src=\"https:\/\/isocial.cat\/wp-content\/uploads\/2024\/11\/Innobreak-03.12-Post-600x600.png\" \/><\/a><\/div><div class=\"ultp-block-content\"><h2 class=\"ultp-block-title \"><a href=\"https:\/\/isocial.cat\/es\/facilitar-el-acceso-a-ocio-y-servicios-apps-de-apoyo-a-familiares-de-personas-con-discapacidad\/\" >Facilitar el acceso a ocio y servicios: Apps de apoyo a familiares de personas con discapacidad<\/a><\/h2><div class=\"ultp-block-excerpt\">Jooay (Canad\u00e1) y VinculApp (Catalu\u00f1a). Realizado el 3\/12\/25.<\/div><\/div><\/div><\/div><div class=\"ultp-block-item post-id-28651\"><div class=\"ultp-block-content-wrap\"><div class=\"ultp-block-image ultp-block-image-zoomIn\"><a href=\"https:\/\/isocial.cat\/es\/la-inteligencia-artificial-en-los-servicios-sociales-analisis-predictiva-e-identificacion-de-necesidades-de-intervencion\/\" ><img loading=\"lazy\" decoding=\"async\" width=\"600\" height=\"600\"  class=\"ultp-block-image-content\"  alt=\"La Inteligencia Artificial en los Servicios Sociales: An\u00e1lisis predictiva e identificaci\u00f3n de necesidades de intervenci\u00f3n\u00a0\"  src=\"https:\/\/isocial.cat\/wp-content\/uploads\/2024\/09\/Innobreak-AI-Serveis-Socials-600x600.png\" \/><\/a><\/div><div class=\"ultp-block-content\"><h2 class=\"ultp-block-title \"><a href=\"https:\/\/isocial.cat\/es\/la-inteligencia-artificial-en-los-servicios-sociales-analisis-predictiva-e-identificacion-de-necesidades-de-intervencion\/\" >La Inteligencia Artificial en los Servicios Sociales: An\u00e1lisis predictiva e identificaci\u00f3n de necesidades de intervenci\u00f3n\u00a0<\/a><\/h2><div class=\"ultp-block-excerpt\">wSocial (Catalu\u00f1a) y Nrativ (Suecia). Realizado el 8\/10\/24.<\/div><\/div><\/div><\/div><div class=\"ultp-block-item post-id-26303\"><div class=\"ultp-block-content-wrap\"><div class=\"ultp-block-image ultp-block-image-zoomIn\"><a href=\"https:\/\/isocial.cat\/es\/servicios-innovadores-en-drogodependencias-apoyo-a-las-familias-y-prevencion-de-riesgos\/\" ><img loading=\"lazy\" decoding=\"async\" width=\"600\" height=\"600\"  class=\"ultp-block-image-content\"  alt=\"Innobeak - Serveis innovadors en drogodependencia\"  src=\"https:\/\/isocial.cat\/wp-content\/uploads\/2024\/06\/Serveis-innovadors-en-drogodependencia-600x600.png\" \/><\/a><\/div><div class=\"ultp-block-content\"><h2 class=\"ultp-block-title \"><a href=\"https:\/\/isocial.cat\/es\/servicios-innovadores-en-drogodependencias-apoyo-a-las-familias-y-prevencion-de-riesgos\/\" >Servicios innovadores en drogodependencias: apoyo a las familias y prevenci\u00f3n de riesgos<\/a><\/h2><div class=\"ultp-block-excerpt\">BRUS (Dinamarca) y Energy Control (Catalu\u00f1a). Realizado el 02\/07\/24.<\/div><\/div><\/div><\/div><div class=\"ultp-block-item post-id-24830\"><div class=\"ultp-block-content-wrap\"><div class=\"ultp-block-image ultp-block-image-zoomIn\"><a href=\"https:\/\/isocial.cat\/es\/sinhogarismo-y-tecnologia-herramientas-para-recuperar-el-vinculo-con-la-comunidad\/\" ><img loading=\"lazy\" decoding=\"async\" width=\"600\" height=\"600\"  class=\"ultp-block-image-content\"  alt=\"Persona en situaci\u00f3 de sensellarisme\"  src=\"https:\/\/isocial.cat\/wp-content\/uploads\/2024\/05\/Persona-en-situacio-de-sensellarisme-web-600x600.png\" \/><\/a><\/div><div class=\"ultp-block-content\"><h2 class=\"ultp-block-title \"><a href=\"https:\/\/isocial.cat\/es\/sinhogarismo-y-tecnologia-herramientas-para-recuperar-el-vinculo-con-la-comunidad\/\" >Sinhogarismo y tecnolog\u00eda: Herramientas para recuperar el v\u00ednculo con la comunidad<\/a><\/h2><div class=\"ultp-block-excerpt\">Entourage (Francia) y Nidus (Catalu\u00f1a). Realizado el 05\/06\/2024.<\/div><\/div><\/div><\/div><div class=\"ultp-block-item post-id-22639\"><div class=\"ultp-block-content-wrap\"><div class=\"ultp-block-image ultp-block-image-zoomIn\"><a href=\"https:\/\/isocial.cat\/es\/herramientas-y-servicios-para-para-afrontar-el-ciberacoso-y-otras-vulnerabilidades-juveniles-en-el-entorno-digital\/\" ><img loading=\"lazy\" decoding=\"async\" width=\"600\" height=\"600\"  class=\"ultp-block-image-content\"  alt=\"Eines i serveis per detectar el ciberassetjament\"  src=\"https:\/\/isocial.cat\/wp-content\/uploads\/2024\/03\/Eines-i-serveis-per-detectar-el-ciberassetjament-600x600.png\" \/><\/a><\/div><div class=\"ultp-block-content\"><h2 class=\"ultp-block-title \"><a href=\"https:\/\/isocial.cat\/es\/herramientas-y-servicios-para-para-afrontar-el-ciberacoso-y-otras-vulnerabilidades-juveniles-en-el-entorno-digital\/\" >Herramientas y servicios para para afrontar el ciberacoso y otras vulnerabilidades juveniles en el entorno digital<\/a><\/h2><div class=\"ultp-block-excerpt\">Webinar de innovaci\u00f3n social. Digital Streetwork (Alemania) y B-resol (Catalu\u00f1a). Realizado el 09\/04\/2024.<\/div><\/div><\/div><\/div><div class=\"ultp-block-item post-id-20710\"><div class=\"ultp-block-content-wrap\"><div class=\"ultp-block-image ultp-block-image-zoomIn\"><a href=\"https:\/\/isocial.cat\/es\/digitalizar-los-servicios-sociales-apps-de-soporte-a-usuarios-y-profesionales\/\" ><img loading=\"lazy\" decoding=\"async\" width=\"600\" height=\"600\"  class=\"ultp-block-image-content\"  alt=\"Innobreak - Digitalitzar els serveis socials\"  src=\"https:\/\/isocial.cat\/wp-content\/uploads\/2024\/01\/Innobreak-Digitalitzar-els-serveis-socials-web-min-1-600x600.png\" \/><\/a><\/div><div class=\"ultp-block-content\"><h2 class=\"ultp-block-title \"><a href=\"https:\/\/isocial.cat\/es\/digitalizar-los-servicios-sociales-apps-de-soporte-a-usuarios-y-profesionales\/\" >Digitalizar los servicios sociales. Apps de soporte a usuarios y profesionales<\/a><\/h2><div class=\"ultp-block-excerpt\">Reconnect (Francia) y Gavius (Catalu\u00f1a). Realizado el 06\/02\/2024.<\/div><\/div><\/div><\/div><div class=\"ultp-block-item post-id-20227\"><div class=\"ultp-block-content-wrap\"><div class=\"ultp-block-image ultp-block-image-zoomIn\"><a href=\"https:\/\/isocial.cat\/es\/educando-en-el-bienestar-emocional-y-la-salud-mental\/\" ><img loading=\"lazy\" decoding=\"async\" width=\"600\" height=\"600\"  class=\"ultp-block-image-content\"  alt=\"Innobreak Educant en el benestar emocional\"  src=\"https:\/\/isocial.cat\/wp-content\/uploads\/2023\/12\/Innobreak-Educant-en-el-benestar-emocional-min-600x600.png\" \/><\/a><\/div><div class=\"ultp-block-content\"><h2 class=\"ultp-block-title \"><a href=\"https:\/\/isocial.cat\/es\/educando-en-el-bienestar-emocional-y-la-salud-mental\/\" >Educando en el bienestar emocional y la salud mental<\/a><\/h2><div class=\"ultp-block-excerpt\">En este Innobreak, webinar gratuito de innovaci\u00f3n, abordaremos el tema de la salud mental con dos iniciativas que proponen un acercamiento constructivo desde el cuidado, la informaci\u00f3n y el rigor cient\u00edfico: SOM 360\u00ba (Sant Joan de D\u00e9u) y el Programa KOA (Fundaci\u00f3n Nous Cims).<\/div><\/div><\/div><\/div><div class=\"ultp-block-item post-id-18405\"><div class=\"ultp-block-content-wrap\"><div class=\"ultp-block-image ultp-block-image-zoomIn\"><a href=\"https:\/\/isocial.cat\/es\/nuevos-modelos-de-vivienda-contra-la-exclusion-social\/\" ><img loading=\"lazy\" decoding=\"async\" width=\"600\" height=\"600\"  class=\"ultp-block-image-content\"  alt=\"Innobreak - Webinar d&#039;innovaci\u00f3\"  src=\"https:\/\/isocial.cat\/wp-content\/uploads\/2023\/10\/Innobreak-31.10.23-Web-600x600.png\" \/><\/a><\/div><div class=\"ultp-block-content\"><h2 class=\"ultp-block-title \"><a href=\"https:\/\/isocial.cat\/es\/nuevos-modelos-de-vivienda-contra-la-exclusion-social\/\" >Nuevos modelos de vivienda contra la exclusi\u00f3n social<\/a><\/h2><div class=\"ultp-block-excerpt\">Mixed Living (Pa\u00edses Bajos) i Llar Casa Bloc (Catalu\u00f1a). Martes, 31 de octubre de 2023, de 9h00 a 10h30. En l\u00ednea. Gratuito. Inscripciones abiertas.<\/div><\/div><\/div><\/div><\/div><div class=\"ultp-pagination-wrap ultp-pagination-ajax-action\" data-paged=\"1\" data-expost=\"\"  data-blockid=\"571bf3\" data-postid=\"4798\" data-pages=\"2\" data-blockname=\"ultimate-post_post-grid-1\" data-selfpostid=\"no\"><ul class=\"ultp-pagination\"><li class=\"ultp-prev-page-numbers\" style=\"display:none\"><a href=\"https:\/\/isocial.cat\/es\/wp-json\/wp\/v2\/pages\/4798\/\"><svg xmlns=\"http:\/\/www.w3.org\/2000\/svg\" fill=\"none\" viewBox=\"0 0 24 24\">\n  <path stroke=\"currentColor\" stroke-linecap=\"round\" stroke-linejoin=\"round\" stroke-width=\"1.5\" d=\"m15 18-6-6 6-6\"\/>\n<\/svg>\n <\/a><\/li><li class=\"ultp-center-item pagination-active\" data-current=\"1\"><a href=\"https:\/\/isocial.cat\/es\/wp-json\/wp\/v2\/pages\/4798\/\">1<\/a><\/li><li class=\"ultp-center-item\" data-current=\"2\" ><a href=\"https:\/\/isocial.cat\/es\/wp-json\/wp\/v2\/pages\/4798\/page\/2\/\">2<\/a><\/li><li class=\"ultp-last-dot\" style=\"display:none\"><a href=\"#\">&#8230;<\/a><\/li><li class=\"ultp-next-page-numbers\"><a href=\"https:\/\/isocial.cat\/es\/wp-json\/wp\/v2\/pages\/4798\/page\/2\/\"><svg xmlns=\"http:\/\/www.w3.org\/2000\/svg\" fill=\"none\" viewBox=\"0 0 24 24\">\n  <path stroke=\"currentColor\" stroke-linecap=\"round\" stroke-linejoin=\"round\" stroke-width=\"1.5\" d=\"m9 18 6-6-6-6\"\/>\n<\/svg>\n<\/a><\/li><\/ul><\/div><\/div><div class=\"pagination-block-html\" aria-hidden=\"true\" style=\"display: none;\"><\/div><\/div><\/div><\/div><\/div>\n\n\n\n<div class=\"wp-block-genesis-blocks-gb-columns footer-newsletter gb-layout-columns-1 one-column alignfull\"><div class=\"gb-layout-column-wrap gb-block-layout-column-gap-2 gb-is-responsive-column\">\n<div class=\"wp-block-genesis-blocks-gb-column gb-block-layout-column\"><div class=\"gb-block-layout-column-inner\">\n<div class=\"wp-block-genesis-blocks-gb-columns container gb-layout-columns-1 one-column\"><div class=\"gb-layout-column-wrap gb-block-layout-column-gap-2 gb-is-responsive-column\">\n<div class=\"wp-block-genesis-blocks-gb-column gb-block-layout-column\"><div class=\"gb-block-layout-column-inner\"><style>.wp-block-kadence-advancedheading.kt-adv-heading_4d2423-9c, .wp-block-kadence-advancedheading.kt-adv-heading_4d2423-9c[data-kb-block=\"kb-adv-heading_4d2423-9c\"]{font-style:normal;}.wp-block-kadence-advancedheading.kt-adv-heading_4d2423-9c mark.kt-highlight, .wp-block-kadence-advancedheading.kt-adv-heading_4d2423-9c[data-kb-block=\"kb-adv-heading_4d2423-9c\"] mark.kt-highlight{font-style:normal;color:#f76a0c;-webkit-box-decoration-break:clone;box-decoration-break:clone;padding-top:0px;padding-right:0px;padding-bottom:0px;padding-left:0px;}.wp-block-kadence-advancedheading.kt-adv-heading_4d2423-9c img.kb-inline-image, .wp-block-kadence-advancedheading.kt-adv-heading_4d2423-9c[data-kb-block=\"kb-adv-heading_4d2423-9c\"] img.kb-inline-image{width:150px;vertical-align:baseline;}<\/style>\n<h3 class=\"kt-adv-heading_4d2423-9c titol-seccio wp-block-kadence-advancedheading\" data-kb-block=\"kb-adv-heading_4d2423-9c\">Newsletter<\/h3>\n\n\n<style>.wp-block-kadence-advancedheading.kt-adv-heading_cf2667-29, .wp-block-kadence-advancedheading.kt-adv-heading_cf2667-29[data-kb-block=\"kb-adv-heading_cf2667-29\"]{font-style:normal;}.wp-block-kadence-advancedheading.kt-adv-heading_cf2667-29 mark.kt-highlight, .wp-block-kadence-advancedheading.kt-adv-heading_cf2667-29[data-kb-block=\"kb-adv-heading_cf2667-29\"] mark.kt-highlight{font-style:normal;color:#f76a0c;-webkit-box-decoration-break:clone;box-decoration-break:clone;padding-top:0px;padding-right:0px;padding-bottom:0px;padding-left:0px;}.wp-block-kadence-advancedheading.kt-adv-heading_cf2667-29 img.kb-inline-image, .wp-block-kadence-advancedheading.kt-adv-heading_cf2667-29[data-kb-block=\"kb-adv-heading_cf2667-29\"] img.kb-inline-image{width:150px;vertical-align:baseline;}<\/style>\n<h4 class=\"kt-adv-heading_cf2667-29 wp-block-kadence-advancedheading\" data-kb-block=\"kb-adv-heading_cf2667-29\">Suscr\u00edbete si quieres estar informado en todas las tendencias de innovaci\u00f3n en servicios sociales.<\/h4>\n\n\n<\/div><\/div>\n<\/div><\/div>\n<\/div><\/div>\n<\/div><\/div>\n","protected":false},"excerpt":{"rendered":"<p>Ofrecemos webinares gratuitos en los que presentamos una selecci\u00f3n de las mejores iniciativas de innovaci\u00f3n en servicios sociales de todo el mundo que hemos publicado en nuestro Banco de Innovaciones.<\/p>\n","protected":false},"author":1,"featured_media":0,"parent":0,"menu_order":0,"comment_status":"closed","ping_status":"closed","template":"templates\/template-builder.php","meta":{"_acf_changed":false,"inline_featured_image":false,"_kad_blocks_custom_css":"","_kad_blocks_head_custom_js":"","_kad_blocks_body_custom_js":"","_kad_blocks_footer_custom_js":"","footnotes":""},"class_list":["post-4798","page","type-page","status-publish","hentry","post","without-featured-image"],"acf":[],"taxonomy_info":[],"featured_image_src_large":false,"author_info":{"display_name":"admin","author_link":"https:\/\/isocial.cat\/es\/author\/ideadmin\/"},"comment_info":0,"featured_image_src":null,"featured_image_src_square":null,"_links":{"self":[{"href":"https:\/\/isocial.cat\/es\/wp-json\/wp\/v2\/pages\/4798","targetHints":{"allow":["GET"]}}],"collection":[{"href":"https:\/\/isocial.cat\/es\/wp-json\/wp\/v2\/pages"}],"about":[{"href":"https:\/\/isocial.cat\/es\/wp-json\/wp\/v2\/types\/page"}],"author":[{"embeddable":true,"href":"https:\/\/isocial.cat\/es\/wp-json\/wp\/v2\/users\/1"}],"replies":[{"embeddable":true,"href":"https:\/\/isocial.cat\/es\/wp-json\/wp\/v2\/comments?post=4798"}],"version-history":[{"count":8,"href":"https:\/\/isocial.cat\/es\/wp-json\/wp\/v2\/pages\/4798\/revisions"}],"predecessor-version":[{"id":16043,"href":"https:\/\/isocial.cat\/es\/wp-json\/wp\/v2\/pages\/4798\/revisions\/16043"}],"wp:attachment":[{"href":"https:\/\/isocial.cat\/es\/wp-json\/wp\/v2\/media?parent=4798"}],"curies":[{"name":"wp","href":"https:\/\/api.w.org\/{rel}","templated":true}]}}