{"id":4817,"date":"2022-02-28T18:00:36","date_gmt":"2022-02-28T17:00:36","guid":{"rendered":"https:\/\/isocial.cat\/conferencies-i-debats\/"},"modified":"2023-04-24T14:48:19","modified_gmt":"2023-04-24T13:48:19","slug":"conferencias-y-actos-publicos","status":"publish","type":"page","link":"https:\/\/isocial.cat\/es\/conferencias-y-actos-publicos\/","title":{"rendered":"Conferencias y actos p\u00fablicos"},"content":{"rendered":"\n<div class=\"wp-block-genesis-blocks-gb-container alignfull header--3 subhome--1 campus gb-block-container\"><div class=\"gb-container-inside\"><div class=\"gb-container-content\">\n<div class=\"wp-block-genesis-blocks-gb-container container gb-block-container\"><div class=\"gb-container-inside\"><div class=\"gb-container-content\">\n<span class=\"parent--link animated fadeInUp slow\"><a href=\"https:\/\/isocial.cat\/es\/campus\/\">Campus<\/a><\/span>\n\n\n<h1 class=\"animated fadeInUp delay-200ms slow wp-block-post-title\">Conferencias y actos p\u00fablicos<\/h1>\n\n<div class=\"animated fadeInUp delay-500ms slow wp-block-post-excerpt\"><p class=\"wp-block-post-excerpt__excerpt\">Organizamos conferencias y actos abiertos para contribuir a la reflexi\u00f3n sobre los retos que tiene hoy el sector de los servicios sociales, analizar soluciones de forma colaborativa y debatir sobre propuestas innovadoras. <\/p><\/div><\/div><\/div><\/div>\n<\/div><\/div><\/div>\n\n\n\n<div class=\"wp-block-genesis-blocks-gb-container container--2 subhome gb-block-container\"><div class=\"gb-container-inside\"><div class=\"gb-container-content\"><div  class=\"ultp-post-grid-block wp-block-ultimate-post-post-grid-1 ultp-block-faee5c subhome--1 grid animated fadeInUp delay-1s slow\"><div class=\"ultp-block-wrapper\"><div class=\"ultp-loading\"><div class=\"ultp-loading-spinner\" style=\"width:100%;height:100%\"><div><\/div><div><\/div><div><\/div><div><\/div><div><\/div><div><\/div><div><\/div><div><\/div><div><\/div><div><\/div><div><\/div><div><\/div><\/div><\/div><div class=\"ultp-heading-filter\"><div class=\"ultp-heading-filter-in\"><div class=\"ultp-filter-navigation\"><\/div><\/div><\/div><div class=\"ultp-block-items-wrap ultp-block-row ultp-pg1a-style1 ultp-grid1-responsive ultp-block-column-4 1 1 ultp-layout1\"><div class=\"ultp-block-item post-id-11327\"><div class=\"ultp-block-content-wrap\"><div class=\"ultp-block-image ultp-block-image-zoomIn\"><a href=\"https:\/\/isocial.cat\/es\/acto-de-presentacion-del-informe-innovacion-tecnologica-y-servicios-sociales\/\" ><img loading=\"lazy\" decoding=\"async\" width=\"600\" height=\"600\"  class=\"ultp-block-image-content\"  alt=\"Acte de presentaci\u00f3 de l&#039;informe \u00abInnovaci\u00f3 tecnol\u00f2gica i serveis socials\u00bb\"  src=\"https:\/\/isocial.cat\/wp-content\/uploads\/2023\/02\/shutterstock_415512385-web-600x600.jpg\" \/><\/a><\/div><div class=\"ultp-block-content\"><h2 class=\"ultp-block-title \"><a href=\"https:\/\/isocial.cat\/es\/acto-de-presentacion-del-informe-innovacion-tecnologica-y-servicios-sociales\/\" >Acto de presentaci\u00f3n en Bilbao del Informe \u00abInnovaci\u00f3n tecnol\u00f3gica y servicios sociales\u00bb<\/a><\/h2><div class=\"ultp-block-excerpt\">Auditorio Bilbao Berrikuntza Faktoria &#8211; BBF de la Universidad de Mondragon. (Realizado el 20\/03\/2023). <\/div><\/div><\/div><\/div><div class=\"ultp-block-item post-id-8691\"><div class=\"ultp-block-content-wrap\"><div class=\"ultp-block-image ultp-block-image-zoomIn\"><a href=\"https:\/\/isocial.cat\/es\/acte-de-presentacio-del-1r-informe-sobre-tendencies-dinnovacio-en-serveis-socials\/\" ><img loading=\"lazy\" decoding=\"async\" width=\"600\" height=\"600\"  class=\"ultp-block-image-content\"  alt=\"Innovaci\u00f3 tecnol\u00f2gica i serveis socials\"  src=\"https:\/\/isocial.cat\/wp-content\/uploads\/2022\/11\/123A6209-min-600x600.jpg\" \/><\/a><\/div><div class=\"ultp-block-content\"><h2 class=\"ultp-block-title \"><a href=\"https:\/\/isocial.cat\/es\/acte-de-presentacio-del-1r-informe-sobre-tendencies-dinnovacio-en-serveis-socials\/\" >Acto de presentaci\u00f3n en Barcelona del Informe \u00abInnovaci\u00f3n tecnol\u00f3gica y servicios sociales\u00bb<\/a><\/h2><div class=\"ultp-block-excerpt\">Auditorio de NTT Data: Avinguda Nova Ic\u00e0ria, 221, Barcelona (Realizado el 22\/11\/2022)\n<\/div><\/div><\/div><\/div><div class=\"ultp-block-item post-id-4485\"><div class=\"ultp-block-content-wrap\"><div class=\"ultp-block-image ultp-block-image-zoomIn\"><a href=\"https:\/\/isocial.cat\/es\/conferencia-los-servicios-sociales-en-la-encrucijada-fortalezas-y-retos-en-la-etapa-post-covid\/\" ><img loading=\"lazy\" decoding=\"async\" width=\"600\" height=\"600\"  class=\"ultp-block-image-content\"  alt=\"Conferencia \u00abLos Servicios Sociales en la encrucijada: fortalezas y retos en la etapa post-Covid\u00bb\"  src=\"https:\/\/isocial.cat\/wp-content\/uploads\/2022\/03\/emiliana-vicente-1_151_1599469952-600x600.jpg\" \/><\/a><\/div><div class=\"ultp-block-content\"><h2 class=\"ultp-block-title \"><a href=\"https:\/\/isocial.cat\/es\/conferencia-los-servicios-sociales-en-la-encrucijada-fortalezas-y-retos-en-la-etapa-post-covid\/\" >Conferencia \u00abLos Servicios Sociales en la encrucijada: fortalezas y retos en la etapa post-Covid\u00bb<\/a><\/h2><div class=\"ultp-block-excerpt\">Emi Vicente, Presidenta del Consejo General del Trabajo Social (Realizada el 29\/09\/2021)<\/div><\/div><\/div><\/div><div class=\"ultp-block-item post-id-4495\"><div class=\"ultp-block-content-wrap\"><div class=\"ultp-block-image ultp-block-image-zoomIn\"><a href=\"https:\/\/isocial.cat\/es\/conferencia-el-reto-de-la-creacion-de-valor-y-positividad-a-las-organizaciones-en-tiempos-convulsos\/\" ><img loading=\"lazy\" decoding=\"async\" width=\"600\" height=\"600\"  class=\"ultp-block-image-content\"  alt=\"Conferencia \u00abEl reto de la creaci\u00f3n de valor y positividad a las organizaciones en tiempos convulsos\u00bb\"  src=\"https:\/\/isocial.cat\/wp-content\/uploads\/2022\/03\/Xavier-Marcet-Nebridi-Aroztegui-2-e1641583313139-600x600.jpg\" \/><\/a><\/div><div class=\"ultp-block-content\"><h2 class=\"ultp-block-title \"><a href=\"https:\/\/isocial.cat\/es\/conferencia-el-reto-de-la-creacion-de-valor-y-positividad-a-las-organizaciones-en-tiempos-convulsos\/\" >Conferencia \u00abEl reto de la creaci\u00f3n de valor y positividad a las organizaciones en tiempos convulsos\u00bb<\/a><\/h2><div class=\"ultp-block-excerpt\">Xavier Marcet, consultor internacional en innovaci\u00f3n (realizada el 15\/12\/2020)<\/div><\/div><\/div><\/div><div class=\"ultp-block-item post-id-4506\"><div class=\"ultp-block-content-wrap\"><div class=\"ultp-block-image ultp-block-image-zoomIn\"><a href=\"https:\/\/isocial.cat\/es\/conferencia-resistiremos-los-servicios-sociales-a-los-retos-emergentes-por-el-covid19\/\" ><img loading=\"lazy\" decoding=\"async\" width=\"600\" height=\"575\"  class=\"ultp-block-image-content\"  alt=\"Conferencia \u00abResistiremos los Servicios Sociales a los retos emergentes por el Covid19?\u00bb\"  src=\"https:\/\/isocial.cat\/wp-content\/uploads\/2022\/03\/1451980895_834440_1451981040_noticia_normal-600x575.jpg\" \/><\/a><\/div><div class=\"ultp-block-content\"><h2 class=\"ultp-block-title \"><a href=\"https:\/\/isocial.cat\/es\/conferencia-resistiremos-los-servicios-sociales-a-los-retos-emergentes-por-el-covid19\/\" >Conferencia \u00abResistiremos los Servicios Sociales a los retos emergentes por el Covid19?\u00bb<\/a><\/h2><div class=\"ultp-block-excerpt\">Carles Alsinet, director de la C\u00e1tedra de Innovaci\u00f3n Social de la UdL (realizada el 16\/09\/2020)<\/div><\/div><\/div><\/div><div class=\"ultp-block-item post-id-4517\"><div class=\"ultp-block-content-wrap\"><div class=\"ultp-block-image ultp-block-image-zoomIn\"><a href=\"https:\/\/isocial.cat\/es\/conferencia-el-futuro-ya-esta-aqui-tecnologia-y-big-data-en-los-servicios-sociales\/\" ><img loading=\"lazy\" decoding=\"async\" width=\"600\" height=\"600\"  class=\"ultp-block-image-content\"  alt=\"Conferencia \u00abEl futuro ya est\u00e1 aqu\u00ed: tecnolog\u00eda y big data en los Servicios Sociales\u00bb\"  src=\"https:\/\/isocial.cat\/wp-content\/uploads\/2022\/03\/Foto-Toni-Codina-scaled-1-600x600.jpg\" \/><\/a><\/div><div class=\"ultp-block-content\"><h2 class=\"ultp-block-title \"><a href=\"https:\/\/isocial.cat\/es\/conferencia-el-futuro-ya-esta-aqui-tecnologia-y-big-data-en-los-servicios-sociales\/\" >Conferencia \u00abEl futuro ya est\u00e1 aqu\u00ed: tecnolog\u00eda y big data en los Servicios Sociales\u00bb<\/a><\/h2><div class=\"ultp-block-excerpt\">Toni Codina, Director &#038; co-fundador de la Fundaci\u00f3n iSocial (realizada el 17\/06\/2020)<\/div><\/div><\/div><\/div><div class=\"ultp-block-item post-id-4527\"><div class=\"ultp-block-content-wrap\"><div class=\"ultp-block-image ultp-block-image-zoomIn\"><a href=\"https:\/\/isocial.cat\/es\/conferencia-prioridades-hoy-en-innovacion-y-transformacion-de-los-servicios-sociales-en-europa\/\" ><img loading=\"lazy\" decoding=\"async\" width=\"600\" height=\"600\"  class=\"ultp-block-image-content\"  alt=\"Conferencia \u00abPrioridades hoy en innovaci\u00f3n y transformaci\u00f3n de los Servicios Sociales en Europa\u00bb\"  src=\"https:\/\/isocial.cat\/wp-content\/uploads\/2022\/03\/9a7aa72b-8b23-4f17-855a-3996fa47c2d5_16-9-aspect-ratio_1600w_0-600x600.jpg\" \/><\/a><\/div><div class=\"ultp-block-content\"><h2 class=\"ultp-block-title \"><a href=\"https:\/\/isocial.cat\/es\/conferencia-prioridades-hoy-en-innovacion-y-transformacion-de-los-servicios-sociales-en-europa\/\" >Conferencia \u00abPrioridades hoy en innovaci\u00f3n y transformaci\u00f3n de los Servicios Sociales en Europa\u00bb<\/a><\/h2><div class=\"ultp-block-excerpt\">Alfonso Lara Montero, Director del European Social Network-ESN (realizada el 05\/02\/2020)<\/div><\/div><\/div><\/div><div class=\"ultp-block-item post-id-4605\"><div class=\"ultp-block-content-wrap\"><div class=\"ultp-block-image ultp-block-image-zoomIn\"><a href=\"https:\/\/isocial.cat\/es\/debate-comunicar-mejor-para-cambiar-la-imagen-de-los-servicios-sociales\/\" ><img loading=\"lazy\" decoding=\"async\" width=\"600\" height=\"600\"  class=\"ultp-block-image-content\"  alt=\"Debate \u00abComunicar mejor para cambiar la imagen de los Servicios Sociales\u00bb\"  src=\"https:\/\/isocial.cat\/wp-content\/uploads\/2022\/03\/IMG_20191010_181849-600x600.jpg\" \/><\/a><\/div><div class=\"ultp-block-content\"><h2 class=\"ultp-block-title \"><a href=\"https:\/\/isocial.cat\/es\/debate-comunicar-mejor-para-cambiar-la-imagen-de-los-servicios-sociales\/\" >Debate \u00abComunicar mejor para cambiar la imagen de los Servicios Sociales\u00bb<\/a><\/h2><div class=\"ultp-block-excerpt\">Di\u00e1logo con Fernando Fantova, Meritxell Bened\u00ed y Natalia Vila, moderado por V\u00edctor Puig. (realitzado el 10\/10\/2019)<\/div><\/div><\/div><\/div><div class=\"ultp-block-item post-id-4543\"><div class=\"ultp-block-content-wrap\"><div class=\"ultp-block-image ultp-block-image-zoomIn\"><a href=\"https:\/\/isocial.cat\/es\/ciclo-de-reflexion-big-data-y-servicios-sociales-prever-y-anticiparnos-a-las-necesidades-sociales\/\" ><img loading=\"lazy\" decoding=\"async\" width=\"600\" height=\"600\"  class=\"ultp-block-image-content\"  alt=\"Ciclo de reflexi\u00f3n \u00abBig Data y Servicios Sociales\u00bb\"  src=\"https:\/\/isocial.cat\/wp-content\/uploads\/2022\/03\/IMG_20200310_1836072-scaled-1-600x600.jpg\" \/><\/a><\/div><div class=\"ultp-block-content\"><h2 class=\"ultp-block-title \"><a href=\"https:\/\/isocial.cat\/es\/ciclo-de-reflexion-big-data-y-servicios-sociales-prever-y-anticiparnos-a-las-necesidades-sociales\/\" >Ciclo de reflexi\u00f3n \u00abBig Data y Servicios Sociales\u00bb<\/a><\/h2><div class=\"ultp-block-excerpt\">Ciclo de 2 conferencias, 2 debates y 3 seminarios de trabajo, con expertos nacionales e internacionales (realitzado del 25\/09\/2019 al 10\/03\/2020)<\/div><\/div><\/div><\/div><div class=\"ultp-block-item post-id-4589\"><div class=\"ultp-block-content-wrap\"><div class=\"ultp-block-image ultp-block-image-zoomIn\"><a href=\"https:\/\/isocial.cat\/es\/conferencia-financar-projectes-socials-innovadors-prioritats-i-tendencies-europees-pels-propers-anys-en-lambit-de-laccio-social\/\" ><img loading=\"lazy\" decoding=\"async\" width=\"600\" height=\"600\"  class=\"ultp-block-image-content\"  alt=\"Conferencia \u00abFinanciar proyectos sociales innovadores\u00bb\"  src=\"https:\/\/isocial.cat\/wp-content\/uploads\/2022\/03\/G-Luk-600x600.jpg\" \/><\/a><\/div><div class=\"ultp-block-content\"><h2 class=\"ultp-block-title \"><a href=\"https:\/\/isocial.cat\/es\/conferencia-financar-projectes-socials-innovadors-prioritats-i-tendencies-europees-pels-propers-anys-en-lambit-de-laccio-social\/\" >Conferencia \u00abFinanciar proyectos sociales innovadores\u00bb<\/a><\/h2><div class=\"ultp-block-excerpt\">Luk Zelderloo, secretario general de la European Association of Service Providers for Persons with Disabilities (EASPD) (realizada el 28\/02\/2019)<\/div><\/div><\/div><\/div><\/div><div class=\"ultp-pagination-wrap ultp-pagination-ajax-action\" data-paged=\"1\" data-expost=\"\"  data-blockid=\"faee5c\" data-postid=\"4817\" data-pages=\"1\" data-blockname=\"ultimate-post_post-grid-1\" data-selfpostid=\"no\"><\/div><\/div><div class=\"pagination-block-html\" aria-hidden=\"true\" style=\"display: none;\"><\/div><\/div><\/div><\/div><\/div>\n\n\n\n<div class=\"wp-block-genesis-blocks-gb-columns footer-newsletter gb-layout-columns-1 one-column alignfull\"><div class=\"gb-layout-column-wrap gb-block-layout-column-gap-2 gb-is-responsive-column\">\n<div class=\"wp-block-genesis-blocks-gb-column gb-block-layout-column\"><div class=\"gb-block-layout-column-inner\">\n<div class=\"wp-block-genesis-blocks-gb-columns container gb-layout-columns-1 one-column\"><div class=\"gb-layout-column-wrap gb-block-layout-column-gap-2 gb-is-responsive-column\">\n<div class=\"wp-block-genesis-blocks-gb-column gb-block-layout-column\"><div class=\"gb-block-layout-column-inner\"><style>.wp-block-kadence-advancedheading.kt-adv-heading_4d2423-9c, .wp-block-kadence-advancedheading.kt-adv-heading_4d2423-9c[data-kb-block=\"kb-adv-heading_4d2423-9c\"]{font-style:normal;}.wp-block-kadence-advancedheading.kt-adv-heading_4d2423-9c mark.kt-highlight, .wp-block-kadence-advancedheading.kt-adv-heading_4d2423-9c[data-kb-block=\"kb-adv-heading_4d2423-9c\"] mark.kt-highlight{font-style:normal;color:#f76a0c;-webkit-box-decoration-break:clone;box-decoration-break:clone;padding-top:0px;padding-right:0px;padding-bottom:0px;padding-left:0px;}.wp-block-kadence-advancedheading.kt-adv-heading_4d2423-9c img.kb-inline-image, .wp-block-kadence-advancedheading.kt-adv-heading_4d2423-9c[data-kb-block=\"kb-adv-heading_4d2423-9c\"] img.kb-inline-image{width:150px;vertical-align:baseline;}<\/style>\n<h3 class=\"kt-adv-heading_4d2423-9c titol-seccio wp-block-kadence-advancedheading\" data-kb-block=\"kb-adv-heading_4d2423-9c\">Newsletter<\/h3>\n\n\n<style>.wp-block-kadence-advancedheading.kt-adv-heading_cf2667-29, .wp-block-kadence-advancedheading.kt-adv-heading_cf2667-29[data-kb-block=\"kb-adv-heading_cf2667-29\"]{font-style:normal;}.wp-block-kadence-advancedheading.kt-adv-heading_cf2667-29 mark.kt-highlight, .wp-block-kadence-advancedheading.kt-adv-heading_cf2667-29[data-kb-block=\"kb-adv-heading_cf2667-29\"] mark.kt-highlight{font-style:normal;color:#f76a0c;-webkit-box-decoration-break:clone;box-decoration-break:clone;padding-top:0px;padding-right:0px;padding-bottom:0px;padding-left:0px;}.wp-block-kadence-advancedheading.kt-adv-heading_cf2667-29 img.kb-inline-image, .wp-block-kadence-advancedheading.kt-adv-heading_cf2667-29[data-kb-block=\"kb-adv-heading_cf2667-29\"] img.kb-inline-image{width:150px;vertical-align:baseline;}<\/style>\n<h4 class=\"kt-adv-heading_cf2667-29 wp-block-kadence-advancedheading\" data-kb-block=\"kb-adv-heading_cf2667-29\">Suscr\u00edbete si quieres estar informado en todas las tendencias de innovaci\u00f3n en servicios sociales.<\/h4>\n\n\n<\/div><\/div>\n<\/div><\/div>\n<\/div><\/div>\n<\/div><\/div>\n","protected":false},"excerpt":{"rendered":"<p>Organizamos conferencias y actos abiertos para contribuir a la reflexi\u00f3n sobre los retos que tiene hoy el sector de los servicios sociales, analizar soluciones de forma colaborativa y debatir sobre propuestas innovadoras.<\/p>\n","protected":false},"author":1,"featured_media":0,"parent":0,"menu_order":0,"comment_status":"closed","ping_status":"closed","template":"templates\/template-builder.php","meta":{"_acf_changed":false,"inline_featured_image":false,"_kad_blocks_custom_css":"","_kad_blocks_head_custom_js":"","_kad_blocks_body_custom_js":"","_kad_blocks_footer_custom_js":"","footnotes":""},"class_list":["post-4817","page","type-page","status-publish","hentry","post","without-featured-image"],"acf":[],"taxonomy_info":[],"featured_image_src_large":false,"author_info":{"display_name":"admin","author_link":"https:\/\/isocial.cat\/es\/author\/ideadmin\/"},"comment_info":0,"featured_image_src":null,"featured_image_src_square":null,"_links":{"self":[{"href":"https:\/\/isocial.cat\/es\/wp-json\/wp\/v2\/pages\/4817","targetHints":{"allow":["GET"]}}],"collection":[{"href":"https:\/\/isocial.cat\/es\/wp-json\/wp\/v2\/pages"}],"about":[{"href":"https:\/\/isocial.cat\/es\/wp-json\/wp\/v2\/types\/page"}],"author":[{"embeddable":true,"href":"https:\/\/isocial.cat\/es\/wp-json\/wp\/v2\/users\/1"}],"replies":[{"embeddable":true,"href":"https:\/\/isocial.cat\/es\/wp-json\/wp\/v2\/comments?post=4817"}],"version-history":[{"count":8,"href":"https:\/\/isocial.cat\/es\/wp-json\/wp\/v2\/pages\/4817\/revisions"}],"predecessor-version":[{"id":15944,"href":"https:\/\/isocial.cat\/es\/wp-json\/wp\/v2\/pages\/4817\/revisions\/15944"}],"wp:attachment":[{"href":"https:\/\/isocial.cat\/es\/wp-json\/wp\/v2\/media?parent=4817"}],"curies":[{"name":"wp","href":"https:\/\/api.w.org\/{rel}","templated":true}]}}