{"id":4836,"date":"2022-02-28T18:00:51","date_gmt":"2022-02-28T17:00:51","guid":{"rendered":"https:\/\/isocial.cat\/la-fundacio\/"},"modified":"2025-01-07T12:40:56","modified_gmt":"2025-01-07T11:40:56","slug":"la-fundacion","status":"publish","type":"page","link":"https:\/\/isocial.cat\/es\/la-fundacion\/","title":{"rendered":"La Fundaci\u00f3n"},"content":{"rendered":"\n<div class=\"wp-block-genesis-blocks-gb-container alignfull header--2 subhome--1 gb-block-container\"><div class=\"gb-container-inside\"><div class=\"gb-container-content\">\n<div class=\"wp-block-genesis-blocks-gb-container container gb-block-container\"><div class=\"gb-container-inside\"><div class=\"gb-container-content\"><h1 class=\"animated fadeInUp slow wp-block-post-title\">La Fundaci\u00f3n<\/h1>\n\n<div class=\"animated fadeInUp delay-200ms slow wp-block-post-excerpt\"><p class=\"wp-block-post-excerpt__excerpt\">iSocial somos una fundaci\u00f3n nacida en 2018 por iniciativa de diversas entidades del tercer sector social con el fin de impulsar la innovaci\u00f3n en el sector de los servicios sociales y contribuir as\u00ed a su transformaci\u00f3n y modernizaci\u00f3n. <\/p><\/div><\/div><\/div><\/div>\n<\/div><\/div><\/div>\n\n\n\n<div class=\"wp-block-genesis-blocks-gb-container container--2 subhome gb-block-container\"><div class=\"gb-container-inside\"><div class=\"gb-container-content\">\n<div class=\"wp-block-genesis-blocks-gb-columns fila post animated fadeInUp slow delay-500ms gb-layout-columns-3 gb-3-col-widecenter\"><div class=\"gb-layout-column-wrap gb-block-layout-column-gap-0 gb-is-responsive-column\">\n<div class=\"wp-block-genesis-blocks-gb-column gb-block-layout-column\"><div class=\"gb-block-layout-column-inner\">\n<p><\/p>\n<\/div><\/div>\n\n\n\n<div class=\"wp-block-genesis-blocks-gb-column gb-block-layout-column\"><div class=\"gb-block-layout-column-inner\">\n<p class=\"lead-text has-large-font-size\">Actualmente contamos con 20 entidades sociales miembros de Catalunya\/Catalu\u00f1a y de Euskadi.<\/p>\n\n\n\n<p>En iSocial nos mueve la convicci\u00f3n de que el sector de la acci\u00f3n social necesita innovar para poder seguir garantizando su impacto transformador sobre la sociedad y sobre las personas y comunidades m\u00e1s vulnerables; que necesita invertir en conocimiento para revisar la vigencia de los conceptos que fundamentan su actuaci\u00f3n; y que necesita dotarse de herramientas, procedimientos, nuevos modelos y nuevas pr\u00e1cticas profesionales para responder a los retos sociales del presente y anticiparse a los del futuro.<\/p>\n\n\n\n<p>Para hacerlo posible, la Fundaci\u00f3n iSocial hacemos de puente entre los \u00e1mbitos del conocimiento y de la acci\u00f3n, generando alianzas entre el tercer sector, las administraciones, las universidades y las empresas.<\/p>\n\n\n<style>.wp-block-kadence-advancedheading.kt-adv-heading4836_82e69e-96, .wp-block-kadence-advancedheading.kt-adv-heading4836_82e69e-96[data-kb-block=\"kb-adv-heading4836_82e69e-96\"]{font-style:normal;}.wp-block-kadence-advancedheading.kt-adv-heading4836_82e69e-96 mark.kt-highlight, .wp-block-kadence-advancedheading.kt-adv-heading4836_82e69e-96[data-kb-block=\"kb-adv-heading4836_82e69e-96\"] mark.kt-highlight{font-style:normal;color:#f76a0c;-webkit-box-decoration-break:clone;box-decoration-break:clone;padding-top:0px;padding-right:0px;padding-bottom:0px;padding-left:0px;}.wp-block-kadence-advancedheading.kt-adv-heading4836_82e69e-96 img.kb-inline-image, .wp-block-kadence-advancedheading.kt-adv-heading4836_82e69e-96[data-kb-block=\"kb-adv-heading4836_82e69e-96\"] img.kb-inline-image{width:150px;vertical-align:baseline;}<\/style>\n<h2 class=\"kt-adv-heading4836_82e69e-96 wp-block-kadence-advancedheading\" data-kb-block=\"kb-adv-heading4836_82e69e-96\">Nuestro foco<\/h2>\n\n\n\n<p>En iSocial queremos transformar un modelo de atenci\u00f3n social que no puede quedar por detr\u00e1s de lo que los est\u00e1ndares de derechos humanos y nuestra sociedad hoy le piden, y que debe responder a los cambios del entorno. Por todo ello, la innovaci\u00f3n que queremos conseguir est\u00e1 orientada a estos cuatro objetivos:<\/p>\n\n\n\n<ol class=\"wp-block-list\">\n<li><strong><strong>Transformar los modelos de intervenci\u00f3n:<\/strong><\/strong> Derecho de elecci\u00f3n, personalizaci\u00f3n, vinculaci\u00f3n con la comunidad, participaci\u00f3n, intervenci\u00f3n preventiva, autogesti\u00f3n, empoderamiento, visi\u00f3n y acci\u00f3n global sobre todos los \u00e1mbitos de la persona\u2026<\/li>\n\n\n\n<li><strong><strong>Transformar las herramientas de intervenci\u00f3n:<\/strong><\/strong> Digitalizaci\u00f3n, sistemas de informaci\u00f3n, apps y computaci\u00f3n en la nube, big data, inteligencia artificial, instrumentos de predicci\u00f3n y prevenci\u00f3n, soluciones para la autogesti\u00f3n, impresi\u00f3n 3D, tecnolog\u00eda inmersiva, sensorizaci\u00f3n, rob\u00f3tica&#8230;<\/li>\n\n\n\n<li><strong><strong>Transformar los roles profesionales:<\/strong><\/strong> En un modelo en el que los servicios sociales se convierten en facilitadores e impulsores del despliegue de las capacidades y habilidades de las personas, el rol de los\/las profesionales de acci\u00f3n social adquiere nuevas formas que tienen por objetivo acompa\u00f1ar m\u00e1s que atender.<\/li>\n\n\n\n<li><strong><strong>Transformar el sistema:<\/strong><\/strong> Desinstitucionalizaci\u00f3n, soportes desde la comunidad, sistemas de vida independiente, atenci\u00f3n integrada de servicios, ciudades inclusivas, entornos plenamente accesibles, gobernanza relacional, atenci\u00f3n de proximidad&#8230;<\/li>\n<\/ol>\n\n\n<style>.wp-block-kadence-advancedheading.kt-adv-heading4836_a7a925-ab, .wp-block-kadence-advancedheading.kt-adv-heading4836_a7a925-ab[data-kb-block=\"kb-adv-heading4836_a7a925-ab\"]{font-style:normal;}.wp-block-kadence-advancedheading.kt-adv-heading4836_a7a925-ab mark.kt-highlight, .wp-block-kadence-advancedheading.kt-adv-heading4836_a7a925-ab[data-kb-block=\"kb-adv-heading4836_a7a925-ab\"] mark.kt-highlight{font-style:normal;color:#f76a0c;-webkit-box-decoration-break:clone;box-decoration-break:clone;padding-top:0px;padding-right:0px;padding-bottom:0px;padding-left:0px;}.wp-block-kadence-advancedheading.kt-adv-heading4836_a7a925-ab img.kb-inline-image, .wp-block-kadence-advancedheading.kt-adv-heading4836_a7a925-ab[data-kb-block=\"kb-adv-heading4836_a7a925-ab\"] img.kb-inline-image{width:150px;vertical-align:baseline;}<\/style>\n<h2 class=\"kt-adv-heading4836_a7a925-ab wp-block-kadence-advancedheading\" data-kb-block=\"kb-adv-heading4836_a7a925-ab\">Metodolog\u00eda<\/h2>\n\n\n\n<p>En iSocial innovamos a partir de la cocreaci\u00f3n, la participaci\u00f3n y el compromiso, con la implicaci\u00f3n de todos los actores: usuarios, profesionales, decisores, reguladores, prestamistas de servicios\u2026 concretos y que, paso a paso, nos permite llegar a la concreci\u00f3n de proyectos innovadores.<\/p>\n\n\n\n<p>Potenciamos y aceleramos la innovaci\u00f3n porque generamos un ecosistema de personas y organizaciones proclive a la innovaci\u00f3n, porque favorecemos la hibridaci\u00f3n entre \u00e1mbitos y sistemas poco conectados, porque fortalecemos las redes de intercambio de experiencias locales y globales, porque profundizamos el trabajo conjunto con el mundo de la investigaci\u00f3n y el conocimiento, porque potenciamos el reconocimiento y autoestima de los profesionales del sector, y porque fomentamos la coproducci\u00f3n con los usuarios de los servicios.<\/p>\n\n\n<style>.wp-block-kadence-advancedheading.kt-adv-heading4836_f10240-e8, .wp-block-kadence-advancedheading.kt-adv-heading4836_f10240-e8[data-kb-block=\"kb-adv-heading4836_f10240-e8\"]{font-style:normal;}.wp-block-kadence-advancedheading.kt-adv-heading4836_f10240-e8 mark.kt-highlight, .wp-block-kadence-advancedheading.kt-adv-heading4836_f10240-e8[data-kb-block=\"kb-adv-heading4836_f10240-e8\"] mark.kt-highlight{font-style:normal;color:#f76a0c;-webkit-box-decoration-break:clone;box-decoration-break:clone;padding-top:0px;padding-right:0px;padding-bottom:0px;padding-left:0px;}.wp-block-kadence-advancedheading.kt-adv-heading4836_f10240-e8 img.kb-inline-image, .wp-block-kadence-advancedheading.kt-adv-heading4836_f10240-e8[data-kb-block=\"kb-adv-heading4836_f10240-e8\"] img.kb-inline-image{width:150px;vertical-align:baseline;}<\/style>\n<h2 class=\"kt-adv-heading4836_f10240-e8 wp-block-kadence-advancedheading\" data-kb-block=\"kb-adv-heading4836_f10240-e8\">Actividades<\/h2>\n\n\n\n<p>Nuestras acciones y proyectos se articulan alrededor de tres \u00e1reas de actividad:<\/p>\n\n\n\n<ol class=\"wp-block-list\">\n<li><strong><a href=\"https:\/\/isocial.cat\/es\/conocimiento\/\" data-type=\"page\" data-id=\"4788\">CONOCIMIENTO<\/a><\/strong>: analizar la realidad<\/li>\n\n\n\n<li><strong><a href=\"https:\/\/isocial.cat\/es\/campus\/\" data-type=\"page\" data-id=\"4825\">CAMPUS<\/a><\/strong>: diseminar conocimiento<\/li>\n\n\n\n<li><strong><a href=\"https:\/\/isocial.cat\/es\/lab\/\" data-type=\"page\" data-id=\"4749\">LAB<\/a><\/strong>: transformar la acci\u00f3n social<\/li>\n<\/ol>\n<\/div><\/div>\n\n\n\n<div class=\"wp-block-genesis-blocks-gb-column gb-block-layout-column\"><div class=\"gb-block-layout-column-inner\">\n<p><\/p>\n<\/div><\/div>\n<\/div><\/div>\n\n\n\n<div class=\"wp-block-genesis-blocks-gb-columns fila gb-layout-columns-3 gb-3-col-equal\"><div class=\"gb-layout-column-wrap gb-block-layout-column-gap-2 gb-is-responsive-column\">\n<div class=\"wp-block-genesis-blocks-gb-column columna-img-subhome animated fadeInUp slow gb-block-layout-column\"><div class=\"gb-block-layout-column-inner\">\n<figure class=\"wp-block-image size-full\"><a href=\"https:\/\/isocial.cat\/es\/entidades-miembros\/\"><img loading=\"lazy\" decoding=\"async\" width=\"796\" height=\"930\" src=\"https:\/\/isocial.cat\/wp-content\/uploads\/2022\/03\/la-fundacio-entitats-membres.png\" alt=\"Entidades miembros\" class=\"wp-image-204\" srcset=\"https:\/\/isocial.cat\/wp-content\/uploads\/2022\/03\/la-fundacio-entitats-membres.png 796w, https:\/\/isocial.cat\/wp-content\/uploads\/2022\/03\/la-fundacio-entitats-membres-400x467.png 400w, https:\/\/isocial.cat\/wp-content\/uploads\/2022\/03\/la-fundacio-entitats-membres-257x300.png 257w, https:\/\/isocial.cat\/wp-content\/uploads\/2022\/03\/la-fundacio-entitats-membres-768x897.png 768w, https:\/\/isocial.cat\/wp-content\/uploads\/2022\/03\/la-fundacio-entitats-membres-300x351.png 300w\" sizes=\"auto, (max-width: 796px) 100vw, 796px\" \/><\/a><\/figure>\n\n\n<style>.wp-block-kadence-advancedheading.kt-adv-heading4836_6f7ec1-9a, .wp-block-kadence-advancedheading.kt-adv-heading4836_6f7ec1-9a[data-kb-block=\"kb-adv-heading4836_6f7ec1-9a\"]{font-style:normal;}.wp-block-kadence-advancedheading.kt-adv-heading4836_6f7ec1-9a mark.kt-highlight, .wp-block-kadence-advancedheading.kt-adv-heading4836_6f7ec1-9a[data-kb-block=\"kb-adv-heading4836_6f7ec1-9a\"] mark.kt-highlight{font-style:normal;color:#f76a0c;-webkit-box-decoration-break:clone;box-decoration-break:clone;padding-top:0px;padding-right:0px;padding-bottom:0px;padding-left:0px;}.wp-block-kadence-advancedheading.kt-adv-heading4836_6f7ec1-9a img.kb-inline-image, .wp-block-kadence-advancedheading.kt-adv-heading4836_6f7ec1-9a[data-kb-block=\"kb-adv-heading4836_6f7ec1-9a\"] img.kb-inline-image{width:150px;vertical-align:baseline;}<\/style>\n<h3 class=\"kt-adv-heading4836_6f7ec1-9a wp-block-kadence-advancedheading\" data-kb-block=\"kb-adv-heading4836_6f7ec1-9a\"><a href=\"https:\/\/isocial.cat\/es\/entidades-miembros\/\">Entidades miembros<\/a><\/h3>\n\n\n\n<p>La Fundaci\u00f3n iSocial cuenta con 16 entidades sociales miembros en Catalu\u00f1a y Euskadi. Todas ellas tienen una larga trayectoria y prestigio en el sector de la acci\u00f3n social y se caracterizan por su constante esfuerzo por la innovaci\u00f3n y la mejora continua.<\/p>\n<\/div><\/div>\n\n\n\n<div class=\"wp-block-genesis-blocks-gb-column columna-img-subhome animated fadeInUp slow delay-200ms gb-block-layout-column\"><div class=\"gb-block-layout-column-inner\">\n<figure class=\"wp-block-image size-full\"><a href=\"https:\/\/isocial.cat\/es\/patronato\/\"><img loading=\"lazy\" decoding=\"async\" width=\"796\" height=\"930\" src=\"https:\/\/isocial.cat\/wp-content\/uploads\/2022\/03\/la-fundacio-organs.png\" alt=\"\u00d3rganos de gobierno\" class=\"wp-image-211\" srcset=\"https:\/\/isocial.cat\/wp-content\/uploads\/2022\/03\/la-fundacio-organs.png 796w, https:\/\/isocial.cat\/wp-content\/uploads\/2022\/03\/la-fundacio-organs-400x467.png 400w, https:\/\/isocial.cat\/wp-content\/uploads\/2022\/03\/la-fundacio-organs-257x300.png 257w, https:\/\/isocial.cat\/wp-content\/uploads\/2022\/03\/la-fundacio-organs-768x897.png 768w, https:\/\/isocial.cat\/wp-content\/uploads\/2022\/03\/la-fundacio-organs-300x351.png 300w\" sizes=\"auto, (max-width: 796px) 100vw, 796px\" \/><\/a><\/figure>\n\n\n<style>.wp-block-kadence-advancedheading.kt-adv-heading4836_e04b8b-9d, .wp-block-kadence-advancedheading.kt-adv-heading4836_e04b8b-9d[data-kb-block=\"kb-adv-heading4836_e04b8b-9d\"]{font-style:normal;}.wp-block-kadence-advancedheading.kt-adv-heading4836_e04b8b-9d mark.kt-highlight, .wp-block-kadence-advancedheading.kt-adv-heading4836_e04b8b-9d[data-kb-block=\"kb-adv-heading4836_e04b8b-9d\"] mark.kt-highlight{font-style:normal;color:#f76a0c;-webkit-box-decoration-break:clone;box-decoration-break:clone;padding-top:0px;padding-right:0px;padding-bottom:0px;padding-left:0px;}.wp-block-kadence-advancedheading.kt-adv-heading4836_e04b8b-9d img.kb-inline-image, .wp-block-kadence-advancedheading.kt-adv-heading4836_e04b8b-9d[data-kb-block=\"kb-adv-heading4836_e04b8b-9d\"] img.kb-inline-image{width:150px;vertical-align:baseline;}<\/style>\n<h3 class=\"kt-adv-heading4836_e04b8b-9d wp-block-kadence-advancedheading\" data-kb-block=\"kb-adv-heading4836_e04b8b-9d\"><a href=\"https:\/\/isocial.cat\/es\/patronato\/\" data-type=\"link\" data-id=\"https:\/\/isocial.cat\/es\/patronato\/\">Patronato<\/a><\/h3>\n\n\n\n<p>Miembros del Patronato y del Consejo Social.<\/p>\n<\/div><\/div>\n\n\n\n<div class=\"wp-block-genesis-blocks-gb-column columna-img-subhome animated fadeInUp slow delay-500ms gb-block-layout-column\"><div class=\"gb-block-layout-column-inner\">\n<figure class=\"wp-block-image size-full\"><a href=\"https:\/\/isocial.cat\/es\/equipo-tecnico\/\"><img loading=\"lazy\" decoding=\"async\" width=\"796\" height=\"930\" src=\"https:\/\/isocial.cat\/wp-content\/uploads\/2022\/03\/la-fundacio-equip.png\" alt=\"Equipo t\u00e9cnico\" class=\"wp-image-210\" srcset=\"https:\/\/isocial.cat\/wp-content\/uploads\/2022\/03\/la-fundacio-equip.png 796w, https:\/\/isocial.cat\/wp-content\/uploads\/2022\/03\/la-fundacio-equip-400x467.png 400w, https:\/\/isocial.cat\/wp-content\/uploads\/2022\/03\/la-fundacio-equip-257x300.png 257w, https:\/\/isocial.cat\/wp-content\/uploads\/2022\/03\/la-fundacio-equip-768x897.png 768w, https:\/\/isocial.cat\/wp-content\/uploads\/2022\/03\/la-fundacio-equip-300x351.png 300w\" sizes=\"auto, (max-width: 796px) 100vw, 796px\" \/><\/a><\/figure>\n\n\n<style>.wp-block-kadence-advancedheading.kt-adv-heading4836_950c76-be, .wp-block-kadence-advancedheading.kt-adv-heading4836_950c76-be[data-kb-block=\"kb-adv-heading4836_950c76-be\"]{font-style:normal;}.wp-block-kadence-advancedheading.kt-adv-heading4836_950c76-be mark.kt-highlight, .wp-block-kadence-advancedheading.kt-adv-heading4836_950c76-be[data-kb-block=\"kb-adv-heading4836_950c76-be\"] mark.kt-highlight{font-style:normal;color:#f76a0c;-webkit-box-decoration-break:clone;box-decoration-break:clone;padding-top:0px;padding-right:0px;padding-bottom:0px;padding-left:0px;}.wp-block-kadence-advancedheading.kt-adv-heading4836_950c76-be img.kb-inline-image, .wp-block-kadence-advancedheading.kt-adv-heading4836_950c76-be[data-kb-block=\"kb-adv-heading4836_950c76-be\"] img.kb-inline-image{width:150px;vertical-align:baseline;}<\/style>\n<h3 class=\"kt-adv-heading4836_950c76-be wp-block-kadence-advancedheading\" data-kb-block=\"kb-adv-heading4836_950c76-be\"><a href=\"https:\/\/isocial.cat\/es\/equipo-tecnico\/\">Equipo t\u00e9cnico<\/a><\/h3>\n\n\n\n<p>Equipo profesional que gestiona los proyectos y las actividades de la fundaci\u00f3n.<\/p>\n<\/div><\/div>\n<\/div><\/div>\n\n\n\n<div class=\"wp-block-genesis-blocks-gb-columns fila--ultima gb-layout-columns-3 gb-3-col-equal\"><div class=\"gb-layout-column-wrap gb-block-layout-column-gap-2 gb-is-responsive-column\">\n<div class=\"wp-block-genesis-blocks-gb-column columna-img-subhome animated fadeInUp slow gb-block-layout-column\"><div class=\"gb-block-layout-column-inner\">\n<figure class=\"wp-block-image size-full\"><a href=\"https:\/\/isocial.cat\/es\/stakeholders\/\"><img loading=\"lazy\" decoding=\"async\" width=\"796\" height=\"930\" src=\"https:\/\/isocial.cat\/wp-content\/uploads\/2022\/03\/la-fundacio-stakeholders.png\" alt=\"Stakeholders\" class=\"wp-image-209\" srcset=\"https:\/\/isocial.cat\/wp-content\/uploads\/2022\/03\/la-fundacio-stakeholders.png 796w, https:\/\/isocial.cat\/wp-content\/uploads\/2022\/03\/la-fundacio-stakeholders-400x467.png 400w, https:\/\/isocial.cat\/wp-content\/uploads\/2022\/03\/la-fundacio-stakeholders-257x300.png 257w, https:\/\/isocial.cat\/wp-content\/uploads\/2022\/03\/la-fundacio-stakeholders-768x897.png 768w, https:\/\/isocial.cat\/wp-content\/uploads\/2022\/03\/la-fundacio-stakeholders-300x351.png 300w\" sizes=\"auto, (max-width: 796px) 100vw, 796px\" \/><\/a><\/figure>\n\n\n<style>.wp-block-kadence-advancedheading.kt-adv-heading4836_402ed9-ee, .wp-block-kadence-advancedheading.kt-adv-heading4836_402ed9-ee[data-kb-block=\"kb-adv-heading4836_402ed9-ee\"]{font-style:normal;}.wp-block-kadence-advancedheading.kt-adv-heading4836_402ed9-ee mark.kt-highlight, .wp-block-kadence-advancedheading.kt-adv-heading4836_402ed9-ee[data-kb-block=\"kb-adv-heading4836_402ed9-ee\"] mark.kt-highlight{font-style:normal;color:#f76a0c;-webkit-box-decoration-break:clone;box-decoration-break:clone;padding-top:0px;padding-right:0px;padding-bottom:0px;padding-left:0px;}.wp-block-kadence-advancedheading.kt-adv-heading4836_402ed9-ee img.kb-inline-image, .wp-block-kadence-advancedheading.kt-adv-heading4836_402ed9-ee[data-kb-block=\"kb-adv-heading4836_402ed9-ee\"] img.kb-inline-image{width:150px;vertical-align:baseline;}<\/style>\n<h3 class=\"kt-adv-heading4836_402ed9-ee wp-block-kadence-advancedheading\" data-kb-block=\"kb-adv-heading4836_402ed9-ee\"><a href=\"https:\/\/isocial.cat\/es\/stakeholders\/\">Stakeholders<\/a><\/h3>\n\n\n\n<p>Organizaciones p\u00fablicas y privadas que contribuyen a hacer posible la actividad de la fundaci\u00f3n.<\/p>\n<\/div><\/div>\n\n\n\n<div class=\"wp-block-genesis-blocks-gb-column columna-img-subhome animated fadeInUp slow delay-200ms gb-block-layout-column\"><div class=\"gb-block-layout-column-inner\">\n<figure class=\"wp-block-image size-full\"><a href=\"https:\/\/isocial.cat\/es\/transparencia\/\"><img loading=\"lazy\" decoding=\"async\" width=\"796\" height=\"930\" src=\"https:\/\/isocial.cat\/wp-content\/uploads\/2022\/03\/la-fundacio-transparencia.png\" alt=\"Transparencia\" class=\"wp-image-208\" srcset=\"https:\/\/isocial.cat\/wp-content\/uploads\/2022\/03\/la-fundacio-transparencia.png 796w, https:\/\/isocial.cat\/wp-content\/uploads\/2022\/03\/la-fundacio-transparencia-400x467.png 400w, https:\/\/isocial.cat\/wp-content\/uploads\/2022\/03\/la-fundacio-transparencia-257x300.png 257w, https:\/\/isocial.cat\/wp-content\/uploads\/2022\/03\/la-fundacio-transparencia-768x897.png 768w, https:\/\/isocial.cat\/wp-content\/uploads\/2022\/03\/la-fundacio-transparencia-300x351.png 300w\" sizes=\"auto, (max-width: 796px) 100vw, 796px\" \/><\/a><\/figure>\n\n\n<style>.wp-block-kadence-advancedheading.kt-adv-heading4836_401a86-f0, .wp-block-kadence-advancedheading.kt-adv-heading4836_401a86-f0[data-kb-block=\"kb-adv-heading4836_401a86-f0\"]{font-style:normal;}.wp-block-kadence-advancedheading.kt-adv-heading4836_401a86-f0 mark.kt-highlight, .wp-block-kadence-advancedheading.kt-adv-heading4836_401a86-f0[data-kb-block=\"kb-adv-heading4836_401a86-f0\"] mark.kt-highlight{font-style:normal;color:#f76a0c;-webkit-box-decoration-break:clone;box-decoration-break:clone;padding-top:0px;padding-right:0px;padding-bottom:0px;padding-left:0px;}.wp-block-kadence-advancedheading.kt-adv-heading4836_401a86-f0 img.kb-inline-image, .wp-block-kadence-advancedheading.kt-adv-heading4836_401a86-f0[data-kb-block=\"kb-adv-heading4836_401a86-f0\"] img.kb-inline-image{width:150px;vertical-align:baseline;}<\/style>\n<h3 class=\"kt-adv-heading4836_401a86-f0 wp-block-kadence-advancedheading\" data-kb-block=\"kb-adv-heading4836_401a86-f0\"><a href=\"https:\/\/isocial.cat\/es\/transparencia\/\">Transparencia<\/a><\/h3>\n\n\n\n<p>Estatutos, memorias, informes econ\u00f3micos y otra documentaci\u00f3n b\u00e1sica de la Fundaci\u00f3n iSocial.<\/p>\n<\/div><\/div>\n\n\n\n<div class=\"wp-block-genesis-blocks-gb-column columna-img-subhome animated fadeInUp slow delay-200ms buida gb-block-layout-column\"><div class=\"gb-block-layout-column-inner\">\n<p><\/p>\n<\/div><\/div>\n<\/div><\/div>\n<\/div><\/div><\/div>\n\n\n\n<div class=\"wp-block-genesis-blocks-gb-columns footer-newsletter gb-layout-columns-1 one-column alignfull\"><div class=\"gb-layout-column-wrap gb-block-layout-column-gap-2 gb-is-responsive-column\">\n<div class=\"wp-block-genesis-blocks-gb-column gb-block-layout-column\"><div class=\"gb-block-layout-column-inner\">\n<div class=\"wp-block-genesis-blocks-gb-columns container gb-layout-columns-1 one-column\"><div class=\"gb-layout-column-wrap gb-block-layout-column-gap-2 gb-is-responsive-column\">\n<div class=\"wp-block-genesis-blocks-gb-column gb-block-layout-column\"><div class=\"gb-block-layout-column-inner\"><style>.wp-block-kadence-advancedheading.kt-adv-heading_4d2423-9c, .wp-block-kadence-advancedheading.kt-adv-heading_4d2423-9c[data-kb-block=\"kb-adv-heading_4d2423-9c\"]{font-style:normal;}.wp-block-kadence-advancedheading.kt-adv-heading_4d2423-9c mark.kt-highlight, .wp-block-kadence-advancedheading.kt-adv-heading_4d2423-9c[data-kb-block=\"kb-adv-heading_4d2423-9c\"] mark.kt-highlight{font-style:normal;color:#f76a0c;-webkit-box-decoration-break:clone;box-decoration-break:clone;padding-top:0px;padding-right:0px;padding-bottom:0px;padding-left:0px;}.wp-block-kadence-advancedheading.kt-adv-heading_4d2423-9c img.kb-inline-image, .wp-block-kadence-advancedheading.kt-adv-heading_4d2423-9c[data-kb-block=\"kb-adv-heading_4d2423-9c\"] img.kb-inline-image{width:150px;vertical-align:baseline;}<\/style>\n<h3 class=\"kt-adv-heading_4d2423-9c titol-seccio wp-block-kadence-advancedheading\" data-kb-block=\"kb-adv-heading_4d2423-9c\">Newsletter<\/h3>\n\n\n<style>.wp-block-kadence-advancedheading.kt-adv-heading_cf2667-29, .wp-block-kadence-advancedheading.kt-adv-heading_cf2667-29[data-kb-block=\"kb-adv-heading_cf2667-29\"]{font-style:normal;}.wp-block-kadence-advancedheading.kt-adv-heading_cf2667-29 mark.kt-highlight, .wp-block-kadence-advancedheading.kt-adv-heading_cf2667-29[data-kb-block=\"kb-adv-heading_cf2667-29\"] mark.kt-highlight{font-style:normal;color:#f76a0c;-webkit-box-decoration-break:clone;box-decoration-break:clone;padding-top:0px;padding-right:0px;padding-bottom:0px;padding-left:0px;}.wp-block-kadence-advancedheading.kt-adv-heading_cf2667-29 img.kb-inline-image, .wp-block-kadence-advancedheading.kt-adv-heading_cf2667-29[data-kb-block=\"kb-adv-heading_cf2667-29\"] img.kb-inline-image{width:150px;vertical-align:baseline;}<\/style>\n<h4 class=\"kt-adv-heading_cf2667-29 wp-block-kadence-advancedheading\" data-kb-block=\"kb-adv-heading_cf2667-29\">Suscr\u00edbete si quieres estar informado en todas las tendencias de innovaci\u00f3n en servicios sociales.<\/h4>\n\n\n<\/div><\/div>\n<\/div><\/div>\n<\/div><\/div>\n<\/div><\/div>\n","protected":false},"excerpt":{"rendered":"<p>iSocial somos una fundaci\u00f3n nacida en 2018 por iniciativa de diversas entidades del tercer sector social con el fin de impulsar la innovaci\u00f3n en el sector de los servicios sociales y contribuir as\u00ed a su transformaci\u00f3n y modernizaci\u00f3n.<\/p>\n","protected":false},"author":1,"featured_media":0,"parent":0,"menu_order":0,"comment_status":"closed","ping_status":"closed","template":"templates\/template-builder.php","meta":{"_acf_changed":false,"inline_featured_image":false,"_kad_blocks_custom_css":"","_kad_blocks_head_custom_js":"","_kad_blocks_body_custom_js":"","_kad_blocks_footer_custom_js":"","footnotes":""},"class_list":["post-4836","page","type-page","status-publish","hentry","post","without-featured-image"],"acf":[],"taxonomy_info":[],"featured_image_src_large":false,"author_info":{"display_name":"admin","author_link":"https:\/\/isocial.cat\/es\/author\/ideadmin\/"},"comment_info":0,"featured_image_src":null,"featured_image_src_square":null,"_links":{"self":[{"href":"https:\/\/isocial.cat\/es\/wp-json\/wp\/v2\/pages\/4836","targetHints":{"allow":["GET"]}}],"collection":[{"href":"https:\/\/isocial.cat\/es\/wp-json\/wp\/v2\/pages"}],"about":[{"href":"https:\/\/isocial.cat\/es\/wp-json\/wp\/v2\/types\/page"}],"author":[{"embeddable":true,"href":"https:\/\/isocial.cat\/es\/wp-json\/wp\/v2\/users\/1"}],"replies":[{"embeddable":true,"href":"https:\/\/isocial.cat\/es\/wp-json\/wp\/v2\/comments?post=4836"}],"version-history":[{"count":18,"href":"https:\/\/isocial.cat\/es\/wp-json\/wp\/v2\/pages\/4836\/revisions"}],"predecessor-version":[{"id":29900,"href":"https:\/\/isocial.cat\/es\/wp-json\/wp\/v2\/pages\/4836\/revisions\/29900"}],"wp:attachment":[{"href":"https:\/\/isocial.cat\/es\/wp-json\/wp\/v2\/media?parent=4836"}],"curies":[{"name":"wp","href":"https:\/\/api.w.org\/{rel}","templated":true}]}}