{"id":4887,"date":"2022-02-28T18:02:37","date_gmt":"2022-02-28T17:02:37","guid":{"rendered":"https:\/\/isocial.cat\/transparencia\/"},"modified":"2025-09-05T12:10:42","modified_gmt":"2025-09-05T10:10:42","slug":"transparencia","status":"publish","type":"page","link":"https:\/\/isocial.cat\/es\/transparencia\/","title":{"rendered":"Transparencia"},"content":{"rendered":"\n<div class=\"wp-block-genesis-blocks-gb-container alignfull header--3 subhome--1 gb-block-container\"><div class=\"gb-container-inside\"><div class=\"gb-container-content\">\n<div class=\"wp-block-genesis-blocks-gb-container container gb-block-container\"><div class=\"gb-container-inside\"><div class=\"gb-container-content\">\n<span class=\"parent--link animated fadeInUp slow\"><a href=\"https:\/\/isocial.cat\/es\/la-fundacion\/\">La Fundaci\u00f3n<\/a><\/span>\n\n\n<h1 class=\"animated fadeInUp delay-200ms slow wp-block-post-title\">Transparencia<\/h1>\n\n<div class=\"animated fadeInUp delay-500ms slow wp-block-post-excerpt\"><p class=\"wp-block-post-excerpt__excerpt\">Estatutos, memorias, informes econ\u00f3micos y otra documentaci\u00f3n b\u00e1sica de la Fundaci\u00f3n iSocial. <\/p><\/div><\/div><\/div><\/div>\n<\/div><\/div><\/div>\n\n\n\n<div class=\"wp-block-genesis-blocks-gb-container container--2 subhome gb-block-container\"><div class=\"gb-container-inside\"><div class=\"gb-container-content\">\n<div class=\"wp-block-genesis-blocks-gb-columns fila post animated fadeInUp slow delay-1s gb-layout-columns-3 gb-3-col-widecenter\"><div class=\"gb-layout-column-wrap gb-block-layout-column-gap-0 gb-is-responsive-column\">\n<div class=\"wp-block-genesis-blocks-gb-column gb-block-layout-column\"><div class=\"gb-block-layout-column-inner\">\n<p><\/p>\n<\/div><\/div>\n\n\n\n<div class=\"wp-block-genesis-blocks-gb-column gb-block-layout-column\"><div class=\"gb-block-layout-column-inner\">\n<p class=\"lead-text has-large-font-size\">La Fundaci\u00f3n iSocial tiene la voluntad y el compromiso de ofrecer la m\u00e1xima transparencia sobre su funcionamiento y sus actuaciones. Asimismo, certifica que en este web consta toda la informaci\u00f3n requerida por la Ley 19\/2013 de 9 de diciembre, de transparencia, acceso a la informaci\u00f3n p\u00fablica y buen gobierno, de manera comprensible, de acceso f\u00e1cil, gratuito y universal.<\/p>\n\n\n\n<p class=\"has-text-align-center\"><a href=\"https:\/\/isocial.cat\/wp-content\/uploads\/2022\/04\/Estatuts_Fund.iSocial.pdf\" target=\"_blank\" rel=\"noreferrer noopener\">Estatutos de la Fundaci\u00f3n (PDF)<\/a><\/p>\n\n\n\n<p class=\"has-text-align-center\"><a href=\"https:\/\/isocial.cat\/wp-content\/uploads\/2022\/04\/Document-de-bases-actualitzacio-maig-2021.pdf\" target=\"_blank\" rel=\"noreferrer noopener\">Documento de bases: Visi\u00f3n, An\u00e1lisis, Misi\u00f3n, Principios, Valores\u2026 (PDF)<\/a><\/p>\n\n\n\n<p class=\"has-text-align-center\"><a href=\"https:\/\/isocial.cat\/wp-content\/uploads\/2022\/04\/Patronat-Fundacio-iSocial.pdf\" target=\"_blank\" rel=\"noreferrer noopener\">Composici\u00f3n del Patronato (PDF)<\/a><\/p>\n\n\n\n<p class=\"has-text-align-center\"><a href=\"https:\/\/isocial.cat\/wp-content\/uploads\/2022\/04\/Pla-de-voluntariat-Fund.iSocial.pdf\" target=\"_blank\" rel=\"noreferrer noopener\">Plan de Voluntariado (PDF)<\/a><\/p>\n\n\n\n<p class=\"has-text-align-center\"><a href=\"https:\/\/isocial.cat\/wp-content\/uploads\/2023\/06\/iSocial_politica_proteccio_infancia.pdf\">Pol\u00edtica de protecci\u00f3n y de buen trato a la infancia y a la adolescencia (PDF)<\/a><\/p>\n\n\n\n<p class=\"has-text-align-center\"><br><a href=\"https:\/\/isocial.cat\/wp-content\/uploads\/2022\/04\/Memo\u0300ria-2018-Fund.iSocial.pdf\" target=\"_blank\" rel=\"noreferrer noopener\">Memoria de Actividades y Econ\u00f3mica del a\u00f1o 2018 (PDF)<\/a><\/p>\n\n\n\n<p class=\"has-text-align-center\"><a href=\"https:\/\/isocial.cat\/wp-content\/uploads\/2022\/04\/Memo\u0300ria-2019-Fund.iSocial.pdf\" target=\"_blank\" rel=\"noreferrer noopener\">Memoria de Actividades y Econ\u00f3mica del a\u00f1o 2019 (PDF)<\/a><\/p>\n\n\n\n<p class=\"has-text-align-center\"><a href=\"https:\/\/isocial.cat\/wp-content\/uploads\/2022\/04\/Memoria-2020-Fund.iSocial.pdf\" target=\"_blank\" rel=\"noreferrer noopener\">Memoria de Actividades y Econ\u00f3mica del a\u00f1o 2020 (PDF)<\/a><\/p>\n\n\n\n<p class=\"has-text-align-center\"><a href=\"https:\/\/isocial.cat\/wp-content\/uploads\/2022\/05\/Memoria-2021-Fund.iSocial.pdf\" target=\"_blank\" rel=\"noreferrer noopener\">Memoria de Actividades y Econ\u00f3mica del a\u00f1o 2021 (PDF)<\/a><\/p>\n\n\n\n<p class=\"has-text-align-center\"><a href=\"https:\/\/isocial.cat\/wp-content\/uploads\/2023\/08\/Memoria-2022-Fund.iSocial-2.pdf\" target=\"_blank\" rel=\"noreferrer noopener\">Memoria de Actividades y Econ\u00f3mica del a\u00f1o 2022 (PDF)<\/a><\/p>\n\n\n\n<p class=\"has-text-align-center\"><a href=\"https:\/\/isocial.cat\/wp-content\/uploads\/2024\/06\/Memoria-2023-Fund.iSocial.pdf\" target=\"_blank\" rel=\"noreferrer noopener\">Memoria de Actividades y Econ\u00f3mica del a\u00f1o 2023 (PDF)<\/a><\/p>\n\n\n\n<p class=\"has-text-align-center\"><a href=\"https:\/\/isocial.cat\/wp-content\/uploads\/2024\/06\/Memoria-2023-Fund.iSocial.pdf\" target=\"_blank\" rel=\"noreferrer noopener\">Memoria de Actividades y Econ\u00f3mica del a\u00f1o 2024 (PDF)<\/a><\/p>\n<\/div><\/div>\n\n\n\n<div class=\"wp-block-genesis-blocks-gb-column gb-block-layout-column\"><div class=\"gb-block-layout-column-inner\">\n<p><\/p>\n<\/div><\/div>\n<\/div><\/div>\n<\/div><\/div><\/div>\n\n\n\n<div class=\"wp-block-genesis-blocks-gb-columns footer-newsletter gb-layout-columns-1 one-column alignfull\"><div class=\"gb-layout-column-wrap gb-block-layout-column-gap-2 gb-is-responsive-column\">\n<div class=\"wp-block-genesis-blocks-gb-column gb-block-layout-column\"><div class=\"gb-block-layout-column-inner\">\n<div class=\"wp-block-genesis-blocks-gb-columns container gb-layout-columns-1 one-column\"><div class=\"gb-layout-column-wrap gb-block-layout-column-gap-2 gb-is-responsive-column\">\n<div class=\"wp-block-genesis-blocks-gb-column gb-block-layout-column\"><div class=\"gb-block-layout-column-inner\"><style>.wp-block-kadence-advancedheading.kt-adv-heading_4d2423-9c, .wp-block-kadence-advancedheading.kt-adv-heading_4d2423-9c[data-kb-block=\"kb-adv-heading_4d2423-9c\"]{font-style:normal;}.wp-block-kadence-advancedheading.kt-adv-heading_4d2423-9c mark.kt-highlight, .wp-block-kadence-advancedheading.kt-adv-heading_4d2423-9c[data-kb-block=\"kb-adv-heading_4d2423-9c\"] mark.kt-highlight{font-style:normal;color:#f76a0c;-webkit-box-decoration-break:clone;box-decoration-break:clone;padding-top:0px;padding-right:0px;padding-bottom:0px;padding-left:0px;}.wp-block-kadence-advancedheading.kt-adv-heading_4d2423-9c img.kb-inline-image, .wp-block-kadence-advancedheading.kt-adv-heading_4d2423-9c[data-kb-block=\"kb-adv-heading_4d2423-9c\"] img.kb-inline-image{width:150px;vertical-align:baseline;}<\/style>\n<h3 class=\"kt-adv-heading_4d2423-9c titol-seccio wp-block-kadence-advancedheading\" data-kb-block=\"kb-adv-heading_4d2423-9c\">Newsletter<\/h3>\n\n\n<style>.wp-block-kadence-advancedheading.kt-adv-heading_cf2667-29, .wp-block-kadence-advancedheading.kt-adv-heading_cf2667-29[data-kb-block=\"kb-adv-heading_cf2667-29\"]{font-style:normal;}.wp-block-kadence-advancedheading.kt-adv-heading_cf2667-29 mark.kt-highlight, .wp-block-kadence-advancedheading.kt-adv-heading_cf2667-29[data-kb-block=\"kb-adv-heading_cf2667-29\"] mark.kt-highlight{font-style:normal;color:#f76a0c;-webkit-box-decoration-break:clone;box-decoration-break:clone;padding-top:0px;padding-right:0px;padding-bottom:0px;padding-left:0px;}.wp-block-kadence-advancedheading.kt-adv-heading_cf2667-29 img.kb-inline-image, .wp-block-kadence-advancedheading.kt-adv-heading_cf2667-29[data-kb-block=\"kb-adv-heading_cf2667-29\"] img.kb-inline-image{width:150px;vertical-align:baseline;}<\/style>\n<h4 class=\"kt-adv-heading_cf2667-29 wp-block-kadence-advancedheading\" data-kb-block=\"kb-adv-heading_cf2667-29\">Suscr\u00edbete si quieres estar informado en todas las tendencias de innovaci\u00f3n en servicios sociales.<\/h4>\n\n\n<\/div><\/div>\n<\/div><\/div>\n<\/div><\/div>\n<\/div><\/div>\n","protected":false},"excerpt":{"rendered":"<p>Estatutos, memorias, informes econ\u00f3micos y otra documentaci\u00f3n b\u00e1sica de la Fundaci\u00f3n iSocial.<\/p>\n","protected":false},"author":1,"featured_media":0,"parent":0,"menu_order":0,"comment_status":"closed","ping_status":"closed","template":"templates\/template-builder.php","meta":{"_acf_changed":false,"inline_featured_image":false,"_kad_blocks_custom_css":"","_kad_blocks_head_custom_js":"","_kad_blocks_body_custom_js":"","_kad_blocks_footer_custom_js":"","footnotes":""},"class_list":["post-4887","page","type-page","status-publish","hentry","post","without-featured-image"],"acf":[],"taxonomy_info":[],"featured_image_src_large":false,"author_info":{"display_name":"admin","author_link":"https:\/\/isocial.cat\/es\/author\/ideadmin\/"},"comment_info":0,"featured_image_src":null,"featured_image_src_square":null,"_links":{"self":[{"href":"https:\/\/isocial.cat\/es\/wp-json\/wp\/v2\/pages\/4887","targetHints":{"allow":["GET"]}}],"collection":[{"href":"https:\/\/isocial.cat\/es\/wp-json\/wp\/v2\/pages"}],"about":[{"href":"https:\/\/isocial.cat\/es\/wp-json\/wp\/v2\/types\/page"}],"author":[{"embeddable":true,"href":"https:\/\/isocial.cat\/es\/wp-json\/wp\/v2\/users\/1"}],"replies":[{"embeddable":true,"href":"https:\/\/isocial.cat\/es\/wp-json\/wp\/v2\/comments?post=4887"}],"version-history":[{"count":11,"href":"https:\/\/isocial.cat\/es\/wp-json\/wp\/v2\/pages\/4887\/revisions"}],"predecessor-version":[{"id":34283,"href":"https:\/\/isocial.cat\/es\/wp-json\/wp\/v2\/pages\/4887\/revisions\/34283"}],"wp:attachment":[{"href":"https:\/\/isocial.cat\/es\/wp-json\/wp\/v2\/media?parent=4887"}],"curies":[{"name":"wp","href":"https:\/\/api.w.org\/{rel}","templated":true}]}}