{"id":4903,"date":"2022-02-28T18:02:57","date_gmt":"2022-02-28T17:02:57","guid":{"rendered":"https:\/\/isocial.cat\/actualitat\/"},"modified":"2023-04-25T09:11:06","modified_gmt":"2023-04-25T08:11:06","slug":"publicaciones","status":"publish","type":"page","link":"https:\/\/isocial.cat\/es\/publicaciones\/","title":{"rendered":"Publicaciones"},"content":{"rendered":"\n<div class=\"wp-block-genesis-blocks-gb-container alignfull header--2 subhome--1 gb-block-container\"><div class=\"gb-container-inside\"><div class=\"gb-container-content\">\n<div class=\"wp-block-genesis-blocks-gb-container container gb-block-container\"><div class=\"gb-container-inside\"><div class=\"gb-container-content\"><h1 class=\"animated fadeInUp slow wp-block-post-title\">Publicaciones<\/h1><\/div><\/div><\/div>\n<\/div><\/div><\/div>\n\n\n\n<div class=\"wp-block-genesis-blocks-gb-container container--2 subhome actualitat gb-block-container\"><div class=\"gb-container-inside\"><div class=\"gb-container-content\">\n<div class=\"wp-block-genesis-blocks-gb-container container--2 subhome actualitat gb-block-container\"><div class=\"gb-container-inside\"><div class=\"gb-container-content\">\n<div class=\"wp-block-genesis-blocks-gb-container container--2 subhome gb-block-container\"><div class=\"gb-container-inside\"><div class=\"gb-container-content\">\n<div class=\"wp-block-genesis-blocks-gb-columns fila gb-layout-columns-3 gb-3-col-equal\"><div class=\"gb-layout-column-wrap gb-block-layout-column-gap-2 gb-is-responsive-column\">\n<div class=\"wp-block-genesis-blocks-gb-column columna-img-subhome animated fadeInUp slow gb-block-layout-column\"><div class=\"gb-block-layout-column-inner\">\n<figure class=\"wp-block-image size-full\"><a href=\"https:\/\/isocial.cat\/es\/banco-de-innovaciones\/\"><img loading=\"lazy\" decoding=\"async\" width=\"796\" height=\"930\" src=\"https:\/\/isocial.cat\/wp-content\/uploads\/2023\/03\/banc-innovacions.png\" alt=\"Banco de innovaciones\" class=\"wp-image-12780\" srcset=\"https:\/\/isocial.cat\/wp-content\/uploads\/2023\/03\/banc-innovacions.png 796w, https:\/\/isocial.cat\/wp-content\/uploads\/2023\/03\/banc-innovacions-400x467.png 400w, https:\/\/isocial.cat\/wp-content\/uploads\/2023\/03\/banc-innovacions-257x300.png 257w, https:\/\/isocial.cat\/wp-content\/uploads\/2023\/03\/banc-innovacions-768x897.png 768w, https:\/\/isocial.cat\/wp-content\/uploads\/2023\/03\/banc-innovacions-300x351.png 300w\" sizes=\"auto, (max-width: 796px) 100vw, 796px\" \/><\/a><\/figure>\n\n\n<style>.wp-block-kadence-advancedheading.kt-adv-heading_b581f8-62, .wp-block-kadence-advancedheading.kt-adv-heading_b581f8-62[data-kb-block=\"kb-adv-heading_b581f8-62\"]{font-style:normal;}.wp-block-kadence-advancedheading.kt-adv-heading_b581f8-62 mark.kt-highlight, .wp-block-kadence-advancedheading.kt-adv-heading_b581f8-62[data-kb-block=\"kb-adv-heading_b581f8-62\"] mark.kt-highlight{font-style:normal;color:#f76a0c;-webkit-box-decoration-break:clone;box-decoration-break:clone;padding-top:0px;padding-right:0px;padding-bottom:0px;padding-left:0px;}.wp-block-kadence-advancedheading.kt-adv-heading_b581f8-62 img.kb-inline-image, .wp-block-kadence-advancedheading.kt-adv-heading_b581f8-62[data-kb-block=\"kb-adv-heading_b581f8-62\"] img.kb-inline-image{width:150px;vertical-align:baseline;}<\/style>\n<h2 class=\"kt-adv-heading_b581f8-62 wp-block-kadence-advancedheading\" data-kb-block=\"kb-adv-heading_b581f8-62\"><a href=\"https:\/\/isocial.cat\/es\/banco-de-innovaciones\/\" data-type=\"page\" data-id=\"4741\">Banco de innovaciones<\/a><\/h2>\n\n\n\n<p>Recogemos y divulgamos iniciativas innovadoras de todo el mundo en el campo de los servicios sociales, que puedan ser inspiradoras para otras organizaciones del sector que tienen la necesidad de resolver retos similares.<\/p>\n<\/div><\/div>\n\n\n\n<div class=\"wp-block-genesis-blocks-gb-column columna-img-subhome animated fadeInUp slow delay-200ms gb-block-layout-column\"><div class=\"gb-block-layout-column-inner\">\n<figure class=\"wp-block-image size-full\"><a href=\"https:\/\/isocial.cat\/es\/informes\/\"><img loading=\"lazy\" decoding=\"async\" width=\"796\" height=\"930\" src=\"https:\/\/isocial.cat\/wp-content\/uploads\/2023\/03\/informes.png\" alt=\"Informes\" class=\"wp-image-12762\" srcset=\"https:\/\/isocial.cat\/wp-content\/uploads\/2023\/03\/informes.png 796w, https:\/\/isocial.cat\/wp-content\/uploads\/2023\/03\/informes-400x467.png 400w, https:\/\/isocial.cat\/wp-content\/uploads\/2023\/03\/informes-257x300.png 257w, https:\/\/isocial.cat\/wp-content\/uploads\/2023\/03\/informes-768x897.png 768w, https:\/\/isocial.cat\/wp-content\/uploads\/2023\/03\/informes-300x351.png 300w\" sizes=\"auto, (max-width: 796px) 100vw, 796px\" \/><\/a><\/figure>\n\n\n<style>.wp-block-kadence-advancedheading.kt-adv-heading_8a7910-a4, .wp-block-kadence-advancedheading.kt-adv-heading_8a7910-a4[data-kb-block=\"kb-adv-heading_8a7910-a4\"]{font-style:normal;}.wp-block-kadence-advancedheading.kt-adv-heading_8a7910-a4 mark.kt-highlight, .wp-block-kadence-advancedheading.kt-adv-heading_8a7910-a4[data-kb-block=\"kb-adv-heading_8a7910-a4\"] mark.kt-highlight{font-style:normal;color:#f76a0c;-webkit-box-decoration-break:clone;box-decoration-break:clone;padding-top:0px;padding-right:0px;padding-bottom:0px;padding-left:0px;}.wp-block-kadence-advancedheading.kt-adv-heading_8a7910-a4 img.kb-inline-image, .wp-block-kadence-advancedheading.kt-adv-heading_8a7910-a4[data-kb-block=\"kb-adv-heading_8a7910-a4\"] img.kb-inline-image{width:150px;vertical-align:baseline;}<\/style>\n<h2 class=\"kt-adv-heading_8a7910-a4 wp-block-kadence-advancedheading\" data-kb-block=\"kb-adv-heading_8a7910-a4\"><a href=\"https:\/\/isocial.cat\/es\/informes\/\" data-type=\"page\" data-id=\"12725\">Informes<\/a><\/h2>\n\n\n\n<p>Elaboramos y publicamos un informe anual que analiza las tendencias de innovaci\u00f3n del sector de los servicios sociales, abordando cada a\u00f1o una tem\u00e1tica diferente.<\/p>\n<\/div><\/div>\n\n\n\n<div class=\"wp-block-genesis-blocks-gb-column columna-img-subhome animated fadeInUp slow delay-500ms gb-block-layout-column\"><div class=\"gb-block-layout-column-inner\">\n<figure class=\"wp-block-image size-full\"><a href=\"https:\/\/isocial.cat\/es\/articulos\/\"><img loading=\"lazy\" decoding=\"async\" width=\"796\" height=\"930\" src=\"https:\/\/isocial.cat\/wp-content\/uploads\/2023\/03\/articles.png\" alt=\"Art\u00edculos\" class=\"wp-image-12774\" srcset=\"https:\/\/isocial.cat\/wp-content\/uploads\/2023\/03\/articles.png 796w, https:\/\/isocial.cat\/wp-content\/uploads\/2023\/03\/articles-400x467.png 400w, https:\/\/isocial.cat\/wp-content\/uploads\/2023\/03\/articles-257x300.png 257w, https:\/\/isocial.cat\/wp-content\/uploads\/2023\/03\/articles-768x897.png 768w, https:\/\/isocial.cat\/wp-content\/uploads\/2023\/03\/articles-300x351.png 300w\" sizes=\"auto, (max-width: 796px) 100vw, 796px\" \/><\/a><\/figure>\n\n\n<style>.wp-block-kadence-advancedheading.kt-adv-heading_cdc587-e8, .wp-block-kadence-advancedheading.kt-adv-heading_cdc587-e8[data-kb-block=\"kb-adv-heading_cdc587-e8\"]{font-style:normal;}.wp-block-kadence-advancedheading.kt-adv-heading_cdc587-e8 mark.kt-highlight, .wp-block-kadence-advancedheading.kt-adv-heading_cdc587-e8[data-kb-block=\"kb-adv-heading_cdc587-e8\"] mark.kt-highlight{font-style:normal;color:#f76a0c;-webkit-box-decoration-break:clone;box-decoration-break:clone;padding-top:0px;padding-right:0px;padding-bottom:0px;padding-left:0px;}.wp-block-kadence-advancedheading.kt-adv-heading_cdc587-e8 img.kb-inline-image, .wp-block-kadence-advancedheading.kt-adv-heading_cdc587-e8[data-kb-block=\"kb-adv-heading_cdc587-e8\"] img.kb-inline-image{width:150px;vertical-align:baseline;}<\/style>\n<h2 class=\"kt-adv-heading_cdc587-e8 wp-block-kadence-advancedheading\" data-kb-block=\"kb-adv-heading_cdc587-e8\"><a href=\"https:\/\/isocial.cat\/es\/articulos\/\" data-type=\"page\" data-id=\"12735\">Art\u00edculos<\/a><\/h2>\n\n\n\n<p>Publicamos y divulgamos cada mes un breve art\u00edculo que expone reflexiones y propuestas en relaci\u00f3n a l\u00edneas emergentes y \u00e1mbitos de innovaci\u00f3n del sector.<\/p>\n<\/div><\/div>\n<\/div><\/div>\n\n\n\n<div class=\"wp-block-genesis-blocks-gb-columns fila--ultima gb-layout-columns-3 gb-3-col-equal\"><div class=\"gb-layout-column-wrap gb-block-layout-column-gap-2 gb-is-responsive-column\">\n<div class=\"wp-block-genesis-blocks-gb-column columna-img-subhome animated fadeInUp slow gb-block-layout-column\"><div class=\"gb-block-layout-column-inner\">\n<figure class=\"wp-block-image size-full\"><a href=\"https:\/\/isocial.cat\/es\/entrevistas\/\"><img loading=\"lazy\" decoding=\"async\" width=\"796\" height=\"930\" src=\"https:\/\/isocial.cat\/wp-content\/uploads\/2023\/03\/entrevistes.png\" alt=\"Entrevistas\" class=\"wp-image-12770\" srcset=\"https:\/\/isocial.cat\/wp-content\/uploads\/2023\/03\/entrevistes.png 796w, https:\/\/isocial.cat\/wp-content\/uploads\/2023\/03\/entrevistes-400x467.png 400w, https:\/\/isocial.cat\/wp-content\/uploads\/2023\/03\/entrevistes-257x300.png 257w, https:\/\/isocial.cat\/wp-content\/uploads\/2023\/03\/entrevistes-768x897.png 768w, https:\/\/isocial.cat\/wp-content\/uploads\/2023\/03\/entrevistes-300x351.png 300w\" sizes=\"auto, (max-width: 796px) 100vw, 796px\" \/><\/a><\/figure>\n\n\n<style>.wp-block-kadence-advancedheading.kt-adv-heading_e09d20-36, .wp-block-kadence-advancedheading.kt-adv-heading_e09d20-36[data-kb-block=\"kb-adv-heading_e09d20-36\"]{font-style:normal;}.wp-block-kadence-advancedheading.kt-adv-heading_e09d20-36 mark.kt-highlight, .wp-block-kadence-advancedheading.kt-adv-heading_e09d20-36[data-kb-block=\"kb-adv-heading_e09d20-36\"] mark.kt-highlight{font-style:normal;color:#f76a0c;-webkit-box-decoration-break:clone;box-decoration-break:clone;padding-top:0px;padding-right:0px;padding-bottom:0px;padding-left:0px;}.wp-block-kadence-advancedheading.kt-adv-heading_e09d20-36 img.kb-inline-image, .wp-block-kadence-advancedheading.kt-adv-heading_e09d20-36[data-kb-block=\"kb-adv-heading_e09d20-36\"] img.kb-inline-image{width:150px;vertical-align:baseline;}<\/style>\n<h2 class=\"kt-adv-heading_e09d20-36 wp-block-kadence-advancedheading\" data-kb-block=\"kb-adv-heading_e09d20-36\"><a href=\"https:\/\/isocial.cat\/es\/entrevistas\/\" data-type=\"page\" data-id=\"12745\">Entrevistas<\/a><\/h2>\n\n\n\n<p>Entrevistamos cada tres meses a una persona experta o referente a nivel local o internacional en alguno de los temas sobre los que el sector est\u00e1 innovando.<\/p>\n<\/div><\/div>\n\n\n\n<div class=\"wp-block-genesis-blocks-gb-column columna-img-subhome animated fadeInUp slow delay-200ms gb-block-layout-column\"><div class=\"gb-block-layout-column-inner\">\n<figure class=\"wp-block-image size-full\"><a href=\"https:\/\/isocial.cat\/es\/noticias\/\"><img loading=\"lazy\" decoding=\"async\" width=\"796\" height=\"930\" src=\"https:\/\/isocial.cat\/wp-content\/uploads\/2023\/03\/noticies.png\" alt=\"Noticias\" class=\"wp-image-12766\" srcset=\"https:\/\/isocial.cat\/wp-content\/uploads\/2023\/03\/noticies.png 796w, https:\/\/isocial.cat\/wp-content\/uploads\/2023\/03\/noticies-400x467.png 400w, https:\/\/isocial.cat\/wp-content\/uploads\/2023\/03\/noticies-257x300.png 257w, https:\/\/isocial.cat\/wp-content\/uploads\/2023\/03\/noticies-768x897.png 768w, https:\/\/isocial.cat\/wp-content\/uploads\/2023\/03\/noticies-300x351.png 300w\" sizes=\"auto, (max-width: 796px) 100vw, 796px\" \/><\/a><\/figure>\n\n\n<style>.wp-block-kadence-advancedheading.kt-adv-heading_3abf6b-bb, .wp-block-kadence-advancedheading.kt-adv-heading_3abf6b-bb[data-kb-block=\"kb-adv-heading_3abf6b-bb\"]{font-style:normal;}.wp-block-kadence-advancedheading.kt-adv-heading_3abf6b-bb mark.kt-highlight, .wp-block-kadence-advancedheading.kt-adv-heading_3abf6b-bb[data-kb-block=\"kb-adv-heading_3abf6b-bb\"] mark.kt-highlight{font-style:normal;color:#f76a0c;-webkit-box-decoration-break:clone;box-decoration-break:clone;padding-top:0px;padding-right:0px;padding-bottom:0px;padding-left:0px;}.wp-block-kadence-advancedheading.kt-adv-heading_3abf6b-bb img.kb-inline-image, .wp-block-kadence-advancedheading.kt-adv-heading_3abf6b-bb[data-kb-block=\"kb-adv-heading_3abf6b-bb\"] img.kb-inline-image{width:150px;vertical-align:baseline;}<\/style>\n<h2 class=\"kt-adv-heading_3abf6b-bb wp-block-kadence-advancedheading\" data-kb-block=\"kb-adv-heading_3abf6b-bb\"><a href=\"https:\/\/isocial.cat\/es\/noticias\/\" data-type=\"page\" data-id=\"12754\">Noticias<\/a><\/h2>\n\n\n\n<p>Publicamos un newsletter trimestral, un bolet\u00edn bimestral de actualidad interna para las entidades miembros, notas de prensa y noticias breves para informar sobre la actividad de la fundaci\u00f3n.<\/p>\n<\/div><\/div>\n\n\n\n<div class=\"wp-block-genesis-blocks-gb-column columna-img-subhome animated fadeInUp slow delay-200ms gb-block-layout-column\"><div class=\"gb-block-layout-column-inner\">\n<p><\/p>\n<\/div><\/div>\n<\/div><\/div>\n<\/div><\/div><\/div>\n<\/div><\/div><\/div>\n<\/div><\/div><\/div>\n\n\n\n<div class=\"wp-block-genesis-blocks-gb-columns footer-newsletter gb-layout-columns-1 one-column alignfull\"><div class=\"gb-layout-column-wrap gb-block-layout-column-gap-2 gb-is-responsive-column\">\n<div class=\"wp-block-genesis-blocks-gb-column gb-block-layout-column\"><div class=\"gb-block-layout-column-inner\">\n<div class=\"wp-block-genesis-blocks-gb-columns container gb-layout-columns-1 one-column\"><div class=\"gb-layout-column-wrap gb-block-layout-column-gap-2 gb-is-responsive-column\">\n<div class=\"wp-block-genesis-blocks-gb-column gb-block-layout-column\"><div class=\"gb-block-layout-column-inner\"><style>.wp-block-kadence-advancedheading.kt-adv-heading_4d2423-9c, .wp-block-kadence-advancedheading.kt-adv-heading_4d2423-9c[data-kb-block=\"kb-adv-heading_4d2423-9c\"]{font-style:normal;}.wp-block-kadence-advancedheading.kt-adv-heading_4d2423-9c mark.kt-highlight, .wp-block-kadence-advancedheading.kt-adv-heading_4d2423-9c[data-kb-block=\"kb-adv-heading_4d2423-9c\"] mark.kt-highlight{font-style:normal;color:#f76a0c;-webkit-box-decoration-break:clone;box-decoration-break:clone;padding-top:0px;padding-right:0px;padding-bottom:0px;padding-left:0px;}.wp-block-kadence-advancedheading.kt-adv-heading_4d2423-9c img.kb-inline-image, .wp-block-kadence-advancedheading.kt-adv-heading_4d2423-9c[data-kb-block=\"kb-adv-heading_4d2423-9c\"] img.kb-inline-image{width:150px;vertical-align:baseline;}<\/style>\n<h3 class=\"kt-adv-heading_4d2423-9c titol-seccio wp-block-kadence-advancedheading\" data-kb-block=\"kb-adv-heading_4d2423-9c\">Newsletter<\/h3>\n\n\n<style>.wp-block-kadence-advancedheading.kt-adv-heading_cf2667-29, .wp-block-kadence-advancedheading.kt-adv-heading_cf2667-29[data-kb-block=\"kb-adv-heading_cf2667-29\"]{font-style:normal;}.wp-block-kadence-advancedheading.kt-adv-heading_cf2667-29 mark.kt-highlight, .wp-block-kadence-advancedheading.kt-adv-heading_cf2667-29[data-kb-block=\"kb-adv-heading_cf2667-29\"] mark.kt-highlight{font-style:normal;color:#f76a0c;-webkit-box-decoration-break:clone;box-decoration-break:clone;padding-top:0px;padding-right:0px;padding-bottom:0px;padding-left:0px;}.wp-block-kadence-advancedheading.kt-adv-heading_cf2667-29 img.kb-inline-image, .wp-block-kadence-advancedheading.kt-adv-heading_cf2667-29[data-kb-block=\"kb-adv-heading_cf2667-29\"] img.kb-inline-image{width:150px;vertical-align:baseline;}<\/style>\n<h4 class=\"kt-adv-heading_cf2667-29 wp-block-kadence-advancedheading\" data-kb-block=\"kb-adv-heading_cf2667-29\">Suscr\u00edbete si quieres estar informado en todas las tendencias de innovaci\u00f3n en servicios sociales.<\/h4>\n\n\n<\/div><\/div>\n<\/div><\/div>\n<\/div><\/div>\n<\/div><\/div>\n","protected":false},"excerpt":{"rendered":"","protected":false},"author":1,"featured_media":0,"parent":0,"menu_order":0,"comment_status":"closed","ping_status":"closed","template":"templates\/template-builder.php","meta":{"_acf_changed":false,"inline_featured_image":false,"_kad_blocks_custom_css":"","_kad_blocks_head_custom_js":"","_kad_blocks_body_custom_js":"","_kad_blocks_footer_custom_js":"","footnotes":""},"class_list":["post-4903","page","type-page","status-publish","hentry","post","without-featured-image"],"acf":[],"taxonomy_info":[],"featured_image_src_large":false,"author_info":{"display_name":"admin","author_link":"https:\/\/isocial.cat\/es\/author\/ideadmin\/"},"comment_info":0,"featured_image_src":null,"featured_image_src_square":null,"_links":{"self":[{"href":"https:\/\/isocial.cat\/es\/wp-json\/wp\/v2\/pages\/4903","targetHints":{"allow":["GET"]}}],"collection":[{"href":"https:\/\/isocial.cat\/es\/wp-json\/wp\/v2\/pages"}],"about":[{"href":"https:\/\/isocial.cat\/es\/wp-json\/wp\/v2\/types\/page"}],"author":[{"embeddable":true,"href":"https:\/\/isocial.cat\/es\/wp-json\/wp\/v2\/users\/1"}],"replies":[{"embeddable":true,"href":"https:\/\/isocial.cat\/es\/wp-json\/wp\/v2\/comments?post=4903"}],"version-history":[{"count":6,"href":"https:\/\/isocial.cat\/es\/wp-json\/wp\/v2\/pages\/4903\/revisions"}],"predecessor-version":[{"id":15811,"href":"https:\/\/isocial.cat\/es\/wp-json\/wp\/v2\/pages\/4903\/revisions\/15811"}],"wp:attachment":[{"href":"https:\/\/isocial.cat\/es\/wp-json\/wp\/v2\/media?parent=4903"}],"curies":[{"name":"wp","href":"https:\/\/api.w.org\/{rel}","templated":true}]}}