{"id":5066,"date":"2022-04-07T12:20:31","date_gmt":"2022-04-07T11:20:31","guid":{"rendered":"https:\/\/isocial.cat\/proposa-la-teva-innovacio\/"},"modified":"2023-04-13T12:34:18","modified_gmt":"2023-04-13T11:34:18","slug":"propon-tu-innovacion","status":"publish","type":"page","link":"https:\/\/isocial.cat\/es\/propon-tu-innovacion\/","title":{"rendered":"Prop\u00f3n tu innovaci\u00f3n"},"content":{"rendered":"\n<div class=\"wp-block-genesis-blocks-gb-container alignfull header--3 subhome--1 innovacio gb-block-container\"><div class=\"gb-container-inside\"><div class=\"gb-container-content\">\n<div class=\"wp-block-genesis-blocks-gb-container container gb-block-container\"><div class=\"gb-container-inside\"><div class=\"gb-container-content\">\n<span class=\"parent--link separador animated fadeInUp slow\"><a href=\"https:\/\/isocial.cat\/es\/publicaciones\/\">Publicaciones<\/a> <a href=\"https:\/\/isocial.cat\/es\/banco-de-innovaciones\/\">Banco de innovaciones<\/a><\/span>\n\n\n<h1 class=\"animated fadeInUp delay-200ms slow wp-block-post-title\">Prop\u00f3n tu innovaci\u00f3n<\/h1><\/div><\/div><\/div>\n<\/div><\/div><\/div>\n\n\n\n<div class=\"wp-block-genesis-blocks-gb-container container--2 subhome gb-block-container\"><div class=\"gb-container-inside\"><div class=\"gb-container-content\">\n<div class=\"wp-block-genesis-blocks-gb-columns fila post animated fadeInUp slow gb-layout-columns-3 gb-3-col-widecenter\"><div class=\"gb-layout-column-wrap gb-block-layout-column-gap-0 gb-is-responsive-column\">\n<div class=\"wp-block-genesis-blocks-gb-column gb-block-layout-column\"><div class=\"gb-block-layout-column-inner\">\n<p><\/p>\n<\/div><\/div>\n\n\n\n<div class=\"wp-block-genesis-blocks-gb-column gb-block-layout-column\"><div class=\"gb-block-layout-column-inner\">\n<div class=\"wpcf7 no-js\" id=\"wpcf7-f5072-o1\" lang=\"es-ES\" dir=\"ltr\" data-wpcf7-id=\"5072\">\n<div class=\"screen-reader-response\"><p role=\"status\" aria-live=\"polite\" aria-atomic=\"true\"><\/p> <ul><\/ul><\/div>\n<form action=\"https:\/\/isocial.cat\/es\/\" method=\"post\" class=\"wpcf7-form init\" aria-label=\"Formulario de contacto\" novalidate=\"novalidate\" data-status=\"init\">\n<fieldset class=\"hidden-fields-container\"><input type=\"hidden\" name=\"_wpcf7\" value=\"5072\" \/><input type=\"hidden\" name=\"_wpcf7_version\" value=\"6.1.5\" \/><input type=\"hidden\" name=\"_wpcf7_locale\" value=\"es_ES\" \/><input type=\"hidden\" name=\"_wpcf7_unit_tag\" value=\"wpcf7-f5072-o1\" \/><input type=\"hidden\" name=\"_wpcf7_container_post\" value=\"0\" \/><input type=\"hidden\" name=\"_wpcf7_posted_data_hash\" value=\"\" \/><input type=\"hidden\" name=\"_wpcf7_recaptcha_response\" value=\"\" \/>\n<\/fieldset>\n<p>\t\t<div id=\"cf7md-form\" class=\"cf7md-form\">\n\t\t\t<div class=\"mdc-layout-grid\">\n\t\t\t\t<div class=\"mdc-layout-grid__inner\">\n\t\t\t\t\t\t\t\t\t\t\n<\/p>\n\t\t\n\t\t<div class=\"cf7md-item cf7md-text mdc-layout-grid__cell mdc-layout-grid__cell--span-6-desktop mdc-layout-grid__cell--span-8-tablet mdc-layout-grid__cell--span-4-phone\">\n\t\t\t<br \/>\n<span class=\"wpcf7-form-control-wrap\" data-name=\"your-name\"><input size=\"40\" maxlength=\"400\" class=\"wpcf7-form-control wpcf7-text wpcf7-validates-as-required\" id=\"your-name\" aria-required=\"true\" aria-invalid=\"false\" value=\"\" type=\"text\" name=\"your-name\" \/><\/span><br \/>\n\t\t\t\t\t\t<div style=\"display: none;\" class=\"cf7md-text-html\">\n\t\t\t\t<div class=\"mdc-text-field \">\n\t\t\t\t\t\n\t\t\t\t\t\t\t\t\t\t\t<label class=\"mdc-floating-label\">Nombre y apellidos<\/label>\n\t\t\t\t\t\t<div class=\"mdc-line-ripple\"><\/div>\n\t\t\t\t\t\t\t\t\t<\/div>\n\t\t\t<\/div>\n\t\t<\/div>\n\t\t\n\t\t\n\t\t<div class=\"cf7md-item cf7md-text mdc-layout-grid__cell mdc-layout-grid__cell--span-6-desktop mdc-layout-grid__cell--span-8-tablet mdc-layout-grid__cell--span-4-phone\">\n\t\t\t<br \/>\n<span class=\"wpcf7-form-control-wrap\" data-name=\"your-organization\"><input size=\"40\" maxlength=\"400\" class=\"wpcf7-form-control wpcf7-text wpcf7-validates-as-required\" id=\"your-organization\" aria-required=\"true\" aria-invalid=\"false\" value=\"\" type=\"text\" name=\"your-organization\" \/><\/span><br \/>\n\t\t\t\t\t\t<div style=\"display: none;\" class=\"cf7md-text-html\">\n\t\t\t\t<div class=\"mdc-text-field \">\n\t\t\t\t\t\n\t\t\t\t\t\t\t\t\t\t\t<label class=\"mdc-floating-label\">Organizaci\u00f3n<\/label>\n\t\t\t\t\t\t<div class=\"mdc-line-ripple\"><\/div>\n\t\t\t\t\t\t\t\t\t<\/div>\n\t\t\t<\/div>\n\t\t<\/div>\n\t\t\n\t\t\n\t\t<div class=\"cf7md-item cf7md-text mdc-layout-grid__cell mdc-layout-grid__cell--span-6-desktop mdc-layout-grid__cell--span-8-tablet mdc-layout-grid__cell--span-4-phone\">\n\t\t\t<br \/>\n<span class=\"wpcf7-form-control-wrap\" data-name=\"your-position\"><input size=\"40\" maxlength=\"400\" class=\"wpcf7-form-control wpcf7-text wpcf7-validates-as-required\" id=\"your-position\" aria-required=\"true\" aria-invalid=\"false\" value=\"\" type=\"text\" name=\"your-position\" \/><\/span><br \/>\n\t\t\t\t\t\t<div style=\"display: none;\" class=\"cf7md-text-html\">\n\t\t\t\t<div class=\"mdc-text-field \">\n\t\t\t\t\t\n\t\t\t\t\t\t\t\t\t\t\t<label class=\"mdc-floating-label\">Posici\u00f3n<\/label>\n\t\t\t\t\t\t<div class=\"mdc-line-ripple\"><\/div>\n\t\t\t\t\t\t\t\t\t<\/div>\n\t\t\t<\/div>\n\t\t<\/div>\n\t\t\n\t\t\n\t\t<div class=\"cf7md-item cf7md-text mdc-layout-grid__cell mdc-layout-grid__cell--span-6-desktop mdc-layout-grid__cell--span-8-tablet mdc-layout-grid__cell--span-4-phone\">\n\t\t\t<br \/>\n<span class=\"wpcf7-form-control-wrap\" data-name=\"your-email\"><input size=\"40\" maxlength=\"400\" class=\"wpcf7-form-control wpcf7-email wpcf7-validates-as-required wpcf7-text wpcf7-validates-as-email\" id=\"your-email\" aria-required=\"true\" aria-invalid=\"false\" value=\"\" type=\"email\" name=\"your-email\" \/><\/span><br \/>\n\t\t\t\t\t\t<div style=\"display: none;\" class=\"cf7md-text-html\">\n\t\t\t\t<div class=\"mdc-text-field \">\n\t\t\t\t\t\n\t\t\t\t\t\t\t\t\t\t\t<label class=\"mdc-floating-label\">Email<\/label>\n\t\t\t\t\t\t<div class=\"mdc-line-ripple\"><\/div>\n\t\t\t\t\t\t\t\t\t<\/div>\n\t\t\t<\/div>\n\t\t<\/div>\n\t\t\n\t\t\n\t\t<div class=\"cf7md-item cf7md-text mdc-layout-grid__cell mdc-layout-grid__cell--span-6-desktop mdc-layout-grid__cell--span-8-tablet mdc-layout-grid__cell--span-4-phone\">\n\t\t\t<br \/>\n<span class=\"wpcf7-form-control-wrap\" data-name=\"your-project-title\"><input size=\"40\" maxlength=\"400\" class=\"wpcf7-form-control wpcf7-text wpcf7-validates-as-required\" id=\"your-project-title\" aria-required=\"true\" aria-invalid=\"false\" value=\"\" type=\"text\" name=\"your-project-title\" \/><\/span><br \/>\n\t\t\t\t\t\t<div style=\"display: none;\" class=\"cf7md-text-html\">\n\t\t\t\t<div class=\"mdc-text-field \">\n\t\t\t\t\t\n\t\t\t\t\t\t\t\t\t\t\t<label class=\"mdc-floating-label\">T\u00edtulo del proyecto innovador<\/label>\n\t\t\t\t\t\t<div class=\"mdc-line-ripple\"><\/div>\n\t\t\t\t\t\t\t\t\t<\/div>\n\t\t\t<\/div>\n\t\t<\/div>\n\t\t\n\t\t\n\t\t<div class=\"cf7md-item cf7md-text mdc-layout-grid__cell mdc-layout-grid__cell--span-6-desktop mdc-layout-grid__cell--span-8-tablet mdc-layout-grid__cell--span-4-phone\">\n\t\t\t<br \/>\n<span class=\"wpcf7-form-control-wrap\" data-name=\"your-partners\"><input size=\"40\" maxlength=\"400\" class=\"wpcf7-form-control wpcf7-text wpcf7-validates-as-required\" id=\"your-partners\" aria-required=\"true\" aria-invalid=\"false\" value=\"\" type=\"text\" name=\"your-partners\" \/><\/span><br \/>\n\t\t\t\t\t\t<div style=\"display: none;\" class=\"cf7md-text-html\">\n\t\t\t\t<div class=\"mdc-text-field \">\n\t\t\t\t\t\n\t\t\t\t\t\t\t\t\t\t\t<label class=\"mdc-floating-label\">Partners y\/o colaboradores<\/label>\n\t\t\t\t\t\t<div class=\"mdc-line-ripple\"><\/div>\n\t\t\t\t\t\t\t\t\t<\/div>\n\t\t\t<\/div>\n\t\t<\/div>\n\t\t\n\n\t\t<div class=\"cf7md-item cf7md-textarea mdc-layout-grid__cell mdc-layout-grid__cell--span-12-desktop mdc-layout-grid__cell--span-8-tablet mdc-layout-grid__cell--span-4-phone cf7md-textarea-autosize\">\n\t\t\t<br \/>\n<span class=\"wpcf7-form-control-wrap\" data-name=\"your-description\"><textarea cols=\"40\" rows=\"10\" maxlength=\"2000\" class=\"wpcf7-form-control wpcf7-textarea wpcf7-validates-as-required\" id=\"your-description\" aria-required=\"true\" aria-invalid=\"false\" name=\"your-description\"><\/textarea><\/span><br \/>\n\t\t\t\t\t\t<div style=\"display: none;\" class=\"cf7md-text-html\">\n\t\t\t\t<div class=\"mdc-text-field  mdc-text-field--textarea\">\n\t\t\t\t\t\t\t\t\t\t<div class=\"mdc-notched-outline\">\n\t\t\t\t\t\t<div class=\"mdc-notched-outline__leading\"><\/div>\n\t\t\t\t\t\t<div class=\"mdc-notched-outline__notch\">\n\t\t\t\t\t\t\t<label class=\"mdc-floating-label\">Breve descripci\u00f3n<\/label>\n\t\t\t\t\t\t<\/div>\n\t\t\t\t\t\t<div class=\"mdc-notched-outline__trailing\"><\/div>\n\t\t\t\t\t<\/div>\n\t\t\t\t<\/div>\n\t\t\t<\/div>\n\t\t<\/div>\n\t\t\n\t\t<div class=\"cf7md-item cf7md-accept cf7md-is-wpcf7v5 mdc-layout-grid__cell mdc-layout-grid__cell--span-12-desktop mdc-layout-grid__cell--span-8-tablet mdc-layout-grid__cell--span-4-phone\">\n\t\t\t\t\t\t<br \/>\n<span class=\"wpcf7-form-control-wrap\" data-name=\"acceptance-878\"><span class=\"wpcf7-form-control wpcf7-acceptance\"><span class=\"wpcf7-list-item\"><input type=\"checkbox\" name=\"acceptance-878\" value=\"1\" aria-invalid=\"false\" \/><\/span><\/span><\/span><br \/>\n\t\t\t<label class=\"cf7md-accept-label\"><strong>Consiento el tratamiento de mis datos.<\/strong> Fundaci\u00f3n iSocial tratar\u00e1 tus datos con el fin de responder a tus consultas, dudas o reclamaciones. Puedes ejercer los derechos de acceso, rectificaci\u00f3n, supresi\u00f3n, portabilidad, limitaci\u00f3n y oposici\u00f3n, tal y como le informamos en la nuestra <a href='https:\/\/isocial.cat\/es\/politica-de-privacidad\/' target='_blank'>Pol\u00edtica de Privacidad<\/a>.<\/label>\n\t\t\t<div style=\"display: none;\" class=\"cf7md-checkbox-html\">\n\t\t\t\t<div class=\"mdc-checkbox__background\">\n\t\t\t\t\t<svg class=\"mdc-checkbox__checkmark\" viewBox=\"0 0 24 24\">\n\t\t\t\t\t\t<path class=\"mdc-checkbox__checkmark-path\" fill=\"none\" d=\"M1.73,12.91 8.1,19.28 22.79,4.59\"\/>\n\t\t\t\t\t<\/svg>\n\t\t\t\t\t<div class=\"mdc-checkbox__mixedmark\"><\/div>\n\t\t\t\t<\/div>\n\t\t\t<\/div>\n\t\t\t\t\t<\/div>\n\t\t\n\t\t<div class=\"cf7md-item cf7md-submit mdc-layout-grid__cell mdc-layout-grid__cell--span-12-desktop mdc-layout-grid__cell--span-8-tablet mdc-layout-grid__cell--span-4-phone\" data-button-style=\"raised\">\n\t\t\t<br \/>\n<input class=\"wpcf7-form-control wpcf7-submit has-spinner\" type=\"submit\" value=\"Enviar\" \/><br \/>\n\t\t\t<svg class=\"cf7md-spinner\" width=\"25px\" height=\"25px\" viewBox=\"0 0 66 66\" xmlns=\"http:\/\/www.w3.org\/2000\/svg\">\n\t\t\t\t<circle class=\"cf7md-spinner-path\" fill=\"none\" stroke-width=\"6\" stroke-linecap=\"round\" cx=\"33\" cy=\"33\" r=\"30\"><\/circle>\n\t\t\t<\/svg>\n\t\t<\/div>\n\t\t\n\t\t\t\t\t\t\t\t\t<\/div>\n\t\t\t<\/div>\n\t\t<\/div>\n\t\t\n<\/p><div class=\"wpcf7-response-output\" aria-hidden=\"true\"><\/div>\n<\/form>\n<\/div>\n\n<\/div><\/div>\n\n\n\n<div class=\"wp-block-genesis-blocks-gb-column gb-block-layout-column\"><div class=\"gb-block-layout-column-inner\">\n<p><\/p>\n<\/div><\/div>\n<\/div><\/div>\n<\/div><\/div><\/div>\n\n\n\n<div class=\"wp-block-genesis-blocks-gb-columns footer-newsletter gb-layout-columns-1 one-column alignfull\"><div class=\"gb-layout-column-wrap gb-block-layout-column-gap-2 gb-is-responsive-column\">\n<div class=\"wp-block-genesis-blocks-gb-column gb-block-layout-column\"><div class=\"gb-block-layout-column-inner\">\n<div class=\"wp-block-genesis-blocks-gb-columns container gb-layout-columns-1 one-column\"><div class=\"gb-layout-column-wrap gb-block-layout-column-gap-2 gb-is-responsive-column\">\n<div class=\"wp-block-genesis-blocks-gb-column gb-block-layout-column\"><div class=\"gb-block-layout-column-inner\"><style>.wp-block-kadence-advancedheading.kt-adv-heading_4d2423-9c, .wp-block-kadence-advancedheading.kt-adv-heading_4d2423-9c[data-kb-block=\"kb-adv-heading_4d2423-9c\"]{font-style:normal;}.wp-block-kadence-advancedheading.kt-adv-heading_4d2423-9c mark.kt-highlight, .wp-block-kadence-advancedheading.kt-adv-heading_4d2423-9c[data-kb-block=\"kb-adv-heading_4d2423-9c\"] mark.kt-highlight{font-style:normal;color:#f76a0c;-webkit-box-decoration-break:clone;box-decoration-break:clone;padding-top:0px;padding-right:0px;padding-bottom:0px;padding-left:0px;}.wp-block-kadence-advancedheading.kt-adv-heading_4d2423-9c img.kb-inline-image, .wp-block-kadence-advancedheading.kt-adv-heading_4d2423-9c[data-kb-block=\"kb-adv-heading_4d2423-9c\"] img.kb-inline-image{width:150px;vertical-align:baseline;}<\/style>\n<h3 class=\"kt-adv-heading_4d2423-9c titol-seccio wp-block-kadence-advancedheading\" data-kb-block=\"kb-adv-heading_4d2423-9c\">Newsletter<\/h3>\n\n\n<style>.wp-block-kadence-advancedheading.kt-adv-heading_cf2667-29, .wp-block-kadence-advancedheading.kt-adv-heading_cf2667-29[data-kb-block=\"kb-adv-heading_cf2667-29\"]{font-style:normal;}.wp-block-kadence-advancedheading.kt-adv-heading_cf2667-29 mark.kt-highlight, .wp-block-kadence-advancedheading.kt-adv-heading_cf2667-29[data-kb-block=\"kb-adv-heading_cf2667-29\"] mark.kt-highlight{font-style:normal;color:#f76a0c;-webkit-box-decoration-break:clone;box-decoration-break:clone;padding-top:0px;padding-right:0px;padding-bottom:0px;padding-left:0px;}.wp-block-kadence-advancedheading.kt-adv-heading_cf2667-29 img.kb-inline-image, .wp-block-kadence-advancedheading.kt-adv-heading_cf2667-29[data-kb-block=\"kb-adv-heading_cf2667-29\"] img.kb-inline-image{width:150px;vertical-align:baseline;}<\/style>\n<h4 class=\"kt-adv-heading_cf2667-29 wp-block-kadence-advancedheading\" data-kb-block=\"kb-adv-heading_cf2667-29\">Suscr\u00edbete si quieres estar informado en todas las tendencias de innovaci\u00f3n en servicios sociales.<\/h4>\n\n\n<\/div><\/div>\n<\/div><\/div>\n<\/div><\/div>\n<\/div><\/div>\n","protected":false},"excerpt":{"rendered":"","protected":false},"author":1,"featured_media":0,"parent":0,"menu_order":0,"comment_status":"closed","ping_status":"closed","template":"templates\/template-builder.php","meta":{"_acf_changed":false,"inline_featured_image":false,"_kad_blocks_custom_css":"","_kad_blocks_head_custom_js":"","_kad_blocks_body_custom_js":"","_kad_blocks_footer_custom_js":"","footnotes":""},"class_list":["post-5066","page","type-page","status-publish","hentry","post","without-featured-image"],"acf":[],"taxonomy_info":[],"featured_image_src_large":false,"author_info":{"display_name":"admin","author_link":"https:\/\/isocial.cat\/es\/author\/ideadmin\/"},"comment_info":0,"featured_image_src":null,"featured_image_src_square":null,"_links":{"self":[{"href":"https:\/\/isocial.cat\/es\/wp-json\/wp\/v2\/pages\/5066","targetHints":{"allow":["GET"]}}],"collection":[{"href":"https:\/\/isocial.cat\/es\/wp-json\/wp\/v2\/pages"}],"about":[{"href":"https:\/\/isocial.cat\/es\/wp-json\/wp\/v2\/types\/page"}],"author":[{"embeddable":true,"href":"https:\/\/isocial.cat\/es\/wp-json\/wp\/v2\/users\/1"}],"replies":[{"embeddable":true,"href":"https:\/\/isocial.cat\/es\/wp-json\/wp\/v2\/comments?post=5066"}],"version-history":[{"count":1,"href":"https:\/\/isocial.cat\/es\/wp-json\/wp\/v2\/pages\/5066\/revisions"}],"predecessor-version":[{"id":5068,"href":"https:\/\/isocial.cat\/es\/wp-json\/wp\/v2\/pages\/5066\/revisions\/5068"}],"wp:attachment":[{"href":"https:\/\/isocial.cat\/es\/wp-json\/wp\/v2\/media?parent=5066"}],"curies":[{"name":"wp","href":"https:\/\/api.w.org\/{rel}","templated":true}]}}