{"id":13391,"date":"2023-03-03T10:24:57","date_gmt":"2023-03-03T09:24:57","guid":{"rendered":"https:\/\/isocial.cat\/noticies\/"},"modified":"2023-04-24T15:18:54","modified_gmt":"2023-04-24T14:18:54","slug":"berriak","status":"publish","type":"page","link":"https:\/\/isocial.cat\/eu\/berriak\/","title":{"rendered":"Berriak"},"content":{"rendered":"\n<div class=\"wp-block-genesis-blocks-gb-container alignfull header--3 subhome--1 gb-block-container\"><div class=\"gb-container-inside\"><div class=\"gb-container-content\">\n<div class=\"wp-block-genesis-blocks-gb-container container gb-block-container\"><div class=\"gb-container-inside\"><div class=\"gb-container-content\">\n<span class=\"parent--link animated fadeInUp slow\"><a href=\"https:\/\/isocial.cat\/eu\/argitalpenak\/\" data-type=\"page\" data-id=\"14\">Argitalpenak<\/a><\/span>\n\n\n<h1 class=\"animated fadeInUp delay-200ms slow wp-block-post-title\">Berriak<\/h1>\n\n<div class=\"animated fadeInUp delay-500ms slow wp-block-post-excerpt\"><p class=\"wp-block-post-excerpt__excerpt\">Batetik, hiru hilean behin berripaper bat eta bestetik, bi hilean behingo barne-gaurkotasuneko buletin bat argitaratzen ditugu erakunde kideentzat, fundazioaren jarduereei barri emateko, prentsa-oharren eta albiste laburren bidez. <\/p><\/div><\/div><\/div><\/div>\n<\/div><\/div><\/div>\n\n\n\n<div class=\"wp-block-genesis-blocks-gb-container container--2 subhome gb-block-container\"><div class=\"gb-container-inside\"><div class=\"gb-container-content\"><div  class=\"ultp-post-grid-block wp-block-ultimate-post-post-grid-1 ultp-block-fcc19f subhome--1 grid animated fadeInUp delay-1s slow\"><div class=\"ultp-block-wrapper\"><div class=\"ultp-loading\"><div class=\"ultp-loading-spinner\" style=\"width:100%;height:100%\"><div><\/div><div><\/div><div><\/div><div><\/div><div><\/div><div><\/div><div><\/div><div><\/div><div><\/div><div><\/div><div><\/div><div><\/div><\/div><\/div><div class=\"ultp-heading-filter\"><div class=\"ultp-heading-filter-in\"><div class=\"ultp-filter-navigation\"><\/div><\/div><\/div><div class=\"ultp-block-items-wrap ultp-block-row ultp-pg1a-style1 ultp-grid1-responsive ultp-block-column-4 1 1 ultp-layout1\"><div class=\"ultp-block-item post-id-36591\"><div class=\"ultp-block-content-wrap\"><div class=\"ultp-block-image ultp-block-image-zoomIn\"><a href=\"https:\/\/isocial.cat\/eu\/rapnic-recibe-el-2o-premio-del-concurso-aina-inteligencia-territorial\/\" ><img loading=\"lazy\" decoding=\"async\" width=\"600\" height=\"600\"  class=\"ultp-block-image-content\"  alt=\"rapnic\"  src=\"https:\/\/isocial.cat\/wp-content\/uploads\/2026\/03\/rapnic-600x600.png\" \/><\/a><\/div><div class=\"ultp-block-content\"><h2 class=\"ultp-block-title \"><a href=\"https:\/\/isocial.cat\/eu\/rapnic-recibe-el-2o-premio-del-concurso-aina-inteligencia-territorial\/\" >RAPNIC recibe el 2\u00ba premio del concurso AINA \u201cInteligencia Territorial\u201d<\/a><\/h2><div class=\"ultp-block-excerpt\">RAPNIC ha sido reconocido en la categor\u00eda \u201cInteligencia Artificial para reducir las brechas digitales\u201d del concurso AINA \u201cInteligencia Territorial\u201d, que impulsa soluciones en catal\u00e1n para mejorar la accesibilidad y la inclusi\u00f3n digital.<\/div><\/div><\/div><\/div><div class=\"ultp-block-item post-id-36444\"><div class=\"ultp-block-content-wrap\"><div class=\"ultp-block-image ultp-block-image-zoomIn\"><a href=\"https:\/\/isocial.cat\/eu\/presentamos-los-resultados-del-proyecto-vincles-alt-pirineu-aran-en-el-periodo-2023-2025-en-un-acto-en-sort\/\" ><img loading=\"lazy\" decoding=\"async\" width=\"600\" height=\"600\"  class=\"ultp-block-image-content\"  alt=\"Cartelleria de l&#039;acte de presentaci\u00f3 de resultats del projecte Vincles 2023-2026\"  src=\"https:\/\/isocial.cat\/wp-content\/uploads\/2026\/03\/Noticia-Resultats-Vincles-min-600x600.png\" \/><\/a><\/div><div class=\"ultp-block-content\"><h2 class=\"ultp-block-title \"><a href=\"https:\/\/isocial.cat\/eu\/presentamos-los-resultados-del-proyecto-vincles-alt-pirineu-aran-en-el-periodo-2023-2025-en-un-acto-en-sort\/\" >Presentamos los resultados del proyecto Vincles Alt Pirineu-Aran en el per\u00edodo 2023-2025 en un acto en Sort<\/a><\/h2><div class=\"ultp-block-excerpt\">El 5 de marzo realizamos en Sort (Pallars Sobir\u00e0) el acto de presentaci\u00f3n de resultados del proyecto Vincles durante el per\u00edodo 2023-2025, donde se puso de manifiesto el \u00e9xito y la necesidad de continuidad del programa.<\/div><\/div><\/div><\/div><div class=\"ultp-block-item post-id-36331\"><div class=\"ultp-block-content-wrap\"><div class=\"ultp-block-image ultp-block-image-zoomIn\"><a href=\"https:\/\/isocial.cat\/eu\/isocial-y-somos-conexion-suman-esfuerzos-para-impulsar-el-conocimiento-y-la-tecnologia-social\/\" ><img loading=\"lazy\" decoding=\"async\" width=\"600\" height=\"600\"  class=\"ultp-block-image-content\"  alt=\"Noticia Somos Conexi\u00f3n\"  src=\"https:\/\/isocial.cat\/wp-content\/uploads\/2026\/02\/Noticia-Somos-Conexion-600x600.png\" \/><\/a><\/div><div class=\"ultp-block-content\"><h2 class=\"ultp-block-title \"><a href=\"https:\/\/isocial.cat\/eu\/isocial-y-somos-conexion-suman-esfuerzos-para-impulsar-el-conocimiento-y-la-tecnologia-social\/\" >iSocial y Somos Conexi\u00f3n suman esfuerzos para impulsar el conocimiento y la tecnolog\u00eda social<\/a><\/h2><div class=\"ultp-block-excerpt\">La cooperativa Somos Conexi\u00f3n patrocinar\u00e1 tres de los Innobreaks que realizaremos durante el 2026. Las sesiones pondr\u00e1n el foco en el uso consciente e inclusivo de la tecnolog\u00eda en el \u00e1mbito social, y permitir\u00e1n acercar al sector iniciativas innovadoras que abordan retos digitales emergentes.<\/div><\/div><\/div><\/div><div class=\"ultp-block-item post-id-35318\"><div class=\"ultp-block-content-wrap\"><div class=\"ultp-block-image ultp-block-image-zoomIn\"><a href=\"https:\/\/isocial.cat\/eu\/la-fundacion-isocial-y-graustic-otorgan-el-premio-a-la-integracion-social-a-traves-de-la-digitalizacion-a-la-app-dinder-club\/\" ><img loading=\"lazy\" decoding=\"async\" width=\"600\" height=\"600\"  class=\"ultp-block-image-content\"  alt=\"Fotografia de grup despr\u00e9s de l&#039;entrega del premi a la Integraci\u00f3 Social a trav\u00e9s de la tecnologia, categoria dels premis d&#039;Innovaci\u00f3 Social de Catalunya GrausTIC patrocinada per iSocial\"  src=\"https:\/\/isocial.cat\/wp-content\/uploads\/2025\/11\/Fotografia-de-grup-despres-de-lentrega-del-premi-a-la-Integracio-Social-a-traves-de-la-tecnologia-categoria-dels-premis-dInnovacio-Social-de-Catalunya-GrausTIC-patrocinada-per-iSocial-600x600.png\" \/><\/a><\/div><div class=\"ultp-block-content\"><h2 class=\"ultp-block-title \"><a href=\"https:\/\/isocial.cat\/eu\/la-fundacion-isocial-y-graustic-otorgan-el-premio-a-la-integracion-social-a-traves-de-la-digitalizacion-a-la-app-dinder-club\/\" >La Fundaci\u00f3n iSocial y GrausTIC otorgan el Premio a la Integraci\u00f3n Social a trav\u00e9s de la Digitalizaci\u00f3n a la app Dinder Club<\/a><\/h2><div class=\"ultp-block-excerpt\">Con este premio, la Fundaci\u00f3n iSocial quiere reconocer la labor de Dinder Club, la primera aplicaci\u00f3n de citas y planes de ocio para personas con discapacidad intelectual. Esta iniciativa pionera apuesta por la inclusi\u00f3n social a trav\u00e9s de la tecnolog\u00eda, ofreciendo un entorno seguro y accesible para facilitar relaciones personales y actividades grupales.<\/div><\/div><\/div><\/div><div class=\"ultp-block-item post-id-35228\"><div class=\"ultp-block-content-wrap\"><div class=\"ultp-block-image ultp-block-image-zoomIn\"><a href=\"https:\/\/isocial.cat\/eu\/la-red-rehab-lab-reconocida-por-plena-inclusion-como-practica-con-impacto\/\" ><img loading=\"lazy\" decoding=\"async\" width=\"1920\" height=\"1080\" class=\"ultp-block-image-content\" src=\"https:\/\/isocial.cat\/wp-content\/plugins\/ultimate-post\/assets\/img\/ultp-fallback-img.png\" alt=\"dummy-img\" \/><\/a><\/div><div class=\"ultp-block-content\"><h2 class=\"ultp-block-title \"><a href=\"https:\/\/isocial.cat\/eu\/la-red-rehab-lab-reconocida-por-plena-inclusion-como-practica-con-impacto\/\" >La Red Rehab-Lab, reconocida por Plena Inclusi\u00f3n como \u201cPr\u00e1ctica con Impacto\u201d<\/a><\/h2><div class=\"ultp-block-excerpt\">La Fundaci\u00f3 iSocial particip\u00f3 en el encuentro estatal \u201cPr\u00e1cticas con Impacto\u201d organizado por Plena Inclusi\u00f3n en Sevilla, donde presentamos la Red Rehab-Lab ante m\u00e1s de 500 profesionales y entidades del sector de la discapacidad intelectual<\/div><\/div><\/div><\/div><div class=\"ultp-block-item post-id-35298\"><div class=\"ultp-block-content-wrap\"><div class=\"ultp-block-image ultp-block-image-zoomIn\"><a href=\"https:\/\/isocial.cat\/eu\/isocial-participa-en-la-clausura-de-la-2a-llamada-del-programa-transforma-del-hiss-con-el-proyecto-nidus-desinstitucionalizacion\/\" ><img loading=\"lazy\" decoding=\"async\" width=\"600\" height=\"600\"  class=\"ultp-block-image-content\"  alt=\"Els participants de la 2a Crida del HISS en una foto de grup, amb el logo del HISS. iSocial hi ha participat amb el projecte Nidus Desinstitucionalitzaci\u00f3.\"  src=\"https:\/\/isocial.cat\/wp-content\/uploads\/2025\/11\/Clausura-HISS-Nidus-desinstitucionalitzacio-600x600.png\" \/><\/a><\/div><div class=\"ultp-block-content\"><h2 class=\"ultp-block-title \"><a href=\"https:\/\/isocial.cat\/eu\/isocial-participa-en-la-clausura-de-la-2a-llamada-del-programa-transforma-del-hiss-con-el-proyecto-nidus-desinstitucionalizacion\/\" >iSocial participa en la clausura de la 2\u00aa Llamada del Programa Transforma del HiSS con el proyecto Nidus Desinstitucionalizaci\u00f3n<\/a><\/h2><div class=\"ultp-block-excerpt\">En la clausura de la 2\u00aa Llamada del Programa Transforma del HiSS, iSocial ha presentado los resultados del proyecto Nidus Desinstitucionalizaci\u00f3n, que apuesta por el uso de esta app como apoyo para personas con problemas de salud mental en su camino hacia la vida independiente<\/div><\/div><\/div><\/div><div class=\"ultp-block-item post-id-35267\"><div class=\"ultp-block-content-wrap\"><div class=\"ultp-block-image ultp-block-image-zoomIn\"><a href=\"https:\/\/isocial.cat\/eu\/estrenamos-una-nueva-landing-de-soliguia-para-profesionales-con-recursos-para-utilizar-la-herramienta\/\" ><img loading=\"lazy\" decoding=\"async\" width=\"1920\" height=\"1080\" class=\"ultp-block-image-content\" src=\"https:\/\/isocial.cat\/wp-content\/plugins\/ultimate-post\/assets\/img\/ultp-fallback-img.png\" alt=\"dummy-img\" \/><\/a><\/div><div class=\"ultp-block-content\"><h2 class=\"ultp-block-title \"><a href=\"https:\/\/isocial.cat\/eu\/estrenamos-una-nueva-landing-de-soliguia-para-profesionales-con-recursos-para-utilizar-la-herramienta\/\" >Estrenamos una nueva landing de Soliguia para profesionales, con recursos para utilizar la herramienta<\/a><\/h2><div class=\"ultp-block-excerpt\">Desde la landing, los y las profesionales pueden solicitar que su entidad forme parte de Soliguia, consultar la secci\u00f3n de preguntas frecuentes y acceder al v\u00eddeo \u201cDescubre Soliguia\u201d, una gu\u00eda r\u00e1pida para conocer la herramienta en menos de 10 minutos\n<\/div><\/div><\/div><\/div><div class=\"ultp-block-item post-id-34996\"><div class=\"ultp-block-content-wrap\"><div class=\"ultp-block-image ultp-block-image-zoomIn\"><a href=\"https:\/\/isocial.cat\/eu\/llars-compartides-se-incorpora-a-la-fundacion-isocial\/\" ><img loading=\"lazy\" decoding=\"async\" width=\"600\" height=\"600\"  class=\"ultp-block-image-content\"  alt=\"Llars compartides Nova entitat membre\"  src=\"https:\/\/isocial.cat\/wp-content\/uploads\/2025\/10\/Llars-compartides-Nova-entitat-membre-1-600x600.png\" \/><\/a><\/div><div class=\"ultp-block-content\"><h2 class=\"ultp-block-title \"><a href=\"https:\/\/isocial.cat\/eu\/llars-compartides-se-incorpora-a-la-fundacion-isocial\/\" >Llars Compartides se incorpora a la Fundaci\u00f3n iSocial<\/a><\/h2><div class=\"ultp-block-excerpt\">La entidad Llars Compartides, que promueve un modelo de envejecimiento digno y en compa\u00f1\u00eda para personas mayores con rentas bajas, se incorpora como nuevo miembro de la Fundaci\u00f3n iSocial.\n<\/div><\/div><\/div><\/div><div class=\"ultp-block-item post-id-34946\"><div class=\"ultp-block-content-wrap\"><div class=\"ultp-block-image ultp-block-image-zoomIn\"><a href=\"https:\/\/isocial.cat\/eu\/el-grupo-mifas-se-incorpora-como-nueva-entidad-miembro-de-la-fundacion-isocial\/\" ><img loading=\"lazy\" decoding=\"async\" width=\"600\" height=\"600\"  class=\"ultp-block-image-content\"  alt=\"Persona usu\u00e0ria de Mifas a Girona\"  src=\"https:\/\/isocial.cat\/wp-content\/uploads\/2025\/10\/mifas-600x600.jpg\" \/><\/a><\/div><div class=\"ultp-block-content\"><h2 class=\"ultp-block-title \"><a href=\"https:\/\/isocial.cat\/eu\/el-grupo-mifas-se-incorpora-como-nueva-entidad-miembro-de-la-fundacion-isocial\/\" >El Grupo Mifas se incorpora como nueva entidad miembro de la Fundaci\u00f3n iSocial<\/a><\/h2><div class=\"ultp-block-excerpt\">La entidad gerundense Grupo Mifas aportar\u00e1 su experiencia en el \u00e1mbito de la discapacidad f\u00edsica como nuevo miembro de la Fundaci\u00f3n iSocial<\/div><\/div><\/div><\/div><div class=\"ultp-block-item post-id-33612\"><div class=\"ultp-block-content-wrap\"><div class=\"ultp-block-image ultp-block-image-zoomIn\"><a href=\"https:\/\/isocial.cat\/eu\/primera-jornada-anual-de-la-red-rehab-lab-en-barcelona\/\" ><img loading=\"lazy\" decoding=\"async\" width=\"600\" height=\"600\"  class=\"ultp-block-image-content\"  alt=\"Jornada Anual Rehab-Lab\"  src=\"https:\/\/isocial.cat\/wp-content\/uploads\/2025\/07\/nobi2-2-min-600x600.png\" \/><\/a><\/div><div class=\"ultp-block-content\"><h2 class=\"ultp-block-title \"><a href=\"https:\/\/isocial.cat\/eu\/primera-jornada-anual-de-la-red-rehab-lab-en-barcelona\/\" >Primera Jornada Anual de la red Rehab-Lab en Barcelona\u00a0<\/a><\/h2><div class=\"ultp-block-excerpt\">Hemos acreditado a los nuevos laboratorios de fabricaci\u00f3n (FabLabs) de las 10 entidades de toda Catalu\u00f1a que se han incorporado a la red Rehab-Lab<\/div><\/div><\/div><\/div><div class=\"ultp-block-item post-id-33435\"><div class=\"ultp-block-content-wrap\"><div class=\"ultp-block-image ultp-block-image-zoomIn\"><a href=\"https:\/\/isocial.cat\/eu\/nueva-edicion-del-premio-a-la-integracion-social-a-traves-de-la-digitalizacion-en-el-marco-de-los-premios-de-innovacion-digital-de-cataluna-2025\/\" ><img loading=\"lazy\" decoding=\"async\" width=\"600\" height=\"600\"  class=\"ultp-block-image-content\"  alt=\"Premis d&#039;Innovaci\u00f3 Digital de Catalunya 2025\"  src=\"https:\/\/isocial.cat\/wp-content\/uploads\/2025\/07\/Premis-dInnovacio-Digital-de-Catalunya-600x600.png\" \/><\/a><\/div><div class=\"ultp-block-content\"><h2 class=\"ultp-block-title \"><a href=\"https:\/\/isocial.cat\/eu\/nueva-edicion-del-premio-a-la-integracion-social-a-traves-de-la-digitalizacion-en-el-marco-de-los-premios-de-innovacion-digital-de-cataluna-2025\/\" >Nueva edici\u00f3n del Premio a la Integraci\u00f3n Social a trav\u00e9s de la Digitalizaci\u00f3n en el marco de los Premios de Innovaci\u00f3n Digital de Catalu\u00f1a 2025<\/a><\/h2><div class=\"ultp-block-excerpt\">Las candidaturas para este galard\u00f3n, que iSocial coorganiza con GrausTIC, pueden presentarse hasta el 17 de octubre<\/div><\/div><\/div><\/div><div class=\"ultp-block-item post-id-33589\"><div class=\"ultp-block-content-wrap\"><div class=\"ultp-block-image ultp-block-image-zoomIn\"><a href=\"https:\/\/isocial.cat\/eu\/isocial-y-fiare-banca-etica-refuerzan-su-alianza\/\" ><img loading=\"lazy\" decoding=\"async\" width=\"600\" height=\"600\"  class=\"ultp-block-image-content\"  alt=\"Not\u00edcia Fiare. Banca \u00e9tica\"  src=\"https:\/\/isocial.cat\/wp-content\/uploads\/2025\/07\/Noticia-Fiare-600x600.png\" \/><\/a><\/div><div class=\"ultp-block-content\"><h2 class=\"ultp-block-title \"><a href=\"https:\/\/isocial.cat\/eu\/isocial-y-fiare-banca-etica-refuerzan-su-alianza\/\" >iSocial y Fiare Banca Etica refuerzan su alianza<\/a><\/h2><div class=\"ultp-block-excerpt\">La Fundaci\u00f3n iSocial se ha incorporado como socia de la cooperativa Fiare Banca Etica, en el marco de un acuerdo que tambi\u00e9n incluye una l\u00ednea de cr\u00e9dito para financiar los proyectos de iSocial y el patrocinio de diversas publicaciones de nuestra fundaci\u00f3n.<\/div><\/div><\/div><\/div><div class=\"ultp-block-item post-id-33730\"><div class=\"ultp-block-content-wrap\"><div class=\"ultp-block-image ultp-block-image-zoomIn\"><a href=\"https:\/\/isocial.cat\/eu\/la-fundacio-isocial-assisteix-a-la-european-social-services-conference-essc-2025-amb-dues-iniciatives-que-posen-en-valor-la-innovacio-social\/\" ><img loading=\"lazy\" decoding=\"async\" width=\"600\" height=\"600\"  class=\"ultp-block-image-content\"  alt=\"La Fundaci\u00f3 iSocial assisteix a la European Social Services Conference (ESSC 2025) amb dues iniciatives que posen en valor la innovaci\u00f3 social\"  src=\"https:\/\/isocial.cat\/wp-content\/uploads\/2025\/07\/Lequip-diSocial-al-lEuropean-Social-Services-Conference-ESSC-2025-davant-lestand-de-Nidus-600x600.png\" \/><\/a><\/div><div class=\"ultp-block-content\"><h2 class=\"ultp-block-title \"><a href=\"https:\/\/isocial.cat\/eu\/la-fundacio-isocial-assisteix-a-la-european-social-services-conference-essc-2025-amb-dues-iniciatives-que-posen-en-valor-la-innovacio-social\/\" >La Fundaci\u00f3 iSocial assisteix a la European Social Services Conference (ESSC 2025) amb dues iniciatives que posen en valor la innovaci\u00f3 social<\/a><\/h2><div class=\"ultp-block-excerpt\">La nostra app Nidus i el projecte Vincles Alt Pirineu-Aran contra la soledat no desitjada han sigut dues de les protagonistes de l&#8217;ESSC 2025<\/div><\/div><\/div><\/div><div class=\"ultp-block-item post-id-33293\"><div class=\"ultp-block-content-wrap\"><div class=\"ultp-block-image ultp-block-image-zoomIn\"><a href=\"https:\/\/isocial.cat\/eu\/la-fundacion-isocial-y-sus-entidades-miembros-viajan-a-finlandia-en-el-3-er-innotrip\/\" ><img loading=\"lazy\" decoding=\"async\" width=\"600\" height=\"600\"  class=\"ultp-block-image-content\"  alt=\"Professionals de les entitats membres d&#039;iSocial participen al 3r Innotrip a Finl\u00e0ndia\"  src=\"https:\/\/isocial.cat\/wp-content\/uploads\/2025\/06\/Innotrip-600x600.png\" \/><\/a><\/div><div class=\"ultp-block-content\"><h2 class=\"ultp-block-title \"><a href=\"https:\/\/isocial.cat\/eu\/la-fundacion-isocial-y-sus-entidades-miembros-viajan-a-finlandia-en-el-3-er-innotrip\/\" >La Fundaci\u00f3n iSocial y sus entidades miembros viajan a Finlandia en el 3.er Innotrip<\/a><\/h2><div class=\"ultp-block-excerpt\">La visita a entidades y equipamientos de Helsinki y Espoo durante este Innotrip nos permiti\u00f3 conocer m\u00e1s de cerca algunas iniciativas pioneras de uno de los pa\u00edses con el estado de bienestar m\u00e1s avanzado.<\/div><\/div><\/div><\/div><div class=\"ultp-block-item post-id-31093\"><div class=\"ultp-block-content-wrap\"><div class=\"ultp-block-image ultp-block-image-zoomIn\"><a href=\"https:\/\/isocial.cat\/eu\/la-catedra-de-innovacion-social-de-la-udl-evalua-el-proyecto-vincles-en-erill-la-vall\/\" ><img loading=\"lazy\" decoding=\"async\" width=\"600\" height=\"600\"  class=\"ultp-block-image-content\"  alt=\"C\u00e1tedra Innovaci\u00f3n Social Vincles\"  src=\"https:\/\/isocial.cat\/wp-content\/uploads\/2025\/04\/Catedra-Innovacio-Social-Vincles-min-6-600x600.png\" \/><\/a><\/div><div class=\"ultp-block-content\"><h2 class=\"ultp-block-title \"><a href=\"https:\/\/isocial.cat\/eu\/la-catedra-de-innovacion-social-de-la-udl-evalua-el-proyecto-vincles-en-erill-la-vall\/\" >La C\u00e1tedra de Innovaci\u00f3n Social de la UdL eval\u00faa el proyecto Vincles en Erill la Vall<\/a><\/h2><div class=\"ultp-block-excerpt\">La C\u00e1tedra de Innovaci\u00f3n Social de la UdL eval\u00faa el proyecto Vincles en Erill la Vall<\/div><\/div><\/div><\/div><div class=\"ultp-block-item post-id-30956\"><div class=\"ultp-block-content-wrap\"><div class=\"ultp-block-image ultp-block-image-zoomIn\"><a href=\"https:\/\/isocial.cat\/eu\/la-consejera-de-derechos-sociales-visita-en-sort-el-proyecto-vincles-alto-pirineo-aran\/\" ><img loading=\"lazy\" decoding=\"async\" width=\"600\" height=\"600\"  class=\"ultp-block-image-content\"  alt=\"La Consellera de Drets Socials parla amb dues persones benefici\u00e0ries del projecte Vincles a Sort\"  src=\"https:\/\/isocial.cat\/wp-content\/uploads\/2025\/04\/Imatge-Vincles-Consellera-600x600.png\" \/><\/a><\/div><div class=\"ultp-block-content\"><h2 class=\"ultp-block-title \"><a href=\"https:\/\/isocial.cat\/eu\/la-consejera-de-derechos-sociales-visita-en-sort-el-proyecto-vincles-alto-pirineo-aran\/\" >La Consejera de Derechos Sociales visita en Sort el proyecto Vincles Alto Pirineo-Aran<\/a><\/h2><div class=\"ultp-block-excerpt\">La Consejera conoce de primera mano el proyecto Vincles Alt Pirineu-Aran, que ya est\u00e1 implantado en m\u00e1s de veinte municipios y cuenta con 171 agentes comunitarios<\/div><\/div><\/div><\/div><\/div><div class=\"ultp-pagination-wrap ultp-pagination-ajax-action\" data-paged=\"1\" data-expost=\"\"  data-blockid=\"fcc19f\" data-postid=\"13391\" data-pages=\"7\" data-blockname=\"ultimate-post_post-grid-1\" data-selfpostid=\"no\"><ul class=\"ultp-pagination\"><li class=\"ultp-prev-page-numbers\" style=\"display:none\"><a href=\"https:\/\/isocial.cat\/eu\/wp-json\/wp\/v2\/pages\/13391\/\"><svg xmlns=\"http:\/\/www.w3.org\/2000\/svg\" fill=\"none\" viewBox=\"0 0 24 24\">\n  <path stroke=\"currentColor\" stroke-linecap=\"round\" stroke-linejoin=\"round\" stroke-width=\"1.5\" d=\"m15 18-6-6 6-6\"\/>\n<\/svg>\n <\/a><\/li><li class=\"ultp-first-pages\" style=\"display:none\" data-current=\"1\"><a href=\"https:\/\/isocial.cat\/eu\/wp-json\/wp\/v2\/pages\/13391\/\">1<\/a><\/li><li class=\"ultp-first-dot\"style=\"display:none\"><a href=\"#\">&#8230;<\/a><\/li><li class=\"ultp-center-item pagination-active\" data-current=\"1\"><a href=\"https:\/\/isocial.cat\/eu\/wp-json\/wp\/v2\/pages\/13391\/\">1<\/a><\/li><li class=\"ultp-center-item\" data-current=\"2\" ><a href=\"https:\/\/isocial.cat\/eu\/wp-json\/wp\/v2\/pages\/13391\/page\/2\/\">2<\/a><\/li><li class=\"ultp-center-item\" data-current=\"3\" ><a href=\"https:\/\/isocial.cat\/eu\/wp-json\/wp\/v2\/pages\/13391\/page\/3\/\">3<\/a><\/li><li class=\"ultp-last-dot\" ><a href=\"#\">&#8230;<\/a><\/li><li class=\"ultp-last-pages\" data-current=\"7\"><a href=\"https:\/\/isocial.cat\/eu\/wp-json\/wp\/v2\/pages\/13391\/page\/7\/\">7<\/a><\/li><li class=\"ultp-next-page-numbers\"><a href=\"https:\/\/isocial.cat\/eu\/wp-json\/wp\/v2\/pages\/13391\/page\/2\/\"><svg xmlns=\"http:\/\/www.w3.org\/2000\/svg\" fill=\"none\" viewBox=\"0 0 24 24\">\n  <path stroke=\"currentColor\" stroke-linecap=\"round\" stroke-linejoin=\"round\" stroke-width=\"1.5\" d=\"m9 18 6-6-6-6\"\/>\n<\/svg>\n<\/a><\/li><\/ul><\/div><\/div><div class=\"pagination-block-html\" aria-hidden=\"true\" style=\"display: none;\"><\/div><\/div><\/div><\/div><\/div>\n\n\n\n<div class=\"wp-block-genesis-blocks-gb-columns footer-newsletter gb-layout-columns-1 one-column alignfull\"><div class=\"gb-layout-column-wrap gb-block-layout-column-gap-2 gb-is-responsive-column\">\n<div class=\"wp-block-genesis-blocks-gb-column gb-block-layout-column\"><div class=\"gb-block-layout-column-inner\">\n<div class=\"wp-block-genesis-blocks-gb-columns container gb-layout-columns-1 one-column\"><div class=\"gb-layout-column-wrap gb-block-layout-column-gap-2 gb-is-responsive-column\">\n<div class=\"wp-block-genesis-blocks-gb-column gb-block-layout-column\"><div class=\"gb-block-layout-column-inner\"><style>.wp-block-kadence-advancedheading.kt-adv-heading_4d2423-9c, .wp-block-kadence-advancedheading.kt-adv-heading_4d2423-9c[data-kb-block=\"kb-adv-heading_4d2423-9c\"]{font-style:normal;}.wp-block-kadence-advancedheading.kt-adv-heading_4d2423-9c mark.kt-highlight, .wp-block-kadence-advancedheading.kt-adv-heading_4d2423-9c[data-kb-block=\"kb-adv-heading_4d2423-9c\"] mark.kt-highlight{font-style:normal;color:#f76a0c;-webkit-box-decoration-break:clone;box-decoration-break:clone;padding-top:0px;padding-right:0px;padding-bottom:0px;padding-left:0px;}.wp-block-kadence-advancedheading.kt-adv-heading_4d2423-9c img.kb-inline-image, .wp-block-kadence-advancedheading.kt-adv-heading_4d2423-9c[data-kb-block=\"kb-adv-heading_4d2423-9c\"] img.kb-inline-image{width:150px;vertical-align:baseline;}<\/style>\n<h3 class=\"kt-adv-heading_4d2423-9c titol-seccio wp-block-kadence-advancedheading\" data-kb-block=\"kb-adv-heading_4d2423-9c\">Buletina<\/h3>\n\n\n<style>.wp-block-kadence-advancedheading.kt-adv-heading_cf2667-29, .wp-block-kadence-advancedheading.kt-adv-heading_cf2667-29[data-kb-block=\"kb-adv-heading_cf2667-29\"]{font-style:normal;}.wp-block-kadence-advancedheading.kt-adv-heading_cf2667-29 mark.kt-highlight, .wp-block-kadence-advancedheading.kt-adv-heading_cf2667-29[data-kb-block=\"kb-adv-heading_cf2667-29\"] mark.kt-highlight{font-style:normal;color:#f76a0c;-webkit-box-decoration-break:clone;box-decoration-break:clone;padding-top:0px;padding-right:0px;padding-bottom:0px;padding-left:0px;}.wp-block-kadence-advancedheading.kt-adv-heading_cf2667-29 img.kb-inline-image, .wp-block-kadence-advancedheading.kt-adv-heading_cf2667-29[data-kb-block=\"kb-adv-heading_cf2667-29\"] img.kb-inline-image{width:150px;vertical-align:baseline;}<\/style>\n<h4 class=\"kt-adv-heading_cf2667-29 wp-block-kadence-advancedheading\" data-kb-block=\"kb-adv-heading_cf2667-29\">Harpidetu zaitez gizarte-zerbitzuetako berrikuntzarakojoera guztien berri izan nahi baduzu.<\/h4>\n\n\n<\/div><\/div>\n<\/div><\/div>\n<\/div><\/div>\n<\/div><\/div>\n","protected":false},"excerpt":{"rendered":"<p>Batetik, hiru hilean behin berripaper bat eta bestetik, bi hilean behingo barne-gaurkotasuneko buletin bat argitaratzen ditugu erakunde kideentzat, fundazioaren jarduereei barri emateko, prentsa-oharren eta albiste laburren bidez.<\/p>\n","protected":false},"author":1,"featured_media":0,"parent":0,"menu_order":0,"comment_status":"closed","ping_status":"closed","template":"templates\/template-builder.php","meta":{"_acf_changed":false,"inline_featured_image":false,"_kad_blocks_custom_css":"","_kad_blocks_head_custom_js":"","_kad_blocks_body_custom_js":"","_kad_blocks_footer_custom_js":"","footnotes":""},"class_list":["post-13391","page","type-page","status-publish","hentry","post","without-featured-image"],"acf":[],"taxonomy_info":[],"featured_image_src_large":false,"author_info":{"display_name":"admin","author_link":"https:\/\/isocial.cat\/eu\/author\/ideadmin\/"},"comment_info":0,"featured_image_src":null,"featured_image_src_square":null,"_links":{"self":[{"href":"https:\/\/isocial.cat\/eu\/wp-json\/wp\/v2\/pages\/13391","targetHints":{"allow":["GET"]}}],"collection":[{"href":"https:\/\/isocial.cat\/eu\/wp-json\/wp\/v2\/pages"}],"about":[{"href":"https:\/\/isocial.cat\/eu\/wp-json\/wp\/v2\/types\/page"}],"author":[{"embeddable":true,"href":"https:\/\/isocial.cat\/eu\/wp-json\/wp\/v2\/users\/1"}],"replies":[{"embeddable":true,"href":"https:\/\/isocial.cat\/eu\/wp-json\/wp\/v2\/comments?post=13391"}],"version-history":[{"count":5,"href":"https:\/\/isocial.cat\/eu\/wp-json\/wp\/v2\/pages\/13391\/revisions"}],"predecessor-version":[{"id":21470,"href":"https:\/\/isocial.cat\/eu\/wp-json\/wp\/v2\/pages\/13391\/revisions\/21470"}],"wp:attachment":[{"href":"https:\/\/isocial.cat\/eu\/wp-json\/wp\/v2\/media?parent=13391"}],"curies":[{"name":"wp","href":"https:\/\/api.w.org\/{rel}","templated":true}]}}