{"id":13452,"date":"2022-02-28T17:59:07","date_gmt":"2022-02-28T16:59:07","guid":{"rendered":"https:\/\/isocial.cat\/recerca\/"},"modified":"2024-02-26T12:38:43","modified_gmt":"2024-02-26T11:38:43","slug":"ikerketa","status":"publish","type":"page","link":"https:\/\/isocial.cat\/eu\/ikerketa\/","title":{"rendered":"Ikerketa-proiektuak"},"content":{"rendered":"\n<div class=\"wp-block-genesis-blocks-gb-container alignfull header--3 subhome--1 recerca gb-block-container\"><div class=\"gb-container-inside\"><div class=\"gb-container-content\">\n<div class=\"wp-block-genesis-blocks-gb-container container gb-block-container\"><div class=\"gb-container-inside\"><div class=\"gb-container-content\">\n<span class=\"parent--link animated fadeInUp slow\"><a href=\"https:\/\/isocial.cat\/eu\/ezagutza\/\" data-type=\"URL\" data-id=\"https:\/\/isocial.cat\/coneixement\/\">Ezagutza<\/a><\/span>\n\n\n<h1 class=\"animated fadeInUp delay-200ms slow wp-block-post-title\">Ikerketa-proiektuak<\/h1>\n\n<div class=\"animated fadeInUp delay-500ms slow wp-block-post-excerpt\"><p class=\"wp-block-post-excerpt__excerpt\">Unibertsitateekin lankidetzan, ikerketa-azterlanak eta -jarduerak bultzatzen ditugu, gizarte-ekintzaren sektoreari ezagutza erabilgarria eskaintzeko, berrikuntzarako erronkak, joerak, konponbideak eta aukerak identifikatzeko asmoarekin. <\/p><\/div><\/div><\/div><\/div>\n<\/div><\/div><\/div>\n\n\n\n<div class=\"wp-block-genesis-blocks-gb-container container--2 subhome gb-block-container\"><div class=\"gb-container-inside\"><div class=\"gb-container-content\"><div  class=\"ultp-post-grid-block wp-block-ultimate-post-post-grid-1 ultp-block-e261fd subhome--1 grid animated fadeInUp delay-1s slow\"><div class=\"ultp-block-wrapper\"><div class=\"ultp-loading\"><div class=\"ultp-loading-spinner\" style=\"width:100%;height:100%\"><div><\/div><div><\/div><div><\/div><div><\/div><div><\/div><div><\/div><div><\/div><div><\/div><div><\/div><div><\/div><div><\/div><div><\/div><\/div><\/div><div class=\"ultp-heading-filter\"><div class=\"ultp-heading-filter-in\"><div class=\"ultp-filter-navigation\"><\/div><\/div><\/div><div class=\"ultp-block-items-wrap ultp-block-row ultp-pg1a-style1 ultp-grid1-responsive ultp-block-column-4 1 1 ultp-layout1\"><div class=\"ultp-block-item post-id-25732\"><div class=\"ultp-block-content-wrap\"><div class=\"ultp-block-image ultp-block-image-zoomIn\"><a href=\"https:\/\/isocial.cat\/eu\/aisss-alt-pirineu-aran\/\" ><img loading=\"lazy\" decoding=\"async\" width=\"600\" height=\"600\"  class=\"ultp-block-image-content\"  alt=\"Projecte AISSS \"  src=\"https:\/\/isocial.cat\/wp-content\/uploads\/2024\/05\/Projecte-AISSS-Imatge-web-600x600.png\" \/><\/a><\/div><div class=\"ultp-block-content\"><h2 class=\"ultp-block-title \"><a href=\"https:\/\/isocial.cat\/eu\/aisss-alt-pirineu-aran\/\" >AISSS Alt Pirineu-Aran<\/a><\/h2><div class=\"ultp-block-excerpt\">AISSS Alt Pirineu-Aran parte del proyecto Vincles para incorporar a la detecci\u00f3n e intervenci\u00f3n de situaciones de soledad no deseada la visi\u00f3n de los y las profesionales de los servicios de salud, integrando la intervenci\u00f3n social y sanitaria.<\/div><\/div><\/div><\/div><div class=\"ultp-block-item post-id-25709\"><div class=\"ultp-block-content-wrap\"><div class=\"ultp-block-image ultp-block-image-zoomIn\"><a href=\"https:\/\/isocial.cat\/eu\/care4skills\/\" ><img loading=\"lazy\" decoding=\"async\" width=\"600\" height=\"600\"  class=\"ultp-block-image-content\"  alt=\"Care4Skills\"  src=\"https:\/\/isocial.cat\/wp-content\/uploads\/2024\/04\/Care4Skills-min-600x600.png\" \/><\/a><\/div><div class=\"ultp-block-content\"><h2 class=\"ultp-block-title \"><a href=\"https:\/\/isocial.cat\/eu\/care4skills\/\" >Care4Skills<\/a><\/h2><div class=\"ultp-block-excerpt\">Care4Skills es un proyecto de colaboraci\u00f3n europeo Erasmus+ que busca dar respuesta a las necesidades de capacitaci\u00f3n en Cuidados de Larga Duraci\u00f3n y establecer una estrategia europea de formaci\u00f3n con curr\u00edculums comunes<\/div><\/div><\/div><\/div><div class=\"ultp-block-item post-id-29204\"><div class=\"ultp-block-content-wrap\"><div class=\"ultp-block-image ultp-block-image-zoomIn\"><a href=\"https:\/\/isocial.cat\/eu\/coparticipa\/\" ><img loading=\"lazy\" decoding=\"async\" width=\"600\" height=\"600\"  class=\"ultp-block-image-content\"  alt=\"CoParticiPA\"  src=\"https:\/\/isocial.cat\/wp-content\/uploads\/2024\/04\/CoParticiPA-Foto-web-600x600.png\" \/><\/a><\/div><div class=\"ultp-block-content\"><h2 class=\"ultp-block-title \"><a href=\"https:\/\/isocial.cat\/eu\/coparticipa\/\" >CoParticiPA<\/a><\/h2><div class=\"ultp-block-excerpt\">CoParticiPA es un proyecto de colaboraci\u00f3n transfronteriza que tiene por objetivo la participaci\u00f3n activa de las personas usuarias en los servicios sociales y el intercambio de buenas pr\u00e1cticas<\/div><\/div><\/div><\/div><div class=\"ultp-block-item post-id-13140\"><div class=\"ultp-block-content-wrap\"><div class=\"ultp-block-image ultp-block-image-zoomIn\"><a href=\"https:\/\/isocial.cat\/eu\/prevencion-de-la-institucionalizacion\/\" ><img loading=\"lazy\" decoding=\"async\" width=\"600\" height=\"600\"  class=\"ultp-block-image-content\"  alt=\"Prevenci\u00f3n de la institucionalizaci\u00f3n infantil\"  src=\"https:\/\/isocial.cat\/wp-content\/uploads\/2022\/05\/aaron-burden-1zR3WNSTnvY-unsplash-600x600.jpg\" \/><\/a><\/div><div class=\"ultp-block-content\"><h2 class=\"ultp-block-title \"><a href=\"https:\/\/isocial.cat\/eu\/prevencion-de-la-institucionalizacion\/\" >Prevenci\u00f3n de la institucionalizaci\u00f3n infantil<\/a><\/h2><div class=\"ultp-block-excerpt\">Dise\u00f1o para UNICEF-Espa\u00f1a de un sistema p\u00fablico de detecci\u00f3n comunitaria e intervenci\u00f3n precoz en infancia en riesgo<\/div><\/div><\/div><\/div><div class=\"ultp-block-item post-id-13166\"><div class=\"ultp-block-content-wrap\"><div class=\"ultp-block-image ultp-block-image-zoomIn\"><a href=\"https:\/\/isocial.cat\/eu\/transformacion-digital-de-las-abss\/\" ><img loading=\"lazy\" decoding=\"async\" width=\"600\" height=\"600\"  class=\"ultp-block-image-content\"  alt=\"Transformaci\u00f3n digital de los Servicios Sociales B\u00e1sicos\"  src=\"https:\/\/isocial.cat\/wp-content\/uploads\/2022\/03\/Digitalitzacio-scaled-1-600x600.jpg\" \/><\/a><\/div><div class=\"ultp-block-content\"><h2 class=\"ultp-block-title \"><a href=\"https:\/\/isocial.cat\/eu\/transformacion-digital-de-las-abss\/\" >Transformaci\u00f3n digital de los Servicios Sociales B\u00e1sicos<\/a><\/h2><div class=\"ultp-block-excerpt\">Tesis doctoral sobre el reto de la transformaci\u00f3n digital de las \u00c1reas B\u00e1sicas de Servicios Sociales de Catalu\u00f1a.<\/div><\/div><\/div><\/div><div class=\"ultp-block-item post-id-13167\"><div class=\"ultp-block-content-wrap\"><div class=\"ultp-block-image ultp-block-image-zoomIn\"><a href=\"https:\/\/isocial.cat\/eu\/stepforme\/\" ><img loading=\"lazy\" decoding=\"async\" width=\"600\" height=\"600\"  class=\"ultp-block-image-content\"  alt=\"StepForME\"  src=\"https:\/\/isocial.cat\/wp-content\/uploads\/2022\/03\/projecte_llindar-600x600.jpg\" \/><\/a><\/div><div class=\"ultp-block-content\"><h2 class=\"ultp-block-title \"><a href=\"https:\/\/isocial.cat\/eu\/stepforme\/\" >StepForME<\/a><\/h2><div class=\"ultp-block-excerpt\">Step for ME es un proyecto de intercambio de buenas pr\u00e1cticas en el uso de herramientas tecnol\u00f3gicas para la inclusi\u00f3n sociolaboral de j\u00f3venes con problemas de salud mental o emocional.<\/div><\/div><\/div><\/div><div class=\"ultp-block-item post-id-13211\"><div class=\"ultp-block-content-wrap\"><div class=\"ultp-block-image ultp-block-image-zoomIn\"><a href=\"https:\/\/isocial.cat\/eu\/resicovid-19\/\" ><img loading=\"lazy\" decoding=\"async\" width=\"600\" height=\"600\"  class=\"ultp-block-image-content\"  alt=\"ResiCOVID-19\"  src=\"https:\/\/isocial.cat\/wp-content\/uploads\/2022\/03\/foto3-600x600.jpg\" \/><\/a><\/div><div class=\"ultp-block-content\"><h2 class=\"ultp-block-title \"><a href=\"https:\/\/isocial.cat\/eu\/resicovid-19\/\" >ResiCOVID-19<\/a><\/h2><div class=\"ultp-block-excerpt\">ResiCOVID-19 es un proyecto de evaluaci\u00f3n del impacto de la pandemia del COVID-19 en el \u00e1mbito residencial de Catalu\u00f1a y propuestas de mejora del modelo asistencial.<\/div><\/div><\/div><\/div><div class=\"ultp-block-item post-id-13243\"><div class=\"ultp-block-content-wrap\"><div class=\"ultp-block-image ultp-block-image-zoomIn\"><a href=\"https:\/\/isocial.cat\/eu\/insess-covid19\/\" ><img loading=\"lazy\" decoding=\"async\" width=\"600\" height=\"592\"  class=\"ultp-block-image-content\"  alt=\"INSESS-COVID19\"  src=\"https:\/\/isocial.cat\/wp-content\/uploads\/2022\/03\/foto6-600x592.jpg\" \/><\/a><\/div><div class=\"ultp-block-content\"><h2 class=\"ultp-block-title \"><a href=\"https:\/\/isocial.cat\/eu\/insess-covid19\/\" >INSESS-COVID19<\/a><\/h2><div class=\"ultp-block-excerpt\">Insess-COVID19 es un estudio prospectivo sobre el impacto del Covid-19 en los Servicios Sociales locales de Catalu\u00f1a.<\/div><\/div><\/div><\/div><div class=\"ultp-block-item post-id-13246\"><div class=\"ultp-block-content-wrap\"><div class=\"ultp-block-image ultp-block-image-zoomIn\"><a href=\"https:\/\/isocial.cat\/eu\/emjucovid\/\" ><img loading=\"lazy\" decoding=\"async\" width=\"600\" height=\"600\"  class=\"ultp-block-image-content\"  alt=\"EMJUCOVID\"  src=\"https:\/\/isocial.cat\/wp-content\/uploads\/2022\/03\/irina-2Q8bo_6lu1Y-unsplash-scaled-1-600x600.jpg\" \/><\/a><\/div><div class=\"ultp-block-content\"><h2 class=\"ultp-block-title \"><a href=\"https:\/\/isocial.cat\/eu\/emjucovid\/\" >EMJUCOVID<\/a><\/h2><div class=\"ultp-block-excerpt\">EmjuCOVID es un estudio sobre el impacto del Covid-19 sobre el empleo juvenil y las desigualdades sociales entre los j\u00f3venes.<\/div><\/div><\/div><\/div><\/div><div class=\"ultp-pagination-wrap ultp-pagination-ajax-action\" data-paged=\"1\" data-expost=\"\"  data-blockid=\"e261fd\" data-postid=\"13452\" data-pages=\"1\" data-blockname=\"ultimate-post_post-grid-1\" data-selfpostid=\"yes\"><\/div><\/div><div class=\"pagination-block-html\" aria-hidden=\"true\" style=\"display: none;\"><\/div><\/div><\/div><\/div><\/div>\n\n\n\n<div class=\"wp-block-genesis-blocks-gb-columns footer-newsletter gb-layout-columns-1 one-column alignfull\"><div class=\"gb-layout-column-wrap gb-block-layout-column-gap-2 gb-is-responsive-column\">\n<div class=\"wp-block-genesis-blocks-gb-column gb-block-layout-column\"><div class=\"gb-block-layout-column-inner\">\n<div class=\"wp-block-genesis-blocks-gb-columns container gb-layout-columns-1 one-column\"><div class=\"gb-layout-column-wrap gb-block-layout-column-gap-2 gb-is-responsive-column\">\n<div class=\"wp-block-genesis-blocks-gb-column gb-block-layout-column\"><div class=\"gb-block-layout-column-inner\"><style>.wp-block-kadence-advancedheading.kt-adv-heading_4d2423-9c, .wp-block-kadence-advancedheading.kt-adv-heading_4d2423-9c[data-kb-block=\"kb-adv-heading_4d2423-9c\"]{font-style:normal;}.wp-block-kadence-advancedheading.kt-adv-heading_4d2423-9c mark.kt-highlight, .wp-block-kadence-advancedheading.kt-adv-heading_4d2423-9c[data-kb-block=\"kb-adv-heading_4d2423-9c\"] mark.kt-highlight{font-style:normal;color:#f76a0c;-webkit-box-decoration-break:clone;box-decoration-break:clone;padding-top:0px;padding-right:0px;padding-bottom:0px;padding-left:0px;}.wp-block-kadence-advancedheading.kt-adv-heading_4d2423-9c img.kb-inline-image, .wp-block-kadence-advancedheading.kt-adv-heading_4d2423-9c[data-kb-block=\"kb-adv-heading_4d2423-9c\"] img.kb-inline-image{width:150px;vertical-align:baseline;}<\/style>\n<h3 class=\"kt-adv-heading_4d2423-9c titol-seccio wp-block-kadence-advancedheading\" data-kb-block=\"kb-adv-heading_4d2423-9c\">Buletina<\/h3>\n\n\n<style>.wp-block-kadence-advancedheading.kt-adv-heading_cf2667-29, .wp-block-kadence-advancedheading.kt-adv-heading_cf2667-29[data-kb-block=\"kb-adv-heading_cf2667-29\"]{font-style:normal;}.wp-block-kadence-advancedheading.kt-adv-heading_cf2667-29 mark.kt-highlight, .wp-block-kadence-advancedheading.kt-adv-heading_cf2667-29[data-kb-block=\"kb-adv-heading_cf2667-29\"] mark.kt-highlight{font-style:normal;color:#f76a0c;-webkit-box-decoration-break:clone;box-decoration-break:clone;padding-top:0px;padding-right:0px;padding-bottom:0px;padding-left:0px;}.wp-block-kadence-advancedheading.kt-adv-heading_cf2667-29 img.kb-inline-image, .wp-block-kadence-advancedheading.kt-adv-heading_cf2667-29[data-kb-block=\"kb-adv-heading_cf2667-29\"] img.kb-inline-image{width:150px;vertical-align:baseline;}<\/style>\n<h4 class=\"kt-adv-heading_cf2667-29 wp-block-kadence-advancedheading\" data-kb-block=\"kb-adv-heading_cf2667-29\">Harpidetu zaitez gizarte-zerbitzuetako berrikuntzarakojoera guztien berri izan nahi baduzu.<\/h4>\n\n\n<\/div><\/div>\n<\/div><\/div>\n<\/div><\/div>\n<\/div><\/div>\n","protected":false},"excerpt":{"rendered":"<p>Unibertsitateekin lankidetzan, ikerketa-azterlanak eta -jarduerak bultzatzen ditugu, gizarte-ekintzaren sektoreari ezagutza erabilgarria eskaintzeko, berrikuntzarako erronkak, joerak, konponbideak eta aukerak identifikatzeko asmoarekin.<\/p>\n","protected":false},"author":1,"featured_media":0,"parent":0,"menu_order":0,"comment_status":"closed","ping_status":"closed","template":"templates\/template-builder.php","meta":{"_acf_changed":false,"inline_featured_image":false,"_kad_blocks_custom_css":"","_kad_blocks_head_custom_js":"","_kad_blocks_body_custom_js":"","_kad_blocks_footer_custom_js":"","footnotes":""},"class_list":["post-13452","page","type-page","status-publish","hentry","post","without-featured-image"],"acf":[],"taxonomy_info":[],"featured_image_src_large":false,"author_info":{"display_name":"admin","author_link":"https:\/\/isocial.cat\/eu\/author\/ideadmin\/"},"comment_info":0,"featured_image_src":null,"featured_image_src_square":null,"_links":{"self":[{"href":"https:\/\/isocial.cat\/eu\/wp-json\/wp\/v2\/pages\/13452","targetHints":{"allow":["GET"]}}],"collection":[{"href":"https:\/\/isocial.cat\/eu\/wp-json\/wp\/v2\/pages"}],"about":[{"href":"https:\/\/isocial.cat\/eu\/wp-json\/wp\/v2\/types\/page"}],"author":[{"embeddable":true,"href":"https:\/\/isocial.cat\/eu\/wp-json\/wp\/v2\/users\/1"}],"replies":[{"embeddable":true,"href":"https:\/\/isocial.cat\/eu\/wp-json\/wp\/v2\/comments?post=13452"}],"version-history":[{"count":5,"href":"https:\/\/isocial.cat\/eu\/wp-json\/wp\/v2\/pages\/13452\/revisions"}],"predecessor-version":[{"id":21855,"href":"https:\/\/isocial.cat\/eu\/wp-json\/wp\/v2\/pages\/13452\/revisions\/21855"}],"wp:attachment":[{"href":"https:\/\/isocial.cat\/eu\/wp-json\/wp\/v2\/media?parent=13452"}],"curies":[{"name":"wp","href":"https:\/\/api.w.org\/{rel}","templated":true}]}}