{"id":13507,"date":"2022-03-22T12:30:36","date_gmt":"2022-03-22T11:30:36","guid":{"rendered":"https:\/\/isocial.cat\/gestio-del-canvi\/"},"modified":"2023-04-13T11:46:37","modified_gmt":"2023-04-13T10:46:37","slug":"gestion-del-cambio","status":"publish","type":"page","link":"https:\/\/isocial.cat\/eu\/gestion-del-cambio\/","title":{"rendered":"Gesti\u00f3n del cambio"},"content":{"rendered":"\n<div class=\"wp-block-genesis-blocks-gb-container alignfull header--3 subhome--1 innovacio gb-block-container\"><div class=\"gb-container-inside\"><div class=\"gb-container-content\">\n<div class=\"wp-block-genesis-blocks-gb-container container gb-block-container\"><div class=\"gb-container-inside\"><div class=\"gb-container-content\">\n<p class=\"parent--link separador animated fadeInUp slow\"><a href=\"https:\/\/isocial.cat\/eu\/lab\/\" data-type=\"page\" data-id=\"14\">Lab<\/a> <a href=\"https:\/\/isocial.cat\/eu\/zerbitzuak\/\">Zerbitzuak<\/a><\/p>\n\n\n<h1 class=\"animated fadeInUp delay-200ms slow wp-block-post-title\">Gesti\u00f3n del cambio<\/h1>\n\n\n<p class=\"entradeta animated fadeInUp delay-500ms slow\">En equipos de servicios sociales de Administraciones Locales y entidades del tercer sector.<\/p>\n<\/div><\/div><\/div>\n<\/div><\/div><\/div>\n\n\n\n<div class=\"wp-block-genesis-blocks-gb-container container--2 subhome gb-block-container\"><div class=\"gb-container-inside\"><div class=\"gb-container-content\">\n<div class=\"wp-block-genesis-blocks-gb-columns fila post animated fadeInUp slow delay-1s gb-layout-columns-3 gb-3-col-widecenter\"><div class=\"gb-layout-column-wrap gb-block-layout-column-gap-0 gb-is-responsive-column\">\n<div class=\"wp-block-genesis-blocks-gb-column gb-block-layout-column\"><div class=\"gb-block-layout-column-inner\">\n<p><\/p>\n<\/div><\/div>\n\n\n\n<div class=\"wp-block-genesis-blocks-gb-column gb-block-layout-column\"><div class=\"gb-block-layout-column-inner\"><figure class=\"img-destacada wp-block-post-featured-image\"><img loading=\"lazy\" decoding=\"async\" width=\"1440\" height=\"1068\" src=\"https:\/\/isocial.cat\/wp-content\/uploads\/2022\/03\/WhatsApp-Image-2019-07-19-at-18.35.13.jpg\" class=\"attachment-post-thumbnail size-post-thumbnail wp-post-image\" alt=\"\" style=\"object-fit:cover;\" srcset=\"https:\/\/isocial.cat\/wp-content\/uploads\/2022\/03\/WhatsApp-Image-2019-07-19-at-18.35.13.jpg 1440w, https:\/\/isocial.cat\/wp-content\/uploads\/2022\/03\/WhatsApp-Image-2019-07-19-at-18.35.13-400x297.jpg 400w\" sizes=\"auto, (max-width: 1440px) 100vw, 1440px\" \/><\/figure>\n\n\n<div class=\"wp-block-genesis-blocks-gb-container contingut-post gb-block-container\"><div class=\"gb-container-inside\"><div class=\"gb-container-content\">\n<p class=\"lead-text has-large-font-size\">Facilitar y conseguir en los equipos profesionales una exitosa implementaci\u00f3n de los procesos de transformaci\u00f3n que la organizaci\u00f3n ha decidido llevar a cabo.<\/p>\n\n\n\n<p>La innovaci\u00f3n dentro de las organizaciones no es posible si no se realiza una buena gesti\u00f3n de los procesos de cambio que implica. La gesti\u00f3n del cambio busca facilitar y conseguir en los equipos profesionales una exitosa implementaci\u00f3n de los procesos de transformaci\u00f3n que la organizaci\u00f3n ha decidido llevar a cabo. Ello implica <strong>trabajar con las personas protagonistas<\/strong> en la aceptaci\u00f3n y asimilaci\u00f3n de los cambios esperados, y en la reducci\u00f3n de las resistencias.<\/p>\n\n\n\n<p>La Fundaci\u00f3n iSocial ofrece un servicio de acompa\u00f1amiento para una gesti\u00f3n exitosa de procesos de cambio, que se pueda complementar con una <strong><a href=\"https:\/\/isocial.cat\/eu\/liderazgo-e-innovacion-en-servicios-sociales\/\">propuesta formativa<\/a><\/strong>, porque la innovaci\u00f3n en Servicios Sociales siempre requiere trabajar en paralelo su <strong>vertiente humana<\/strong>, es decir, el impacto sobre los equipos y las personas que tendr\u00e1n que implementarlos.<\/p>\n\n\n\n<p>Una buena gesti\u00f3n del cambio en los equipos de Servicios Sociales fomenta la estabilidad, la autoestima y la cohesi\u00f3n de grupo, permitiendo a las organizaciones no s\u00f3lo afrontar cambios concretos sino tambi\u00e9n conseguir <strong>una mentalidad y un estado constante de evoluci\u00f3n<\/strong>.<\/p>\n\n\n\n<p>Se trata de una oferta de acompa\u00f1amiento flexible que se puede adaptar a las necesidades y caracter\u00edsticas propias del equipo profesional de cada Administraci\u00f3n Local o entidad social.<\/p>\n<\/div><\/div><\/div>\n<\/div><\/div>\n\n\n\n<div class=\"wp-block-genesis-blocks-gb-column gb-block-layout-column\"><div class=\"gb-block-layout-column-inner\">\n<p><\/p>\n<\/div><\/div>\n<\/div><\/div>\n\n\n\n<div style=\"background-color:#f7f5f5\" class=\"wp-block-genesis-blocks-gb-container alignfull post-info-relacionada animated fadeInUp slow gb-block-container\"><div class=\"gb-container-inside\"><div class=\"gb-container-content\">\n<div class=\"wp-block-genesis-blocks-gb-columns fila container gb-layout-columns-2 gb-2-col-equal\"><div class=\"gb-layout-column-wrap gb-block-layout-column-gap-5 gb-is-responsive-column\">\n<div class=\"wp-block-genesis-blocks-gb-column gb-block-layout-column\"><div class=\"gb-block-layout-column-inner\"><style>.wp-block-kadence-advancedheading.kt-adv-heading_53a3ec-e4, .wp-block-kadence-advancedheading.kt-adv-heading_53a3ec-e4[data-kb-block=\"kb-adv-heading_53a3ec-e4\"]{font-style:normal;}.wp-block-kadence-advancedheading.kt-adv-heading_53a3ec-e4 mark.kt-highlight, .wp-block-kadence-advancedheading.kt-adv-heading_53a3ec-e4[data-kb-block=\"kb-adv-heading_53a3ec-e4\"] mark.kt-highlight{font-style:normal;color:#f76a0c;-webkit-box-decoration-break:clone;box-decoration-break:clone;padding-top:0px;padding-right:0px;padding-bottom:0px;padding-left:0px;}.wp-block-kadence-advancedheading.kt-adv-heading_53a3ec-e4 img.kb-inline-image, .wp-block-kadence-advancedheading.kt-adv-heading_53a3ec-e4[data-kb-block=\"kb-adv-heading_53a3ec-e4\"] img.kb-inline-image{width:150px;vertical-align:baseline;}<\/style>\n<h3 class=\"kt-adv-heading_53a3ec-e4 wp-block-kadence-advancedheading\" data-kb-block=\"kb-adv-heading_53a3ec-e4\">Objetivo<\/h3>\n\n\n\n<p>Acompa\u00f1ar en <strong>el dise\u00f1o y la implementaci\u00f3n de un proyecto de cambio o mejora <\/strong>en la organizaci\u00f3n de Servicios Sociales, sea de una Administraci\u00f3n Local o de una entidad del tercer sector.<\/p>\n<\/div><\/div>\n\n\n\n<div class=\"wp-block-genesis-blocks-gb-column gb-block-layout-column\"><div class=\"gb-block-layout-column-inner\"><style>.wp-block-kadence-advancedheading.kt-adv-heading_999d9b-39, .wp-block-kadence-advancedheading.kt-adv-heading_999d9b-39[data-kb-block=\"kb-adv-heading_999d9b-39\"]{font-style:normal;}.wp-block-kadence-advancedheading.kt-adv-heading_999d9b-39 mark.kt-highlight, .wp-block-kadence-advancedheading.kt-adv-heading_999d9b-39[data-kb-block=\"kb-adv-heading_999d9b-39\"] mark.kt-highlight{font-style:normal;color:#f76a0c;-webkit-box-decoration-break:clone;box-decoration-break:clone;padding-top:0px;padding-right:0px;padding-bottom:0px;padding-left:0px;}.wp-block-kadence-advancedheading.kt-adv-heading_999d9b-39 img.kb-inline-image, .wp-block-kadence-advancedheading.kt-adv-heading_999d9b-39[data-kb-block=\"kb-adv-heading_999d9b-39\"] img.kb-inline-image{width:150px;vertical-align:baseline;}<\/style>\n<h3 class=\"kt-adv-heading_999d9b-39 wp-block-kadence-advancedheading\" data-kb-block=\"kb-adv-heading_999d9b-39\">Destinatarios<\/h3>\n\n\n\n<p>Equipos directivos y coordinadores de equipos de Servicios Sociales.<\/p>\n<\/div><\/div>\n<\/div><\/div>\n\n\n\n<div class=\"wp-block-genesis-blocks-gb-columns fila container gb-layout-columns-2 gb-2-col-equal\"><div class=\"gb-layout-column-wrap gb-block-layout-column-gap-5 gb-is-responsive-column\">\n<div class=\"wp-block-genesis-blocks-gb-column gb-block-layout-column\"><div class=\"gb-block-layout-column-inner\"><style>.wp-block-kadence-advancedheading.kt-adv-heading_f8b222-b3, .wp-block-kadence-advancedheading.kt-adv-heading_f8b222-b3[data-kb-block=\"kb-adv-heading_f8b222-b3\"]{font-style:normal;}.wp-block-kadence-advancedheading.kt-adv-heading_f8b222-b3 mark.kt-highlight, .wp-block-kadence-advancedheading.kt-adv-heading_f8b222-b3[data-kb-block=\"kb-adv-heading_f8b222-b3\"] mark.kt-highlight{font-style:normal;color:#f76a0c;-webkit-box-decoration-break:clone;box-decoration-break:clone;padding-top:0px;padding-right:0px;padding-bottom:0px;padding-left:0px;}.wp-block-kadence-advancedheading.kt-adv-heading_f8b222-b3 img.kb-inline-image, .wp-block-kadence-advancedheading.kt-adv-heading_f8b222-b3[data-kb-block=\"kb-adv-heading_f8b222-b3\"] img.kb-inline-image{width:150px;vertical-align:baseline;}<\/style>\n<h3 class=\"kt-adv-heading_f8b222-b3 wp-block-kadence-advancedheading\" data-kb-block=\"kb-adv-heading_f8b222-b3\">Formato y duraci\u00f3n<\/h3>\n\n\n\n<p>Semi-presencial. El acompa\u00f1amiento consta de <strong>14 horas repartidas en cuatro partes<\/strong>. Fechas y horarios a acordar con cada organizaci\u00f3n. V\u00e9ase m\u00e1s detalle en el bot\u00f3n M\u00e1s informaci\u00f3n.<\/p>\n\n\n\n<p>Este servicio ser puede complementar con una <strong><a href=\"https:\/\/isocial.cat\/eu\/liderazgo-e-innovacion-en-servicios-sociales\/\">actividad de formaci\u00f3n de 10 horas<\/a><\/strong> para todo el equipo.<\/p>\n<\/div><\/div>\n\n\n\n<div class=\"wp-block-genesis-blocks-gb-column gb-block-layout-column\"><div class=\"gb-block-layout-column-inner\"><style>.wp-block-kadence-advancedheading.kt-adv-heading_09b461-52, .wp-block-kadence-advancedheading.kt-adv-heading_09b461-52[data-kb-block=\"kb-adv-heading_09b461-52\"]{font-style:normal;}.wp-block-kadence-advancedheading.kt-adv-heading_09b461-52 mark.kt-highlight, .wp-block-kadence-advancedheading.kt-adv-heading_09b461-52[data-kb-block=\"kb-adv-heading_09b461-52\"] mark.kt-highlight{font-style:normal;color:#f76a0c;-webkit-box-decoration-break:clone;box-decoration-break:clone;padding-top:0px;padding-right:0px;padding-bottom:0px;padding-left:0px;}.wp-block-kadence-advancedheading.kt-adv-heading_09b461-52 img.kb-inline-image, .wp-block-kadence-advancedheading.kt-adv-heading_09b461-52[data-kb-block=\"kb-adv-heading_09b461-52\"] img.kb-inline-image{width:150px;vertical-align:baseline;}<\/style>\n<h3 class=\"kt-adv-heading_09b461-52 wp-block-kadence-advancedheading\" data-kb-block=\"kb-adv-heading_09b461-52\">Equipo experto<\/h3>\n\n\n\n<p><strong>Guy Gim\u00e9nez<\/strong> y <strong>Llu\u00eds Casado<\/strong> (ver su CV en el bot\u00f3n M\u00e1s informaci\u00f3n)<\/p>\n<\/div><\/div>\n<\/div><\/div>\n\n\n\n<div class=\"wp-block-genesis-blocks-gb-columns fila container gb-layout-columns-2 gb-2-col-equal\"><div class=\"gb-layout-column-wrap gb-block-layout-column-gap-5 gb-is-responsive-column\">\n<div class=\"wp-block-genesis-blocks-gb-column gb-block-layout-column\"><div class=\"gb-block-layout-column-inner\"><style>.wp-block-kadence-advancedheading.kt-adv-heading_868b90-7e, .wp-block-kadence-advancedheading.kt-adv-heading_868b90-7e[data-kb-block=\"kb-adv-heading_868b90-7e\"]{font-style:normal;}.wp-block-kadence-advancedheading.kt-adv-heading_868b90-7e mark.kt-highlight, .wp-block-kadence-advancedheading.kt-adv-heading_868b90-7e[data-kb-block=\"kb-adv-heading_868b90-7e\"] mark.kt-highlight{font-style:normal;color:#f76a0c;-webkit-box-decoration-break:clone;box-decoration-break:clone;padding-top:0px;padding-right:0px;padding-bottom:0px;padding-left:0px;}.wp-block-kadence-advancedheading.kt-adv-heading_868b90-7e img.kb-inline-image, .wp-block-kadence-advancedheading.kt-adv-heading_868b90-7e[data-kb-block=\"kb-adv-heading_868b90-7e\"] img.kb-inline-image{width:150px;vertical-align:baseline;}<\/style>\n<h3 class=\"kt-adv-heading_868b90-7e wp-block-kadence-advancedheading\" data-kb-block=\"kb-adv-heading_868b90-7e\">Precio y pedidos<\/h3>\n\n\n\n<p>3.495 \u20ac + posibles costes de desplazamientos en funci\u00f3n de las sesiones presenciales que se acuerden. 20% de descuento para las entidades miembros de iSocial. Escribir a <a href=\"mailto:info@isocial.cat\">info@isocial.cat<\/a>. Ver m\u00e1s detalles en el bot\u00f3n M\u00e1s informaci\u00f3n.<\/p>\n<\/div><\/div>\n\n\n\n<div class=\"wp-block-genesis-blocks-gb-column gb-block-layout-column\"><div class=\"gb-block-layout-column-inner\">\n<p><\/p>\n<\/div><\/div>\n<\/div><\/div>\n<\/div><\/div><\/div>\n\n\n\n<div class=\"wp-block-genesis-blocks-gb-columns fila mes-info animated fadeInUp slow gb-layout-columns-1 gb-1-col-equal gb-has-custom-background-color alignfull\" style=\"background-color:#efecec\"><div class=\"gb-layout-column-wrap gb-block-layout-column-gap-2 gb-is-responsive-column\">\n<div class=\"wp-block-genesis-blocks-gb-column gb-block-layout-column\"><div class=\"gb-block-layout-column-inner\">\n<div style=\"text-align:center\" class=\"wp-block-genesis-blocks-gb-button gb-block-button\"><a href=\"https:\/\/isocial.cat\/wp-content\/uploads\/2022\/03\/Acompanyament_gestio\u0301-del-canvi_14h_Fund.iSocial.pdf\" target=\"_blank\" rel=\"noopener noreferrer\" class=\"gb-button gb-button-shape-rounded gb-button-size-medium\" style=\"color:#ffffff;background-color:#3373dc\">M\u00e1s informaci\u00f3n<\/a><\/div>\n<\/div><\/div>\n<\/div><\/div>\n\n\n<style>.wp-block-kadence-advancedheading.kt-adv-heading_c0b0a9-1e, .wp-block-kadence-advancedheading.kt-adv-heading_c0b0a9-1e[data-kb-block=\"kb-adv-heading_c0b0a9-1e\"]{margin-top:90px;margin-bottom:35px;font-style:normal;}.wp-block-kadence-advancedheading.kt-adv-heading_c0b0a9-1e mark.kt-highlight, .wp-block-kadence-advancedheading.kt-adv-heading_c0b0a9-1e[data-kb-block=\"kb-adv-heading_c0b0a9-1e\"] mark.kt-highlight{font-style:normal;color:#f76a0c;-webkit-box-decoration-break:clone;box-decoration-break:clone;padding-top:0px;padding-right:0px;padding-bottom:0px;padding-left:0px;}.wp-block-kadence-advancedheading.kt-adv-heading_c0b0a9-1e img.kb-inline-image, .wp-block-kadence-advancedheading.kt-adv-heading_c0b0a9-1e[data-kb-block=\"kb-adv-heading_c0b0a9-1e\"] img.kb-inline-image{width:150px;vertical-align:baseline;}<\/style>\n<h3 class=\"kt-adv-heading_c0b0a9-1e animated fadeInUp slow wp-block-kadence-advancedheading\" data-kb-block=\"kb-adv-heading_c0b0a9-1e\">Otros servicios de acompa\u00f1amiento<\/h3>\n\n\n\n<div class=\"wp-block-genesis-blocks-gb-columns fila serveis-acompanyament gb-layout-columns-3 gb-3-col-equal\"><div class=\"gb-layout-column-wrap gb-block-layout-column-gap-2 gb-is-responsive-column\">\n<div class=\"wp-block-genesis-blocks-gb-column columna-img-subhome animated fadeInUp slow gb-block-layout-column\"><div class=\"gb-block-layout-column-inner\">\n<figure class=\"wp-block-image size-full is-resized\"><a href=\"https:\/\/isocial.cat\/eu\/implementacion-del-self-directed-support\/\"><img loading=\"lazy\" decoding=\"async\" width=\"604\" height=\"930\" src=\"https:\/\/isocial.cat\/wp-content\/uploads\/2022\/03\/acompanyament-self-directed-support.png\" alt=\"Implementaci\u00f3 del Self-directed Support\" class=\"wp-image-1423\" width=\"604\" srcset=\"https:\/\/isocial.cat\/wp-content\/uploads\/2022\/03\/acompanyament-self-directed-support.png 604w, https:\/\/isocial.cat\/wp-content\/uploads\/2022\/03\/acompanyament-self-directed-support-400x616.png 400w, https:\/\/isocial.cat\/wp-content\/uploads\/2022\/03\/acompanyament-self-directed-support-195x300.png 195w, https:\/\/isocial.cat\/wp-content\/uploads\/2022\/03\/acompanyament-self-directed-support-300x462.png 300w\" sizes=\"auto, (max-width: 604px) 100vw, 604px\" \/><\/a><\/figure>\n\n\n<style>.wp-block-kadence-advancedheading.kt-adv-heading_1436b0-2d, .wp-block-kadence-advancedheading.kt-adv-heading_1436b0-2d[data-kb-block=\"kb-adv-heading_1436b0-2d\"]{font-style:normal;}.wp-block-kadence-advancedheading.kt-adv-heading_1436b0-2d mark.kt-highlight, .wp-block-kadence-advancedheading.kt-adv-heading_1436b0-2d[data-kb-block=\"kb-adv-heading_1436b0-2d\"] mark.kt-highlight{font-style:normal;color:#f76a0c;-webkit-box-decoration-break:clone;box-decoration-break:clone;padding-top:0px;padding-right:0px;padding-bottom:0px;padding-left:0px;}.wp-block-kadence-advancedheading.kt-adv-heading_1436b0-2d img.kb-inline-image, .wp-block-kadence-advancedheading.kt-adv-heading_1436b0-2d[data-kb-block=\"kb-adv-heading_1436b0-2d\"] img.kb-inline-image{width:150px;vertical-align:baseline;}<\/style>\n<h4 class=\"kt-adv-heading_1436b0-2d wp-block-kadence-advancedheading\" data-kb-block=\"kb-adv-heading_1436b0-2d\"><a href=\"https:\/\/isocial.cat\/eu\/implementacion-del-self-directed-support\/\">Implementaci\u00f3n del Self-directed Support<\/a><\/h4>\n\n\n\n<p>Ofrecemos un acompa\u00f1amiento grupal para poner en pr\u00e1ctica esta metodolog\u00eda innovadora de intervenci\u00f3n social.<\/p>\n\n\n\n<p><a href=\"https:\/\/isocial.cat\/eu\/implementacion-del-self-directed-support\/\">Saber m\u00e1s<\/a><\/p>\n<\/div><\/div>\n\n\n\n<div class=\"wp-block-genesis-blocks-gb-column columna-img-subhome animated fadeInUp slow delay-200ms gb-block-layout-column\"><div class=\"gb-block-layout-column-inner\">\n<figure class=\"wp-block-image size-full\"><a href=\"https:\/\/isocial.cat\/eu\/diseno-de-un-plan-de-comunicacion-de-los-servicios-sociales\/\"><img loading=\"lazy\" decoding=\"async\" width=\"604\" height=\"930\" src=\"https:\/\/isocial.cat\/wp-content\/uploads\/2022\/03\/acompanyament-pla-comunicacio.png\" alt=\"Pla de comunicaci\u00f3 dels serveis socials\" class=\"wp-image-1425\" srcset=\"https:\/\/isocial.cat\/wp-content\/uploads\/2022\/03\/acompanyament-pla-comunicacio.png 604w, https:\/\/isocial.cat\/wp-content\/uploads\/2022\/03\/acompanyament-pla-comunicacio-400x616.png 400w, https:\/\/isocial.cat\/wp-content\/uploads\/2022\/03\/acompanyament-pla-comunicacio-195x300.png 195w, https:\/\/isocial.cat\/wp-content\/uploads\/2022\/03\/acompanyament-pla-comunicacio-300x462.png 300w\" sizes=\"auto, (max-width: 604px) 100vw, 604px\" \/><\/a><\/figure>\n\n\n<style>.wp-block-kadence-advancedheading.kt-adv-heading_67d90f-80, .wp-block-kadence-advancedheading.kt-adv-heading_67d90f-80[data-kb-block=\"kb-adv-heading_67d90f-80\"]{font-style:normal;}.wp-block-kadence-advancedheading.kt-adv-heading_67d90f-80 mark.kt-highlight, .wp-block-kadence-advancedheading.kt-adv-heading_67d90f-80[data-kb-block=\"kb-adv-heading_67d90f-80\"] mark.kt-highlight{font-style:normal;color:#f76a0c;-webkit-box-decoration-break:clone;box-decoration-break:clone;padding-top:0px;padding-right:0px;padding-bottom:0px;padding-left:0px;}.wp-block-kadence-advancedheading.kt-adv-heading_67d90f-80 img.kb-inline-image, .wp-block-kadence-advancedheading.kt-adv-heading_67d90f-80[data-kb-block=\"kb-adv-heading_67d90f-80\"] img.kb-inline-image{width:150px;vertical-align:baseline;}<\/style>\n<h4 class=\"kt-adv-heading_67d90f-80 wp-block-kadence-advancedheading\" data-kb-block=\"kb-adv-heading_67d90f-80\"><a href=\"https:\/\/isocial.cat\/eu\/diseno-de-un-plan-de-comunicacion-de-los-servicios-sociales\/\"><\/a><a href=\"https:\/\/isocial.cat\/eu\/diseno-de-un-plan-de-comunicacion-de-los-servicios-sociales\/\">Plan de comunicaci\u00f3n de los servicios sociales<\/a><\/h4>\n\n\n\n<p>Diagnosticamos las necesidades de mejora de la comunicaci\u00f3n y la imagen de los servicios sociales y dise\u00f1amos un plan de mejora.<\/p>\n\n\n\n<p><a href=\"https:\/\/isocial.cat\/eu\/diseno-de-un-plan-de-comunicacion-de-los-servicios-sociales\/\">Saber m\u00e1s<\/a><\/p>\n<\/div><\/div>\n\n\n\n<div class=\"wp-block-genesis-blocks-gb-column columna-img-subhome animated fadeInUp slow delay-500ms gb-block-layout-column\"><div class=\"gb-block-layout-column-inner\">\n<figure class=\"wp-block-image size-full\"><a href=\"https:\/\/isocial.cat\/eu\/diseno-e-implementacion-de-un-plan-de-transformacion-digital\/\"><img loading=\"lazy\" decoding=\"async\" width=\"604\" height=\"930\" src=\"https:\/\/isocial.cat\/wp-content\/uploads\/2022\/03\/acompanyament-transformacio-digital.png\" alt=\"Pla de transformaci\u00f3 digital\" class=\"wp-image-1424\" srcset=\"https:\/\/isocial.cat\/wp-content\/uploads\/2022\/03\/acompanyament-transformacio-digital.png 604w, https:\/\/isocial.cat\/wp-content\/uploads\/2022\/03\/acompanyament-transformacio-digital-400x616.png 400w, https:\/\/isocial.cat\/wp-content\/uploads\/2022\/03\/acompanyament-transformacio-digital-195x300.png 195w, https:\/\/isocial.cat\/wp-content\/uploads\/2022\/03\/acompanyament-transformacio-digital-300x462.png 300w\" sizes=\"auto, (max-width: 604px) 100vw, 604px\" \/><\/a><\/figure>\n\n\n<style>.wp-block-kadence-advancedheading.kt-adv-heading_77b4f0-ee, .wp-block-kadence-advancedheading.kt-adv-heading_77b4f0-ee[data-kb-block=\"kb-adv-heading_77b4f0-ee\"]{font-style:normal;}.wp-block-kadence-advancedheading.kt-adv-heading_77b4f0-ee mark.kt-highlight, .wp-block-kadence-advancedheading.kt-adv-heading_77b4f0-ee[data-kb-block=\"kb-adv-heading_77b4f0-ee\"] mark.kt-highlight{font-style:normal;color:#f76a0c;-webkit-box-decoration-break:clone;box-decoration-break:clone;padding-top:0px;padding-right:0px;padding-bottom:0px;padding-left:0px;}.wp-block-kadence-advancedheading.kt-adv-heading_77b4f0-ee img.kb-inline-image, .wp-block-kadence-advancedheading.kt-adv-heading_77b4f0-ee[data-kb-block=\"kb-adv-heading_77b4f0-ee\"] img.kb-inline-image{width:150px;vertical-align:baseline;}<\/style>\n<h4 class=\"kt-adv-heading_77b4f0-ee wp-block-kadence-advancedheading\" data-kb-block=\"kb-adv-heading_77b4f0-ee\"><a href=\"https:\/\/isocial.cat\/eu\/diseno-e-implementacion-de-un-plan-de-transformacion-digital\/\">Plan de transformaci\u00f3n digital<\/a><\/h4>\n\n\n\n<p>Diagnosticamos las necesidades en el \u00e1mbito de la digitalizaci\u00f3n y dise\u00f1amos un plan detallado para afrontarlas.<\/p>\n\n\n\n<p><a href=\"https:\/\/isocial.cat\/eu\/diseno-e-implementacion-de-un-plan-de-transformacion-digital\/\">Saber m\u00e1s<\/a><\/p>\n<\/div><\/div>\n<\/div><\/div>\n<\/div><\/div><\/div>\n\n\n\n<div class=\"wp-block-genesis-blocks-gb-columns footer-newsletter gb-layout-columns-1 one-column alignfull\"><div class=\"gb-layout-column-wrap gb-block-layout-column-gap-2 gb-is-responsive-column\">\n<div class=\"wp-block-genesis-blocks-gb-column gb-block-layout-column\"><div class=\"gb-block-layout-column-inner\">\n<div class=\"wp-block-genesis-blocks-gb-columns container gb-layout-columns-1 one-column\"><div class=\"gb-layout-column-wrap gb-block-layout-column-gap-2 gb-is-responsive-column\">\n<div class=\"wp-block-genesis-blocks-gb-column gb-block-layout-column\"><div class=\"gb-block-layout-column-inner\"><style>.wp-block-kadence-advancedheading.kt-adv-heading_4d2423-9c, .wp-block-kadence-advancedheading.kt-adv-heading_4d2423-9c[data-kb-block=\"kb-adv-heading_4d2423-9c\"]{font-style:normal;}.wp-block-kadence-advancedheading.kt-adv-heading_4d2423-9c mark.kt-highlight, .wp-block-kadence-advancedheading.kt-adv-heading_4d2423-9c[data-kb-block=\"kb-adv-heading_4d2423-9c\"] mark.kt-highlight{font-style:normal;color:#f76a0c;-webkit-box-decoration-break:clone;box-decoration-break:clone;padding-top:0px;padding-right:0px;padding-bottom:0px;padding-left:0px;}.wp-block-kadence-advancedheading.kt-adv-heading_4d2423-9c img.kb-inline-image, .wp-block-kadence-advancedheading.kt-adv-heading_4d2423-9c[data-kb-block=\"kb-adv-heading_4d2423-9c\"] img.kb-inline-image{width:150px;vertical-align:baseline;}<\/style>\n<h3 class=\"kt-adv-heading_4d2423-9c titol-seccio wp-block-kadence-advancedheading\" data-kb-block=\"kb-adv-heading_4d2423-9c\">Buletina<\/h3>\n\n\n<style>.wp-block-kadence-advancedheading.kt-adv-heading_cf2667-29, .wp-block-kadence-advancedheading.kt-adv-heading_cf2667-29[data-kb-block=\"kb-adv-heading_cf2667-29\"]{font-style:normal;}.wp-block-kadence-advancedheading.kt-adv-heading_cf2667-29 mark.kt-highlight, .wp-block-kadence-advancedheading.kt-adv-heading_cf2667-29[data-kb-block=\"kb-adv-heading_cf2667-29\"] mark.kt-highlight{font-style:normal;color:#f76a0c;-webkit-box-decoration-break:clone;box-decoration-break:clone;padding-top:0px;padding-right:0px;padding-bottom:0px;padding-left:0px;}.wp-block-kadence-advancedheading.kt-adv-heading_cf2667-29 img.kb-inline-image, .wp-block-kadence-advancedheading.kt-adv-heading_cf2667-29[data-kb-block=\"kb-adv-heading_cf2667-29\"] img.kb-inline-image{width:150px;vertical-align:baseline;}<\/style>\n<h4 class=\"kt-adv-heading_cf2667-29 wp-block-kadence-advancedheading\" data-kb-block=\"kb-adv-heading_cf2667-29\">Harpidetu zaitez gizarte-zerbitzuetako berrikuntzarakojoera guztien berri izan nahi baduzu.<\/h4>\n\n\n<\/div><\/div>\n<\/div><\/div>\n<\/div><\/div>\n<\/div><\/div>\n","protected":false},"excerpt":{"rendered":"<p>Acompa\u00f1amos a directivos y equipos en el dise\u00f1o y la implementaci\u00f3n de un proyecto de cambio o de mejora en la organizaci\u00f3n.<\/p>\n","protected":false},"author":1,"featured_media":11456,"parent":0,"menu_order":0,"comment_status":"closed","ping_status":"closed","template":"templates\/template-builder.php","meta":{"_acf_changed":false,"inline_featured_image":false,"_kad_blocks_custom_css":"","_kad_blocks_head_custom_js":"","_kad_blocks_body_custom_js":"","_kad_blocks_footer_custom_js":"","footnotes":""},"class_list":["post-13507","page","type-page","status-publish","has-post-thumbnail","hentry","post","with-featured-image"],"acf":[],"taxonomy_info":[],"featured_image_src_large":["https:\/\/isocial.cat\/wp-content\/uploads\/2022\/03\/WhatsApp-Image-2019-07-19-at-18.35.13.jpg",1440,1068,false],"author_info":{"display_name":"admin","author_link":"https:\/\/isocial.cat\/eu\/author\/ideadmin\/"},"comment_info":0,"featured_image_src":"https:\/\/isocial.cat\/wp-content\/uploads\/2022\/03\/WhatsApp-Image-2019-07-19-at-18.35.13.jpg","featured_image_src_square":"https:\/\/isocial.cat\/wp-content\/uploads\/2022\/03\/WhatsApp-Image-2019-07-19-at-18.35.13.jpg","_links":{"self":[{"href":"https:\/\/isocial.cat\/eu\/wp-json\/wp\/v2\/pages\/13507","targetHints":{"allow":["GET"]}}],"collection":[{"href":"https:\/\/isocial.cat\/eu\/wp-json\/wp\/v2\/pages"}],"about":[{"href":"https:\/\/isocial.cat\/eu\/wp-json\/wp\/v2\/types\/page"}],"author":[{"embeddable":true,"href":"https:\/\/isocial.cat\/eu\/wp-json\/wp\/v2\/users\/1"}],"replies":[{"embeddable":true,"href":"https:\/\/isocial.cat\/eu\/wp-json\/wp\/v2\/comments?post=13507"}],"version-history":[{"count":2,"href":"https:\/\/isocial.cat\/eu\/wp-json\/wp\/v2\/pages\/13507\/revisions"}],"predecessor-version":[{"id":13633,"href":"https:\/\/isocial.cat\/eu\/wp-json\/wp\/v2\/pages\/13507\/revisions\/13633"}],"wp:featuredmedia":[{"embeddable":true,"href":"https:\/\/isocial.cat\/eu\/wp-json\/wp\/v2\/media\/11456"}],"wp:attachment":[{"href":"https:\/\/isocial.cat\/eu\/wp-json\/wp\/v2\/media?parent=13507"}],"curies":[{"name":"wp","href":"https:\/\/api.w.org\/{rel}","templated":true}]}}