{"id":13512,"date":"2022-03-16T14:39:01","date_gmt":"2022-03-16T13:39:01","guid":{"rendered":"https:\/\/isocial.cat\/implementacio-del-self-directed-support\/"},"modified":"2023-04-13T11:52:15","modified_gmt":"2023-04-13T10:52:15","slug":"implementacion-del-self-directed-support","status":"publish","type":"page","link":"https:\/\/isocial.cat\/eu\/implementacion-del-self-directed-support\/","title":{"rendered":"Implementaci\u00f3n del Self-directed Support"},"content":{"rendered":"\n<div class=\"wp-block-genesis-blocks-gb-container alignfull header--3 subhome--1 innovacio gb-block-container\"><div class=\"gb-container-inside\"><div class=\"gb-container-content\">\n<div class=\"wp-block-genesis-blocks-gb-container container gb-block-container\"><div class=\"gb-container-inside\"><div class=\"gb-container-content\">\n<p class=\"parent--link separador animated fadeInUp slow\"><a href=\"https:\/\/isocial.cat\/eu\/lab\/\" data-type=\"page\" data-id=\"14\">Lab<\/a> <a href=\"https:\/\/isocial.cat\/eu\/zerbitzuak\/\">Zerbitzuak<\/a><\/p>\n\n\n<h1 class=\"animated fadeInUp delay-200ms slow wp-block-post-title\">Implementaci\u00f3n del Self-directed Support<\/h1>\n\n\n<p class=\"entradeta animated fadeInUp delay-500ms slow\">En servicios sociales de Administraciones Locales y de entidades del tercer sector.<\/p>\n<\/div><\/div><\/div>\n<\/div><\/div><\/div>\n\n\n\n<div class=\"wp-block-genesis-blocks-gb-container container--2 subhome gb-block-container\"><div class=\"gb-container-inside\"><div class=\"gb-container-content\">\n<div class=\"wp-block-genesis-blocks-gb-columns fila post animated fadeInUp slow delay-1s gb-layout-columns-3 gb-3-col-widecenter\"><div class=\"gb-layout-column-wrap gb-block-layout-column-gap-0 gb-is-responsive-column\">\n<div class=\"wp-block-genesis-blocks-gb-column gb-block-layout-column\"><div class=\"gb-block-layout-column-inner\">\n<p><\/p>\n<\/div><\/div>\n\n\n\n<div class=\"wp-block-genesis-blocks-gb-column gb-block-layout-column\"><div class=\"gb-block-layout-column-inner\"><figure class=\"img-destacada wp-block-post-featured-image\"><img loading=\"lazy\" decoding=\"async\" width=\"1500\" height=\"1000\" src=\"https:\/\/isocial.cat\/wp-content\/uploads\/2022\/03\/tina-bosse-1414330-unsplash-copia.jpg\" class=\"attachment-post-thumbnail size-post-thumbnail wp-post-image\" alt=\"\" style=\"object-fit:cover;\" srcset=\"https:\/\/isocial.cat\/wp-content\/uploads\/2022\/03\/tina-bosse-1414330-unsplash-copia.jpg 1500w, https:\/\/isocial.cat\/wp-content\/uploads\/2022\/03\/tina-bosse-1414330-unsplash-copia-400x267.jpg 400w, https:\/\/isocial.cat\/wp-content\/uploads\/2022\/03\/tina-bosse-1414330-unsplash-copia-300x200.jpg 300w, https:\/\/isocial.cat\/wp-content\/uploads\/2022\/03\/tina-bosse-1414330-unsplash-copia-1024x683.jpg 1024w, https:\/\/isocial.cat\/wp-content\/uploads\/2022\/03\/tina-bosse-1414330-unsplash-copia-768x512.jpg 768w, https:\/\/isocial.cat\/wp-content\/uploads\/2022\/03\/tina-bosse-1414330-unsplash-copia-1200x800.jpg 1200w, https:\/\/isocial.cat\/wp-content\/uploads\/2022\/03\/tina-bosse-1414330-unsplash-copia-600x400.jpg 600w, https:\/\/isocial.cat\/wp-content\/uploads\/2022\/03\/tina-bosse-1414330-unsplash-copia-1400x933.jpg 1400w\" sizes=\"auto, (max-width: 1500px) 100vw, 1500px\" \/><\/figure>\n\n\n<div class=\"wp-block-genesis-blocks-gb-container contingut-post gb-block-container\"><div class=\"gb-container-inside\"><div class=\"gb-container-content\">\n<p class=\"lead-text has-large-font-size\">Acompa\u00f1amiento grupal para poner en pr\u00e1ctica esta metodolog\u00eda innovadora de intervenci\u00f3n social.<\/p>\n\n\n\n<p>La Fundaci\u00f3n iSocial ofrece a los equipos profesionales de Servicios Sociales de las Administraciones locales y entidades del tercer sector la posibilidad de recibir un acompa\u00f1amiento grupal para poner en pr\u00e1ctica esta metodolog\u00eda de intervenci\u00f3n social. En este acompa\u00f1amiento se ense\u00f1a al equipo a consensuar pautas de trabajo propias de un <strong>equipo de coproducci\u00f3n<\/strong>; a aplicar herramientas de <strong>personalizaci\u00f3n y de trabajo emp\u00e1tico<\/strong> que favorecen el Apoyo Auto-dirigido; y a dise\u00f1ar procesos de <strong>planificaci\u00f3n, toma de decisiones y asignaci\u00f3n de recursos<\/strong> basados \u200b\u200ben este enfoque.<\/p>\n\n\n\n<p>El modelo europeo del Apoyo Auto-dirigido (Self-directed Support en ingl\u00e9s) busca <strong>garantizar que la persona atendida por los Servicios Sociales reciba apoyo y acompa\u00f1amiento en la toma de decisiones, a fin de que tenga en todo momento la posibilidad de hacer efectivos la elecci\u00f3n y el control<\/strong> sobre c\u00f3mo se organiza su acci\u00f3n o plan de apoyo para alcanzar los resultados acordados con los\/las profesionales, a partir de sus voluntades y derechos.<\/p>\n<\/div><\/div><\/div>\n<\/div><\/div>\n\n\n\n<div class=\"wp-block-genesis-blocks-gb-column gb-block-layout-column\"><div class=\"gb-block-layout-column-inner\">\n<p><\/p>\n<\/div><\/div>\n<\/div><\/div>\n\n\n\n<div style=\"background-color:#f7f5f5\" class=\"wp-block-genesis-blocks-gb-container alignfull post-info-relacionada animated fadeInUp slow gb-block-container\"><div class=\"gb-container-inside\"><div class=\"gb-container-content\">\n<div class=\"wp-block-genesis-blocks-gb-columns fila container gb-layout-columns-2 gb-2-col-equal\"><div class=\"gb-layout-column-wrap gb-block-layout-column-gap-5 gb-is-responsive-column\">\n<div class=\"wp-block-genesis-blocks-gb-column gb-block-layout-column\"><div class=\"gb-block-layout-column-inner\"><style>.wp-block-kadence-advancedheading.kt-adv-heading_0b994f-58, .wp-block-kadence-advancedheading.kt-adv-heading_0b994f-58[data-kb-block=\"kb-adv-heading_0b994f-58\"]{font-style:normal;}.wp-block-kadence-advancedheading.kt-adv-heading_0b994f-58 mark.kt-highlight, .wp-block-kadence-advancedheading.kt-adv-heading_0b994f-58[data-kb-block=\"kb-adv-heading_0b994f-58\"] mark.kt-highlight{font-style:normal;color:#f76a0c;-webkit-box-decoration-break:clone;box-decoration-break:clone;padding-top:0px;padding-right:0px;padding-bottom:0px;padding-left:0px;}.wp-block-kadence-advancedheading.kt-adv-heading_0b994f-58 img.kb-inline-image, .wp-block-kadence-advancedheading.kt-adv-heading_0b994f-58[data-kb-block=\"kb-adv-heading_0b994f-58\"] img.kb-inline-image{width:150px;vertical-align:baseline;}<\/style>\n<h3 class=\"kt-adv-heading_0b994f-58 wp-block-kadence-advancedheading\" data-kb-block=\"kb-adv-heading_0b994f-58\">Objetivo<\/h3>\n\n\n\n<p>Implementar la metodolog\u00eda del Apoyo Auto-dirigido en los equipos profesionales de Servicios Sociales mediante el aprendizaje y experimentaci\u00f3n de <strong>las<\/strong> <strong>habilidades, las herramientas y las pautas de trabajo<\/strong> necesarias.<\/p>\n<\/div><\/div>\n\n\n\n<div class=\"wp-block-genesis-blocks-gb-column gb-block-layout-column\"><div class=\"gb-block-layout-column-inner\"><style>.wp-block-kadence-advancedheading.kt-adv-heading_1ecd49-d2, .wp-block-kadence-advancedheading.kt-adv-heading_1ecd49-d2[data-kb-block=\"kb-adv-heading_1ecd49-d2\"]{font-style:normal;}.wp-block-kadence-advancedheading.kt-adv-heading_1ecd49-d2 mark.kt-highlight, .wp-block-kadence-advancedheading.kt-adv-heading_1ecd49-d2[data-kb-block=\"kb-adv-heading_1ecd49-d2\"] mark.kt-highlight{font-style:normal;color:#f76a0c;-webkit-box-decoration-break:clone;box-decoration-break:clone;padding-top:0px;padding-right:0px;padding-bottom:0px;padding-left:0px;}.wp-block-kadence-advancedheading.kt-adv-heading_1ecd49-d2 img.kb-inline-image, .wp-block-kadence-advancedheading.kt-adv-heading_1ecd49-d2[data-kb-block=\"kb-adv-heading_1ecd49-d2\"] img.kb-inline-image{width:150px;vertical-align:baseline;}<\/style>\n<h3 class=\"kt-adv-heading_1ecd49-d2 wp-block-kadence-advancedheading\" data-kb-block=\"kb-adv-heading_1ecd49-d2\">Destinatarios<\/h3>\n\n\n\n<p>Equipos de Servicios Sociales de Administraciones locales o entidades del tercer sector que han realizado previamente el <a href=\"https:\/\/isocial.cat\/eu\/nuevas-tendencias-en-intervencion-los-servicios-sociales-basicos\/\">curso de formaci\u00f3n \u201cDe la Atenci\u00f3n Centrada en la Persona al Self-directed Support\u201d.<\/a><\/p>\n<\/div><\/div>\n<\/div><\/div>\n\n\n\n<div class=\"wp-block-genesis-blocks-gb-columns fila container gb-layout-columns-2 gb-2-col-equal\"><div class=\"gb-layout-column-wrap gb-block-layout-column-gap-5 gb-is-responsive-column\">\n<div class=\"wp-block-genesis-blocks-gb-column gb-block-layout-column\"><div class=\"gb-block-layout-column-inner\"><style>.wp-block-kadence-advancedheading.kt-adv-heading_6bda7d-9a, .wp-block-kadence-advancedheading.kt-adv-heading_6bda7d-9a[data-kb-block=\"kb-adv-heading_6bda7d-9a\"]{font-style:normal;}.wp-block-kadence-advancedheading.kt-adv-heading_6bda7d-9a mark.kt-highlight, .wp-block-kadence-advancedheading.kt-adv-heading_6bda7d-9a[data-kb-block=\"kb-adv-heading_6bda7d-9a\"] mark.kt-highlight{font-style:normal;color:#f76a0c;-webkit-box-decoration-break:clone;box-decoration-break:clone;padding-top:0px;padding-right:0px;padding-bottom:0px;padding-left:0px;}.wp-block-kadence-advancedheading.kt-adv-heading_6bda7d-9a img.kb-inline-image, .wp-block-kadence-advancedheading.kt-adv-heading_6bda7d-9a[data-kb-block=\"kb-adv-heading_6bda7d-9a\"] img.kb-inline-image{width:150px;vertical-align:baseline;}<\/style>\n<h3 class=\"kt-adv-heading_6bda7d-9a wp-block-kadence-advancedheading\" data-kb-block=\"kb-adv-heading_6bda7d-9a\">Formato y duraci\u00f3n<\/h3>\n\n\n\n<p>Semi-presencial. El proceso de acompa\u00f1amiento consta de 16 horas, repartidas en <strong>8 sesiones de 1h30 con todo el equipo (1 por semana), y 4 horas de atenci\u00f3n y asesoramiento individual<\/strong> entre taller y taller. Fechas y horarios a acordar con cada organizaci\u00f3n.<\/p>\n<\/div><\/div>\n\n\n\n<div class=\"wp-block-genesis-blocks-gb-column gb-block-layout-column\"><div class=\"gb-block-layout-column-inner\"><style>.wp-block-kadence-advancedheading.kt-adv-heading_8799a1-2f, .wp-block-kadence-advancedheading.kt-adv-heading_8799a1-2f[data-kb-block=\"kb-adv-heading_8799a1-2f\"]{font-style:normal;}.wp-block-kadence-advancedheading.kt-adv-heading_8799a1-2f mark.kt-highlight, .wp-block-kadence-advancedheading.kt-adv-heading_8799a1-2f[data-kb-block=\"kb-adv-heading_8799a1-2f\"] mark.kt-highlight{font-style:normal;color:#f76a0c;-webkit-box-decoration-break:clone;box-decoration-break:clone;padding-top:0px;padding-right:0px;padding-bottom:0px;padding-left:0px;}.wp-block-kadence-advancedheading.kt-adv-heading_8799a1-2f img.kb-inline-image, .wp-block-kadence-advancedheading.kt-adv-heading_8799a1-2f[data-kb-block=\"kb-adv-heading_8799a1-2f\"] img.kb-inline-image{width:150px;vertical-align:baseline;}<\/style>\n<h3 class=\"kt-adv-heading_8799a1-2f wp-block-kadence-advancedheading\" data-kb-block=\"kb-adv-heading_8799a1-2f\">Equipo experto<\/h3>\n\n\n\n<p>N\u00faria Ambr\u00f3s y Ana Rodera (ver CV en el bot\u00f3n M\u00e1s informaci\u00f3n)<\/p>\n<\/div><\/div>\n<\/div><\/div>\n\n\n\n<div class=\"wp-block-genesis-blocks-gb-columns fila container gb-layout-columns-2 gb-2-col-equal\"><div class=\"gb-layout-column-wrap gb-block-layout-column-gap-5 gb-is-responsive-column\">\n<div class=\"wp-block-genesis-blocks-gb-column gb-block-layout-column\"><div class=\"gb-block-layout-column-inner\"><style>.wp-block-kadence-advancedheading.kt-adv-heading_beca7d-d6, .wp-block-kadence-advancedheading.kt-adv-heading_beca7d-d6[data-kb-block=\"kb-adv-heading_beca7d-d6\"]{font-style:normal;}.wp-block-kadence-advancedheading.kt-adv-heading_beca7d-d6 mark.kt-highlight, .wp-block-kadence-advancedheading.kt-adv-heading_beca7d-d6[data-kb-block=\"kb-adv-heading_beca7d-d6\"] mark.kt-highlight{font-style:normal;color:#f76a0c;-webkit-box-decoration-break:clone;box-decoration-break:clone;padding-top:0px;padding-right:0px;padding-bottom:0px;padding-left:0px;}.wp-block-kadence-advancedheading.kt-adv-heading_beca7d-d6 img.kb-inline-image, .wp-block-kadence-advancedheading.kt-adv-heading_beca7d-d6[data-kb-block=\"kb-adv-heading_beca7d-d6\"] img.kb-inline-image{width:150px;vertical-align:baseline;}<\/style>\n<h3 class=\"kt-adv-heading_beca7d-d6 wp-block-kadence-advancedheading\" data-kb-block=\"kb-adv-heading_beca7d-d6\">Precio y pedidos<\/h3>\n\n\n\n<p>3.960 \u20ac + posibles costes de desplazamientos en funci\u00f3n de las sesiones presenciales que se acuerden. 20% de descuento para las entidades miembros de iSocial. Escribir a <a href=\"mailto:info@isocial.cat\">info@isocial.cat<\/a>. Ver m\u00e1s detalles en el bot\u00f3n M\u00e1s informaci\u00f3n.<\/p>\n<\/div><\/div>\n\n\n\n<div class=\"wp-block-genesis-blocks-gb-column gb-block-layout-column\"><div class=\"gb-block-layout-column-inner\">\n<p><\/p>\n<\/div><\/div>\n<\/div><\/div>\n<\/div><\/div><\/div>\n\n\n\n<div class=\"wp-block-genesis-blocks-gb-columns fila mes-info animated fadeInUp slow gb-layout-columns-1 gb-1-col-equal gb-has-custom-background-color alignfull\" style=\"background-color:#efecec\"><div class=\"gb-layout-column-wrap gb-block-layout-column-gap-2 gb-is-responsive-column\">\n<div class=\"wp-block-genesis-blocks-gb-column gb-block-layout-column\"><div class=\"gb-block-layout-column-inner\">\n<div style=\"text-align:center\" class=\"wp-block-genesis-blocks-gb-button gb-block-button\"><a href=\"https:\/\/isocial.cat\/wp-content\/uploads\/2022\/03\/Acompanyament_SDS_16h._gene\u0300ric.pdf\" target=\"_blank\" rel=\"noopener noreferrer\" class=\"gb-button gb-button-shape-rounded gb-button-size-medium\" style=\"color:#ffffff;background-color:#3373dc\">M\u00e1s informaci\u00f3n<\/a><\/div>\n<\/div><\/div>\n<\/div><\/div>\n\n\n<style>.wp-block-kadence-advancedheading.kt-adv-heading_462b66-ea, .wp-block-kadence-advancedheading.kt-adv-heading_462b66-ea[data-kb-block=\"kb-adv-heading_462b66-ea\"]{margin-top:90px;margin-bottom:35px;font-style:normal;}.wp-block-kadence-advancedheading.kt-adv-heading_462b66-ea mark.kt-highlight, .wp-block-kadence-advancedheading.kt-adv-heading_462b66-ea[data-kb-block=\"kb-adv-heading_462b66-ea\"] mark.kt-highlight{font-style:normal;color:#f76a0c;-webkit-box-decoration-break:clone;box-decoration-break:clone;padding-top:0px;padding-right:0px;padding-bottom:0px;padding-left:0px;}.wp-block-kadence-advancedheading.kt-adv-heading_462b66-ea img.kb-inline-image, .wp-block-kadence-advancedheading.kt-adv-heading_462b66-ea[data-kb-block=\"kb-adv-heading_462b66-ea\"] img.kb-inline-image{width:150px;vertical-align:baseline;}<\/style>\n<h3 class=\"kt-adv-heading_462b66-ea animated fadeInUp slow wp-block-kadence-advancedheading\" data-kb-block=\"kb-adv-heading_462b66-ea\">Otros servicios de acompa\u00f1amiento<\/h3>\n\n\n\n<div class=\"wp-block-genesis-blocks-gb-columns fila serveis-acompanyament gb-layout-columns-3 gb-3-col-equal\"><div class=\"gb-layout-column-wrap gb-block-layout-column-gap-2 gb-is-responsive-column\">\n<div class=\"wp-block-genesis-blocks-gb-column columna-img-subhome animated fadeInUp slow gb-block-layout-column\"><div class=\"gb-block-layout-column-inner\">\n<figure class=\"wp-block-image size-full\"><a href=\"https:\/\/isocial.cat\/eu\/gestion-del-cambio\/\"><img loading=\"lazy\" decoding=\"async\" width=\"604\" height=\"930\" src=\"https:\/\/isocial.cat\/wp-content\/uploads\/2022\/03\/acompanyament-canvi-organitzacions.png\" alt=\"Gesti\u00f3 del canvi en organitzacions de serveis socials\" class=\"wp-image-1426\" srcset=\"https:\/\/isocial.cat\/wp-content\/uploads\/2022\/03\/acompanyament-canvi-organitzacions.png 604w, https:\/\/isocial.cat\/wp-content\/uploads\/2022\/03\/acompanyament-canvi-organitzacions-400x616.png 400w, https:\/\/isocial.cat\/wp-content\/uploads\/2022\/03\/acompanyament-canvi-organitzacions-195x300.png 195w, https:\/\/isocial.cat\/wp-content\/uploads\/2022\/03\/acompanyament-canvi-organitzacions-300x462.png 300w\" sizes=\"auto, (max-width: 604px) 100vw, 604px\" \/><\/a><\/figure>\n\n\n<style>.wp-block-kadence-advancedheading.kt-adv-heading_0eb3f3-cd, .wp-block-kadence-advancedheading.kt-adv-heading_0eb3f3-cd[data-kb-block=\"kb-adv-heading_0eb3f3-cd\"]{font-style:normal;}.wp-block-kadence-advancedheading.kt-adv-heading_0eb3f3-cd mark.kt-highlight, .wp-block-kadence-advancedheading.kt-adv-heading_0eb3f3-cd[data-kb-block=\"kb-adv-heading_0eb3f3-cd\"] mark.kt-highlight{font-style:normal;color:#f76a0c;-webkit-box-decoration-break:clone;box-decoration-break:clone;padding-top:0px;padding-right:0px;padding-bottom:0px;padding-left:0px;}.wp-block-kadence-advancedheading.kt-adv-heading_0eb3f3-cd img.kb-inline-image, .wp-block-kadence-advancedheading.kt-adv-heading_0eb3f3-cd[data-kb-block=\"kb-adv-heading_0eb3f3-cd\"] img.kb-inline-image{width:150px;vertical-align:baseline;}<\/style>\n<h4 class=\"kt-adv-heading_0eb3f3-cd wp-block-kadence-advancedheading\" data-kb-block=\"kb-adv-heading_0eb3f3-cd\"><a href=\"https:\/\/isocial.cat\/eu\/gestion-del-cambio\/\">Gesti\u00f3n del cambio en organizaciones de servicios sociales<\/a><\/h4>\n\n\n\n<p>Acompa\u00f1amos a directivos y equipos en el dise\u00f1o y la implementaci\u00f3n de un proyecto de cambio o de mejora en la organizaci\u00f3n.<\/p>\n\n\n\n<p><a href=\"https:\/\/isocial.cat\/eu\/gestion-del-cambio\/\">Saber m\u00e1s<\/a><\/p>\n<\/div><\/div>\n\n\n\n<div class=\"wp-block-genesis-blocks-gb-column columna-img-subhome animated fadeInUp slow delay-200ms gb-block-layout-column\"><div class=\"gb-block-layout-column-inner\">\n<figure class=\"wp-block-image size-full\"><a href=\"https:\/\/isocial.cat\/eu\/diseno-de-un-plan-de-comunicacion-de-los-servicios-sociales\/\"><img loading=\"lazy\" decoding=\"async\" width=\"604\" height=\"930\" src=\"https:\/\/isocial.cat\/wp-content\/uploads\/2022\/03\/acompanyament-pla-comunicacio.png\" alt=\"Pla de comunicaci\u00f3 dels serveis socials\" class=\"wp-image-1425\" srcset=\"https:\/\/isocial.cat\/wp-content\/uploads\/2022\/03\/acompanyament-pla-comunicacio.png 604w, https:\/\/isocial.cat\/wp-content\/uploads\/2022\/03\/acompanyament-pla-comunicacio-400x616.png 400w, https:\/\/isocial.cat\/wp-content\/uploads\/2022\/03\/acompanyament-pla-comunicacio-195x300.png 195w, https:\/\/isocial.cat\/wp-content\/uploads\/2022\/03\/acompanyament-pla-comunicacio-300x462.png 300w\" sizes=\"auto, (max-width: 604px) 100vw, 604px\" \/><\/a><\/figure>\n\n\n<style>.wp-block-kadence-advancedheading.kt-adv-heading_9c1b41-e3, .wp-block-kadence-advancedheading.kt-adv-heading_9c1b41-e3[data-kb-block=\"kb-adv-heading_9c1b41-e3\"]{font-style:normal;}.wp-block-kadence-advancedheading.kt-adv-heading_9c1b41-e3 mark.kt-highlight, .wp-block-kadence-advancedheading.kt-adv-heading_9c1b41-e3[data-kb-block=\"kb-adv-heading_9c1b41-e3\"] mark.kt-highlight{font-style:normal;color:#f76a0c;-webkit-box-decoration-break:clone;box-decoration-break:clone;padding-top:0px;padding-right:0px;padding-bottom:0px;padding-left:0px;}.wp-block-kadence-advancedheading.kt-adv-heading_9c1b41-e3 img.kb-inline-image, .wp-block-kadence-advancedheading.kt-adv-heading_9c1b41-e3[data-kb-block=\"kb-adv-heading_9c1b41-e3\"] img.kb-inline-image{width:150px;vertical-align:baseline;}<\/style>\n<h4 class=\"kt-adv-heading_9c1b41-e3 wp-block-kadence-advancedheading\" data-kb-block=\"kb-adv-heading_9c1b41-e3\"><a href=\"https:\/\/isocial.cat\/eu\/diseno-de-un-plan-de-comunicacion-de-los-servicios-sociales\/\">Plan de comunicaci\u00f3n de los servicios sociales<\/a><\/h4>\n\n\n\n<p>Diagnosticamos las necesidades de mejora de la comunicaci\u00f3n y la imagen de los servicios sociales y dise\u00f1amos un plan de mejora.<\/p>\n\n\n\n<p><a href=\"https:\/\/isocial.cat\/eu\/diseno-de-un-plan-de-comunicacion-de-los-servicios-sociales\/\">Saber m\u00e1s<\/a><\/p>\n<\/div><\/div>\n\n\n\n<div class=\"wp-block-genesis-blocks-gb-column columna-img-subhome animated fadeInUp slow delay-500ms gb-block-layout-column\"><div class=\"gb-block-layout-column-inner\">\n<figure class=\"wp-block-image size-full\"><a href=\"https:\/\/isocial.cat\/eu\/diseno-e-implementacion-de-un-plan-de-transformacion-digital\/\"><img loading=\"lazy\" decoding=\"async\" width=\"604\" height=\"930\" src=\"https:\/\/isocial.cat\/wp-content\/uploads\/2022\/03\/acompanyament-transformacio-digital.png\" alt=\"Pla de transformaci\u00f3 digital\" class=\"wp-image-1424\" srcset=\"https:\/\/isocial.cat\/wp-content\/uploads\/2022\/03\/acompanyament-transformacio-digital.png 604w, https:\/\/isocial.cat\/wp-content\/uploads\/2022\/03\/acompanyament-transformacio-digital-400x616.png 400w, https:\/\/isocial.cat\/wp-content\/uploads\/2022\/03\/acompanyament-transformacio-digital-195x300.png 195w, https:\/\/isocial.cat\/wp-content\/uploads\/2022\/03\/acompanyament-transformacio-digital-300x462.png 300w\" sizes=\"auto, (max-width: 604px) 100vw, 604px\" \/><\/a><\/figure>\n\n\n<style>.wp-block-kadence-advancedheading.kt-adv-heading_0ec005-a2, .wp-block-kadence-advancedheading.kt-adv-heading_0ec005-a2[data-kb-block=\"kb-adv-heading_0ec005-a2\"]{font-style:normal;}.wp-block-kadence-advancedheading.kt-adv-heading_0ec005-a2 mark.kt-highlight, .wp-block-kadence-advancedheading.kt-adv-heading_0ec005-a2[data-kb-block=\"kb-adv-heading_0ec005-a2\"] mark.kt-highlight{font-style:normal;color:#f76a0c;-webkit-box-decoration-break:clone;box-decoration-break:clone;padding-top:0px;padding-right:0px;padding-bottom:0px;padding-left:0px;}.wp-block-kadence-advancedheading.kt-adv-heading_0ec005-a2 img.kb-inline-image, .wp-block-kadence-advancedheading.kt-adv-heading_0ec005-a2[data-kb-block=\"kb-adv-heading_0ec005-a2\"] img.kb-inline-image{width:150px;vertical-align:baseline;}<\/style>\n<h4 class=\"kt-adv-heading_0ec005-a2 wp-block-kadence-advancedheading\" data-kb-block=\"kb-adv-heading_0ec005-a2\"><a href=\"https:\/\/isocial.cat\/eu\/diseno-e-implementacion-de-un-plan-de-transformacion-digital\/\">Plan de transformaci\u00f3n digital<\/a><\/h4>\n\n\n\n<p>Diagnosticamos las necesidades en el \u00e1mbito de la digitalizaci\u00f3n y dise\u00f1amos un plan detallado para afrontarlas.<\/p>\n\n\n\n<p><a href=\"https:\/\/isocial.cat\/eu\/diseno-e-implementacion-de-un-plan-de-transformacion-digital\/\">Saber m\u00e1s<\/a><\/p>\n<\/div><\/div>\n<\/div><\/div>\n<\/div><\/div><\/div>\n\n\n\n<div class=\"wp-block-genesis-blocks-gb-columns footer-newsletter gb-layout-columns-1 one-column alignfull\"><div class=\"gb-layout-column-wrap gb-block-layout-column-gap-2 gb-is-responsive-column\">\n<div class=\"wp-block-genesis-blocks-gb-column gb-block-layout-column\"><div class=\"gb-block-layout-column-inner\">\n<div class=\"wp-block-genesis-blocks-gb-columns container gb-layout-columns-1 one-column\"><div class=\"gb-layout-column-wrap gb-block-layout-column-gap-2 gb-is-responsive-column\">\n<div class=\"wp-block-genesis-blocks-gb-column gb-block-layout-column\"><div class=\"gb-block-layout-column-inner\"><style>.wp-block-kadence-advancedheading.kt-adv-heading_4d2423-9c, .wp-block-kadence-advancedheading.kt-adv-heading_4d2423-9c[data-kb-block=\"kb-adv-heading_4d2423-9c\"]{font-style:normal;}.wp-block-kadence-advancedheading.kt-adv-heading_4d2423-9c mark.kt-highlight, .wp-block-kadence-advancedheading.kt-adv-heading_4d2423-9c[data-kb-block=\"kb-adv-heading_4d2423-9c\"] mark.kt-highlight{font-style:normal;color:#f76a0c;-webkit-box-decoration-break:clone;box-decoration-break:clone;padding-top:0px;padding-right:0px;padding-bottom:0px;padding-left:0px;}.wp-block-kadence-advancedheading.kt-adv-heading_4d2423-9c img.kb-inline-image, .wp-block-kadence-advancedheading.kt-adv-heading_4d2423-9c[data-kb-block=\"kb-adv-heading_4d2423-9c\"] img.kb-inline-image{width:150px;vertical-align:baseline;}<\/style>\n<h3 class=\"kt-adv-heading_4d2423-9c titol-seccio wp-block-kadence-advancedheading\" data-kb-block=\"kb-adv-heading_4d2423-9c\">Buletina<\/h3>\n\n\n<style>.wp-block-kadence-advancedheading.kt-adv-heading_cf2667-29, .wp-block-kadence-advancedheading.kt-adv-heading_cf2667-29[data-kb-block=\"kb-adv-heading_cf2667-29\"]{font-style:normal;}.wp-block-kadence-advancedheading.kt-adv-heading_cf2667-29 mark.kt-highlight, .wp-block-kadence-advancedheading.kt-adv-heading_cf2667-29[data-kb-block=\"kb-adv-heading_cf2667-29\"] mark.kt-highlight{font-style:normal;color:#f76a0c;-webkit-box-decoration-break:clone;box-decoration-break:clone;padding-top:0px;padding-right:0px;padding-bottom:0px;padding-left:0px;}.wp-block-kadence-advancedheading.kt-adv-heading_cf2667-29 img.kb-inline-image, .wp-block-kadence-advancedheading.kt-adv-heading_cf2667-29[data-kb-block=\"kb-adv-heading_cf2667-29\"] img.kb-inline-image{width:150px;vertical-align:baseline;}<\/style>\n<h4 class=\"kt-adv-heading_cf2667-29 wp-block-kadence-advancedheading\" data-kb-block=\"kb-adv-heading_cf2667-29\">Harpidetu zaitez gizarte-zerbitzuetako berrikuntzarakojoera guztien berri izan nahi baduzu.<\/h4>\n\n\n<\/div><\/div>\n<\/div><\/div>\n<\/div><\/div>\n<\/div><\/div>\n","protected":false},"excerpt":{"rendered":"<p>Ofrecemos un acompa\u00f1amiento grupal para poner en pr\u00e1ctica esta metodolog\u00eda innovadora de intervenci\u00f3n social Self-directed Support.<\/p>\n","protected":false},"author":1,"featured_media":11455,"parent":0,"menu_order":0,"comment_status":"closed","ping_status":"closed","template":"templates\/template-builder.php","meta":{"_acf_changed":false,"inline_featured_image":false,"_kad_blocks_custom_css":"","_kad_blocks_head_custom_js":"","_kad_blocks_body_custom_js":"","_kad_blocks_footer_custom_js":"","footnotes":""},"class_list":["post-13512","page","type-page","status-publish","has-post-thumbnail","hentry","post","with-featured-image"],"acf":[],"taxonomy_info":[],"featured_image_src_large":["https:\/\/isocial.cat\/wp-content\/uploads\/2022\/03\/tina-bosse-1414330-unsplash-copia-1024x683.jpg",1024,683,true],"author_info":{"display_name":"admin","author_link":"https:\/\/isocial.cat\/eu\/author\/ideadmin\/"},"comment_info":0,"featured_image_src":"https:\/\/isocial.cat\/wp-content\/uploads\/2022\/03\/tina-bosse-1414330-unsplash-copia-600x400.jpg","featured_image_src_square":"https:\/\/isocial.cat\/wp-content\/uploads\/2022\/03\/tina-bosse-1414330-unsplash-copia-600x600.jpg","_links":{"self":[{"href":"https:\/\/isocial.cat\/eu\/wp-json\/wp\/v2\/pages\/13512","targetHints":{"allow":["GET"]}}],"collection":[{"href":"https:\/\/isocial.cat\/eu\/wp-json\/wp\/v2\/pages"}],"about":[{"href":"https:\/\/isocial.cat\/eu\/wp-json\/wp\/v2\/types\/page"}],"author":[{"embeddable":true,"href":"https:\/\/isocial.cat\/eu\/wp-json\/wp\/v2\/users\/1"}],"replies":[{"embeddable":true,"href":"https:\/\/isocial.cat\/eu\/wp-json\/wp\/v2\/comments?post=13512"}],"version-history":[{"count":4,"href":"https:\/\/isocial.cat\/eu\/wp-json\/wp\/v2\/pages\/13512\/revisions"}],"predecessor-version":[{"id":14863,"href":"https:\/\/isocial.cat\/eu\/wp-json\/wp\/v2\/pages\/13512\/revisions\/14863"}],"wp:featuredmedia":[{"embeddable":true,"href":"https:\/\/isocial.cat\/eu\/wp-json\/wp\/v2\/media\/11455"}],"wp:attachment":[{"href":"https:\/\/isocial.cat\/eu\/wp-json\/wp\/v2\/media?parent=13512"}],"curies":[{"name":"wp","href":"https:\/\/api.w.org\/{rel}","templated":true}]}}